{"id":93,"date":"2015-08-31T19:53:27","date_gmt":"2015-08-31T19:53:27","guid":{"rendered":"http:\/\/vpmk.edu.ee\/?page_id=93"},"modified":"2020-06-15T10:32:45","modified_gmt":"2020-06-15T07:32:45","slug":"vilistlased","status":"publish","type":"page","link":"https:\/\/vpmk.edu.ee\/ru\/vilistlased\/","title":{"rendered":"Vilistlased"},"content":{"rendered":"<h5><strong><span style=\"color: #0000ff;\"><img loading=\"lazy\" decoding=\"async\" class=\"alignnone size-full wp-image-2072\" src=\"http:\/\/vpmk.edu.ee\/wp-content\/uploads\/2015\/08\/gerblogo.png\" alt=\"gerblogo\" width=\"87\" height=\"74\" \/>\u00a0\u00a0\u00a0 Valga Vene G\u00fcmnaasium<\/span><\/strong><\/h5>\n<p><a href=\"http:\/\/www.valgavg.edu.ee\/VVGest\/est\/html\/guestbook.html\">1975 &#8212; 2010<\/a><br \/>\n<a href=\"https:\/\/drive.google.com\/file\/d\/0B11JoyNt_XZzUkpfWVJJc2YzQXM\/view?usp=sharing\">2010<\/a><br \/>\n<a href=\"https:\/\/drive.google.com\/file\/d\/0B11JoyNt_XZzU2twSHRTM3FhNnc\/view?usp=sharing\">2011<br \/>\n<\/a><a href=\"https:\/\/drive.google.com\/file\/d\/0B11JoyNt_XZzalVfYnYwQWN1SU0\/view?usp=sharing\">2012<\/a><br \/>\n<a href=\"https:\/\/drive.google.com\/file\/d\/0B11JoyNt_XZzRjJTb29iOWN1OTQ\/view?usp=sharing\">2013<\/a><br \/>\n<a href=\"https:\/\/drive.google.com\/file\/d\/0B11JoyNt_XZzZ1d3VWVBWXdzcU0\/view?usp=sharing\">2014<\/a><br \/>\n<a href=\"https:\/\/drive.google.com\/file\/d\/0B11JoyNt_XZzbWZQR3ZnanAwR1k\/view?usp=sharing\">2015<\/a><\/p>\n<p>&nbsp;<\/p>\n<h5><span style=\"color: #008000;\"><strong>\u00a0 <\/strong><span style=\"color: #0000ff;\"><img loading=\"lazy\" decoding=\"async\" class=\"alignnone wp-image-2073\" src=\"http:\/\/vpmk.edu.ee\/wp-content\/uploads\/2015\/08\/grouplogo_634_6417.jpg\" alt=\"grouplogo_634_6417\" width=\"74\" height=\"74\" srcset=\"https:\/\/vpmk.edu.ee\/wp-content\/uploads\/2015\/08\/grouplogo_634_6417.jpg 590w, https:\/\/vpmk.edu.ee\/wp-content\/uploads\/2015\/08\/grouplogo_634_6417-150x150.jpg 150w\" sizes=\"auto, (max-width: 74px) 100vw, 74px\" \/>\u00a0\u00a0\u00a0 <\/span><strong>Valga Priimetsa Kool<\/strong><\/span><\/h5>\n<p><a href=\"https:\/\/drive.google.com\/file\/d\/0B11JoyNt_XZzQUtGYmQ1SDRmUHM\/view?usp=sharing\">2016<\/a><br \/>\n<a href=\"https:\/\/drive.google.com\/file\/d\/0B11JoyNt_XZzSlBaNklPTGE4azg\/view?usp=sharing\">KOOLIL\u00d5PP\u00a0 2016<\/a><\/p>\n<p style=\"text-align: left;\"><a href=\"https:\/\/drive.google.com\/open?id=11tD3BhBC0S-L1qS-8o3XmISWS-JPB_-9\">2017<\/a>\u00a0\u00a0\u00a0\u00a0\u00a0\u00a0\u00a0\u00a0<a href=\"https:\/\/drive.google.com\/file\/d\/1LskkDb49SEKW4ddW3NkeOZ6YQPo5K4br\/view?usp=sharing\"><br \/>\nKOOLIL\u00d5PP 2017<\/a><\/p>\n<p><a href=\"https:\/\/drive.google.com\/open?id=1br6Q1G0VUmlStfI9QqHwWd638tbBlytU\">2018<\/a><br \/>\n<a href=\"https:\/\/drive.google.com\/file\/d\/1wC1ncC9_fwkEvmEK7cglPcEHZGNe8gBT\/view?usp=sharing\">KOOLIL\u00d5PP 9A klass<\/a><br \/>\n<a href=\"https:\/\/drive.google.com\/file\/d\/1ZWGVfudIAce8giTeMLtL3bt18ci5Zysc\/view?usp=sharing\">KOOLIL\u00d5PP 9B klass<\/a><\/p>\n<p><a href=\"https:\/\/drive.google.com\/open?id=1N1O_p0uYGw0RGJTuDpD7KB0ReSLCuq4x\">2019<\/a><br \/>\n<a href=\"https:\/\/drive.google.com\/file\/d\/1DSMiFpmvLrUc0I2KsS3t-xoiLsXiN2rr\/view?usp=sharing\">KOOLIL\u00d5PP 9A klass<br \/>\n<\/a><a href=\"https:\/\/drive.google.com\/file\/d\/1SGTKssXHa2f3cHLsuGkA3RDVjOU9mVBk\/view?usp=sharing\">KOOLIL\u00d5PP 9B klass<\/a><\/p>\n<p><a href=\"https:\/\/drive.google.com\/file\/d\/1J5CcMvrbcuMRurnhVMcAIW4zUftevmDO\/view?usp=sharing\">2020<\/a><\/p>\n<p>&nbsp;<\/p>\n<p>&nbsp;<\/p>\n<p>&nbsp;<\/p>\n<p>&nbsp;<\/p>\n<p>&nbsp;<\/p>\n<p>&nbsp;<\/p>\n<p>&nbsp;<\/p>\n<p>&nbsp;<\/p>\n","protected":false},"excerpt":{"rendered":"<p>\u00a0\u00a0\u00a0 Valga Vene G\u00fcmnaasium 1975 &#8212; 2010 2010 2011 2012 2013 2014 2015 &nbsp; \u00a0 \u00a0\u00a0\u00a0 Valga Priimetsa Kool 2016 KOOLIL\u00d5PP\u00a0 2016 2017\u00a0\u00a0\u00a0\u00a0\u00a0\u00a0\u00a0\u00a0 KOOLIL\u00d5PP 2017 2018 KOOLIL\u00d5PP 9A klass KOOLIL\u00d5PP 9B klass 2019 KOOLIL\u00d5PP 9A klass KOOLIL\u00d5PP 9B klass 2020 &nbsp; &nbsp; &nbsp; &nbsp; &nbsp; &nbsp; &nbsp; &nbsp;<\/p>\n","protected":false},"author":1,"featured_media":0,"parent":0,"menu_order":0,"comment_status":"closed","ping_status":"closed","template":"","meta":{"footnotes":""},"class_list":["post-93","page","type-page","status-publish","hentry"],"translation":{"provider":"WPGlobus","version":"3.0.1","language":"ru","enabled_languages":["ee","ru"],"languages":{"ee":{"title":true,"content":true,"excerpt":false},"ru":{"title":false,"content":false,"excerpt":false}}},"yoast_head":"<!-- This site is optimized with the Yoast SEO plugin v26.7 - https:\/\/yoast.com\/wordpress\/plugins\/seo\/ -->\n<title>Vilistlased - \u0412\u0430\u043b\u0433\u0430\u0441\u043a\u0430\u044f \u0448\u043a\u043e\u043b\u0430 \u041f\u0440\u0438\u0439\u043c\u0435\u0442\u0441\u0430<\/title>\n<meta name=\"robots\" content=\"index, follow, max-snippet:-1, max-image-preview:large, max-video-preview:-1\" \/>\n<link rel=\"canonical\" href=\"https:\/\/vpmk.edu.ee\/ru\/vilistlased\/\" \/>\n<meta property=\"og:locale\" content=\"ru_RU\" \/>\n<meta property=\"og:type\" content=\"article\" \/>\n<meta property=\"og:title\" content=\"Vilistlased - \u0412\u0430\u043b\u0433\u0430\u0441\u043a\u0430\u044f \u0448\u043a\u043e\u043b\u0430 \u041f\u0440\u0438\u0439\u043c\u0435\u0442\u0441\u0430\" \/>\n<meta property=\"og:url\" content=\"https:\/\/vpmk.edu.ee\/ru\/vilistlased\/\" \/>\n<meta property=\"og:site_name\" content=\"\u0412\u0430\u043b\u0433\u0430\u0441\u043a\u0430\u044f \u0448\u043a\u043e\u043b\u0430 \u041f\u0440\u0438\u0439\u043c\u0435\u0442\u0441\u0430\" \/>\n<meta property=\"article:modified_time\" content=\"2020-06-15T07:32:45+00:00\" \/>\n<meta property=\"og:image\" content=\"http:\/\/vpmk.edu.ee\/wp-content\/uploads\/2015\/08\/gerblogo.png\" \/>\n<meta name=\"twitter:card\" content=\"summary_large_image\" \/>\n<script type=\"application\/ld+json\" class=\"yoast-schema-graph\">{\"@context\":\"https:\/\/schema.org\",\"@graph\":[{\"@type\":\"WebPage\",\"@id\":\"https:\/\/vpmk.edu.ee\/ru\/vilistlased\/\",\"url\":\"https:\/\/vpmk.edu.ee\/ru\/vilistlased\/\",\"name\":\"Vilistlased - \u0412\u0430\u043b\u0433\u0430\u0441\u043a\u0430\u044f \u0448\u043a\u043e\u043b\u0430 \u041f\u0440\u0438\u0439\u043c\u0435\u0442\u0441\u0430\",\"isPartOf\":{\"@id\":\"https:\/\/vpmk.edu.ee\/#website\"},\"primaryImageOfPage\":{\"@id\":\"https:\/\/vpmk.edu.ee\/ru\/vilistlased\/#primaryimage\"},\"image\":{\"@id\":\"https:\/\/vpmk.edu.ee\/ru\/vilistlased\/#primaryimage\"},\"thumbnailUrl\":\"http:\/\/vpmk.edu.ee\/wp-content\/uploads\/2015\/08\/gerblogo.png\",\"datePublished\":\"2015-08-31T19:53:27+00:00\",\"dateModified\":\"2020-06-15T07:32:45+00:00\",\"breadcrumb\":{\"@id\":\"https:\/\/vpmk.edu.ee\/ru\/vilistlased\/#breadcrumb\"},\"inLanguage\":\"ru-RU\",\"potentialAction\":[{\"@type\":\"ReadAction\",\"target\":[\"https:\/\/vpmk.edu.ee\/ru\/vilistlased\/\"]}]},{\"@type\":\"ImageObject\",\"inLanguage\":\"ru-RU\",\"@id\":\"https:\/\/vpmk.edu.ee\/ru\/vilistlased\/#primaryimage\",\"url\":\"http:\/\/vpmk.edu.ee\/wp-content\/uploads\/2015\/08\/gerblogo.png\",\"contentUrl\":\"http:\/\/vpmk.edu.ee\/wp-content\/uploads\/2015\/08\/gerblogo.png\"},{\"@type\":\"BreadcrumbList\",\"@id\":\"https:\/\/vpmk.edu.ee\/ru\/vilistlased\/#breadcrumb\",\"itemListElement\":[{\"@type\":\"ListItem\",\"position\":1,\"name\":\"Home\",\"item\":\"https:\/\/vpmk.edu.ee\/\"},{\"@type\":\"ListItem\",\"position\":2,\"name\":\"Vilistlased\"}]},{\"@type\":\"WebSite\",\"@id\":\"https:\/\/vpmk.edu.ee\/#website\",\"url\":\"https:\/\/vpmk.edu.ee\/\",\"name\":\"\u0412\u0430\u043b\u0433\u0430\u0441\u043a\u0430\u044f \u0448\u043a\u043e\u043b\u0430 \u041f\u0440\u0438\u0439\u043c\u0435\u0442\u0441\u0430\",\"description\":\"\",\"publisher\":{\"@id\":\"https:\/\/vpmk.edu.ee\/#organization\"},\"potentialAction\":[{\"@type\":\"SearchAction\",\"target\":{\"@type\":\"EntryPoint\",\"urlTemplate\":\"https:\/\/vpmk.edu.ee\/?s={search_term_string}\"},\"query-input\":{\"@type\":\"PropertyValueSpecification\",\"valueRequired\":true,\"valueName\":\"search_term_string\"}}],\"inLanguage\":\"ru-RU\"},{\"@type\":\"Organization\",\"@id\":\"https:\/\/vpmk.edu.ee\/#organization\",\"name\":\"\u0412\u0430\u043b\u0433\u0430\u0441\u043a\u0430\u044f \u0448\u043a\u043e\u043b\u0430 \u041f\u0440\u0438\u0439\u043c\u0435\u0442\u0441\u0430\",\"url\":\"https:\/\/vpmk.edu.ee\/\",\"logo\":{\"@type\":\"ImageObject\",\"inLanguage\":\"ru-RU\",\"@id\":\"https:\/\/vpmk.edu.ee\/#\/schema\/logo\/image\/\",\"url\":\"https:\/\/vpmk.edu.ee\/wp-content\/uploads\/2023\/02\/cropped-cropped-Valga-Priimetsa-Kool-\u2013-logoks-1.png\",\"contentUrl\":\"https:\/\/vpmk.edu.ee\/wp-content\/uploads\/2023\/02\/cropped-cropped-Valga-Priimetsa-Kool-\u2013-logoks-1.png\",\"width\":2058,\"height\":1615,\"caption\":\"\u0412\u0430\u043b\u0433\u0430\u0441\u043a\u0430\u044f \u0448\u043a\u043e\u043b\u0430 \u041f\u0440\u0438\u0439\u043c\u0435\u0442\u0441\u0430\"},\"image\":{\"@id\":\"https:\/\/vpmk.edu.ee\/#\/schema\/logo\/image\/\"}}]}<\/script>\n<!-- \/ Yoast SEO plugin. -->","yoast_head_json":{"title":"Vilistlased - \u0412\u0430\u043b\u0433\u0430\u0441\u043a\u0430\u044f \u0448\u043a\u043e\u043b\u0430 \u041f\u0440\u0438\u0439\u043c\u0435\u0442\u0441\u0430","robots":{"index":"index","follow":"follow","max-snippet":"max-snippet:-1","max-image-preview":"max-image-preview:large","max-video-preview":"max-video-preview:-1"},"canonical":"https:\/\/vpmk.edu.ee\/ru\/vilistlased\/","og_locale":"ru_RU","og_type":"article","og_title":"Vilistlased - \u0412\u0430\u043b\u0433\u0430\u0441\u043a\u0430\u044f \u0448\u043a\u043e\u043b\u0430 \u041f\u0440\u0438\u0439\u043c\u0435\u0442\u0441\u0430","og_url":"https:\/\/vpmk.edu.ee\/ru\/vilistlased\/","og_site_name":"\u0412\u0430\u043b\u0433\u0430\u0441\u043a\u0430\u044f \u0448\u043a\u043e\u043b\u0430 \u041f\u0440\u0438\u0439\u043c\u0435\u0442\u0441\u0430","article_modified_time":"2020-06-15T07:32:45+00:00","og_image":[{"url":"http:\/\/vpmk.edu.ee\/wp-content\/uploads\/2015\/08\/gerblogo.png","type":"","width":"","height":""}],"twitter_card":"summary_large_image","schema":{"@context":"https:\/\/schema.org","@graph":[{"@type":"WebPage","@id":"https:\/\/vpmk.edu.ee\/ru\/vilistlased\/","url":"https:\/\/vpmk.edu.ee\/ru\/vilistlased\/","name":"Vilistlased - \u0412\u0430\u043b\u0433\u0430\u0441\u043a\u0430\u044f \u0448\u043a\u043e\u043b\u0430 \u041f\u0440\u0438\u0439\u043c\u0435\u0442\u0441\u0430","isPartOf":{"@id":"https:\/\/vpmk.edu.ee\/#website"},"primaryImageOfPage":{"@id":"https:\/\/vpmk.edu.ee\/ru\/vilistlased\/#primaryimage"},"image":{"@id":"https:\/\/vpmk.edu.ee\/ru\/vilistlased\/#primaryimage"},"thumbnailUrl":"http:\/\/vpmk.edu.ee\/wp-content\/uploads\/2015\/08\/gerblogo.png","datePublished":"2015-08-31T19:53:27+00:00","dateModified":"2020-06-15T07:32:45+00:00","breadcrumb":{"@id":"https:\/\/vpmk.edu.ee\/ru\/vilistlased\/#breadcrumb"},"inLanguage":"ru-RU","potentialAction":[{"@type":"ReadAction","target":["https:\/\/vpmk.edu.ee\/ru\/vilistlased\/"]}]},{"@type":"ImageObject","inLanguage":"ru-RU","@id":"https:\/\/vpmk.edu.ee\/ru\/vilistlased\/#primaryimage","url":"http:\/\/vpmk.edu.ee\/wp-content\/uploads\/2015\/08\/gerblogo.png","contentUrl":"http:\/\/vpmk.edu.ee\/wp-content\/uploads\/2015\/08\/gerblogo.png"},{"@type":"BreadcrumbList","@id":"https:\/\/vpmk.edu.ee\/ru\/vilistlased\/#breadcrumb","itemListElement":[{"@type":"ListItem","position":1,"name":"Home","item":"https:\/\/vpmk.edu.ee\/"},{"@type":"ListItem","position":2,"name":"Vilistlased"}]},{"@type":"WebSite","@id":"https:\/\/vpmk.edu.ee\/#website","url":"https:\/\/vpmk.edu.ee\/","name":"\u0412\u0430\u043b\u0433\u0430\u0441\u043a\u0430\u044f \u0448\u043a\u043e\u043b\u0430 \u041f\u0440\u0438\u0439\u043c\u0435\u0442\u0441\u0430","description":"","publisher":{"@id":"https:\/\/vpmk.edu.ee\/#organization"},"potentialAction":[{"@type":"SearchAction","target":{"@type":"EntryPoint","urlTemplate":"https:\/\/vpmk.edu.ee\/?s={search_term_string}"},"query-input":{"@type":"PropertyValueSpecification","valueRequired":true,"valueName":"search_term_string"}}],"inLanguage":"ru-RU"},{"@type":"Organization","@id":"https:\/\/vpmk.edu.ee\/#organization","name":"\u0412\u0430\u043b\u0433\u0430\u0441\u043a\u0430\u044f \u0448\u043a\u043e\u043b\u0430 \u041f\u0440\u0438\u0439\u043c\u0435\u0442\u0441\u0430","url":"https:\/\/vpmk.edu.ee\/","logo":{"@type":"ImageObject","inLanguage":"ru-RU","@id":"https:\/\/vpmk.edu.ee\/#\/schema\/logo\/image\/","url":"https:\/\/vpmk.edu.ee\/wp-content\/uploads\/2023\/02\/cropped-cropped-Valga-Priimetsa-Kool-\u2013-logoks-1.png","contentUrl":"https:\/\/vpmk.edu.ee\/wp-content\/uploads\/2023\/02\/cropped-cropped-Valga-Priimetsa-Kool-\u2013-logoks-1.png","width":2058,"height":1615,"caption":"\u0412\u0430\u043b\u0433\u0430\u0441\u043a\u0430\u044f \u0448\u043a\u043e\u043b\u0430 \u041f\u0440\u0438\u0439\u043c\u0435\u0442\u0441\u0430"},"image":{"@id":"https:\/\/vpmk.edu.ee\/#\/schema\/logo\/image\/"}}]}},"_links":{"self":[{"href":"https:\/\/vpmk.edu.ee\/ru\/wp-json\/wp\/v2\/pages\/93","targetHints":{"allow":["GET"]}}],"collection":[{"href":"https:\/\/vpmk.edu.ee\/ru\/wp-json\/wp\/v2\/pages"}],"about":[{"href":"https:\/\/vpmk.edu.ee\/ru\/wp-json\/wp\/v2\/types\/page"}],"author":[{"embeddable":true,"href":"https:\/\/vpmk.edu.ee\/ru\/wp-json\/wp\/v2\/users\/1"}],"replies":[{"embeddable":true,"href":"https:\/\/vpmk.edu.ee\/ru\/wp-json\/wp\/v2\/comments?post=93"}],"version-history":[{"count":18,"href":"https:\/\/vpmk.edu.ee\/ru\/wp-json\/wp\/v2\/pages\/93\/revisions"}],"predecessor-version":[{"id":7366,"href":"https:\/\/vpmk.edu.ee\/ru\/wp-json\/wp\/v2\/pages\/93\/revisions\/7366"}],"wp:attachment":[{"href":"https:\/\/vpmk.edu.ee\/ru\/wp-json\/wp\/v2\/media?parent=93"}],"curies":[{"name":"wp","href":"https:\/\/api.w.org\/{rel}","templated":true}]}}