{"id":56,"date":"2015-08-31T19:23:22","date_gmt":"2015-08-31T19:23:22","guid":{"rendered":"http:\/\/vpmk.edu.ee\/?page_id=56"},"modified":"2026-04-19T08:37:01","modified_gmt":"2026-04-19T06:37:01","slug":"sookla","status":"publish","type":"page","link":"https:\/\/vpmk.edu.ee\/ru\/sookla\/","title":{"rendered":"\u0421\u0442\u043e\u043b\u043e\u0432\u0430\u044f"},"content":{"rendered":"<p>Alates 2025\/2026 \u00f5ppeaastast toitlustab meie koolis Valga valla majanduskeskus.<br \/>Pikap\u00e4evar\u00fchma toitlustamine algab 01.10.2025, toimub esmasp\u00e4evast neljap\u00e4evani ning on tasuta. Pikap\u00e4eva toit on sama, mis oli koolil\u00f5una. PPR toitlustamist ei toimu l\u00fchendatud tundidega \u00f5ppep\u00e4evadel.<\/p>\n<p>Kontakt: toitlustus@valga.ee<\/p>\n<p><a href=\"https:\/\/docs.google.com\/spreadsheets\/d\/1WhfcCT2LV2Kv-Hyd0-z6oBbejy_iGjCv\/edit?usp=sharing&amp;ouid=109902266858569904989&amp;rtpof=true&amp;sd=true\">Men\u00fc\u00fc 20.04.2026-24.04.2026<\/a>\u00a0 \u00a0 \u00a0 \u00a0 \u00a0 \u00a0 \u00a0 \u00a0 \u00a0 \u00a0 \u00a0<a href=\"https:\/\/docs.google.com\/spreadsheets\/d\/1nTCuhth_3hzEChWC0GhrhNfVj_qNlSFz\/edit?usp=sharing&amp;ouid=109902266858569904989&amp;rtpof=true&amp;sd=true\">Toitainete info 20.04.2026-24.04.2026<\/a><\/p>\n<p><a href=\"https:\/\/docs.google.com\/spreadsheets\/d\/1FaNEWZR-sGil_I4HCkrZwMBJX3Vjtxg9\/edit?usp=sharing&amp;ouid=109902266858569904989&amp;rtpof=true&amp;sd=true\">Men\u00fc\u00fc 06.04.2026-10.04.2026<\/a>\u00a0 \u00a0 \u00a0 \u00a0 \u00a0 \u00a0 \u00a0 \u00a0 \u00a0 \u00a0 \u00a0<a href=\"https:\/\/docs.google.com\/spreadsheets\/d\/18sy0EmpaflfNNajAzgm1V0XX9OZp4CLZ\/edit?usp=sharing&amp;ouid=109902266858569904989&amp;rtpof=true&amp;sd=true\">Toitainete info 06.04.2026-10.04.2026<\/a><\/p>\n<p><a href=\"https:\/\/docs.google.com\/spreadsheets\/d\/1lBRU3d8YI_SUZkMt36aADPCPLJDXknnl\/edit?usp=sharing&amp;ouid=109902266858569904989&amp;rtpof=true&amp;sd=true\">Men\u00fc\u00fc 30.03.2026-02.04.2026<\/a>\u00a0 \u00a0 \u00a0 \u00a0 \u00a0 \u00a0 \u00a0 \u00a0 \u00a0 \u00a0 \u00a0<a href=\"https:\/\/docs.google.com\/spreadsheets\/d\/1XgS5xaHj5_vH_KgDG_T5-P-MA6Z_FK7d\/edit?usp=sharing&amp;ouid=109902266858569904989&amp;rtpof=true&amp;sd=true\">Toitainete info 30.03.2026-02.04.2026<\/a><\/p>\n<p><a href=\"https:\/\/docs.google.com\/spreadsheets\/d\/1mZKDtZycJ5vSLyP_19wzxk7Yp-Jz12Vi\/edit?usp=sharing&amp;ouid=109902266858569904989&amp;rtpof=true&amp;sd=true\">Men\u00fc\u00fc 23.03.2026-27.03.2026\u00a0<\/a> \u00a0 \u00a0 \u00a0 \u00a0 \u00a0 \u00a0 \u00a0 \u00a0 \u00a0 \u00a0<a href=\"https:\/\/docs.google.com\/spreadsheets\/d\/16a28x6oEd8Nq749QwVMQPoyYtkmk0zrO\/edit?usp=sharing&amp;ouid=109902266858569904989&amp;rtpof=true&amp;sd=true\">Toitainete info 23.03.2026-27.03.2026<\/a><\/p>\n<p><a href=\"https:\/\/docs.google.com\/spreadsheets\/d\/1U3hUi3GJrBjewv8qmiar5Fv3EPDi0Y1_\/edit?usp=sharing&amp;ouid=109902266858569904989&amp;rtpof=true&amp;sd=true\">Men\u00fc\u00fc 16.03.2026-20.03.2026<\/a>\u00a0 \u00a0 \u00a0 \u00a0 \u00a0 \u00a0 \u00a0 \u00a0 \u00a0 \u00a0 \u00a0<a href=\"https:\/\/docs.google.com\/spreadsheets\/d\/1AnoqxpBl7JUtutSRsipY_u__Mi8liYhC\/edit?usp=sharing&amp;ouid=109902266858569904989&amp;rtpof=true&amp;sd=true\">Toitainete info 16.03.2026-20.03.2026<\/a><\/p>\n<p><a href=\"https:\/\/www.riigiteataja.ee\/akt\/105082025010\">N\u00f5uded laste toitlustamisele haridusasutuses, sotsiaalteenuse osutamisel ning p\u00fcsi- ja projektlaagris<\/a><\/p>\n\n\n<p><\/p>\n","protected":false},"excerpt":{"rendered":"<p>Alates 2025\/2026 \u00f5ppeaastast toitlustab meie koolis Valga valla majanduskeskus.Pikap\u00e4evar\u00fchma toitlustamine algab 01.10.2025, toimub esmasp\u00e4evast neljap\u00e4evani ning on tasuta. Pikap\u00e4eva toit on sama, mis oli koolil\u00f5una. PPR toitlustamist ei toimu l\u00fchendatud tundidega \u00f5ppep\u00e4evadel. Kontakt: toitlustus@valga.ee Men\u00fc\u00fc 20.04.2026-24.04.2026\u00a0 \u00a0 \u00a0 \u00a0 \u00a0 \u00a0 \u00a0 \u00a0 \u00a0 \u00a0 \u00a0Toitainete info 20.04.2026-24.04.2026 Men\u00fc\u00fc 06.04.2026-10.04.2026\u00a0 \u00a0 \u00a0 \u00a0 \u00a0 \u00a0 &#8230; <a href=\"https:\/\/vpmk.edu.ee\/ru\/sookla\/\" class=\"more-link\">Loe edasi<span class=\"screen-reader-text\"> &#171;\u0421\u0442\u043e\u043b\u043e\u0432\u0430\u044f&#187;<\/span> &raquo;<\/a><\/p>\n","protected":false},"author":1,"featured_media":0,"parent":0,"menu_order":0,"comment_status":"closed","ping_status":"closed","template":"","meta":{"footnotes":""},"class_list":["post-56","page","type-page","status-publish","hentry"],"translation":{"provider":"WPGlobus","version":"3.0.1","language":"ru","enabled_languages":["ee","ru"],"languages":{"ee":{"title":true,"content":true,"excerpt":false},"ru":{"title":true,"content":false,"excerpt":false}}},"yoast_head":"<!-- This site is optimized with the Yoast SEO plugin v26.7 - https:\/\/yoast.com\/wordpress\/plugins\/seo\/ -->\n<title>\u0421\u0442\u043e\u043b\u043e\u0432\u0430\u044f - \u0412\u0430\u043b\u0433\u0430\u0441\u043a\u0430\u044f \u0448\u043a\u043e\u043b\u0430 \u041f\u0440\u0438\u0439\u043c\u0435\u0442\u0441\u0430<\/title>\n<meta name=\"robots\" content=\"index, follow, max-snippet:-1, max-image-preview:large, max-video-preview:-1\" \/>\n<link rel=\"canonical\" href=\"https:\/\/vpmk.edu.ee\/sookla\/\" \/>\n<meta property=\"og:locale\" content=\"ru_RU\" \/>\n<meta property=\"og:type\" content=\"article\" \/>\n<meta property=\"og:title\" content=\"\u0421\u0442\u043e\u043b\u043e\u0432\u0430\u044f - \u0412\u0430\u043b\u0433\u0430\u0441\u043a\u0430\u044f \u0448\u043a\u043e\u043b\u0430 \u041f\u0440\u0438\u0439\u043c\u0435\u0442\u0441\u0430\" \/>\n<meta property=\"og:url\" content=\"https:\/\/vpmk.edu.ee\/sookla\/\" \/>\n<meta property=\"og:site_name\" content=\"\u0412\u0430\u043b\u0433\u0430\u0441\u043a\u0430\u044f \u0448\u043a\u043e\u043b\u0430 \u041f\u0440\u0438\u0439\u043c\u0435\u0442\u0441\u0430\" \/>\n<meta property=\"article:modified_time\" content=\"2026-04-19T06:37:01+00:00\" \/>\n<meta property=\"og:image\" content=\"https:\/\/vpmk.edu.ee\/wp-content\/uploads\/2023\/02\/Valga-Priimetsa-Kool-\u2013-logoks-3.png\" \/>\n\t<meta property=\"og:image:width\" content=\"3044\" \/>\n\t<meta property=\"og:image:height\" content=\"2776\" \/>\n\t<meta property=\"og:image:type\" content=\"image\/png\" \/>\n<meta name=\"twitter:card\" content=\"summary_large_image\" \/>\n<meta name=\"twitter:label1\" content=\"\u041f\u0440\u0438\u043c\u0435\u0440\u043d\u043e\u0435 \u0432\u0440\u0435\u043c\u044f \u0434\u043b\u044f \u0447\u0442\u0435\u043d\u0438\u044f\" \/>\n\t<meta name=\"twitter:data1\" content=\"1 \u043c\u0438\u043d\u0443\u0442\u0430\" \/>\n<script type=\"application\/ld+json\" class=\"yoast-schema-graph\">{\"@context\":\"https:\/\/schema.org\",\"@graph\":[{\"@type\":\"WebPage\",\"@id\":\"https:\/\/vpmk.edu.ee\/sookla\/\",\"url\":\"https:\/\/vpmk.edu.ee\/sookla\/\",\"name\":\"\u0421\u0442\u043e\u043b\u043e\u0432\u0430\u044f - \u0412\u0430\u043b\u0433\u0430\u0441\u043a\u0430\u044f \u0448\u043a\u043e\u043b\u0430 \u041f\u0440\u0438\u0439\u043c\u0435\u0442\u0441\u0430\",\"isPartOf\":{\"@id\":\"http:\/\/vpmk.edu.ee\/#website\"},\"datePublished\":\"2015-08-31T19:23:22+00:00\",\"dateModified\":\"2026-04-19T06:37:01+00:00\",\"breadcrumb\":{\"@id\":\"https:\/\/vpmk.edu.ee\/sookla\/#breadcrumb\"},\"inLanguage\":\"ru-RU\",\"potentialAction\":[{\"@type\":\"ReadAction\",\"target\":[\"https:\/\/vpmk.edu.ee\/sookla\/\"]}]},{\"@type\":\"BreadcrumbList\",\"@id\":\"https:\/\/vpmk.edu.ee\/sookla\/#breadcrumb\",\"itemListElement\":[{\"@type\":\"ListItem\",\"position\":1,\"name\":\"Home\",\"item\":\"http:\/\/vpmk.edu.ee\/\"},{\"@type\":\"ListItem\",\"position\":2,\"name\":\"S\u00f6\u00f6kla\"}]},{\"@type\":\"WebSite\",\"@id\":\"http:\/\/vpmk.edu.ee\/#website\",\"url\":\"http:\/\/vpmk.edu.ee\/\",\"name\":\"\u0412\u0430\u043b\u0433\u0430\u0441\u043a\u0430\u044f \u0448\u043a\u043e\u043b\u0430 \u041f\u0440\u0438\u0439\u043c\u0435\u0442\u0441\u0430\",\"description\":\"\",\"publisher\":{\"@id\":\"http:\/\/vpmk.edu.ee\/#organization\"},\"potentialAction\":[{\"@type\":\"SearchAction\",\"target\":{\"@type\":\"EntryPoint\",\"urlTemplate\":\"http:\/\/vpmk.edu.ee\/?s={search_term_string}\"},\"query-input\":{\"@type\":\"PropertyValueSpecification\",\"valueRequired\":true,\"valueName\":\"search_term_string\"}}],\"inLanguage\":\"ru-RU\"},{\"@type\":\"Organization\",\"@id\":\"http:\/\/vpmk.edu.ee\/#organization\",\"name\":\"\u0412\u0430\u043b\u0433\u0430\u0441\u043a\u0430\u044f \u0448\u043a\u043e\u043b\u0430 \u041f\u0440\u0438\u0439\u043c\u0435\u0442\u0441\u0430\",\"url\":\"http:\/\/vpmk.edu.ee\/\",\"logo\":{\"@type\":\"ImageObject\",\"inLanguage\":\"ru-RU\",\"@id\":\"http:\/\/vpmk.edu.ee\/#\/schema\/logo\/image\/\",\"url\":\"https:\/\/vpmk.edu.ee\/wp-content\/uploads\/2023\/02\/cropped-cropped-Valga-Priimetsa-Kool-\u2013-logoks-1.png\",\"contentUrl\":\"https:\/\/vpmk.edu.ee\/wp-content\/uploads\/2023\/02\/cropped-cropped-Valga-Priimetsa-Kool-\u2013-logoks-1.png\",\"width\":2058,\"height\":1615,\"caption\":\"\u0412\u0430\u043b\u0433\u0430\u0441\u043a\u0430\u044f \u0448\u043a\u043e\u043b\u0430 \u041f\u0440\u0438\u0439\u043c\u0435\u0442\u0441\u0430\"},\"image\":{\"@id\":\"http:\/\/vpmk.edu.ee\/#\/schema\/logo\/image\/\"}}]}<\/script>\n<!-- \/ Yoast SEO plugin. -->","yoast_head_json":{"title":"\u0421\u0442\u043e\u043b\u043e\u0432\u0430\u044f - \u0412\u0430\u043b\u0433\u0430\u0441\u043a\u0430\u044f \u0448\u043a\u043e\u043b\u0430 \u041f\u0440\u0438\u0439\u043c\u0435\u0442\u0441\u0430","robots":{"index":"index","follow":"follow","max-snippet":"max-snippet:-1","max-image-preview":"max-image-preview:large","max-video-preview":"max-video-preview:-1"},"canonical":"https:\/\/vpmk.edu.ee\/sookla\/","og_locale":"ru_RU","og_type":"article","og_title":"\u0421\u0442\u043e\u043b\u043e\u0432\u0430\u044f - \u0412\u0430\u043b\u0433\u0430\u0441\u043a\u0430\u044f \u0448\u043a\u043e\u043b\u0430 \u041f\u0440\u0438\u0439\u043c\u0435\u0442\u0441\u0430","og_url":"https:\/\/vpmk.edu.ee\/sookla\/","og_site_name":"\u0412\u0430\u043b\u0433\u0430\u0441\u043a\u0430\u044f \u0448\u043a\u043e\u043b\u0430 \u041f\u0440\u0438\u0439\u043c\u0435\u0442\u0441\u0430","article_modified_time":"2026-04-19T06:37:01+00:00","og_image":[{"width":3044,"height":2776,"url":"https:\/\/vpmk.edu.ee\/wp-content\/uploads\/2023\/02\/Valga-Priimetsa-Kool-\u2013-logoks-3.png","type":"image\/png"}],"twitter_card":"summary_large_image","twitter_misc":{"\u041f\u0440\u0438\u043c\u0435\u0440\u043d\u043e\u0435 \u0432\u0440\u0435\u043c\u044f \u0434\u043b\u044f \u0447\u0442\u0435\u043d\u0438\u044f":"1 \u043c\u0438\u043d\u0443\u0442\u0430"},"schema":{"@context":"https:\/\/schema.org","@graph":[{"@type":"WebPage","@id":"https:\/\/vpmk.edu.ee\/sookla\/","url":"https:\/\/vpmk.edu.ee\/sookla\/","name":"\u0421\u0442\u043e\u043b\u043e\u0432\u0430\u044f - \u0412\u0430\u043b\u0433\u0430\u0441\u043a\u0430\u044f \u0448\u043a\u043e\u043b\u0430 \u041f\u0440\u0438\u0439\u043c\u0435\u0442\u0441\u0430","isPartOf":{"@id":"http:\/\/vpmk.edu.ee\/#website"},"datePublished":"2015-08-31T19:23:22+00:00","dateModified":"2026-04-19T06:37:01+00:00","breadcrumb":{"@id":"https:\/\/vpmk.edu.ee\/sookla\/#breadcrumb"},"inLanguage":"ru-RU","potentialAction":[{"@type":"ReadAction","target":["https:\/\/vpmk.edu.ee\/sookla\/"]}]},{"@type":"BreadcrumbList","@id":"https:\/\/vpmk.edu.ee\/sookla\/#breadcrumb","itemListElement":[{"@type":"ListItem","position":1,"name":"Home","item":"http:\/\/vpmk.edu.ee\/"},{"@type":"ListItem","position":2,"name":"S\u00f6\u00f6kla"}]},{"@type":"WebSite","@id":"http:\/\/vpmk.edu.ee\/#website","url":"http:\/\/vpmk.edu.ee\/","name":"\u0412\u0430\u043b\u0433\u0430\u0441\u043a\u0430\u044f \u0448\u043a\u043e\u043b\u0430 \u041f\u0440\u0438\u0439\u043c\u0435\u0442\u0441\u0430","description":"","publisher":{"@id":"http:\/\/vpmk.edu.ee\/#organization"},"potentialAction":[{"@type":"SearchAction","target":{"@type":"EntryPoint","urlTemplate":"http:\/\/vpmk.edu.ee\/?s={search_term_string}"},"query-input":{"@type":"PropertyValueSpecification","valueRequired":true,"valueName":"search_term_string"}}],"inLanguage":"ru-RU"},{"@type":"Organization","@id":"http:\/\/vpmk.edu.ee\/#organization","name":"\u0412\u0430\u043b\u0433\u0430\u0441\u043a\u0430\u044f \u0448\u043a\u043e\u043b\u0430 \u041f\u0440\u0438\u0439\u043c\u0435\u0442\u0441\u0430","url":"http:\/\/vpmk.edu.ee\/","logo":{"@type":"ImageObject","inLanguage":"ru-RU","@id":"http:\/\/vpmk.edu.ee\/#\/schema\/logo\/image\/","url":"https:\/\/vpmk.edu.ee\/wp-content\/uploads\/2023\/02\/cropped-cropped-Valga-Priimetsa-Kool-\u2013-logoks-1.png","contentUrl":"https:\/\/vpmk.edu.ee\/wp-content\/uploads\/2023\/02\/cropped-cropped-Valga-Priimetsa-Kool-\u2013-logoks-1.png","width":2058,"height":1615,"caption":"\u0412\u0430\u043b\u0433\u0430\u0441\u043a\u0430\u044f \u0448\u043a\u043e\u043b\u0430 \u041f\u0440\u0438\u0439\u043c\u0435\u0442\u0441\u0430"},"image":{"@id":"http:\/\/vpmk.edu.ee\/#\/schema\/logo\/image\/"}}]}},"_links":{"self":[{"href":"https:\/\/vpmk.edu.ee\/ru\/wp-json\/wp\/v2\/pages\/56","targetHints":{"allow":["GET"]}}],"collection":[{"href":"https:\/\/vpmk.edu.ee\/ru\/wp-json\/wp\/v2\/pages"}],"about":[{"href":"https:\/\/vpmk.edu.ee\/ru\/wp-json\/wp\/v2\/types\/page"}],"author":[{"embeddable":true,"href":"https:\/\/vpmk.edu.ee\/ru\/wp-json\/wp\/v2\/users\/1"}],"replies":[{"embeddable":true,"href":"https:\/\/vpmk.edu.ee\/ru\/wp-json\/wp\/v2\/comments?post=56"}],"version-history":[{"count":497,"href":"https:\/\/vpmk.edu.ee\/ru\/wp-json\/wp\/v2\/pages\/56\/revisions"}],"predecessor-version":[{"id":12549,"href":"https:\/\/vpmk.edu.ee\/ru\/wp-json\/wp\/v2\/pages\/56\/revisions\/12549"}],"wp:attachment":[{"href":"https:\/\/vpmk.edu.ee\/ru\/wp-json\/wp\/v2\/media?parent=56"}],"curies":[{"name":"wp","href":"https:\/\/api.w.org\/{rel}","templated":true}]}}