{"id":4447,"date":"2018-01-07T20:53:26","date_gmt":"2018-01-07T17:53:26","guid":{"rendered":"http:\/\/vpmk.edu.ee\/?page_id=4447"},"modified":"2018-03-11T17:05:35","modified_gmt":"2018-03-11T14:05:35","slug":"2017-2018-avastamas-naite-ja-videokunsti","status":"publish","type":"page","link":"https:\/\/vpmk.edu.ee\/ru\/2017-2018-avastamas-naite-ja-videokunsti\/","title":{"rendered":"2017\/2018 Avastamas n\u00e4ite- ja videokunsti"},"content":{"rendered":"<p style=\"text-align: justify;\"><span style=\"color: #800080;\"><strong>AVASTAMAS\u00a0 N\u00c4ITE- JA VIDEOKUNSTI<\/strong><\/span><\/p>\n<p><img loading=\"lazy\" decoding=\"async\" class=\"alignnone wp-image-4774\" src=\"http:\/\/vpmk.edu.ee\/wp-content\/uploads\/2018\/03\/haridusmin_3lovi_est-600x240.png\" alt=\"\" width=\"179\" height=\"73\" srcset=\"https:\/\/vpmk.edu.ee\/wp-content\/uploads\/2018\/03\/haridusmin_3lovi_est-600x240.png 600w, https:\/\/vpmk.edu.ee\/wp-content\/uploads\/2018\/03\/haridusmin_3lovi_est-768x307.png 768w, https:\/\/vpmk.edu.ee\/wp-content\/uploads\/2018\/03\/haridusmin_3lovi_est-1024x410.png 1024w, https:\/\/vpmk.edu.ee\/wp-content\/uploads\/2018\/03\/haridusmin_3lovi_est.png 1890w\" sizes=\"auto, (max-width: 179px) 100vw, 179px\" \/>\u00a0\u00a0<img loading=\"lazy\" decoding=\"async\" class=\"alignnone wp-image-4775\" src=\"http:\/\/vpmk.edu.ee\/wp-content\/uploads\/2018\/03\/SANA_LOGO_ARCHIMEDES-600x251.jpg\" alt=\"\" width=\"164\" height=\"70\" srcset=\"https:\/\/vpmk.edu.ee\/wp-content\/uploads\/2018\/03\/SANA_LOGO_ARCHIMEDES-600x251.jpg 600w, https:\/\/vpmk.edu.ee\/wp-content\/uploads\/2018\/03\/SANA_LOGO_ARCHIMEDES-768x321.jpg 768w, https:\/\/vpmk.edu.ee\/wp-content\/uploads\/2018\/03\/SANA_LOGO_ARCHIMEDES.jpg 900w\" sizes=\"auto, (max-width: 164px) 100vw, 164px\" \/>\u00a0\u00a0<img loading=\"lazy\" decoding=\"async\" class=\"alignnone wp-image-4776\" src=\"http:\/\/vpmk.edu.ee\/wp-content\/uploads\/2018\/03\/entk_logo_est_rgb-600x405.jpg\" alt=\"\" width=\"113\" height=\"77\" srcset=\"https:\/\/vpmk.edu.ee\/wp-content\/uploads\/2018\/03\/entk_logo_est_rgb-600x405.jpg 600w, https:\/\/vpmk.edu.ee\/wp-content\/uploads\/2018\/03\/entk_logo_est_rgb-768x518.jpg 768w, https:\/\/vpmk.edu.ee\/wp-content\/uploads\/2018\/03\/entk_logo_est_rgb.jpg 965w\" sizes=\"auto, (max-width: 113px) 100vw, 113px\" \/>\u00a0\u00a0<img loading=\"lazy\" decoding=\"async\" class=\"alignnone wp-image-4777\" src=\"http:\/\/vpmk.edu.ee\/wp-content\/uploads\/2018\/03\/logo_valge_taustaga-600x188.jpg\" alt=\"\" width=\"207\" height=\"67\" \/><\/p>\n<p><strong>Projekti kestvus 1.01.2018 &#8212; 1.06.2018<\/strong><br \/>\n<strong> 1.\u00a0 Noortekohtmine 5.03.2018 &#8212; 9.03.2018\u00a0 \u00a0 \u00a0 Koht:\u00a0Pala, Peipsi\u00e4\u00e4rne vald, Tartumaa<br \/>\n2. Noortekohtumine 2.04.2018 &#8212; 6.04.2018\u00a0 \u00a0 Koht: Valga linn, Valga vald<\/strong><\/p>\n<p><strong>PROJEKTI EESM\u00c4RGID:<\/strong><\/p>\n<p style=\"text-align: justify;\">Valga Priimetsa ja Pala Kool on teinud n\u00fc\u00fcdseks kaks aastat koost\u00f6\u00f6d noorteprojektide n\u00e4ol. Paariaastane kogemus n\u00e4itab, et kohtumised arendavad noortes suhtlemisoskusi ja ettev\u00f5tlikkust ning murravad noorte eelarvamusi teise kultuuritaustaga inimeste suhtes. Pala ja Priimetsa kokkusaamised ning s\u00f5prussidemed on nii l\u00fchikese ajaga saanud noortele \u00e4\u00e4rmiselt oluliseks. Kohtumisi oodatakse ja planeeritakse noorte poolt aktiivselt. Projektis kaasal\u00f6\u00f6mise soovijaid on noorte seas oluliselt rohkem kui osaleda saavad.<br \/>\n<span style=\"font-size: 16px;\">Antud projekt on vajalik kohtumistel osalevatele noortele. Pala noored elavad keskustest kaugel, \u00e4\u00e4remaal. Noorte vaba aja sisustamine, mitmekesised v\u00f5imalused arenemiseks, uute inimeste ja kultuuridega tutvumine s\u00f5ltub v\u00e4ga paljuski just sellest, mida suudab kool ja kohalik kogukond neile pakkuda. Seet\u00f5ttu on sellised projektid, kus noored saavad aktiivselt kaasa r\u00e4\u00e4kida ning l\u00e4bi mille tutvuda erinevate inimeste ja m\u00f5tteviisidega ning \u00f5ppida uusi oskusi, h\u00e4davajalikud, kattes seda puudust, mis v\u00e4ikses kohas elamine neile tekitanud on.<br \/>\nPriimetsa kooli noored \u00f5pivad keelek\u00fcmblusklassides, nende kodune keel ja tihti ka kogu meedia nende \u00fcmber ning s\u00f5pruskond on vene kultuuri taustaga. Priimetsa noortele on v\u00e4ga oluline osaleda projektis, kus nad kohtuvad teise kultuuritaustaga noortega, harjutavad eesti keelt ka v\u00e4ljaspool koolitundi, kogevad ja m\u00f5istavad elu maapiirkonnas, sest see annab v\u00f5imaluse ka neil tunda kuuluvustunnet ja v\u00f5rdsust teiste eesti noortega.<br \/>\n<\/span><span style=\"font-size: 16px;\">Antud projekt on vajalik lisaks osalevatele noortele ka Pala ja Valga kogukonnale ja ka laiemalt Eesti \u00fchiskonnale, sest aitab liikuda avatud ja salliva \u00fchiskonna suunas ning m\u00f5ista erinevaid inimesi enda \u00fcmber. L\u00e4bi noorte kogemuste ja projektis valminud videote levitamisega viiakse projekti tulemused laiema sihtgrupini ning kasvatatakse seel\u00e4bi teadlikkust erineva kultuuritaustaga noorte heast l\u00e4bisaamisest.<br \/>\n<\/span><span style=\"font-size: 16px;\">Projekti eesm\u00e4rgiks on soodustada erineva kultuuritaustaga noorte teineteise m\u00f5istmist ning arendada noortes loovust, ettev\u00f5tlikkust, suhtlemisoskusi ning digip\u00e4devust l\u00e4bi osalejatele huvipakkuvate teemade ja tegevuste.<\/span><\/p>\n<p style=\"text-align: justify;\"><strong>Projekti oodatavaks m\u00f5juks ja muutuseks on:<br \/>\n1)\u00a0<\/strong>eri kultuuritaustaga osalejad m\u00f5istavad \u00fcksteist paremini ehk:<br \/>\n* on leidnud \u00fcksteises sarnasusi ja erinevusi;<br \/>\n<span style=\"font-size: 16px;\">* on leidnud uusi tutvusi ja m\u00f5ttekaaslasi;<br \/>\n<\/span><span style=\"font-size: 16px;\">* julgus \u00fcksteisega suhelda on kasvanud.<br \/>\n<\/span><span style=\"font-size: 16px;\">2) osalejad on arenenud loovuses ja ettev\u00f5tlikkuses ehk l\u00e4binud erinevaid loomeprotsesse ja viinud ellu omaloomingut, planeerinud ja viinud l\u00e4bi omaalgatusi ning anal\u00fc\u00fcsinud ennast nendes tegevustes.<br \/>\n<\/span><span style=\"font-size: 16px;\">3) osalejatel on arenenud suhtlemisoskused ehk on praktiseeritud ema- ja v\u00f5\u00f5rkeeli, v\u00e4ljendatud ennast l\u00e4bi erinevate viiside (s\u00f5na, n\u00e4item\u00e4ng, tants, laul), osaletud erinevates suhtlussituatsioonides erinevate suhtluspartneritega ning anal\u00fc\u00fcsinud ennast nendes tegevustes.<br \/>\n<\/span><span style=\"font-size: 16px;\">4) osalejatel on arenenud digip\u00e4devus ehk teatakse erinevaid videotehnika kasutamise viise, tuntakse video monteerimise ja esitamise programme ning anal\u00fc\u00fcsinud ennast nendes oskustes.<\/span><\/p>\n<p style=\"text-align: justify;\"><strong>PROJEKTIS OSALEVAD NOORED:<br \/>\n<\/strong><span style=\"font-size: 10pt; font-style: normal;\">Projektis osalevad kahe kooli noored \u2013 eesti emakeelega \u00f5pilased Pala Koolist (12 noort) ning vene emakeelega \u00f5pilased Priimetsa Koolist (12 noort). Osalejad k\u00e4ivad 6.-9. klassis ning on vanuses 13-16 eluaastat.<br \/>\n<\/span><span style=\"font-size: 10pt; font-style: normal;\">Projektiidee on tulnud noortelt endalt. Pala ja Priimetsa vahel on olnud 2 aastat s\u00f5prussidemeid ja kohtumisi, noortelt on k\u00fcsitud alati tagasisidet ja uusi ideid. Sel s\u00fcgisel saadi taaskord kokku, kui Priimetsa noored osalesid Pala kooli luulekonkursil. Kokkusaamisel toimus aruteluring, kus ajur\u00fcnnaku tulemusel osutus k\u00f5ige populaarsemaks teemaks \u201cKuidas teha \u00e4gedaid Youtube\u2019i videoid?\u201d. Noored selgitasid, et neid huvitab humoorikate l\u00fchisket\u0161ide tegemine, kuid puuduvad oskused koostada head s\u00fc\u017eeed, teha n\u00e4itlemist\u00f6\u00f6d, kasutada videotehnikat ja monteerida. Ka eelmiste aastate tagasisidest on selgunud, et noori v\u00e4ga huvitab n\u00e4ite- ja videokunst.<br \/>\n<\/span><span style=\"font-size: 10pt; font-style: normal;\">Projekti tegevuste planeerimisel on noored olnud ise abiks \u2013 andnud ideid, keda k\u00fclla kutsuda ja milliseid t\u00f6\u00f6tubasid l\u00e4bi viia. Noored on r\u00e4\u00e4kinud v\u00e4ga palju kaasa p\u00e4evakava planeerimises \u2013 tahetakse osaleda ainetundides, sest nendest on noortel v\u00e4ga head m\u00e4lestused esimesest kohtumisest 2016 kevadel. Tahetakse rohkem vaba aega reguleerimata tegevustega, et oleks v\u00f5imalus vaba suhtluse tekkeks. Soovitakse ka paindlikkust, et saaks vajadusel jooksvalt plaane muuta, kui kogu grupina tuntakse, et sel p\u00e4eval tahetakse teha asju natuke teistmoodi. Oodatakse kindlasti ka disko\u00f5htuid ja v\u00e4ljas\u00f5ite. Noored on pandud vastutama ja planeerima erinevaid \u00f5htuseid tegevusi \u2013 ise korraldatakse diskod, m\u00e4ngu\u00f5htud, viiakse l\u00e4bi oma kooli ekskursioone ja tutvustusi, v\u00f5etakse saabuvad k\u00fclalised vastu.<br \/>\n<\/span><span style=\"font-size: 10pt; font-style: normal;\">Noored on kaasatud j\u00e4reltegevuste planeerimisse, et nad annaksid oma sisendi ja ideed uute kohtumiste korraldamiseks, samuti on k\u00fcsitud noortelt p\u00f5hjalikku tagasisidet toimunud projektide osas, et j\u00e4reltegevusi planeerida vastavalt noorte ettepanekutele.<\/span><\/p>\n<p style=\"text-align: justify;\"><span style=\"font-size: 16px; text-align: justify;\"><strong>NOORTEKOHTUMISE TEEMA<\/strong><br \/>\n<\/span><span style=\"font-size: 16px; text-align: justify;\">Noortekohtumiste teemaks on n\u00e4ite- ja videokunstiga tutvumine ning praktiseerimine. Teema on projektis osalevate noorte enda valitud ajur\u00fcnnaku ja arutelu tulemusena. Noored tahavad teha humoorikaid videofilme (l\u00fchisket\u0161e) YouTube\u2019i keskkonnas levitamiseks, selleks \u00f5pivad nad s\u00fc\u017eee ja stsenaariumi koostamist, n\u00e4itlemist ja lavatehnikat, videotehnika k\u00e4sitlemist ja filmimist, videot\u00f6\u00f6tlust ning oskusi ja nippe, kuidas YouTube\u2019i keskkonda kasutada ja l\u00e4bi sotsiaalmeedia videoid levitada ja turundada.<br \/>\n<\/span><span style=\"font-size: 16px; text-align: justify;\">Antud teema on v\u00e4ga heaks viisiks, kuidas projekti l\u00e4bivat eesm\u00e4rki, kultuuride vahelist suhtlust, laiema sihtgrupini viia ning kasvatada seel\u00e4bi ka \u00fchiskonna teadlikkust erineva kultuuritaustaga noorte heast l\u00e4bisaamisest. Sotsiaalmeedias levivad videod on t\u00e4nap\u00e4eva noorte seas v\u00e4ga populaarne viis oma s\u00f5numi levitamiseks. Projekti tulemusena valmivadki noortel videofilmid, mis kajastavad Pala ja Priimetsa noorte tekkinud suhteid, erinevate kultuuride kohta k\u00e4ivaid eelarvamusi ja stereot\u00fc\u00fcpe ning seda, mida noored ise arvavad kultuuride vahelisest suhtlusest. Videoid levitatakse sotsiaalmeedia kaudu, videoid n\u00e4idatakse ka erinevatel kooli ja kogukondlikel \u00fcritustel. Levitades projekti tulemusi osalejatest kaugemale ka laiemale sihtgrupile, panustatakse ka nende inimeste avatuse ja sallivuse kasvamisele ja kultuuriteadlikkusele.<br \/>\n<\/span><\/p>\n<p>****************************************************************************************<\/p>\n<h6><strong><a href=\"http:\/\/vpmk.edu.ee\/uncategorized\/noortekohtumised-loovad-sopruse-aastateks-ning-annavad-uusi-ja-kasulikke-oskusi\/\">I NOORTEKOHTUMINE PALAL<\/a><\/strong><\/h6>\n","protected":false},"excerpt":{"rendered":"<p>AVASTAMAS\u00a0 N\u00c4ITE- JA VIDEOKUNSTI \u00a0\u00a0\u00a0\u00a0\u00a0\u00a0 Projekti kestvus 1.01.2018 &#8212; 1.06.2018 1.\u00a0 Noortekohtmine 5.03.2018 &#8212; 9.03.2018\u00a0 \u00a0 \u00a0 Koht:\u00a0Pala, Peipsi\u00e4\u00e4rne vald, Tartumaa 2. Noortekohtumine 2.04.2018 &#8212; 6.04.2018\u00a0 \u00a0 Koht: Valga linn, Valga vald PROJEKTI EESM\u00c4RGID: Valga Priimetsa ja Pala Kool on teinud n\u00fc\u00fcdseks kaks aastat koost\u00f6\u00f6d noorteprojektide n\u00e4ol. Paariaastane kogemus n\u00e4itab, et kohtumised arendavad noortes suhtlemisoskusi &#8230; <a href=\"https:\/\/vpmk.edu.ee\/ru\/2017-2018-avastamas-naite-ja-videokunsti\/\" class=\"more-link\">Loe edasi<span class=\"screen-reader-text\"> &#171;2017\/2018 Avastamas n\u00e4ite- ja videokunsti&#187;<\/span> &raquo;<\/a><\/p>\n","protected":false},"author":3,"featured_media":0,"parent":0,"menu_order":0,"comment_status":"closed","ping_status":"closed","template":"","meta":{"footnotes":""},"class_list":["post-4447","page","type-page","status-publish","hentry"],"translation":{"provider":"WPGlobus","version":"3.0.1","language":"ru","enabled_languages":["ee","ru"],"languages":{"ee":{"title":true,"content":true,"excerpt":false},"ru":{"title":false,"content":false,"excerpt":false}}},"yoast_head":"<!-- This site is optimized with the Yoast SEO plugin v26.7 - https:\/\/yoast.com\/wordpress\/plugins\/seo\/ -->\n<title>2017\/2018 Avastamas n\u00e4ite- ja videokunsti - \u0412\u0430\u043b\u0433\u0430\u0441\u043a\u0430\u044f \u0448\u043a\u043e\u043b\u0430 \u041f\u0440\u0438\u0439\u043c\u0435\u0442\u0441\u0430<\/title>\n<meta name=\"robots\" content=\"index, follow, max-snippet:-1, max-image-preview:large, max-video-preview:-1\" \/>\n<link rel=\"canonical\" href=\"http:\/\/vpmk.edu.ee\/2017-2018-avastamas-naite-ja-videokunsti\/\" \/>\n<meta property=\"og:locale\" content=\"ru_RU\" \/>\n<meta property=\"og:type\" content=\"article\" \/>\n<meta property=\"og:title\" content=\"2017\/2018 Avastamas n\u00e4ite- ja videokunsti - \u0412\u0430\u043b\u0433\u0430\u0441\u043a\u0430\u044f \u0448\u043a\u043e\u043b\u0430 \u041f\u0440\u0438\u0439\u043c\u0435\u0442\u0441\u0430\" \/>\n<meta property=\"og:url\" content=\"http:\/\/vpmk.edu.ee\/2017-2018-avastamas-naite-ja-videokunsti\/\" \/>\n<meta property=\"og:site_name\" content=\"\u0412\u0430\u043b\u0433\u0430\u0441\u043a\u0430\u044f \u0448\u043a\u043e\u043b\u0430 \u041f\u0440\u0438\u0439\u043c\u0435\u0442\u0441\u0430\" \/>\n<meta property=\"article:modified_time\" content=\"2018-03-11T14:05:35+00:00\" \/>\n<meta property=\"og:image\" content=\"http:\/\/vpmk.edu.ee\/wp-content\/uploads\/2018\/03\/haridusmin_3lovi_est-600x240.png\" \/>\n<meta name=\"twitter:card\" content=\"summary_large_image\" \/>\n<meta name=\"twitter:label1\" content=\"\u041f\u0440\u0438\u043c\u0435\u0440\u043d\u043e\u0435 \u0432\u0440\u0435\u043c\u044f \u0434\u043b\u044f \u0447\u0442\u0435\u043d\u0438\u044f\" \/>\n\t<meta name=\"twitter:data1\" content=\"5 \u043c\u0438\u043d\u0443\u0442\" \/>\n<script type=\"application\/ld+json\" class=\"yoast-schema-graph\">{\"@context\":\"https:\/\/schema.org\",\"@graph\":[{\"@type\":\"WebPage\",\"@id\":\"http:\/\/vpmk.edu.ee\/2017-2018-avastamas-naite-ja-videokunsti\/\",\"url\":\"http:\/\/vpmk.edu.ee\/2017-2018-avastamas-naite-ja-videokunsti\/\",\"name\":\"2017\/2018 Avastamas n\u00e4ite- ja videokunsti - \u0412\u0430\u043b\u0433\u0430\u0441\u043a\u0430\u044f \u0448\u043a\u043e\u043b\u0430 \u041f\u0440\u0438\u0439\u043c\u0435\u0442\u0441\u0430\",\"isPartOf\":{\"@id\":\"http:\/\/vpmk.edu.ee\/#website\"},\"primaryImageOfPage\":{\"@id\":\"http:\/\/vpmk.edu.ee\/2017-2018-avastamas-naite-ja-videokunsti\/#primaryimage\"},\"image\":{\"@id\":\"http:\/\/vpmk.edu.ee\/2017-2018-avastamas-naite-ja-videokunsti\/#primaryimage\"},\"thumbnailUrl\":\"http:\/\/vpmk.edu.ee\/wp-content\/uploads\/2018\/03\/haridusmin_3lovi_est-600x240.png\",\"datePublished\":\"2018-01-07T17:53:26+00:00\",\"dateModified\":\"2018-03-11T14:05:35+00:00\",\"breadcrumb\":{\"@id\":\"http:\/\/vpmk.edu.ee\/2017-2018-avastamas-naite-ja-videokunsti\/#breadcrumb\"},\"inLanguage\":\"ru-RU\",\"potentialAction\":[{\"@type\":\"ReadAction\",\"target\":[\"http:\/\/vpmk.edu.ee\/2017-2018-avastamas-naite-ja-videokunsti\/\"]}]},{\"@type\":\"ImageObject\",\"inLanguage\":\"ru-RU\",\"@id\":\"http:\/\/vpmk.edu.ee\/2017-2018-avastamas-naite-ja-videokunsti\/#primaryimage\",\"url\":\"http:\/\/vpmk.edu.ee\/wp-content\/uploads\/2018\/03\/haridusmin_3lovi_est-600x240.png\",\"contentUrl\":\"http:\/\/vpmk.edu.ee\/wp-content\/uploads\/2018\/03\/haridusmin_3lovi_est-600x240.png\"},{\"@type\":\"BreadcrumbList\",\"@id\":\"http:\/\/vpmk.edu.ee\/2017-2018-avastamas-naite-ja-videokunsti\/#breadcrumb\",\"itemListElement\":[{\"@type\":\"ListItem\",\"position\":1,\"name\":\"Home\",\"item\":\"http:\/\/vpmk.edu.ee\/\"},{\"@type\":\"ListItem\",\"position\":2,\"name\":\"2017\/2018 Avastamas n\u00e4ite- ja videokunsti\"}]},{\"@type\":\"WebSite\",\"@id\":\"http:\/\/vpmk.edu.ee\/#website\",\"url\":\"http:\/\/vpmk.edu.ee\/\",\"name\":\"\u0412\u0430\u043b\u0433\u0430\u0441\u043a\u0430\u044f \u0448\u043a\u043e\u043b\u0430 \u041f\u0440\u0438\u0439\u043c\u0435\u0442\u0441\u0430\",\"description\":\"\",\"publisher\":{\"@id\":\"http:\/\/vpmk.edu.ee\/#organization\"},\"potentialAction\":[{\"@type\":\"SearchAction\",\"target\":{\"@type\":\"EntryPoint\",\"urlTemplate\":\"http:\/\/vpmk.edu.ee\/?s={search_term_string}\"},\"query-input\":{\"@type\":\"PropertyValueSpecification\",\"valueRequired\":true,\"valueName\":\"search_term_string\"}}],\"inLanguage\":\"ru-RU\"},{\"@type\":\"Organization\",\"@id\":\"http:\/\/vpmk.edu.ee\/#organization\",\"name\":\"\u0412\u0430\u043b\u0433\u0430\u0441\u043a\u0430\u044f \u0448\u043a\u043e\u043b\u0430 \u041f\u0440\u0438\u0439\u043c\u0435\u0442\u0441\u0430\",\"url\":\"http:\/\/vpmk.edu.ee\/\",\"logo\":{\"@type\":\"ImageObject\",\"inLanguage\":\"ru-RU\",\"@id\":\"http:\/\/vpmk.edu.ee\/#\/schema\/logo\/image\/\",\"url\":\"https:\/\/vpmk.edu.ee\/wp-content\/uploads\/2023\/02\/cropped-cropped-Valga-Priimetsa-Kool-\u2013-logoks-1.png\",\"contentUrl\":\"https:\/\/vpmk.edu.ee\/wp-content\/uploads\/2023\/02\/cropped-cropped-Valga-Priimetsa-Kool-\u2013-logoks-1.png\",\"width\":2058,\"height\":1615,\"caption\":\"\u0412\u0430\u043b\u0433\u0430\u0441\u043a\u0430\u044f \u0448\u043a\u043e\u043b\u0430 \u041f\u0440\u0438\u0439\u043c\u0435\u0442\u0441\u0430\"},\"image\":{\"@id\":\"http:\/\/vpmk.edu.ee\/#\/schema\/logo\/image\/\"}}]}<\/script>\n<!-- \/ Yoast SEO plugin. -->","yoast_head_json":{"title":"2017\/2018 Avastamas n\u00e4ite- ja videokunsti - \u0412\u0430\u043b\u0433\u0430\u0441\u043a\u0430\u044f \u0448\u043a\u043e\u043b\u0430 \u041f\u0440\u0438\u0439\u043c\u0435\u0442\u0441\u0430","robots":{"index":"index","follow":"follow","max-snippet":"max-snippet:-1","max-image-preview":"max-image-preview:large","max-video-preview":"max-video-preview:-1"},"canonical":"http:\/\/vpmk.edu.ee\/2017-2018-avastamas-naite-ja-videokunsti\/","og_locale":"ru_RU","og_type":"article","og_title":"2017\/2018 Avastamas n\u00e4ite- ja videokunsti - \u0412\u0430\u043b\u0433\u0430\u0441\u043a\u0430\u044f \u0448\u043a\u043e\u043b\u0430 \u041f\u0440\u0438\u0439\u043c\u0435\u0442\u0441\u0430","og_url":"http:\/\/vpmk.edu.ee\/2017-2018-avastamas-naite-ja-videokunsti\/","og_site_name":"\u0412\u0430\u043b\u0433\u0430\u0441\u043a\u0430\u044f \u0448\u043a\u043e\u043b\u0430 \u041f\u0440\u0438\u0439\u043c\u0435\u0442\u0441\u0430","article_modified_time":"2018-03-11T14:05:35+00:00","og_image":[{"url":"http:\/\/vpmk.edu.ee\/wp-content\/uploads\/2018\/03\/haridusmin_3lovi_est-600x240.png","type":"","width":"","height":""}],"twitter_card":"summary_large_image","twitter_misc":{"\u041f\u0440\u0438\u043c\u0435\u0440\u043d\u043e\u0435 \u0432\u0440\u0435\u043c\u044f \u0434\u043b\u044f \u0447\u0442\u0435\u043d\u0438\u044f":"5 \u043c\u0438\u043d\u0443\u0442"},"schema":{"@context":"https:\/\/schema.org","@graph":[{"@type":"WebPage","@id":"http:\/\/vpmk.edu.ee\/2017-2018-avastamas-naite-ja-videokunsti\/","url":"http:\/\/vpmk.edu.ee\/2017-2018-avastamas-naite-ja-videokunsti\/","name":"2017\/2018 Avastamas n\u00e4ite- ja videokunsti - \u0412\u0430\u043b\u0433\u0430\u0441\u043a\u0430\u044f \u0448\u043a\u043e\u043b\u0430 \u041f\u0440\u0438\u0439\u043c\u0435\u0442\u0441\u0430","isPartOf":{"@id":"http:\/\/vpmk.edu.ee\/#website"},"primaryImageOfPage":{"@id":"http:\/\/vpmk.edu.ee\/2017-2018-avastamas-naite-ja-videokunsti\/#primaryimage"},"image":{"@id":"http:\/\/vpmk.edu.ee\/2017-2018-avastamas-naite-ja-videokunsti\/#primaryimage"},"thumbnailUrl":"http:\/\/vpmk.edu.ee\/wp-content\/uploads\/2018\/03\/haridusmin_3lovi_est-600x240.png","datePublished":"2018-01-07T17:53:26+00:00","dateModified":"2018-03-11T14:05:35+00:00","breadcrumb":{"@id":"http:\/\/vpmk.edu.ee\/2017-2018-avastamas-naite-ja-videokunsti\/#breadcrumb"},"inLanguage":"ru-RU","potentialAction":[{"@type":"ReadAction","target":["http:\/\/vpmk.edu.ee\/2017-2018-avastamas-naite-ja-videokunsti\/"]}]},{"@type":"ImageObject","inLanguage":"ru-RU","@id":"http:\/\/vpmk.edu.ee\/2017-2018-avastamas-naite-ja-videokunsti\/#primaryimage","url":"http:\/\/vpmk.edu.ee\/wp-content\/uploads\/2018\/03\/haridusmin_3lovi_est-600x240.png","contentUrl":"http:\/\/vpmk.edu.ee\/wp-content\/uploads\/2018\/03\/haridusmin_3lovi_est-600x240.png"},{"@type":"BreadcrumbList","@id":"http:\/\/vpmk.edu.ee\/2017-2018-avastamas-naite-ja-videokunsti\/#breadcrumb","itemListElement":[{"@type":"ListItem","position":1,"name":"Home","item":"http:\/\/vpmk.edu.ee\/"},{"@type":"ListItem","position":2,"name":"2017\/2018 Avastamas n\u00e4ite- ja videokunsti"}]},{"@type":"WebSite","@id":"http:\/\/vpmk.edu.ee\/#website","url":"http:\/\/vpmk.edu.ee\/","name":"\u0412\u0430\u043b\u0433\u0430\u0441\u043a\u0430\u044f \u0448\u043a\u043e\u043b\u0430 \u041f\u0440\u0438\u0439\u043c\u0435\u0442\u0441\u0430","description":"","publisher":{"@id":"http:\/\/vpmk.edu.ee\/#organization"},"potentialAction":[{"@type":"SearchAction","target":{"@type":"EntryPoint","urlTemplate":"http:\/\/vpmk.edu.ee\/?s={search_term_string}"},"query-input":{"@type":"PropertyValueSpecification","valueRequired":true,"valueName":"search_term_string"}}],"inLanguage":"ru-RU"},{"@type":"Organization","@id":"http:\/\/vpmk.edu.ee\/#organization","name":"\u0412\u0430\u043b\u0433\u0430\u0441\u043a\u0430\u044f \u0448\u043a\u043e\u043b\u0430 \u041f\u0440\u0438\u0439\u043c\u0435\u0442\u0441\u0430","url":"http:\/\/vpmk.edu.ee\/","logo":{"@type":"ImageObject","inLanguage":"ru-RU","@id":"http:\/\/vpmk.edu.ee\/#\/schema\/logo\/image\/","url":"https:\/\/vpmk.edu.ee\/wp-content\/uploads\/2023\/02\/cropped-cropped-Valga-Priimetsa-Kool-\u2013-logoks-1.png","contentUrl":"https:\/\/vpmk.edu.ee\/wp-content\/uploads\/2023\/02\/cropped-cropped-Valga-Priimetsa-Kool-\u2013-logoks-1.png","width":2058,"height":1615,"caption":"\u0412\u0430\u043b\u0433\u0430\u0441\u043a\u0430\u044f \u0448\u043a\u043e\u043b\u0430 \u041f\u0440\u0438\u0439\u043c\u0435\u0442\u0441\u0430"},"image":{"@id":"http:\/\/vpmk.edu.ee\/#\/schema\/logo\/image\/"}}]}},"_links":{"self":[{"href":"https:\/\/vpmk.edu.ee\/ru\/wp-json\/wp\/v2\/pages\/4447","targetHints":{"allow":["GET"]}}],"collection":[{"href":"https:\/\/vpmk.edu.ee\/ru\/wp-json\/wp\/v2\/pages"}],"about":[{"href":"https:\/\/vpmk.edu.ee\/ru\/wp-json\/wp\/v2\/types\/page"}],"author":[{"embeddable":true,"href":"https:\/\/vpmk.edu.ee\/ru\/wp-json\/wp\/v2\/users\/3"}],"replies":[{"embeddable":true,"href":"https:\/\/vpmk.edu.ee\/ru\/wp-json\/wp\/v2\/comments?post=4447"}],"version-history":[{"count":16,"href":"https:\/\/vpmk.edu.ee\/ru\/wp-json\/wp\/v2\/pages\/4447\/revisions"}],"predecessor-version":[{"id":4778,"href":"https:\/\/vpmk.edu.ee\/ru\/wp-json\/wp\/v2\/pages\/4447\/revisions\/4778"}],"wp:attachment":[{"href":"https:\/\/vpmk.edu.ee\/ru\/wp-json\/wp\/v2\/media?parent=4447"}],"curies":[{"name":"wp","href":"https:\/\/api.w.org\/{rel}","templated":true}]}}