{"id":3175,"date":"2017-03-12T07:44:42","date_gmt":"2017-03-12T07:44:42","guid":{"rendered":"http:\/\/vpmk.edu.ee\/?page_id=3175"},"modified":"2017-07-03T21:01:45","modified_gmt":"2017-07-03T18:01:45","slug":"noorte-voimalused-ja-valikud-keelepadevuste-tostmisel","status":"publish","type":"page","link":"https:\/\/vpmk.edu.ee\/ru\/noorte-voimalused-ja-valikud-keelepadevuste-tostmisel\/","title":{"rendered":"Noorte v\u00f5imalused ja valikud keelep\u00e4devuste t\u00f5stmisel"},"content":{"rendered":"<h6 style=\"text-align: center;\"><span style=\"color: #0000ff;\"><strong>Noorte v\u00f5imalused ja valikud keelep\u00e4devuste t\u00f5stmisel<br \/>\n<\/strong><strong>12.-16. m\u00e4rts 2017<br \/>\n<img loading=\"lazy\" decoding=\"async\" class=\"alignnone wp-image-3709\" src=\"http:\/\/vpmk.edu.ee\/wp-content\/uploads\/2017\/03\/EL_Sotsiaalfond_horisontaalne-600x317.jpg\" alt=\"\" width=\"244\" height=\"130\" srcset=\"https:\/\/vpmk.edu.ee\/wp-content\/uploads\/2017\/03\/EL_Sotsiaalfond_horisontaalne-600x317.jpg 600w, https:\/\/vpmk.edu.ee\/wp-content\/uploads\/2017\/03\/EL_Sotsiaalfond_horisontaalne-768x406.jpg 768w, https:\/\/vpmk.edu.ee\/wp-content\/uploads\/2017\/03\/EL_Sotsiaalfond_horisontaalne-1024x541.jpg 1024w\" sizes=\"auto, (max-width: 244px) 100vw, 244px\" \/>\u00a0\u00a0 <img loading=\"lazy\" decoding=\"async\" class=\"alignnone wp-image-3171\" src=\"http:\/\/vpmk.edu.ee\/wp-content\/uploads\/2017\/03\/innove.jpg\" alt=\"\" width=\"263\" height=\"133\" \/><br \/>\n<\/strong><\/span><\/h6>\n<p style=\"text-align: justify;\"><strong><u>Meede:<br \/>\n<\/u><\/strong>2014-2020.1.5 \u00d5ppe seostamine t\u00f6\u00f6turu vajadustega<\/p>\n<p style=\"text-align: justify;\"><strong><u>Taotlusvoor:<br \/>\n<\/u><\/strong>1.5.5 Haridusasutuste keelealased koost\u00f6\u00f6tegevused (tegevus 3) &#8212; 17.10.2016-28.11.2016<\/p>\n<p style=\"text-align: justify;\"><strong><u>Valdkond, millesse projekt panustab:<br \/>\n<\/u><\/strong>2014-2020.1.5.5 Keele\u00f5ppetegevused edukamaks toimetulekuks t\u00f6\u00f6turul<\/p>\n<p style=\"text-align: justify;\"><strong><u>Olemasolev olukord ja \u00fclevaade projekti vajalikkusest:<br \/>\n<\/u><\/strong>Projekti vajalikkus tuleneb eesti keelt mittek\u00f5nelevate noorte integreerumisest eestikeelsesse keskkonda pakkudes v\u00f5imalusi erineva kultuuritaustaga ja\u00a0teist keelt k\u00f5nelevate noorte omavaheliseks tutvuseks, arendades nende omavahelist suhtlemist ja teineteisem\u00f5istmist. Oluliseks tuleb pidada asjaolu, et noorte soov oli seoses l\u00e4heneva Eesti Vabariigi 100. aastap\u00e4evaga tutvuda vahetult eesti ajaloo-, kultuuri- ja t\u00e4nap\u00e4eva poliitilise maastikuga. \u00d5pilased olid siiralt huvitatud oma keelealaste teadmiste rakendamise v\u00f5imalustest igap\u00e4evaelus ning &#8212; praktikas.<\/p>\n<p style=\"text-align: justify;\"><strong><u>Projekti eesm\u00e4rk ja tulemused:<br \/>\n<\/u><\/strong>Taotleja kaasab projekti ka A. Haava nim Pala kooli \u00f5pilased, kellega varasem koost\u00f6\u00f6 on olnud tulemuslik \u00f5pilasvahetuse osas. Valga Priimetsa Kooli \u00fcheks prioriteediks on \u00f5pilaste keelep\u00e4devuste t\u00f5stmine ja projektides osalemine v\u00f5imaldab arendada ja t\u00f5sta keeleoskust, arendab suhtlemist ja koost\u00f6\u00f6valmidust, tolerantsust ja algatusv\u00f5imet. Teadvustab noortele l\u00e4bi ajalooliste paikade- ja m\u00e4lestiste k\u00fclastamise 100-aastase riigi iseseisvusp\u00fc\u00fcdlusi ja raskeid katsumusi iseseisvusp\u00fc\u00fcdluste taastamisel, v\u00f5imaldab tunnetada end \u00fchiskonna t\u00e4ie\u00f5igusliku liikmena, m\u00f5ista p\u00f5lisrahva lugu ja kaitsta oma kodu. Erineva kultuuritaustaga noored \u00f5pivad l\u00e4bi kohtumiste ja tegevuste paremini \u00fcksteist tundma ning m\u00f5istma. Omandades erinevaid p\u00e4devusi, oskusi ja oma riigi lugu, avardab see noorte inimeste silmaringi, s\u00fcvendab hoolivust ja annab suhtlemiskogemusi. See k\u00f5ik loob paremad v\u00f5imalused noortel luua edukam karj\u00e4\u00e4r, teha targemaid ja sobilikke valikuid selleks, et saada tulevikus edukalt hakkama.<\/p>\n<p style=\"text-align: justify;\"><strong><u>Projekti l\u00fchikokkuv\u00f5te avalikkusele:<br \/>\n<\/u><\/strong>Projektis osalemine t\u00f5stab eesti keelt mittek\u00f5nelevate noorte integreerumist eestikeelsesse keskkonda pakkudes v\u00f5imalusi erineva kultuuritaustaga ja\u00a0teist keelt k\u00f5nelevate noorte omavaheliseks tutvuseks, arendades nende omavahelist suhtlemist ja teineteisem\u00f5istmist. Tutvutakse eesti ajaloo-, kultuuri- ja t\u00e4nap\u00e4eva poliitilise maastikuga. See k\u00f5ik aitab tulevikus paremini planeerida oma karj\u00e4\u00e4ri, soodustab tegema \u00f5igeid valikuid edasi\u00f5ppimisel, osalema aktiivse noorena eesti \u00fchiskonnaelus.<\/p>\n<p style=\"text-align: justify;\"><strong><u>Projekti tulemuste j\u00e4tkusuutlikkus:<br \/>\n<\/u><\/strong>Projekti j\u00e4tkusuutlikkus avaldub noorte omavahelises suhtluses ka p\u00e4rast projekti l\u00f5ppu. Kui vene keelt k\u00f5nelevad noored suhtlevad eesti keelt emakeelena k\u00f5nelevate noortega, austavad eesti kultuuri- ja traditsioone, k\u00fclastades teatrietendusi &#8212; ja kontserte, j\u00e4tkavad haridusteed eestikeelsetes koolides ja t\u00e4idavad oma kodanikukohustusi, on projekt oma eesm\u00e4rgi t\u00e4itnud.<br \/>\n************************************************************<\/p>\n<p style=\"text-align: justify;\"><a href=\"https:\/\/drive.google.com\/file\/d\/0B6GT3jff-O_RdWVhSkM2REstQVE\/view?usp=sharing\">P\u00c4EVAKAVA\u00a0 12.03 &#8212; 16.03.2017<\/a><\/p>\n<p style=\"text-align: justify;\">************************************************************<\/p>\n<p style=\"text-align: justify;\"><a href=\"https:\/\/drive.google.com\/file\/d\/0B6GT3jff-O_RYkc3Z25UMzNTOW8\/view?usp=sharing\">Valga Priimetsa Kooli ja Pala Kooli osalejate nimekiri<\/a><\/p>\n<p style=\"text-align: justify;\">************************************************************<\/p>\n<p style=\"text-align: justify;\"><a href=\"https:\/\/drive.google.com\/file\/d\/0B6GT3jff-O_RWHBHV1YtZ1lzckU\/view?usp=sharing\">13.m\u00e4rtsi kohtumis\u00f5htu kuulutus<\/a><\/p>\n<p style=\"text-align: justify;\">***********************************************************<\/p>\n<p style=\"text-align: justify;\"><a href=\"http:\/\/vpmk.edu.ee\/uncategorized\/algab-keelelaager-noorte-voimalused-ja-valikud-keelepadevuste-tostmisel\/\">Kooli koduleht<\/a><\/p>\n<p style=\"text-align: justify;\">**********************************************************<\/p>\n<p style=\"text-align: justify;\"><a href=\"https:\/\/goo.gl\/photos\/Ft1z5Bt69MdvaLcb7\">FOTOGALERII<\/a><\/p>\n<p style=\"text-align: justify;\">**********************************************************<\/p>\n<p style=\"text-align: justify;\"><a href=\"https:\/\/drive.google.com\/file\/d\/0B6GT3jff-O_RSVozRXN5MHdZSm8\/view?usp=sharing\">Ajaleht VALGAMAALANE kirjutab<\/a><\/p>\n<p>*********************************************************<\/p>\n<p style=\"text-align: justify;\"><a href=\"http:\/\/www.valgalv.ee\/UserFiles\/1%20linn%202%20riiki\/VLL%20aprill%20EST.pdf\">VALGA LINNA LEHT kirjutab (lk 3)<\/a><\/p>\n<p style=\"text-align: justify;\">********************************************************<\/p>\n<p style=\"text-align: justify;\">\n","protected":false},"excerpt":{"rendered":"<p>Noorte v\u00f5imalused ja valikud keelep\u00e4devuste t\u00f5stmisel 12.-16. m\u00e4rts 2017 \u00a0\u00a0 Meede: 2014-2020.1.5 \u00d5ppe seostamine t\u00f6\u00f6turu vajadustega Taotlusvoor: 1.5.5 Haridusasutuste keelealased koost\u00f6\u00f6tegevused (tegevus 3) &#8212; 17.10.2016-28.11.2016 Valdkond, millesse projekt panustab: 2014-2020.1.5.5 Keele\u00f5ppetegevused edukamaks toimetulekuks t\u00f6\u00f6turul Olemasolev olukord ja \u00fclevaade projekti vajalikkusest: Projekti vajalikkus tuleneb eesti keelt mittek\u00f5nelevate noorte integreerumisest eestikeelsesse keskkonda pakkudes v\u00f5imalusi erineva kultuuritaustaga ja\u00a0teist &#8230; <a href=\"https:\/\/vpmk.edu.ee\/ru\/noorte-voimalused-ja-valikud-keelepadevuste-tostmisel\/\" class=\"more-link\">Loe edasi<span class=\"screen-reader-text\"> &#171;Noorte v\u00f5imalused ja valikud keelep\u00e4devuste t\u00f5stmisel&#187;<\/span> &raquo;<\/a><\/p>\n","protected":false},"author":3,"featured_media":0,"parent":0,"menu_order":0,"comment_status":"closed","ping_status":"closed","template":"","meta":{"footnotes":""},"class_list":["post-3175","page","type-page","status-publish","hentry"],"translation":{"provider":"WPGlobus","version":"3.0.1","language":"ru","enabled_languages":["ee","ru"],"languages":{"ee":{"title":true,"content":true,"excerpt":false},"ru":{"title":false,"content":false,"excerpt":false}}},"yoast_head":"<!-- This site is optimized with the Yoast SEO plugin v26.7 - https:\/\/yoast.com\/wordpress\/plugins\/seo\/ -->\n<title>Noorte v\u00f5imalused ja valikud keelep\u00e4devuste t\u00f5stmisel - \u0412\u0430\u043b\u0433\u0430\u0441\u043a\u0430\u044f \u0448\u043a\u043e\u043b\u0430 \u041f\u0440\u0438\u0439\u043c\u0435\u0442\u0441\u0430<\/title>\n<meta name=\"robots\" content=\"index, follow, max-snippet:-1, max-image-preview:large, max-video-preview:-1\" \/>\n<link rel=\"canonical\" href=\"http:\/\/vpmk.edu.ee\/noorte-voimalused-ja-valikud-keelepadevuste-tostmisel\/\" \/>\n<meta property=\"og:locale\" content=\"ru_RU\" \/>\n<meta property=\"og:type\" content=\"article\" \/>\n<meta property=\"og:title\" content=\"Noorte v\u00f5imalused ja valikud keelep\u00e4devuste t\u00f5stmisel - \u0412\u0430\u043b\u0433\u0430\u0441\u043a\u0430\u044f \u0448\u043a\u043e\u043b\u0430 \u041f\u0440\u0438\u0439\u043c\u0435\u0442\u0441\u0430\" \/>\n<meta property=\"og:url\" content=\"http:\/\/vpmk.edu.ee\/noorte-voimalused-ja-valikud-keelepadevuste-tostmisel\/\" \/>\n<meta property=\"og:site_name\" content=\"\u0412\u0430\u043b\u0433\u0430\u0441\u043a\u0430\u044f \u0448\u043a\u043e\u043b\u0430 \u041f\u0440\u0438\u0439\u043c\u0435\u0442\u0441\u0430\" \/>\n<meta property=\"article:modified_time\" content=\"2017-07-03T18:01:45+00:00\" \/>\n<meta property=\"og:image\" content=\"http:\/\/vpmk.edu.ee\/wp-content\/uploads\/2017\/03\/EL_Sotsiaalfond_horisontaalne-600x317.jpg\" \/>\n<meta name=\"twitter:card\" content=\"summary_large_image\" \/>\n<meta name=\"twitter:label1\" content=\"\u041f\u0440\u0438\u043c\u0435\u0440\u043d\u043e\u0435 \u0432\u0440\u0435\u043c\u044f \u0434\u043b\u044f \u0447\u0442\u0435\u043d\u0438\u044f\" \/>\n\t<meta name=\"twitter:data1\" content=\"2 \u043c\u0438\u043d\u0443\u0442\u044b\" \/>\n<script type=\"application\/ld+json\" class=\"yoast-schema-graph\">{\"@context\":\"https:\/\/schema.org\",\"@graph\":[{\"@type\":\"WebPage\",\"@id\":\"http:\/\/vpmk.edu.ee\/noorte-voimalused-ja-valikud-keelepadevuste-tostmisel\/\",\"url\":\"http:\/\/vpmk.edu.ee\/noorte-voimalused-ja-valikud-keelepadevuste-tostmisel\/\",\"name\":\"Noorte v\u00f5imalused ja valikud keelep\u00e4devuste t\u00f5stmisel - \u0412\u0430\u043b\u0433\u0430\u0441\u043a\u0430\u044f \u0448\u043a\u043e\u043b\u0430 \u041f\u0440\u0438\u0439\u043c\u0435\u0442\u0441\u0430\",\"isPartOf\":{\"@id\":\"https:\/\/vpmk.edu.ee\/#website\"},\"primaryImageOfPage\":{\"@id\":\"http:\/\/vpmk.edu.ee\/noorte-voimalused-ja-valikud-keelepadevuste-tostmisel\/#primaryimage\"},\"image\":{\"@id\":\"http:\/\/vpmk.edu.ee\/noorte-voimalused-ja-valikud-keelepadevuste-tostmisel\/#primaryimage\"},\"thumbnailUrl\":\"http:\/\/vpmk.edu.ee\/wp-content\/uploads\/2017\/03\/EL_Sotsiaalfond_horisontaalne-600x317.jpg\",\"datePublished\":\"2017-03-12T07:44:42+00:00\",\"dateModified\":\"2017-07-03T18:01:45+00:00\",\"breadcrumb\":{\"@id\":\"http:\/\/vpmk.edu.ee\/noorte-voimalused-ja-valikud-keelepadevuste-tostmisel\/#breadcrumb\"},\"inLanguage\":\"ru-RU\",\"potentialAction\":[{\"@type\":\"ReadAction\",\"target\":[\"http:\/\/vpmk.edu.ee\/noorte-voimalused-ja-valikud-keelepadevuste-tostmisel\/\"]}]},{\"@type\":\"ImageObject\",\"inLanguage\":\"ru-RU\",\"@id\":\"http:\/\/vpmk.edu.ee\/noorte-voimalused-ja-valikud-keelepadevuste-tostmisel\/#primaryimage\",\"url\":\"http:\/\/vpmk.edu.ee\/wp-content\/uploads\/2017\/03\/EL_Sotsiaalfond_horisontaalne-600x317.jpg\",\"contentUrl\":\"http:\/\/vpmk.edu.ee\/wp-content\/uploads\/2017\/03\/EL_Sotsiaalfond_horisontaalne-600x317.jpg\"},{\"@type\":\"BreadcrumbList\",\"@id\":\"http:\/\/vpmk.edu.ee\/noorte-voimalused-ja-valikud-keelepadevuste-tostmisel\/#breadcrumb\",\"itemListElement\":[{\"@type\":\"ListItem\",\"position\":1,\"name\":\"Home\",\"item\":\"https:\/\/vpmk.edu.ee\/\"},{\"@type\":\"ListItem\",\"position\":2,\"name\":\"Noorte v\u00f5imalused ja valikud keelep\u00e4devuste t\u00f5stmisel\"}]},{\"@type\":\"WebSite\",\"@id\":\"https:\/\/vpmk.edu.ee\/#website\",\"url\":\"https:\/\/vpmk.edu.ee\/\",\"name\":\"\u0412\u0430\u043b\u0433\u0430\u0441\u043a\u0430\u044f \u0448\u043a\u043e\u043b\u0430 \u041f\u0440\u0438\u0439\u043c\u0435\u0442\u0441\u0430\",\"description\":\"\",\"publisher\":{\"@id\":\"https:\/\/vpmk.edu.ee\/#organization\"},\"potentialAction\":[{\"@type\":\"SearchAction\",\"target\":{\"@type\":\"EntryPoint\",\"urlTemplate\":\"https:\/\/vpmk.edu.ee\/?s={search_term_string}\"},\"query-input\":{\"@type\":\"PropertyValueSpecification\",\"valueRequired\":true,\"valueName\":\"search_term_string\"}}],\"inLanguage\":\"ru-RU\"},{\"@type\":\"Organization\",\"@id\":\"https:\/\/vpmk.edu.ee\/#organization\",\"name\":\"\u0412\u0430\u043b\u0433\u0430\u0441\u043a\u0430\u044f \u0448\u043a\u043e\u043b\u0430 \u041f\u0440\u0438\u0439\u043c\u0435\u0442\u0441\u0430\",\"url\":\"https:\/\/vpmk.edu.ee\/\",\"logo\":{\"@type\":\"ImageObject\",\"inLanguage\":\"ru-RU\",\"@id\":\"https:\/\/vpmk.edu.ee\/#\/schema\/logo\/image\/\",\"url\":\"https:\/\/vpmk.edu.ee\/wp-content\/uploads\/2023\/02\/cropped-cropped-Valga-Priimetsa-Kool-\u2013-logoks-1.png\",\"contentUrl\":\"https:\/\/vpmk.edu.ee\/wp-content\/uploads\/2023\/02\/cropped-cropped-Valga-Priimetsa-Kool-\u2013-logoks-1.png\",\"width\":2058,\"height\":1615,\"caption\":\"\u0412\u0430\u043b\u0433\u0430\u0441\u043a\u0430\u044f \u0448\u043a\u043e\u043b\u0430 \u041f\u0440\u0438\u0439\u043c\u0435\u0442\u0441\u0430\"},\"image\":{\"@id\":\"https:\/\/vpmk.edu.ee\/#\/schema\/logo\/image\/\"}}]}<\/script>\n<!-- \/ Yoast SEO plugin. -->","yoast_head_json":{"title":"Noorte v\u00f5imalused ja valikud keelep\u00e4devuste t\u00f5stmisel - \u0412\u0430\u043b\u0433\u0430\u0441\u043a\u0430\u044f \u0448\u043a\u043e\u043b\u0430 \u041f\u0440\u0438\u0439\u043c\u0435\u0442\u0441\u0430","robots":{"index":"index","follow":"follow","max-snippet":"max-snippet:-1","max-image-preview":"max-image-preview:large","max-video-preview":"max-video-preview:-1"},"canonical":"http:\/\/vpmk.edu.ee\/noorte-voimalused-ja-valikud-keelepadevuste-tostmisel\/","og_locale":"ru_RU","og_type":"article","og_title":"Noorte v\u00f5imalused ja valikud keelep\u00e4devuste t\u00f5stmisel - \u0412\u0430\u043b\u0433\u0430\u0441\u043a\u0430\u044f \u0448\u043a\u043e\u043b\u0430 \u041f\u0440\u0438\u0439\u043c\u0435\u0442\u0441\u0430","og_url":"http:\/\/vpmk.edu.ee\/noorte-voimalused-ja-valikud-keelepadevuste-tostmisel\/","og_site_name":"\u0412\u0430\u043b\u0433\u0430\u0441\u043a\u0430\u044f \u0448\u043a\u043e\u043b\u0430 \u041f\u0440\u0438\u0439\u043c\u0435\u0442\u0441\u0430","article_modified_time":"2017-07-03T18:01:45+00:00","og_image":[{"url":"http:\/\/vpmk.edu.ee\/wp-content\/uploads\/2017\/03\/EL_Sotsiaalfond_horisontaalne-600x317.jpg","type":"","width":"","height":""}],"twitter_card":"summary_large_image","twitter_misc":{"\u041f\u0440\u0438\u043c\u0435\u0440\u043d\u043e\u0435 \u0432\u0440\u0435\u043c\u044f \u0434\u043b\u044f \u0447\u0442\u0435\u043d\u0438\u044f":"2 \u043c\u0438\u043d\u0443\u0442\u044b"},"schema":{"@context":"https:\/\/schema.org","@graph":[{"@type":"WebPage","@id":"http:\/\/vpmk.edu.ee\/noorte-voimalused-ja-valikud-keelepadevuste-tostmisel\/","url":"http:\/\/vpmk.edu.ee\/noorte-voimalused-ja-valikud-keelepadevuste-tostmisel\/","name":"Noorte v\u00f5imalused ja valikud keelep\u00e4devuste t\u00f5stmisel - \u0412\u0430\u043b\u0433\u0430\u0441\u043a\u0430\u044f \u0448\u043a\u043e\u043b\u0430 \u041f\u0440\u0438\u0439\u043c\u0435\u0442\u0441\u0430","isPartOf":{"@id":"https:\/\/vpmk.edu.ee\/#website"},"primaryImageOfPage":{"@id":"http:\/\/vpmk.edu.ee\/noorte-voimalused-ja-valikud-keelepadevuste-tostmisel\/#primaryimage"},"image":{"@id":"http:\/\/vpmk.edu.ee\/noorte-voimalused-ja-valikud-keelepadevuste-tostmisel\/#primaryimage"},"thumbnailUrl":"http:\/\/vpmk.edu.ee\/wp-content\/uploads\/2017\/03\/EL_Sotsiaalfond_horisontaalne-600x317.jpg","datePublished":"2017-03-12T07:44:42+00:00","dateModified":"2017-07-03T18:01:45+00:00","breadcrumb":{"@id":"http:\/\/vpmk.edu.ee\/noorte-voimalused-ja-valikud-keelepadevuste-tostmisel\/#breadcrumb"},"inLanguage":"ru-RU","potentialAction":[{"@type":"ReadAction","target":["http:\/\/vpmk.edu.ee\/noorte-voimalused-ja-valikud-keelepadevuste-tostmisel\/"]}]},{"@type":"ImageObject","inLanguage":"ru-RU","@id":"http:\/\/vpmk.edu.ee\/noorte-voimalused-ja-valikud-keelepadevuste-tostmisel\/#primaryimage","url":"http:\/\/vpmk.edu.ee\/wp-content\/uploads\/2017\/03\/EL_Sotsiaalfond_horisontaalne-600x317.jpg","contentUrl":"http:\/\/vpmk.edu.ee\/wp-content\/uploads\/2017\/03\/EL_Sotsiaalfond_horisontaalne-600x317.jpg"},{"@type":"BreadcrumbList","@id":"http:\/\/vpmk.edu.ee\/noorte-voimalused-ja-valikud-keelepadevuste-tostmisel\/#breadcrumb","itemListElement":[{"@type":"ListItem","position":1,"name":"Home","item":"https:\/\/vpmk.edu.ee\/"},{"@type":"ListItem","position":2,"name":"Noorte v\u00f5imalused ja valikud keelep\u00e4devuste t\u00f5stmisel"}]},{"@type":"WebSite","@id":"https:\/\/vpmk.edu.ee\/#website","url":"https:\/\/vpmk.edu.ee\/","name":"\u0412\u0430\u043b\u0433\u0430\u0441\u043a\u0430\u044f \u0448\u043a\u043e\u043b\u0430 \u041f\u0440\u0438\u0439\u043c\u0435\u0442\u0441\u0430","description":"","publisher":{"@id":"https:\/\/vpmk.edu.ee\/#organization"},"potentialAction":[{"@type":"SearchAction","target":{"@type":"EntryPoint","urlTemplate":"https:\/\/vpmk.edu.ee\/?s={search_term_string}"},"query-input":{"@type":"PropertyValueSpecification","valueRequired":true,"valueName":"search_term_string"}}],"inLanguage":"ru-RU"},{"@type":"Organization","@id":"https:\/\/vpmk.edu.ee\/#organization","name":"\u0412\u0430\u043b\u0433\u0430\u0441\u043a\u0430\u044f \u0448\u043a\u043e\u043b\u0430 \u041f\u0440\u0438\u0439\u043c\u0435\u0442\u0441\u0430","url":"https:\/\/vpmk.edu.ee\/","logo":{"@type":"ImageObject","inLanguage":"ru-RU","@id":"https:\/\/vpmk.edu.ee\/#\/schema\/logo\/image\/","url":"https:\/\/vpmk.edu.ee\/wp-content\/uploads\/2023\/02\/cropped-cropped-Valga-Priimetsa-Kool-\u2013-logoks-1.png","contentUrl":"https:\/\/vpmk.edu.ee\/wp-content\/uploads\/2023\/02\/cropped-cropped-Valga-Priimetsa-Kool-\u2013-logoks-1.png","width":2058,"height":1615,"caption":"\u0412\u0430\u043b\u0433\u0430\u0441\u043a\u0430\u044f \u0448\u043a\u043e\u043b\u0430 \u041f\u0440\u0438\u0439\u043c\u0435\u0442\u0441\u0430"},"image":{"@id":"https:\/\/vpmk.edu.ee\/#\/schema\/logo\/image\/"}}]}},"_links":{"self":[{"href":"https:\/\/vpmk.edu.ee\/ru\/wp-json\/wp\/v2\/pages\/3175","targetHints":{"allow":["GET"]}}],"collection":[{"href":"https:\/\/vpmk.edu.ee\/ru\/wp-json\/wp\/v2\/pages"}],"about":[{"href":"https:\/\/vpmk.edu.ee\/ru\/wp-json\/wp\/v2\/types\/page"}],"author":[{"embeddable":true,"href":"https:\/\/vpmk.edu.ee\/ru\/wp-json\/wp\/v2\/users\/3"}],"replies":[{"embeddable":true,"href":"https:\/\/vpmk.edu.ee\/ru\/wp-json\/wp\/v2\/comments?post=3175"}],"version-history":[{"count":13,"href":"https:\/\/vpmk.edu.ee\/ru\/wp-json\/wp\/v2\/pages\/3175\/revisions"}],"predecessor-version":[{"id":3710,"href":"https:\/\/vpmk.edu.ee\/ru\/wp-json\/wp\/v2\/pages\/3175\/revisions\/3710"}],"wp:attachment":[{"href":"https:\/\/vpmk.edu.ee\/ru\/wp-json\/wp\/v2\/media?parent=3175"}],"curies":[{"name":"wp","href":"https:\/\/api.w.org\/{rel}","templated":true}]}}