{"id":166,"date":"2015-08-31T20:35:15","date_gmt":"2015-08-31T20:35:15","guid":{"rendered":"http:\/\/vpmk.edu.ee\/?page_id=166"},"modified":"2023-01-16T10:46:32","modified_gmt":"2023-01-16T08:46:32","slug":"tek","status":"publish","type":"page","link":"https:\/\/vpmk.edu.ee\/ru\/tek\/","title":{"rendered":"TEK"},"content":{"rendered":"<p><a href=\"http:\/\/vpmk.edu.ee\/wp-content\/uploads\/2015\/08\/58496.jpg\"><img loading=\"lazy\" decoding=\"async\" class=\"alignnone wp-image-301\" src=\"http:\/\/vpmk.edu.ee\/wp-content\/uploads\/2015\/08\/58496.jpg\" alt=\"58496\" width=\"229\" height=\"130\"><\/a><\/p>\n<p><strong>Ideoloogia aluseks on&nbsp;10 Tervist Edendavate Koolide p\u00f5hiprintsiipi:<\/strong><\/p>\n<ol>\n<li><strong>demokraatia rakendamine ja osalus;<\/strong><\/li>\n<li><strong>\u00f5iglus ja k\u00e4ttesaadavus;<\/strong><\/li>\n<li><strong>v\u00f5imestamine ja tegevusp\u00e4devus;<\/strong><\/li>\n<li><strong>j\u00e4tkusuutlikkus;<\/strong><\/li>\n<li><strong>\u00f5ppekavap\u00f5hine tervise edendamine;<\/strong><\/li>\n<li><strong>\u00f5petajakoolituse tagamine;<\/strong><\/li>\n<li><strong>koolikeskkond;<\/strong><\/li>\n<li><strong>koost\u00f6\u00f6 ja partnerlus;<\/strong><\/li>\n<li><strong>kogukonna kaasamine;<\/strong><\/li>\n<li><strong>tulemuste hindamine.<\/strong><\/li>\n<\/ol>\n","protected":false},"excerpt":{"rendered":"<p>Ideoloogia aluseks on&nbsp;10 Tervist Edendavate Koolide p\u00f5hiprintsiipi: demokraatia rakendamine ja osalus; \u00f5iglus ja k\u00e4ttesaadavus; v\u00f5imestamine ja tegevusp\u00e4devus; j\u00e4tkusuutlikkus; \u00f5ppekavap\u00f5hine tervise edendamine; \u00f5petajakoolituse tagamine; koolikeskkond; koost\u00f6\u00f6 ja partnerlus; kogukonna kaasamine; tulemuste hindamine.<\/p>\n","protected":false},"author":1,"featured_media":0,"parent":0,"menu_order":0,"comment_status":"closed","ping_status":"closed","template":"","meta":{"footnotes":""},"class_list":["post-166","page","type-page","status-publish","hentry"],"translation":{"provider":"WPGlobus","version":"3.0.1","language":"ru","enabled_languages":["ee","ru"],"languages":{"ee":{"title":true,"content":true,"excerpt":false},"ru":{"title":false,"content":false,"excerpt":false}}},"yoast_head":"<!-- This site is optimized with the Yoast SEO plugin v26.7 - https:\/\/yoast.com\/wordpress\/plugins\/seo\/ -->\n<title>TEK - \u0412\u0430\u043b\u0433\u0430\u0441\u043a\u0430\u044f \u0448\u043a\u043e\u043b\u0430 \u041f\u0440\u0438\u0439\u043c\u0435\u0442\u0441\u0430<\/title>\n<meta name=\"robots\" content=\"index, follow, max-snippet:-1, max-image-preview:large, max-video-preview:-1\" \/>\n<link rel=\"canonical\" href=\"http:\/\/vpmk.edu.ee\/tek\/\" \/>\n<meta property=\"og:locale\" content=\"ru_RU\" \/>\n<meta property=\"og:type\" content=\"article\" \/>\n<meta property=\"og:title\" content=\"TEK - \u0412\u0430\u043b\u0433\u0430\u0441\u043a\u0430\u044f \u0448\u043a\u043e\u043b\u0430 \u041f\u0440\u0438\u0439\u043c\u0435\u0442\u0441\u0430\" \/>\n<meta property=\"og:url\" content=\"http:\/\/vpmk.edu.ee\/tek\/\" \/>\n<meta property=\"og:site_name\" content=\"\u0412\u0430\u043b\u0433\u0430\u0441\u043a\u0430\u044f \u0448\u043a\u043e\u043b\u0430 \u041f\u0440\u0438\u0439\u043c\u0435\u0442\u0441\u0430\" \/>\n<meta property=\"article:modified_time\" content=\"2023-01-16T08:46:32+00:00\" \/>\n<meta property=\"og:image\" content=\"http:\/\/vpmk.edu.ee\/wp-content\/uploads\/2015\/08\/58496.jpg\" \/>\n<meta name=\"twitter:card\" content=\"summary_large_image\" \/>\n<meta name=\"twitter:label1\" content=\"\u041f\u0440\u0438\u043c\u0435\u0440\u043d\u043e\u0435 \u0432\u0440\u0435\u043c\u044f \u0434\u043b\u044f \u0447\u0442\u0435\u043d\u0438\u044f\" \/>\n\t<meta name=\"twitter:data1\" content=\"1 \u043c\u0438\u043d\u0443\u0442\u0430\" \/>\n<script type=\"application\/ld+json\" class=\"yoast-schema-graph\">{\"@context\":\"https:\/\/schema.org\",\"@graph\":[{\"@type\":\"WebPage\",\"@id\":\"http:\/\/vpmk.edu.ee\/tek\/\",\"url\":\"http:\/\/vpmk.edu.ee\/tek\/\",\"name\":\"TEK - \u0412\u0430\u043b\u0433\u0430\u0441\u043a\u0430\u044f \u0448\u043a\u043e\u043b\u0430 \u041f\u0440\u0438\u0439\u043c\u0435\u0442\u0441\u0430\",\"isPartOf\":{\"@id\":\"https:\/\/vpmk.edu.ee\/#website\"},\"primaryImageOfPage\":{\"@id\":\"http:\/\/vpmk.edu.ee\/tek\/#primaryimage\"},\"image\":{\"@id\":\"http:\/\/vpmk.edu.ee\/tek\/#primaryimage\"},\"thumbnailUrl\":\"http:\/\/vpmk.edu.ee\/wp-content\/uploads\/2015\/08\/58496.jpg\",\"datePublished\":\"2015-08-31T20:35:15+00:00\",\"dateModified\":\"2023-01-16T08:46:32+00:00\",\"breadcrumb\":{\"@id\":\"http:\/\/vpmk.edu.ee\/tek\/#breadcrumb\"},\"inLanguage\":\"ru-RU\",\"potentialAction\":[{\"@type\":\"ReadAction\",\"target\":[\"http:\/\/vpmk.edu.ee\/tek\/\"]}]},{\"@type\":\"ImageObject\",\"inLanguage\":\"ru-RU\",\"@id\":\"http:\/\/vpmk.edu.ee\/tek\/#primaryimage\",\"url\":\"http:\/\/vpmk.edu.ee\/wp-content\/uploads\/2015\/08\/58496.jpg\",\"contentUrl\":\"http:\/\/vpmk.edu.ee\/wp-content\/uploads\/2015\/08\/58496.jpg\"},{\"@type\":\"BreadcrumbList\",\"@id\":\"http:\/\/vpmk.edu.ee\/tek\/#breadcrumb\",\"itemListElement\":[{\"@type\":\"ListItem\",\"position\":1,\"name\":\"Home\",\"item\":\"https:\/\/vpmk.edu.ee\/\"},{\"@type\":\"ListItem\",\"position\":2,\"name\":\"TEK\"}]},{\"@type\":\"WebSite\",\"@id\":\"https:\/\/vpmk.edu.ee\/#website\",\"url\":\"https:\/\/vpmk.edu.ee\/\",\"name\":\"\u0412\u0430\u043b\u0433\u0430\u0441\u043a\u0430\u044f \u0448\u043a\u043e\u043b\u0430 \u041f\u0440\u0438\u0439\u043c\u0435\u0442\u0441\u0430\",\"description\":\"\",\"publisher\":{\"@id\":\"https:\/\/vpmk.edu.ee\/#organization\"},\"potentialAction\":[{\"@type\":\"SearchAction\",\"target\":{\"@type\":\"EntryPoint\",\"urlTemplate\":\"https:\/\/vpmk.edu.ee\/?s={search_term_string}\"},\"query-input\":{\"@type\":\"PropertyValueSpecification\",\"valueRequired\":true,\"valueName\":\"search_term_string\"}}],\"inLanguage\":\"ru-RU\"},{\"@type\":\"Organization\",\"@id\":\"https:\/\/vpmk.edu.ee\/#organization\",\"name\":\"\u0412\u0430\u043b\u0433\u0430\u0441\u043a\u0430\u044f \u0448\u043a\u043e\u043b\u0430 \u041f\u0440\u0438\u0439\u043c\u0435\u0442\u0441\u0430\",\"url\":\"https:\/\/vpmk.edu.ee\/\",\"logo\":{\"@type\":\"ImageObject\",\"inLanguage\":\"ru-RU\",\"@id\":\"https:\/\/vpmk.edu.ee\/#\/schema\/logo\/image\/\",\"url\":\"https:\/\/vpmk.edu.ee\/wp-content\/uploads\/2023\/02\/cropped-cropped-Valga-Priimetsa-Kool-\u2013-logoks-1.png\",\"contentUrl\":\"https:\/\/vpmk.edu.ee\/wp-content\/uploads\/2023\/02\/cropped-cropped-Valga-Priimetsa-Kool-\u2013-logoks-1.png\",\"width\":2058,\"height\":1615,\"caption\":\"\u0412\u0430\u043b\u0433\u0430\u0441\u043a\u0430\u044f \u0448\u043a\u043e\u043b\u0430 \u041f\u0440\u0438\u0439\u043c\u0435\u0442\u0441\u0430\"},\"image\":{\"@id\":\"https:\/\/vpmk.edu.ee\/#\/schema\/logo\/image\/\"}}]}<\/script>\n<!-- \/ Yoast SEO plugin. -->","yoast_head_json":{"title":"TEK - \u0412\u0430\u043b\u0433\u0430\u0441\u043a\u0430\u044f \u0448\u043a\u043e\u043b\u0430 \u041f\u0440\u0438\u0439\u043c\u0435\u0442\u0441\u0430","robots":{"index":"index","follow":"follow","max-snippet":"max-snippet:-1","max-image-preview":"max-image-preview:large","max-video-preview":"max-video-preview:-1"},"canonical":"http:\/\/vpmk.edu.ee\/tek\/","og_locale":"ru_RU","og_type":"article","og_title":"TEK - \u0412\u0430\u043b\u0433\u0430\u0441\u043a\u0430\u044f \u0448\u043a\u043e\u043b\u0430 \u041f\u0440\u0438\u0439\u043c\u0435\u0442\u0441\u0430","og_url":"http:\/\/vpmk.edu.ee\/tek\/","og_site_name":"\u0412\u0430\u043b\u0433\u0430\u0441\u043a\u0430\u044f \u0448\u043a\u043e\u043b\u0430 \u041f\u0440\u0438\u0439\u043c\u0435\u0442\u0441\u0430","article_modified_time":"2023-01-16T08:46:32+00:00","og_image":[{"url":"http:\/\/vpmk.edu.ee\/wp-content\/uploads\/2015\/08\/58496.jpg","type":"","width":"","height":""}],"twitter_card":"summary_large_image","twitter_misc":{"\u041f\u0440\u0438\u043c\u0435\u0440\u043d\u043e\u0435 \u0432\u0440\u0435\u043c\u044f \u0434\u043b\u044f \u0447\u0442\u0435\u043d\u0438\u044f":"1 \u043c\u0438\u043d\u0443\u0442\u0430"},"schema":{"@context":"https:\/\/schema.org","@graph":[{"@type":"WebPage","@id":"http:\/\/vpmk.edu.ee\/tek\/","url":"http:\/\/vpmk.edu.ee\/tek\/","name":"TEK - \u0412\u0430\u043b\u0433\u0430\u0441\u043a\u0430\u044f \u0448\u043a\u043e\u043b\u0430 \u041f\u0440\u0438\u0439\u043c\u0435\u0442\u0441\u0430","isPartOf":{"@id":"https:\/\/vpmk.edu.ee\/#website"},"primaryImageOfPage":{"@id":"http:\/\/vpmk.edu.ee\/tek\/#primaryimage"},"image":{"@id":"http:\/\/vpmk.edu.ee\/tek\/#primaryimage"},"thumbnailUrl":"http:\/\/vpmk.edu.ee\/wp-content\/uploads\/2015\/08\/58496.jpg","datePublished":"2015-08-31T20:35:15+00:00","dateModified":"2023-01-16T08:46:32+00:00","breadcrumb":{"@id":"http:\/\/vpmk.edu.ee\/tek\/#breadcrumb"},"inLanguage":"ru-RU","potentialAction":[{"@type":"ReadAction","target":["http:\/\/vpmk.edu.ee\/tek\/"]}]},{"@type":"ImageObject","inLanguage":"ru-RU","@id":"http:\/\/vpmk.edu.ee\/tek\/#primaryimage","url":"http:\/\/vpmk.edu.ee\/wp-content\/uploads\/2015\/08\/58496.jpg","contentUrl":"http:\/\/vpmk.edu.ee\/wp-content\/uploads\/2015\/08\/58496.jpg"},{"@type":"BreadcrumbList","@id":"http:\/\/vpmk.edu.ee\/tek\/#breadcrumb","itemListElement":[{"@type":"ListItem","position":1,"name":"Home","item":"https:\/\/vpmk.edu.ee\/"},{"@type":"ListItem","position":2,"name":"TEK"}]},{"@type":"WebSite","@id":"https:\/\/vpmk.edu.ee\/#website","url":"https:\/\/vpmk.edu.ee\/","name":"\u0412\u0430\u043b\u0433\u0430\u0441\u043a\u0430\u044f \u0448\u043a\u043e\u043b\u0430 \u041f\u0440\u0438\u0439\u043c\u0435\u0442\u0441\u0430","description":"","publisher":{"@id":"https:\/\/vpmk.edu.ee\/#organization"},"potentialAction":[{"@type":"SearchAction","target":{"@type":"EntryPoint","urlTemplate":"https:\/\/vpmk.edu.ee\/?s={search_term_string}"},"query-input":{"@type":"PropertyValueSpecification","valueRequired":true,"valueName":"search_term_string"}}],"inLanguage":"ru-RU"},{"@type":"Organization","@id":"https:\/\/vpmk.edu.ee\/#organization","name":"\u0412\u0430\u043b\u0433\u0430\u0441\u043a\u0430\u044f \u0448\u043a\u043e\u043b\u0430 \u041f\u0440\u0438\u0439\u043c\u0435\u0442\u0441\u0430","url":"https:\/\/vpmk.edu.ee\/","logo":{"@type":"ImageObject","inLanguage":"ru-RU","@id":"https:\/\/vpmk.edu.ee\/#\/schema\/logo\/image\/","url":"https:\/\/vpmk.edu.ee\/wp-content\/uploads\/2023\/02\/cropped-cropped-Valga-Priimetsa-Kool-\u2013-logoks-1.png","contentUrl":"https:\/\/vpmk.edu.ee\/wp-content\/uploads\/2023\/02\/cropped-cropped-Valga-Priimetsa-Kool-\u2013-logoks-1.png","width":2058,"height":1615,"caption":"\u0412\u0430\u043b\u0433\u0430\u0441\u043a\u0430\u044f \u0448\u043a\u043e\u043b\u0430 \u041f\u0440\u0438\u0439\u043c\u0435\u0442\u0441\u0430"},"image":{"@id":"https:\/\/vpmk.edu.ee\/#\/schema\/logo\/image\/"}}]}},"_links":{"self":[{"href":"https:\/\/vpmk.edu.ee\/ru\/wp-json\/wp\/v2\/pages\/166","targetHints":{"allow":["GET"]}}],"collection":[{"href":"https:\/\/vpmk.edu.ee\/ru\/wp-json\/wp\/v2\/pages"}],"about":[{"href":"https:\/\/vpmk.edu.ee\/ru\/wp-json\/wp\/v2\/types\/page"}],"author":[{"embeddable":true,"href":"https:\/\/vpmk.edu.ee\/ru\/wp-json\/wp\/v2\/users\/1"}],"replies":[{"embeddable":true,"href":"https:\/\/vpmk.edu.ee\/ru\/wp-json\/wp\/v2\/comments?post=166"}],"version-history":[{"count":4,"href":"https:\/\/vpmk.edu.ee\/ru\/wp-json\/wp\/v2\/pages\/166\/revisions"}],"predecessor-version":[{"id":10297,"href":"https:\/\/vpmk.edu.ee\/ru\/wp-json\/wp\/v2\/pages\/166\/revisions\/10297"}],"wp:attachment":[{"href":"https:\/\/vpmk.edu.ee\/ru\/wp-json\/wp\/v2\/media?parent=166"}],"curies":[{"name":"wp","href":"https:\/\/api.w.org\/{rel}","templated":true}]}}