{"id":158,"date":"2015-08-31T20:34:10","date_gmt":"2015-08-31T20:34:10","guid":{"rendered":"http:\/\/vpmk.edu.ee\/?page_id=158"},"modified":"2015-09-03T08:01:57","modified_gmt":"2015-09-03T08:01:57","slug":"digipoore","status":"publish","type":"page","link":"https:\/\/vpmk.edu.ee\/ru\/digipoore\/","title":{"rendered":"Digip\u00f6\u00f6re"},"content":{"rendered":"<p><a href=\"http:\/\/vpmk.edu.ee\/wp-content\/uploads\/2015\/08\/DIGI-poore-logo_5.jpg\"><img loading=\"lazy\" decoding=\"async\" class=\"alignnone wp-image-270\" src=\"http:\/\/vpmk.edu.ee\/wp-content\/uploads\/2015\/08\/DIGI-poore-logo_5-600x375.jpg\" alt=\"DIGI-poore-logo_5\" width=\"204\" height=\"128\" srcset=\"https:\/\/vpmk.edu.ee\/wp-content\/uploads\/2015\/08\/DIGI-poore-logo_5-600x375.jpg 600w, https:\/\/vpmk.edu.ee\/wp-content\/uploads\/2015\/08\/DIGI-poore-logo_5-1024x640.jpg 1024w\" sizes=\"auto, (max-width: 204px) 100vw, 204px\" \/><\/a><\/p>\n<p>Meie kooli digip\u00f6\u00f6re tegevused <a href=\"http:\/\/vvgdigipoore.weebly.com\/\">http:\/\/vvgdigipoore.weebly.com\/<\/a><\/p>\n<p>Meie kooli Digip\u00f6\u00f6re tulemuste leht (finaali jaoks) <a href=\"https:\/\/valgadigipoore.wordpress.com\/\"><u><span style=\"color: #0066cc;\">https:\/\/valgadigipoore.wordpress.com\/<\/span><\/u><\/a><\/p>\n<p>Samsung Digip\u00f6\u00f6re leht <a href=\"http:\/\/www.samsungdigipoore.ee\/\"><u><span style=\"color: #0066cc;\">http:\/\/www.samsungdigipoore.ee\/<\/span><\/u><\/a><\/p>\n<p><strong>Samsung Digip\u00f6\u00f6rde<\/strong> all m\u00f5istetakse personaalsete nutiseadmete (tahvel- ja s\u00fclearvutid v\u00f5i nutitelefonid) laiap\u00f5hjalist ja igap\u00e4evast rakendamist erinevate \u00f5ppeainete \u00f5ppet\u00f6\u00f6s. Samsung Electronics Baltics ja Tallinna \u00dclikooli Informaatika Instituudi haridustehnoloogia keskus viivad l\u00e4bi tasuta koolitus- ja n\u00f5ustamisprogrammi Eesti koolidele, keda koolitatakse tegema enda koolis digimuudatust. 2014. aastal osales koolituses 8 pilootkooli \u00fcle Eesti. Meie kool (Endine Valga Vene g\u00fcmnaasium ) oli \u00fcks pilootkoolidest\u00a0 ja V\u00d5ITJA<\/p>\n<p><strong>Samsungi Digip\u00f6\u00f6re l\u00f5pp\u00fcritus<\/strong><\/p>\n<p>Samsung Digip\u00f6\u00f6re l\u00f5pu\u00fcritusel, 4.detsembril Tallinna Lauluv\u00e4ljakul, tutvustasid k\u00f5ik koolid oma tehtud tegevusi ning programmi v\u00f5itjaks valiti Valga Vene G\u00fcmnaasium, kes sai auhinnaks 10 000 euro v\u00e4\u00e4rtuses tehnoloogiaseadmeid Samsungilt. Juba j\u00e4rgmisel aastal valitakse programmis osalema j\u00e4rgmised koolid!<\/p>\n<p><a href=\"http:\/\/vpmk.edu.ee\/wp-content\/uploads\/2015\/08\/d1c3b5fa8760ad6c9e0b4420561a4840.png\"><img loading=\"lazy\" decoding=\"async\" class=\"alignnone size-full wp-image-267\" src=\"http:\/\/vpmk.edu.ee\/wp-content\/uploads\/2015\/08\/d1c3b5fa8760ad6c9e0b4420561a4840.png\" alt=\"d1c3b5fa8760ad6c9e0b4420561a4840\" width=\"135\" height=\"135\" \/><\/a> <a href=\"http:\/\/vpmk.edu.ee\/wp-content\/uploads\/2015\/08\/890b3067704eccb0ed0ea5e71726ab34.png\"><img loading=\"lazy\" decoding=\"async\" class=\"alignnone size-full wp-image-263\" src=\"http:\/\/vpmk.edu.ee\/wp-content\/uploads\/2015\/08\/890b3067704eccb0ed0ea5e71726ab34.png\" alt=\"890b3067704eccb0ed0ea5e71726ab34\" width=\"135\" height=\"135\" \/><\/a> <a href=\"http:\/\/vpmk.edu.ee\/wp-content\/uploads\/2015\/08\/a800ac4c34a1f1942e1d43b60a27502f.png\"><img loading=\"lazy\" decoding=\"async\" class=\"alignnone size-full wp-image-266\" src=\"http:\/\/vpmk.edu.ee\/wp-content\/uploads\/2015\/08\/a800ac4c34a1f1942e1d43b60a27502f.png\" alt=\"a800ac4c34a1f1942e1d43b60a27502f\" width=\"135\" height=\"135\" \/><\/a> <a href=\"http:\/\/vpmk.edu.ee\/wp-content\/uploads\/2015\/08\/1530dc9343e67bd5853a2cedb5cb95ad.png\"><img loading=\"lazy\" decoding=\"async\" class=\"alignnone size-full wp-image-264\" src=\"http:\/\/vpmk.edu.ee\/wp-content\/uploads\/2015\/08\/1530dc9343e67bd5853a2cedb5cb95ad.png\" alt=\"1530dc9343e67bd5853a2cedb5cb95ad\" width=\"135\" height=\"135\" \/><\/a> <a href=\"http:\/\/vpmk.edu.ee\/wp-content\/uploads\/2015\/08\/9756246a21ea7a27422fc8c1a050dc2a.png\"><img loading=\"lazy\" decoding=\"async\" class=\"alignnone size-full wp-image-265\" src=\"http:\/\/vpmk.edu.ee\/wp-content\/uploads\/2015\/08\/9756246a21ea7a27422fc8c1a050dc2a.png\" alt=\"9756246a21ea7a27422fc8c1a050dc2a\" width=\"135\" height=\"135\" \/><\/a> <a href=\"http:\/\/vpmk.edu.ee\/wp-content\/uploads\/2015\/08\/15c7d1a1c1651a5692ca3512f83ebad9.png\"><img loading=\"lazy\" decoding=\"async\" class=\"alignnone size-full wp-image-259\" src=\"http:\/\/vpmk.edu.ee\/wp-content\/uploads\/2015\/08\/15c7d1a1c1651a5692ca3512f83ebad9.png\" alt=\"15c7d1a1c1651a5692ca3512f83ebad9\" width=\"135\" height=\"135\" \/><\/a> <a href=\"http:\/\/vpmk.edu.ee\/wp-content\/uploads\/2015\/08\/45f89ab4442135e36a597215c7266f9b.png\"><img loading=\"lazy\" decoding=\"async\" class=\"alignnone size-full wp-image-260\" src=\"http:\/\/vpmk.edu.ee\/wp-content\/uploads\/2015\/08\/45f89ab4442135e36a597215c7266f9b.png\" alt=\"45f89ab4442135e36a597215c7266f9b\" width=\"135\" height=\"135\" \/><\/a><a href=\"http:\/\/vpmk.edu.ee\/wp-content\/uploads\/2015\/08\/266a1ed4a9712cc1c801ba4c183ee575.png\"><img loading=\"lazy\" decoding=\"async\" class=\"alignnone size-full wp-image-261\" src=\"http:\/\/vpmk.edu.ee\/wp-content\/uploads\/2015\/08\/266a1ed4a9712cc1c801ba4c183ee575.png\" alt=\"266a1ed4a9712cc1c801ba4c183ee575\" width=\"135\" height=\"135\" \/><\/a><\/p>\n<p>&nbsp;<\/p>\n<p><strong>23.m\u00e4rtsil avati Valgas\u00a0 Samsung Digiklassi<\/strong><\/p>\n<p>Esmasp\u00e4eval, 23. m\u00e4rtsil avati pidulikult Valga vene g\u00fcmnaasiumi digiklass, mille sai kool auhinnaks kooliuuendusprogrammi Samsung Digip\u00f6\u00f6re v\u00f5idu eest. Klassis on \u00f5ppekohti 25 lapsele ning lisaks tahvelarvutitele sisaldab see interaktiivset tahvlit ja Smart School\u2019i klassiruumi haldamise tarkvara.<\/p>\n<p><a href=\"http:\/\/vpmk.edu.ee\/wp-content\/uploads\/2015\/08\/1f033555f1a7068d237ebe3b2824cffa.png\"><img loading=\"lazy\" decoding=\"async\" class=\"alignnone size-full wp-image-252\" src=\"http:\/\/vpmk.edu.ee\/wp-content\/uploads\/2015\/08\/1f033555f1a7068d237ebe3b2824cffa.png\" alt=\"1f033555f1a7068d237ebe3b2824cffa\" width=\"135\" height=\"135\" \/><\/a> <a href=\"http:\/\/vpmk.edu.ee\/wp-content\/uploads\/2015\/08\/3cebb87c13a8e958d46834cb1b3d35af.png\"><img loading=\"lazy\" decoding=\"async\" class=\"alignnone size-medium wp-image-253\" src=\"http:\/\/vpmk.edu.ee\/wp-content\/uploads\/2015\/08\/3cebb87c13a8e958d46834cb1b3d35af.png\" alt=\"3cebb87c13a8e958d46834cb1b3d35af\" width=\"135\" height=\"135\" \/><\/a> <a href=\"http:\/\/vpmk.edu.ee\/wp-content\/uploads\/2015\/08\/7dd2dcd78a903c11d6260a588f5c769e.png\"><img loading=\"lazy\" decoding=\"async\" class=\"alignnone size-medium wp-image-254\" src=\"http:\/\/vpmk.edu.ee\/wp-content\/uploads\/2015\/08\/7dd2dcd78a903c11d6260a588f5c769e.png\" alt=\"7dd2dcd78a903c11d6260a588f5c769e\" width=\"135\" height=\"135\" \/><\/a> <a href=\"http:\/\/vpmk.edu.ee\/wp-content\/uploads\/2015\/08\/8f14778474bf4f67ac3e215e132a48e2.png\"><img loading=\"lazy\" decoding=\"async\" class=\"alignnone size-medium wp-image-255\" src=\"http:\/\/vpmk.edu.ee\/wp-content\/uploads\/2015\/08\/8f14778474bf4f67ac3e215e132a48e2.png\" alt=\"8f14778474bf4f67ac3e215e132a48e2\" width=\"135\" height=\"135\" \/><\/a> <a href=\"http:\/\/vpmk.edu.ee\/wp-content\/uploads\/2015\/08\/81a12e5fa2efe4f198029a316965e472.png\"><img loading=\"lazy\" decoding=\"async\" class=\"alignnone size-medium wp-image-256\" src=\"http:\/\/vpmk.edu.ee\/wp-content\/uploads\/2015\/08\/81a12e5fa2efe4f198029a316965e472.png\" alt=\"81a12e5fa2efe4f198029a316965e472\" width=\"135\" height=\"135\" \/><\/a> <a href=\"http:\/\/vpmk.edu.ee\/wp-content\/uploads\/2015\/08\/3202c31f3dbf763029b2941c9fbafd28.png\"><img loading=\"lazy\" decoding=\"async\" class=\"alignnone size-medium wp-image-257\" src=\"http:\/\/vpmk.edu.ee\/wp-content\/uploads\/2015\/08\/3202c31f3dbf763029b2941c9fbafd28.png\" alt=\"3202c31f3dbf763029b2941c9fbafd28\" width=\"135\" height=\"135\" \/><\/a> <a href=\"http:\/\/vpmk.edu.ee\/wp-content\/uploads\/2015\/08\/a1fa74250f5c5a386cf1ea32abd28a1d.png\"><img loading=\"lazy\" decoding=\"async\" class=\"alignnone size-medium wp-image-258\" src=\"http:\/\/vpmk.edu.ee\/wp-content\/uploads\/2015\/08\/a1fa74250f5c5a386cf1ea32abd28a1d.png\" alt=\"a1fa74250f5c5a386cf1ea32abd28a1d\" width=\"135\" height=\"135\" \/><\/a><a href=\"http:\/\/vpmk.edu.ee\/wp-content\/uploads\/2015\/08\/MG_7110.jpg\"><img loading=\"lazy\" decoding=\"async\" class=\"alignnone wp-image-273 \" src=\"http:\/\/vpmk.edu.ee\/wp-content\/uploads\/2015\/08\/MG_7110-150x150.jpg\" alt=\"_MG_7110\" width=\"136\" height=\"136\" \/><\/a><\/p>\n","protected":false},"excerpt":{"rendered":"<p>Meie kooli digip\u00f6\u00f6re tegevused http:\/\/vvgdigipoore.weebly.com\/ Meie kooli Digip\u00f6\u00f6re tulemuste leht (finaali jaoks) https:\/\/valgadigipoore.wordpress.com\/ Samsung Digip\u00f6\u00f6re leht http:\/\/www.samsungdigipoore.ee\/ Samsung Digip\u00f6\u00f6rde all m\u00f5istetakse personaalsete nutiseadmete (tahvel- ja s\u00fclearvutid v\u00f5i nutitelefonid) laiap\u00f5hjalist ja igap\u00e4evast rakendamist erinevate \u00f5ppeainete \u00f5ppet\u00f6\u00f6s. Samsung Electronics Baltics ja Tallinna \u00dclikooli Informaatika Instituudi haridustehnoloogia keskus viivad l\u00e4bi tasuta koolitus- ja n\u00f5ustamisprogrammi Eesti koolidele, keda koolitatakse &#8230; <a href=\"https:\/\/vpmk.edu.ee\/ru\/digipoore\/\" class=\"more-link\">Loe edasi<span class=\"screen-reader-text\"> &#171;Digip\u00f6\u00f6re&#187;<\/span> &raquo;<\/a><\/p>\n","protected":false},"author":1,"featured_media":0,"parent":0,"menu_order":0,"comment_status":"closed","ping_status":"closed","template":"","meta":{"footnotes":""},"class_list":["post-158","page","type-page","status-publish","hentry"],"translation":{"provider":"WPGlobus","version":"3.0.1","language":"ru","enabled_languages":["ee","ru"],"languages":{"ee":{"title":true,"content":true,"excerpt":false},"ru":{"title":false,"content":false,"excerpt":false}}},"yoast_head":"<!-- This site is optimized with the Yoast SEO plugin v26.7 - https:\/\/yoast.com\/wordpress\/plugins\/seo\/ -->\n<title>Digip\u00f6\u00f6re - \u0412\u0430\u043b\u0433\u0430\u0441\u043a\u0430\u044f \u0448\u043a\u043e\u043b\u0430 \u041f\u0440\u0438\u0439\u043c\u0435\u0442\u0441\u0430<\/title>\n<meta name=\"robots\" content=\"index, follow, max-snippet:-1, max-image-preview:large, max-video-preview:-1\" \/>\n<link rel=\"canonical\" href=\"https:\/\/vpmk.edu.ee\/digipoore\/\" \/>\n<meta property=\"og:locale\" content=\"ru_RU\" \/>\n<meta property=\"og:type\" content=\"article\" \/>\n<meta property=\"og:title\" content=\"Digip\u00f6\u00f6re - \u0412\u0430\u043b\u0433\u0430\u0441\u043a\u0430\u044f \u0448\u043a\u043e\u043b\u0430 \u041f\u0440\u0438\u0439\u043c\u0435\u0442\u0441\u0430\" \/>\n<meta property=\"og:url\" content=\"https:\/\/vpmk.edu.ee\/digipoore\/\" \/>\n<meta property=\"og:site_name\" content=\"\u0412\u0430\u043b\u0433\u0430\u0441\u043a\u0430\u044f \u0448\u043a\u043e\u043b\u0430 \u041f\u0440\u0438\u0439\u043c\u0435\u0442\u0441\u0430\" \/>\n<meta property=\"article:modified_time\" content=\"2015-09-03T08:01:57+00:00\" \/>\n<meta property=\"og:image\" content=\"http:\/\/vpmk.edu.ee\/wp-content\/uploads\/2015\/08\/DIGI-poore-logo_5-600x375.jpg\" \/>\n<meta name=\"twitter:card\" content=\"summary_large_image\" \/>\n<meta name=\"twitter:label1\" content=\"\u041f\u0440\u0438\u043c\u0435\u0440\u043d\u043e\u0435 \u0432\u0440\u0435\u043c\u044f \u0434\u043b\u044f \u0447\u0442\u0435\u043d\u0438\u044f\" \/>\n\t<meta name=\"twitter:data1\" content=\"1 \u043c\u0438\u043d\u0443\u0442\u0430\" \/>\n<script type=\"application\/ld+json\" class=\"yoast-schema-graph\">{\"@context\":\"https:\/\/schema.org\",\"@graph\":[{\"@type\":\"WebPage\",\"@id\":\"https:\/\/vpmk.edu.ee\/digipoore\/\",\"url\":\"https:\/\/vpmk.edu.ee\/digipoore\/\",\"name\":\"Digip\u00f6\u00f6re - \u0412\u0430\u043b\u0433\u0430\u0441\u043a\u0430\u044f \u0448\u043a\u043e\u043b\u0430 \u041f\u0440\u0438\u0439\u043c\u0435\u0442\u0441\u0430\",\"isPartOf\":{\"@id\":\"https:\/\/vpmk.edu.ee\/ru\/#website\"},\"primaryImageOfPage\":{\"@id\":\"https:\/\/vpmk.edu.ee\/digipoore\/#primaryimage\"},\"image\":{\"@id\":\"https:\/\/vpmk.edu.ee\/digipoore\/#primaryimage\"},\"thumbnailUrl\":\"http:\/\/vpmk.edu.ee\/wp-content\/uploads\/2015\/08\/DIGI-poore-logo_5-600x375.jpg\",\"datePublished\":\"2015-08-31T20:34:10+00:00\",\"dateModified\":\"2015-09-03T08:01:57+00:00\",\"breadcrumb\":{\"@id\":\"https:\/\/vpmk.edu.ee\/digipoore\/#breadcrumb\"},\"inLanguage\":\"ru-RU\",\"potentialAction\":[{\"@type\":\"ReadAction\",\"target\":[\"https:\/\/vpmk.edu.ee\/digipoore\/\"]}]},{\"@type\":\"ImageObject\",\"inLanguage\":\"ru-RU\",\"@id\":\"https:\/\/vpmk.edu.ee\/digipoore\/#primaryimage\",\"url\":\"http:\/\/vpmk.edu.ee\/wp-content\/uploads\/2015\/08\/DIGI-poore-logo_5-600x375.jpg\",\"contentUrl\":\"http:\/\/vpmk.edu.ee\/wp-content\/uploads\/2015\/08\/DIGI-poore-logo_5-600x375.jpg\"},{\"@type\":\"BreadcrumbList\",\"@id\":\"https:\/\/vpmk.edu.ee\/digipoore\/#breadcrumb\",\"itemListElement\":[{\"@type\":\"ListItem\",\"position\":1,\"name\":\"Home\",\"item\":\"https:\/\/vpmk.edu.ee\/ru\/\"},{\"@type\":\"ListItem\",\"position\":2,\"name\":\"Digip\u00f6\u00f6re\"}]},{\"@type\":\"WebSite\",\"@id\":\"https:\/\/vpmk.edu.ee\/ru\/#website\",\"url\":\"https:\/\/vpmk.edu.ee\/ru\/\",\"name\":\"\u0412\u0430\u043b\u0433\u0430\u0441\u043a\u0430\u044f \u0448\u043a\u043e\u043b\u0430 \u041f\u0440\u0438\u0439\u043c\u0435\u0442\u0441\u0430\",\"description\":\"\",\"publisher\":{\"@id\":\"https:\/\/vpmk.edu.ee\/ru\/#organization\"},\"potentialAction\":[{\"@type\":\"SearchAction\",\"target\":{\"@type\":\"EntryPoint\",\"urlTemplate\":\"https:\/\/vpmk.edu.ee\/ru\/?s={search_term_string}\"},\"query-input\":{\"@type\":\"PropertyValueSpecification\",\"valueRequired\":true,\"valueName\":\"search_term_string\"}}],\"inLanguage\":\"ru-RU\"},{\"@type\":\"Organization\",\"@id\":\"https:\/\/vpmk.edu.ee\/ru\/#organization\",\"name\":\"\u0412\u0430\u043b\u0433\u0430\u0441\u043a\u0430\u044f \u0448\u043a\u043e\u043b\u0430 \u041f\u0440\u0438\u0439\u043c\u0435\u0442\u0441\u0430\",\"url\":\"https:\/\/vpmk.edu.ee\/ru\/\",\"logo\":{\"@type\":\"ImageObject\",\"inLanguage\":\"ru-RU\",\"@id\":\"https:\/\/vpmk.edu.ee\/ru\/#\/schema\/logo\/image\/\",\"url\":\"https:\/\/vpmk.edu.ee\/wp-content\/uploads\/2023\/02\/cropped-cropped-Valga-Priimetsa-Kool-\u2013-logoks-1.png\",\"contentUrl\":\"https:\/\/vpmk.edu.ee\/wp-content\/uploads\/2023\/02\/cropped-cropped-Valga-Priimetsa-Kool-\u2013-logoks-1.png\",\"width\":2058,\"height\":1615,\"caption\":\"\u0412\u0430\u043b\u0433\u0430\u0441\u043a\u0430\u044f \u0448\u043a\u043e\u043b\u0430 \u041f\u0440\u0438\u0439\u043c\u0435\u0442\u0441\u0430\"},\"image\":{\"@id\":\"https:\/\/vpmk.edu.ee\/ru\/#\/schema\/logo\/image\/\"}}]}<\/script>\n<!-- \/ Yoast SEO plugin. -->","yoast_head_json":{"title":"Digip\u00f6\u00f6re - \u0412\u0430\u043b\u0433\u0430\u0441\u043a\u0430\u044f \u0448\u043a\u043e\u043b\u0430 \u041f\u0440\u0438\u0439\u043c\u0435\u0442\u0441\u0430","robots":{"index":"index","follow":"follow","max-snippet":"max-snippet:-1","max-image-preview":"max-image-preview:large","max-video-preview":"max-video-preview:-1"},"canonical":"https:\/\/vpmk.edu.ee\/digipoore\/","og_locale":"ru_RU","og_type":"article","og_title":"Digip\u00f6\u00f6re - \u0412\u0430\u043b\u0433\u0430\u0441\u043a\u0430\u044f \u0448\u043a\u043e\u043b\u0430 \u041f\u0440\u0438\u0439\u043c\u0435\u0442\u0441\u0430","og_url":"https:\/\/vpmk.edu.ee\/digipoore\/","og_site_name":"\u0412\u0430\u043b\u0433\u0430\u0441\u043a\u0430\u044f \u0448\u043a\u043e\u043b\u0430 \u041f\u0440\u0438\u0439\u043c\u0435\u0442\u0441\u0430","article_modified_time":"2015-09-03T08:01:57+00:00","og_image":[{"url":"http:\/\/vpmk.edu.ee\/wp-content\/uploads\/2015\/08\/DIGI-poore-logo_5-600x375.jpg","type":"","width":"","height":""}],"twitter_card":"summary_large_image","twitter_misc":{"\u041f\u0440\u0438\u043c\u0435\u0440\u043d\u043e\u0435 \u0432\u0440\u0435\u043c\u044f \u0434\u043b\u044f \u0447\u0442\u0435\u043d\u0438\u044f":"1 \u043c\u0438\u043d\u0443\u0442\u0430"},"schema":{"@context":"https:\/\/schema.org","@graph":[{"@type":"WebPage","@id":"https:\/\/vpmk.edu.ee\/digipoore\/","url":"https:\/\/vpmk.edu.ee\/digipoore\/","name":"Digip\u00f6\u00f6re - \u0412\u0430\u043b\u0433\u0430\u0441\u043a\u0430\u044f \u0448\u043a\u043e\u043b\u0430 \u041f\u0440\u0438\u0439\u043c\u0435\u0442\u0441\u0430","isPartOf":{"@id":"https:\/\/vpmk.edu.ee\/ru\/#website"},"primaryImageOfPage":{"@id":"https:\/\/vpmk.edu.ee\/digipoore\/#primaryimage"},"image":{"@id":"https:\/\/vpmk.edu.ee\/digipoore\/#primaryimage"},"thumbnailUrl":"http:\/\/vpmk.edu.ee\/wp-content\/uploads\/2015\/08\/DIGI-poore-logo_5-600x375.jpg","datePublished":"2015-08-31T20:34:10+00:00","dateModified":"2015-09-03T08:01:57+00:00","breadcrumb":{"@id":"https:\/\/vpmk.edu.ee\/digipoore\/#breadcrumb"},"inLanguage":"ru-RU","potentialAction":[{"@type":"ReadAction","target":["https:\/\/vpmk.edu.ee\/digipoore\/"]}]},{"@type":"ImageObject","inLanguage":"ru-RU","@id":"https:\/\/vpmk.edu.ee\/digipoore\/#primaryimage","url":"http:\/\/vpmk.edu.ee\/wp-content\/uploads\/2015\/08\/DIGI-poore-logo_5-600x375.jpg","contentUrl":"http:\/\/vpmk.edu.ee\/wp-content\/uploads\/2015\/08\/DIGI-poore-logo_5-600x375.jpg"},{"@type":"BreadcrumbList","@id":"https:\/\/vpmk.edu.ee\/digipoore\/#breadcrumb","itemListElement":[{"@type":"ListItem","position":1,"name":"Home","item":"https:\/\/vpmk.edu.ee\/ru\/"},{"@type":"ListItem","position":2,"name":"Digip\u00f6\u00f6re"}]},{"@type":"WebSite","@id":"https:\/\/vpmk.edu.ee\/ru\/#website","url":"https:\/\/vpmk.edu.ee\/ru\/","name":"\u0412\u0430\u043b\u0433\u0430\u0441\u043a\u0430\u044f \u0448\u043a\u043e\u043b\u0430 \u041f\u0440\u0438\u0439\u043c\u0435\u0442\u0441\u0430","description":"","publisher":{"@id":"https:\/\/vpmk.edu.ee\/ru\/#organization"},"potentialAction":[{"@type":"SearchAction","target":{"@type":"EntryPoint","urlTemplate":"https:\/\/vpmk.edu.ee\/ru\/?s={search_term_string}"},"query-input":{"@type":"PropertyValueSpecification","valueRequired":true,"valueName":"search_term_string"}}],"inLanguage":"ru-RU"},{"@type":"Organization","@id":"https:\/\/vpmk.edu.ee\/ru\/#organization","name":"\u0412\u0430\u043b\u0433\u0430\u0441\u043a\u0430\u044f \u0448\u043a\u043e\u043b\u0430 \u041f\u0440\u0438\u0439\u043c\u0435\u0442\u0441\u0430","url":"https:\/\/vpmk.edu.ee\/ru\/","logo":{"@type":"ImageObject","inLanguage":"ru-RU","@id":"https:\/\/vpmk.edu.ee\/ru\/#\/schema\/logo\/image\/","url":"https:\/\/vpmk.edu.ee\/wp-content\/uploads\/2023\/02\/cropped-cropped-Valga-Priimetsa-Kool-\u2013-logoks-1.png","contentUrl":"https:\/\/vpmk.edu.ee\/wp-content\/uploads\/2023\/02\/cropped-cropped-Valga-Priimetsa-Kool-\u2013-logoks-1.png","width":2058,"height":1615,"caption":"\u0412\u0430\u043b\u0433\u0430\u0441\u043a\u0430\u044f \u0448\u043a\u043e\u043b\u0430 \u041f\u0440\u0438\u0439\u043c\u0435\u0442\u0441\u0430"},"image":{"@id":"https:\/\/vpmk.edu.ee\/ru\/#\/schema\/logo\/image\/"}}]}},"_links":{"self":[{"href":"https:\/\/vpmk.edu.ee\/ru\/wp-json\/wp\/v2\/pages\/158","targetHints":{"allow":["GET"]}}],"collection":[{"href":"https:\/\/vpmk.edu.ee\/ru\/wp-json\/wp\/v2\/pages"}],"about":[{"href":"https:\/\/vpmk.edu.ee\/ru\/wp-json\/wp\/v2\/types\/page"}],"author":[{"embeddable":true,"href":"https:\/\/vpmk.edu.ee\/ru\/wp-json\/wp\/v2\/users\/1"}],"replies":[{"embeddable":true,"href":"https:\/\/vpmk.edu.ee\/ru\/wp-json\/wp\/v2\/comments?post=158"}],"version-history":[{"count":7,"href":"https:\/\/vpmk.edu.ee\/ru\/wp-json\/wp\/v2\/pages\/158\/revisions"}],"predecessor-version":[{"id":275,"href":"https:\/\/vpmk.edu.ee\/ru\/wp-json\/wp\/v2\/pages\/158\/revisions\/275"}],"wp:attachment":[{"href":"https:\/\/vpmk.edu.ee\/ru\/wp-json\/wp\/v2\/media?parent=158"}],"curies":[{"name":"wp","href":"https:\/\/api.w.org\/{rel}","templated":true}]}}