{"id":111,"date":"2015-08-31T20:00:34","date_gmt":"2015-08-31T20:00:34","guid":{"rendered":"http:\/\/vpmk.edu.ee\/?page_id=111"},"modified":"2026-02-09T15:23:58","modified_gmt":"2026-02-09T13:23:58","slug":"paevakava","status":"publish","type":"page","link":"https:\/\/vpmk.edu.ee\/ru\/paevakava\/","title":{"rendered":"\u0428\u043a\u043e\u043b\u044c\u043d\u044b\u0439 \u0440\u0430\u0441\u043f\u043e\u0440\u044f\u0434\u043e\u043a \u0434\u043d\u044f"},"content":{"rendered":"<p>1.<strong> Koolimaja on \u00f5ppet\u00f6\u00f6 ajal avatud esmasp\u00e4evast reedeni kell 7.30 &#8212; 15.30.<\/strong><br \/>\n2. \u00d5ppet\u00f6\u00f6 algab kell 8.05.<br \/>\n3. \u00d5ppetunni pikkuseks on 45 minutit.<br \/>\n4. Vahetunni pikkuseks on 10-15 minutit, s\u00f6\u00f6givahetunni ja liikumisvahetunni pikkuseks on<br \/>\n25 minutit.<\/p>\n<p><strong>5. \u00d5ppetundide, vahetundide, s\u00f6\u00f6givahetundide ja liikumisvahetunni ajad:<\/strong><br \/>\n<strong>1) tund 8.05 &#8212; 8.50<\/strong><br \/>\n<strong>2) tund 9.00 &#8212; 9.45\u2002\u2002\u2002\u2002<\/strong>\u2002\u2002\u2002\u2002 s\u00f6\u00f6givahetund\/liikumisvahetund 9.45 &#8212; 10.10<br \/>\n<strong>3) tund 10.10 &#8212; 10.55\u2002\u2002\u2002\u2002\u2002<\/strong>\u2002\u2002\u2002s\u00f6\u00f6givahetund\/liikumisvahetund 10.55 &#8212; 11.20<br \/>\n<strong>4) tund 11.20 &#8212; 12.05\u2002<\/strong>\u2002\u2002\u2002\u2002\u2002\u2002\u2002s\u00f6\u00f6givahetund\/liikumisvahetund 12.05 &#8212; 12.30<br \/>\n<strong>5) tund 12.30 &#8212; 13.15\u2002\u2002<\/strong>\u2002\u2002\u2002\u2002\u2002\u2002pikap\u00e4evar\u00fchma eine 13.15 &#8212; 13.30<br \/>\n<strong>6) tund 13.30 &#8212; 14.15<\/strong><br \/>\n<strong>7) tund 14.25 &#8212; 15.10<\/strong><\/p>\n<p>6. Pikap\u00e4evar\u00fchm moodustatakse 1. &#8212; 4. klasside \u00f5pilastele.<br \/>\n6.1. Pikap\u00e4eva r\u00fchma v\u00f5etakse vastu ja kustutatakse nimekirjast lapse seadusliku esindaja<br \/>\nkirjaliku avalduse alusel( Arno s\u00fcsteemis v\u00f5i paberkandjal).<br \/>\n6.2. Pikap\u00e4evar\u00fchm toimub \u00f5ppet\u00f6\u00f6 ajal esmasp\u00e4evast &#8212; neljap\u00e4evani tunniplaani j\u00e4rgi<br \/>\npeale klassi viimast tundi.<br \/>\n6.3. Pikap\u00e4eva r\u00fchmas pakutakse \u00f5pilastele j\u00e4relevalvet, pedagoogilist juhendamist ja<br \/>\nsuunamist \u00f5ppest vabaaja sisustamisel, koduste \u00f5pi\u00fclesannete t\u00e4itmisel, huvitegevuses ning<br \/>\nhuvide arendamisel. \u00d5ppetundide l\u00f5ppedes on \u00f5pilastel v\u00f5imalus osaleda Valga Priimetsa<br \/>\nKooli poolt pakutavates huviringides. Ringide kirjeldused ja ajad on koondatud kooli<br \/>\nringiplaani, mis on n\u00e4htav kooli kodulehel internetis.<\/p>\n<p>7. \u00d5pilasel on v\u00f5imalus osaleda aine\u00f5petajate poolt pakutavates konsultatsioonides ning j\u00e4rele<br \/>\nvastamistel. Konsultatsioonide ja j\u00e4rele vastamiste ajad on avaldatud kooli kodulehel<br \/>\ninternetis.<br \/>\n8. V\u00f5imalikest p\u00e4evaplaani erakorralistest ja ajutistest, samuti j\u00e4\u00e4vatest muudatustest<br \/>\ninformeeritakse koolipere kooli kodulehe ja Stuudiumi kaudu. Samuti jagab informatsiooni<br \/>\nklassi\u00f5petaja v\u00f5i klassijuhataja.<\/p>\n","protected":false},"excerpt":{"rendered":"<p>1. Koolimaja on \u00f5ppet\u00f6\u00f6 ajal avatud esmasp\u00e4evast reedeni kell 7.30 &#8212; 15.30. 2. \u00d5ppet\u00f6\u00f6 algab kell 8.05. 3. \u00d5ppetunni pikkuseks on 45 minutit. 4. Vahetunni pikkuseks on 10-15 minutit, s\u00f6\u00f6givahetunni ja liikumisvahetunni pikkuseks on 25 minutit. 5. \u00d5ppetundide, vahetundide, s\u00f6\u00f6givahetundide ja liikumisvahetunni ajad: 1) tund 8.05 &#8212; 8.50 2) tund 9.00 &#8212; 9.45\u2002\u2002\u2002\u2002\u2002\u2002\u2002\u2002 s\u00f6\u00f6givahetund\/liikumisvahetund 9.45 &#8230; <a href=\"https:\/\/vpmk.edu.ee\/ru\/paevakava\/\" class=\"more-link\">Loe edasi<span class=\"screen-reader-text\"> &#171;\u0428\u043a\u043e\u043b\u044c\u043d\u044b\u0439 \u0440\u0430\u0441\u043f\u043e\u0440\u044f\u0434\u043e\u043a \u0434\u043d\u044f&#187;<\/span> &raquo;<\/a><\/p>\n","protected":false},"author":1,"featured_media":0,"parent":0,"menu_order":0,"comment_status":"closed","ping_status":"closed","template":"","meta":{"footnotes":""},"class_list":["post-111","page","type-page","status-publish","hentry"],"translation":{"provider":"WPGlobus","version":"3.0.1","language":"ru","enabled_languages":["ee","ru"],"languages":{"ee":{"title":true,"content":true,"excerpt":false},"ru":{"title":true,"content":false,"excerpt":false}}},"yoast_head":"<!-- This site is optimized with the Yoast SEO plugin v26.7 - https:\/\/yoast.com\/wordpress\/plugins\/seo\/ -->\n<title>\u0428\u043a\u043e\u043b\u044c\u043d\u044b\u0439 \u0440\u0430\u0441\u043f\u043e\u0440\u044f\u0434\u043e\u043a \u0434\u043d\u044f - \u0412\u0430\u043b\u0433\u0430\u0441\u043a\u0430\u044f \u0448\u043a\u043e\u043b\u0430 \u041f\u0440\u0438\u0439\u043c\u0435\u0442\u0441\u0430<\/title>\n<meta name=\"robots\" content=\"index, follow, max-snippet:-1, max-image-preview:large, max-video-preview:-1\" \/>\n<link rel=\"canonical\" href=\"https:\/\/vpmk.edu.ee\/ru\/paevakava\/\" \/>\n<meta property=\"og:locale\" content=\"ru_RU\" \/>\n<meta property=\"og:type\" content=\"article\" \/>\n<meta property=\"og:title\" content=\"\u0428\u043a\u043e\u043b\u044c\u043d\u044b\u0439 \u0440\u0430\u0441\u043f\u043e\u0440\u044f\u0434\u043e\u043a \u0434\u043d\u044f - \u0412\u0430\u043b\u0433\u0430\u0441\u043a\u0430\u044f \u0448\u043a\u043e\u043b\u0430 \u041f\u0440\u0438\u0439\u043c\u0435\u0442\u0441\u0430\" \/>\n<meta property=\"og:url\" content=\"https:\/\/vpmk.edu.ee\/ru\/paevakava\/\" \/>\n<meta property=\"og:site_name\" content=\"\u0412\u0430\u043b\u0433\u0430\u0441\u043a\u0430\u044f \u0448\u043a\u043e\u043b\u0430 \u041f\u0440\u0438\u0439\u043c\u0435\u0442\u0441\u0430\" \/>\n<meta property=\"article:modified_time\" content=\"2026-02-09T13:23:58+00:00\" \/>\n<meta property=\"og:image\" content=\"https:\/\/vpmk.edu.ee\/wp-content\/uploads\/2023\/02\/Valga-Priimetsa-Kool-\u2013-logoks-3.png\" \/>\n\t<meta property=\"og:image:width\" content=\"3044\" \/>\n\t<meta property=\"og:image:height\" content=\"2776\" \/>\n\t<meta property=\"og:image:type\" content=\"image\/png\" \/>\n<meta name=\"twitter:card\" content=\"summary_large_image\" \/>\n<meta name=\"twitter:label1\" content=\"\u041f\u0440\u0438\u043c\u0435\u0440\u043d\u043e\u0435 \u0432\u0440\u0435\u043c\u044f \u0434\u043b\u044f \u0447\u0442\u0435\u043d\u0438\u044f\" \/>\n\t<meta name=\"twitter:data1\" content=\"2 \u043c\u0438\u043d\u0443\u0442\u044b\" \/>\n<script type=\"application\/ld+json\" class=\"yoast-schema-graph\">{\"@context\":\"https:\/\/schema.org\",\"@graph\":[{\"@type\":\"WebPage\",\"@id\":\"https:\/\/vpmk.edu.ee\/ru\/paevakava\/\",\"url\":\"https:\/\/vpmk.edu.ee\/ru\/paevakava\/\",\"name\":\"\u0428\u043a\u043e\u043b\u044c\u043d\u044b\u0439 \u0440\u0430\u0441\u043f\u043e\u0440\u044f\u0434\u043e\u043a \u0434\u043d\u044f - \u0412\u0430\u043b\u0433\u0430\u0441\u043a\u0430\u044f \u0448\u043a\u043e\u043b\u0430 \u041f\u0440\u0438\u0439\u043c\u0435\u0442\u0441\u0430\",\"isPartOf\":{\"@id\":\"https:\/\/vpmk.edu.ee\/#website\"},\"datePublished\":\"2015-08-31T20:00:34+00:00\",\"dateModified\":\"2026-02-09T13:23:58+00:00\",\"breadcrumb\":{\"@id\":\"https:\/\/vpmk.edu.ee\/ru\/paevakava\/#breadcrumb\"},\"inLanguage\":\"ru-RU\",\"potentialAction\":[{\"@type\":\"ReadAction\",\"target\":[\"https:\/\/vpmk.edu.ee\/ru\/paevakava\/\"]}]},{\"@type\":\"BreadcrumbList\",\"@id\":\"https:\/\/vpmk.edu.ee\/ru\/paevakava\/#breadcrumb\",\"itemListElement\":[{\"@type\":\"ListItem\",\"position\":1,\"name\":\"Home\",\"item\":\"https:\/\/vpmk.edu.ee\/\"},{\"@type\":\"ListItem\",\"position\":2,\"name\":\"\u0428\u043a\u043e\u043b\u044c\u043d\u044b\u0439 \u0440\u0430\u0441\u043f\u043e\u0440\u044f\u0434\u043e\u043a \u0434\u043d\u044f\"}]},{\"@type\":\"WebSite\",\"@id\":\"https:\/\/vpmk.edu.ee\/#website\",\"url\":\"https:\/\/vpmk.edu.ee\/\",\"name\":\"\u0412\u0430\u043b\u0433\u0430\u0441\u043a\u0430\u044f \u0448\u043a\u043e\u043b\u0430 \u041f\u0440\u0438\u0439\u043c\u0435\u0442\u0441\u0430\",\"description\":\"\",\"publisher\":{\"@id\":\"https:\/\/vpmk.edu.ee\/#organization\"},\"potentialAction\":[{\"@type\":\"SearchAction\",\"target\":{\"@type\":\"EntryPoint\",\"urlTemplate\":\"https:\/\/vpmk.edu.ee\/?s={search_term_string}\"},\"query-input\":{\"@type\":\"PropertyValueSpecification\",\"valueRequired\":true,\"valueName\":\"search_term_string\"}}],\"inLanguage\":\"ru-RU\"},{\"@type\":\"Organization\",\"@id\":\"https:\/\/vpmk.edu.ee\/#organization\",\"name\":\"\u0412\u0430\u043b\u0433\u0430\u0441\u043a\u0430\u044f \u0448\u043a\u043e\u043b\u0430 \u041f\u0440\u0438\u0439\u043c\u0435\u0442\u0441\u0430\",\"url\":\"https:\/\/vpmk.edu.ee\/\",\"logo\":{\"@type\":\"ImageObject\",\"inLanguage\":\"ru-RU\",\"@id\":\"https:\/\/vpmk.edu.ee\/#\/schema\/logo\/image\/\",\"url\":\"https:\/\/vpmk.edu.ee\/wp-content\/uploads\/2023\/02\/cropped-cropped-Valga-Priimetsa-Kool-\u2013-logoks-1.png\",\"contentUrl\":\"https:\/\/vpmk.edu.ee\/wp-content\/uploads\/2023\/02\/cropped-cropped-Valga-Priimetsa-Kool-\u2013-logoks-1.png\",\"width\":2058,\"height\":1615,\"caption\":\"\u0412\u0430\u043b\u0433\u0430\u0441\u043a\u0430\u044f \u0448\u043a\u043e\u043b\u0430 \u041f\u0440\u0438\u0439\u043c\u0435\u0442\u0441\u0430\"},\"image\":{\"@id\":\"https:\/\/vpmk.edu.ee\/#\/schema\/logo\/image\/\"}}]}<\/script>\n<!-- \/ Yoast SEO plugin. -->","yoast_head_json":{"title":"\u0428\u043a\u043e\u043b\u044c\u043d\u044b\u0439 \u0440\u0430\u0441\u043f\u043e\u0440\u044f\u0434\u043e\u043a \u0434\u043d\u044f - \u0412\u0430\u043b\u0433\u0430\u0441\u043a\u0430\u044f \u0448\u043a\u043e\u043b\u0430 \u041f\u0440\u0438\u0439\u043c\u0435\u0442\u0441\u0430","robots":{"index":"index","follow":"follow","max-snippet":"max-snippet:-1","max-image-preview":"max-image-preview:large","max-video-preview":"max-video-preview:-1"},"canonical":"https:\/\/vpmk.edu.ee\/ru\/paevakava\/","og_locale":"ru_RU","og_type":"article","og_title":"\u0428\u043a\u043e\u043b\u044c\u043d\u044b\u0439 \u0440\u0430\u0441\u043f\u043e\u0440\u044f\u0434\u043e\u043a \u0434\u043d\u044f - \u0412\u0430\u043b\u0433\u0430\u0441\u043a\u0430\u044f \u0448\u043a\u043e\u043b\u0430 \u041f\u0440\u0438\u0439\u043c\u0435\u0442\u0441\u0430","og_url":"https:\/\/vpmk.edu.ee\/ru\/paevakava\/","og_site_name":"\u0412\u0430\u043b\u0433\u0430\u0441\u043a\u0430\u044f \u0448\u043a\u043e\u043b\u0430 \u041f\u0440\u0438\u0439\u043c\u0435\u0442\u0441\u0430","article_modified_time":"2026-02-09T13:23:58+00:00","og_image":[{"width":3044,"height":2776,"url":"https:\/\/vpmk.edu.ee\/wp-content\/uploads\/2023\/02\/Valga-Priimetsa-Kool-\u2013-logoks-3.png","type":"image\/png"}],"twitter_card":"summary_large_image","twitter_misc":{"\u041f\u0440\u0438\u043c\u0435\u0440\u043d\u043e\u0435 \u0432\u0440\u0435\u043c\u044f \u0434\u043b\u044f \u0447\u0442\u0435\u043d\u0438\u044f":"2 \u043c\u0438\u043d\u0443\u0442\u044b"},"schema":{"@context":"https:\/\/schema.org","@graph":[{"@type":"WebPage","@id":"https:\/\/vpmk.edu.ee\/ru\/paevakava\/","url":"https:\/\/vpmk.edu.ee\/ru\/paevakava\/","name":"\u0428\u043a\u043e\u043b\u044c\u043d\u044b\u0439 \u0440\u0430\u0441\u043f\u043e\u0440\u044f\u0434\u043e\u043a \u0434\u043d\u044f - \u0412\u0430\u043b\u0433\u0430\u0441\u043a\u0430\u044f \u0448\u043a\u043e\u043b\u0430 \u041f\u0440\u0438\u0439\u043c\u0435\u0442\u0441\u0430","isPartOf":{"@id":"https:\/\/vpmk.edu.ee\/#website"},"datePublished":"2015-08-31T20:00:34+00:00","dateModified":"2026-02-09T13:23:58+00:00","breadcrumb":{"@id":"https:\/\/vpmk.edu.ee\/ru\/paevakava\/#breadcrumb"},"inLanguage":"ru-RU","potentialAction":[{"@type":"ReadAction","target":["https:\/\/vpmk.edu.ee\/ru\/paevakava\/"]}]},{"@type":"BreadcrumbList","@id":"https:\/\/vpmk.edu.ee\/ru\/paevakava\/#breadcrumb","itemListElement":[{"@type":"ListItem","position":1,"name":"Home","item":"https:\/\/vpmk.edu.ee\/"},{"@type":"ListItem","position":2,"name":"\u0428\u043a\u043e\u043b\u044c\u043d\u044b\u0439 \u0440\u0430\u0441\u043f\u043e\u0440\u044f\u0434\u043e\u043a \u0434\u043d\u044f"}]},{"@type":"WebSite","@id":"https:\/\/vpmk.edu.ee\/#website","url":"https:\/\/vpmk.edu.ee\/","name":"\u0412\u0430\u043b\u0433\u0430\u0441\u043a\u0430\u044f \u0448\u043a\u043e\u043b\u0430 \u041f\u0440\u0438\u0439\u043c\u0435\u0442\u0441\u0430","description":"","publisher":{"@id":"https:\/\/vpmk.edu.ee\/#organization"},"potentialAction":[{"@type":"SearchAction","target":{"@type":"EntryPoint","urlTemplate":"https:\/\/vpmk.edu.ee\/?s={search_term_string}"},"query-input":{"@type":"PropertyValueSpecification","valueRequired":true,"valueName":"search_term_string"}}],"inLanguage":"ru-RU"},{"@type":"Organization","@id":"https:\/\/vpmk.edu.ee\/#organization","name":"\u0412\u0430\u043b\u0433\u0430\u0441\u043a\u0430\u044f \u0448\u043a\u043e\u043b\u0430 \u041f\u0440\u0438\u0439\u043c\u0435\u0442\u0441\u0430","url":"https:\/\/vpmk.edu.ee\/","logo":{"@type":"ImageObject","inLanguage":"ru-RU","@id":"https:\/\/vpmk.edu.ee\/#\/schema\/logo\/image\/","url":"https:\/\/vpmk.edu.ee\/wp-content\/uploads\/2023\/02\/cropped-cropped-Valga-Priimetsa-Kool-\u2013-logoks-1.png","contentUrl":"https:\/\/vpmk.edu.ee\/wp-content\/uploads\/2023\/02\/cropped-cropped-Valga-Priimetsa-Kool-\u2013-logoks-1.png","width":2058,"height":1615,"caption":"\u0412\u0430\u043b\u0433\u0430\u0441\u043a\u0430\u044f \u0448\u043a\u043e\u043b\u0430 \u041f\u0440\u0438\u0439\u043c\u0435\u0442\u0441\u0430"},"image":{"@id":"https:\/\/vpmk.edu.ee\/#\/schema\/logo\/image\/"}}]}},"_links":{"self":[{"href":"https:\/\/vpmk.edu.ee\/ru\/wp-json\/wp\/v2\/pages\/111","targetHints":{"allow":["GET"]}}],"collection":[{"href":"https:\/\/vpmk.edu.ee\/ru\/wp-json\/wp\/v2\/pages"}],"about":[{"href":"https:\/\/vpmk.edu.ee\/ru\/wp-json\/wp\/v2\/types\/page"}],"author":[{"embeddable":true,"href":"https:\/\/vpmk.edu.ee\/ru\/wp-json\/wp\/v2\/users\/1"}],"replies":[{"embeddable":true,"href":"https:\/\/vpmk.edu.ee\/ru\/wp-json\/wp\/v2\/comments?post=111"}],"version-history":[{"count":28,"href":"https:\/\/vpmk.edu.ee\/ru\/wp-json\/wp\/v2\/pages\/111\/revisions"}],"predecessor-version":[{"id":12428,"href":"https:\/\/vpmk.edu.ee\/ru\/wp-json\/wp\/v2\/pages\/111\/revisions\/12428"}],"wp:attachment":[{"href":"https:\/\/vpmk.edu.ee\/ru\/wp-json\/wp\/v2\/media?parent=111"}],"curies":[{"name":"wp","href":"https:\/\/api.w.org\/{rel}","templated":true}]}}