{"id":9129,"date":"2022-01-27T08:48:56","date_gmt":"2022-01-27T06:48:56","guid":{"rendered":"http:\/\/vpmk.edu.ee\/?page_id=9129"},"modified":"2022-01-27T08:48:56","modified_gmt":"2022-01-27T06:48:56","slug":"kik-ekskursioonid-19-ja-20-jaanuaril-2022-a","status":"publish","type":"page","link":"http:\/\/vpmk.edu.ee\/ru\/kik-ekskursioonid-19-ja-20-jaanuaril-2022-a\/","title":{"rendered":"KIK ekskursioonid 19. ja 20. jaanuaril 2022.a."},"content":{"rendered":"<p>20. jaanuaril s\u00f5itis 1B klass Vapram\u00e4ele KIK \u00f5ppeprogrammile &#171;Metskits&#187;, et tutvuda metskitsede eluga meie metsades. Matka k\u00e4igus saime teada, milline on metskitse karvastik suvel ja talvel, mida metskitsed s\u00f6\u00f6vad, millal s\u00fcnnivad ja kuidas kasvavad kitsetalled. Aga k\u00f5ige toredam oli m\u00e4gedest \u00fcles ronida ja siis j\u00e4lle alla lasta.<\/p>\n<p>19 \u044f\u043d\u0432\u0430\u0440\u044f 1A\u00a0 \u043f\u043e\u0431\u044b\u0432\u0430\u043b \u043d\u0430 \u0443\u0447\u0435\u0431\u043d\u043e\u0439 \u044d\u043a\u0441\u043a\u0443\u0440\u0441\u0438\u0438 \u0432 \u0412\u0430\u043f\u0440\u0430\u043c\u044f\u044d. \u0426\u0435\u043b\u044c\u044e \u0434\u0430\u043d\u043d\u043e\u0439 \u044d\u043a\u0441\u043a\u0443\u0440\u0441\u0438\u0438 \u0431\u044b\u043b\u043e \u0437\u043d\u0430\u043a\u043e\u043c\u0441\u0442\u0432\u043e \u0441 \u0436\u0438\u0437\u043d\u044c\u044e \u043a\u043e\u0441\u0443\u043b\u044c \u0432 \u043d\u0430\u0448\u0438\u0445 \u043b\u0435\u0441\u0430\u0445.<\/p>\n<p>\u0412 \u0448\u043a\u043e\u043b\u0435 \u043c\u044b \u043f\u043e\u043b\u0443\u0447\u0438\u043b\u0438 \u0441\u0443\u0445\u0438\u0435 \u043f\u0430\u0439\u043a\u0438, \u0441\u0435\u043b\u0438 \u0432 \u0430\u0432\u0442\u043e\u0431\u0443\u0441 \u0438 \u043f\u043e\u0435\u0445\u0430\u043b\u0438 \u043d\u0430 \u044d\u043a\u0441\u043a\u0443\u0440\u0441\u0438\u044e. \u0415\u0445\u0430\u043b\u0438 \u0434\u043e\u043b\u0433\u043e, \u0446\u0435\u043b\u044b\u0439 \u0447\u0430\u0441, \u043d\u043e \u043c\u044b \u043d\u0435 \u0441\u043a\u0443\u0447\u0430\u043b\u0438, \u0438\u0433\u0440\u0430\u043b\u0438 \u0432 \u0441\u043b\u043e\u0432\u0430, \u0443\u0433\u0430\u0434\u044b\u0432\u0430\u043b\u0438 \u0441\u043a\u0430\u0437\u043a\u0438, \u0432\u0441\u043f\u043e\u043c\u0438\u043d\u0430\u043b\u0438 \u0434\u0438\u043a\u0438\u0445 \u0436\u0438\u0432\u043e\u0442\u043d\u044b\u0445, \u043a\u043e\u0442\u043e\u0440\u044b\u0435 \u0436\u0438\u0432\u0443\u0442 \u0432 \u043d\u0430\u0448\u0438\u0445 \u043b\u0435\u0441\u0430\u0445. \u042d\u043a\u0441\u043a\u0443\u0440\u0441\u0438\u044f \u043d\u0430\u0447\u0430\u043b\u0430\u0441\u044c \u0441 \u0437\u043d\u0430\u043a\u043e\u043c\u0441\u0442\u0432\u0430 \u0441 \u043d\u0430\u0448\u0438\u043c \u0433\u0438\u0434\u043e\u043c \u0420\u0435\u0439\u043d\u043e\u043c. \u041e\u043d \u043a\u0440\u0430\u0442\u043a\u043e \u0440\u0430\u0441\u0441\u043a\u0430\u0437\u0430\u043b \u043d\u0430\u043c \u043f\u0440\u043e \u043a\u043e\u0441\u0443\u043b\u044c, \u043f\u043e\u043a\u0430\u0437\u0430\u043b \u0444\u043e\u0442\u043e\u0433\u0440\u0430\u0444\u0438\u0438 \u044d\u0442\u0438\u0445 \u0436\u0438\u0432\u043e\u0442\u043d\u044b\u0445. \u0417\u0430\u0442\u0435\u043c \u043f\u043e\u0432\u0451\u043b \u043d\u0430\u0441 \u0432 \u043f\u043e\u0445\u043e\u0434 \u043f\u043e \u043b\u0435\u0441\u0443. \u0411\u044b\u043b\u043e \u043e\u0447\u0435\u043d\u044c \u0441\u043a\u043e\u043b\u044c\u0437\u043a\u043e \u0438 \u0432\u0435\u0441\u0435\u043b\u043e. \u041c\u044b \u043f\u043e\u0434\u043d\u0438\u043c\u0430\u043b\u0438\u0441\u044c \u043d\u0430 \u0433\u043e\u0440\u043a\u0438 \u0438 \u0441\u044a\u0435\u0437\u0436\u0430\u043b\u0438 \u0441 \u043d\u0438\u0445. \u041d\u0430\u0448 \u0433\u0438\u0434 \u0440\u0430\u0441\u0441\u043a\u0430\u0437\u044b\u0432\u0430\u043b \u043d\u0430\u043c, \u0447\u0435\u043c \u043f\u0438\u0442\u0430\u044e\u0442\u0441\u044f \u043a\u043e\u0441\u0443\u043b\u0438 \u0437\u0438\u043c\u043e\u0439, \u043a\u0430\u043a \u0432\u044b\u0436\u0438\u0432\u0430\u044e\u0442 \u0432 \u0434\u0438\u043a\u043e\u0439 \u043f\u0440\u0438\u0440\u043e\u0434\u0435. \u041f\u0440\u043e\u0448\u043b\u0438 \u043c\u044b \u0431\u043e\u043b\u044c\u0448\u0435 2 \u043a\u0438\u043b\u043e\u043c\u0435\u0442\u0440\u043e\u0432, \u043e\u0447\u0435\u043d\u044c \u0443\u0441\u0442\u0430\u043b\u0438 \u0438 \u043f\u0440\u043e\u0433\u043e\u043b\u043e\u0434\u0430\u043b\u0438\u0441\u044c. \u041f\u0435\u0440\u0435\u0434 \u043e\u0442\u044a\u0435\u0437\u0434\u043e\u043c \u0434\u043e\u043c\u043e\u0439 \u043c\u044b \u0441 \u0443\u0434\u043e\u0432\u043e\u043b\u044c\u0441\u0442\u0432\u0438\u0435\u043c \u0441\u044a\u0435\u043b\u0438 \u0432\u0441\u0451, \u0447\u0442\u043e \u043d\u0430\u043c \u043f\u0440\u0438\u0433\u043e\u0442\u043e\u0432\u0438\u043b\u0438 \u0432 \u0441\u0442\u043e\u043b\u043e\u0432\u043e\u0439. \u041d\u0430 \u043e\u0431\u0440\u0430\u0442\u043d\u043e\u0439 \u0434\u043e\u0440\u043e\u0433\u0435 \u0441\u0438\u043b \u043d\u0435 \u0431\u044b\u043b\u043e \u0434\u0430\u0436\u0435 \u0440\u0430\u0437\u0433\u043e\u0432\u0430\u0440\u0438\u0432\u0430\u0442\u044c. \u041d\u0430\u043c \u043e\u0447\u0435\u043d\u044c \u043f\u043e\u043d\u0440\u0430\u0432\u0438\u043b\u0441\u044f \u044d\u0442\u043e\u0442 \u0443\u0447\u0435\u0431\u043d\u044b\u0439 \u0434\u0435\u043d\u044c. \u041c\u044b \u043c\u043d\u043e\u0433\u043e \u0443\u0437\u043d\u0430\u043b\u0438 \u043e \u0436\u0438\u0437\u043d\u0438 \u043a\u043e\u0441\u0443\u043b\u044c \u0438 \u0437\u0434\u043e\u0440\u043e\u0432\u043e \u043d\u0430\u0438\u0433\u0440\u0430\u043b\u0438\u0441\u044c \u0432\u043e \u0432\u0440\u0435\u043c\u044f \u043f\u043e\u0445\u043e\u0434\u0430.<\/p>\n<p><a href=\"https:\/\/photos.app.goo.gl\/tdVNra2Tz5KJk2pPA\">Fotod<\/a><\/p>\n","protected":false},"excerpt":{"rendered":"<p>20. jaanuaril s\u00f5itis 1B klass Vapram\u00e4ele KIK \u00f5ppeprogrammile &#171;Metskits&#187;, et tutvuda metskitsede eluga meie metsades. Matka k\u00e4igus saime teada, milline on metskitse karvastik suvel ja talvel, mida metskitsed s\u00f6\u00f6vad, millal s\u00fcnnivad ja kuidas kasvavad kitsetalled. Aga k\u00f5ige toredam oli m\u00e4gedest \u00fcles ronida ja siis j\u00e4lle alla lasta. 19 \u044f\u043d\u0432\u0430\u0440\u044f 1A\u00a0 \u043f\u043e\u0431\u044b\u0432\u0430\u043b \u043d\u0430 \u0443\u0447\u0435\u0431\u043d\u043e\u0439 \u044d\u043a\u0441\u043a\u0443\u0440\u0441\u0438\u0438 \u0432 &#8230; <a href=\"http:\/\/vpmk.edu.ee\/ru\/kik-ekskursioonid-19-ja-20-jaanuaril-2022-a\/\" class=\"more-link\">Loe edasi<span class=\"screen-reader-text\"> &#171;KIK ekskursioonid 19. ja 20. jaanuaril 2022.a.&#187;<\/span> &raquo;<\/a><\/p>\n","protected":false},"author":3,"featured_media":0,"parent":0,"menu_order":0,"comment_status":"closed","ping_status":"closed","template":"","meta":{"footnotes":""},"class_list":["post-9129","page","type-page","status-publish","hentry"],"translation":{"provider":"WPGlobus","version":"3.0.1","language":"ru","enabled_languages":["ee","ru"],"languages":{"ee":{"title":true,"content":true,"excerpt":false},"ru":{"title":false,"content":false,"excerpt":false}}},"yoast_head":"<!-- This site is optimized with the Yoast SEO plugin v26.7 - https:\/\/yoast.com\/wordpress\/plugins\/seo\/ -->\n<title>KIK ekskursioonid 19. ja 20. jaanuaril 2022.a. - \u0412\u0430\u043b\u0433\u0430\u0441\u043a\u0430\u044f \u0448\u043a\u043e\u043b\u0430 \u041f\u0440\u0438\u0439\u043c\u0435\u0442\u0441\u0430<\/title>\n<meta name=\"robots\" content=\"index, follow, max-snippet:-1, max-image-preview:large, max-video-preview:-1\" \/>\n<link rel=\"canonical\" href=\"http:\/\/vpmk.edu.ee\/kik-ekskursioonid-19-ja-20-jaanuaril-2022-a\/\" \/>\n<meta property=\"og:locale\" content=\"ru_RU\" \/>\n<meta property=\"og:type\" content=\"article\" \/>\n<meta property=\"og:title\" content=\"KIK ekskursioonid 19. ja 20. jaanuaril 2022.a. - \u0412\u0430\u043b\u0433\u0430\u0441\u043a\u0430\u044f \u0448\u043a\u043e\u043b\u0430 \u041f\u0440\u0438\u0439\u043c\u0435\u0442\u0441\u0430\" \/>\n<meta property=\"og:url\" content=\"http:\/\/vpmk.edu.ee\/kik-ekskursioonid-19-ja-20-jaanuaril-2022-a\/\" \/>\n<meta property=\"og:site_name\" content=\"\u0412\u0430\u043b\u0433\u0430\u0441\u043a\u0430\u044f \u0448\u043a\u043e\u043b\u0430 \u041f\u0440\u0438\u0439\u043c\u0435\u0442\u0441\u0430\" \/>\n<meta property=\"og:image\" content=\"http:\/\/vpmk.edu.ee\/wp-content\/uploads\/2023\/02\/Valga-Priimetsa-Kool-\u2013-logoks-3.png\" \/>\n\t<meta property=\"og:image:width\" content=\"3044\" \/>\n\t<meta property=\"og:image:height\" content=\"2776\" \/>\n\t<meta property=\"og:image:type\" content=\"image\/png\" \/>\n<meta name=\"twitter:card\" content=\"summary_large_image\" \/>\n<meta name=\"twitter:label1\" content=\"\u041f\u0440\u0438\u043c\u0435\u0440\u043d\u043e\u0435 \u0432\u0440\u0435\u043c\u044f \u0434\u043b\u044f \u0447\u0442\u0435\u043d\u0438\u044f\" \/>\n\t<meta name=\"twitter:data1\" content=\"2 \u043c\u0438\u043d\u0443\u0442\u044b\" \/>\n<script type=\"application\/ld+json\" class=\"yoast-schema-graph\">{\"@context\":\"https:\/\/schema.org\",\"@graph\":[{\"@type\":\"WebPage\",\"@id\":\"http:\/\/vpmk.edu.ee\/kik-ekskursioonid-19-ja-20-jaanuaril-2022-a\/\",\"url\":\"http:\/\/vpmk.edu.ee\/kik-ekskursioonid-19-ja-20-jaanuaril-2022-a\/\",\"name\":\"KIK ekskursioonid 19. ja 20. jaanuaril 2022.a. - \u0412\u0430\u043b\u0433\u0430\u0441\u043a\u0430\u044f \u0448\u043a\u043e\u043b\u0430 \u041f\u0440\u0438\u0439\u043c\u0435\u0442\u0441\u0430\",\"isPartOf\":{\"@id\":\"https:\/\/vpmk.edu.ee\/#website\"},\"datePublished\":\"2022-01-27T06:48:56+00:00\",\"breadcrumb\":{\"@id\":\"http:\/\/vpmk.edu.ee\/kik-ekskursioonid-19-ja-20-jaanuaril-2022-a\/#breadcrumb\"},\"inLanguage\":\"ru-RU\",\"potentialAction\":[{\"@type\":\"ReadAction\",\"target\":[\"http:\/\/vpmk.edu.ee\/kik-ekskursioonid-19-ja-20-jaanuaril-2022-a\/\"]}]},{\"@type\":\"BreadcrumbList\",\"@id\":\"http:\/\/vpmk.edu.ee\/kik-ekskursioonid-19-ja-20-jaanuaril-2022-a\/#breadcrumb\",\"itemListElement\":[{\"@type\":\"ListItem\",\"position\":1,\"name\":\"Home\",\"item\":\"https:\/\/vpmk.edu.ee\/\"},{\"@type\":\"ListItem\",\"position\":2,\"name\":\"KIK ekskursioonid 19. ja 20. jaanuaril 2022.a.\"}]},{\"@type\":\"WebSite\",\"@id\":\"https:\/\/vpmk.edu.ee\/#website\",\"url\":\"https:\/\/vpmk.edu.ee\/\",\"name\":\"\u0412\u0430\u043b\u0433\u0430\u0441\u043a\u0430\u044f \u0448\u043a\u043e\u043b\u0430 \u041f\u0440\u0438\u0439\u043c\u0435\u0442\u0441\u0430\",\"description\":\"\",\"publisher\":{\"@id\":\"https:\/\/vpmk.edu.ee\/#organization\"},\"potentialAction\":[{\"@type\":\"SearchAction\",\"target\":{\"@type\":\"EntryPoint\",\"urlTemplate\":\"https:\/\/vpmk.edu.ee\/?s={search_term_string}\"},\"query-input\":{\"@type\":\"PropertyValueSpecification\",\"valueRequired\":true,\"valueName\":\"search_term_string\"}}],\"inLanguage\":\"ru-RU\"},{\"@type\":\"Organization\",\"@id\":\"https:\/\/vpmk.edu.ee\/#organization\",\"name\":\"\u0412\u0430\u043b\u0433\u0430\u0441\u043a\u0430\u044f \u0448\u043a\u043e\u043b\u0430 \u041f\u0440\u0438\u0439\u043c\u0435\u0442\u0441\u0430\",\"url\":\"https:\/\/vpmk.edu.ee\/\",\"logo\":{\"@type\":\"ImageObject\",\"inLanguage\":\"ru-RU\",\"@id\":\"https:\/\/vpmk.edu.ee\/#\/schema\/logo\/image\/\",\"url\":\"http:\/\/vpmk.edu.ee\/wp-content\/uploads\/2023\/02\/cropped-cropped-Valga-Priimetsa-Kool-\u2013-logoks-1.png\",\"contentUrl\":\"http:\/\/vpmk.edu.ee\/wp-content\/uploads\/2023\/02\/cropped-cropped-Valga-Priimetsa-Kool-\u2013-logoks-1.png\",\"width\":2058,\"height\":1615,\"caption\":\"\u0412\u0430\u043b\u0433\u0430\u0441\u043a\u0430\u044f \u0448\u043a\u043e\u043b\u0430 \u041f\u0440\u0438\u0439\u043c\u0435\u0442\u0441\u0430\"},\"image\":{\"@id\":\"https:\/\/vpmk.edu.ee\/#\/schema\/logo\/image\/\"}}]}<\/script>\n<!-- \/ Yoast SEO plugin. -->","yoast_head_json":{"title":"KIK ekskursioonid 19. ja 20. jaanuaril 2022.a. - \u0412\u0430\u043b\u0433\u0430\u0441\u043a\u0430\u044f \u0448\u043a\u043e\u043b\u0430 \u041f\u0440\u0438\u0439\u043c\u0435\u0442\u0441\u0430","robots":{"index":"index","follow":"follow","max-snippet":"max-snippet:-1","max-image-preview":"max-image-preview:large","max-video-preview":"max-video-preview:-1"},"canonical":"http:\/\/vpmk.edu.ee\/kik-ekskursioonid-19-ja-20-jaanuaril-2022-a\/","og_locale":"ru_RU","og_type":"article","og_title":"KIK ekskursioonid 19. ja 20. jaanuaril 2022.a. - \u0412\u0430\u043b\u0433\u0430\u0441\u043a\u0430\u044f \u0448\u043a\u043e\u043b\u0430 \u041f\u0440\u0438\u0439\u043c\u0435\u0442\u0441\u0430","og_url":"http:\/\/vpmk.edu.ee\/kik-ekskursioonid-19-ja-20-jaanuaril-2022-a\/","og_site_name":"\u0412\u0430\u043b\u0433\u0430\u0441\u043a\u0430\u044f \u0448\u043a\u043e\u043b\u0430 \u041f\u0440\u0438\u0439\u043c\u0435\u0442\u0441\u0430","og_image":[{"width":3044,"height":2776,"url":"http:\/\/vpmk.edu.ee\/wp-content\/uploads\/2023\/02\/Valga-Priimetsa-Kool-\u2013-logoks-3.png","type":"image\/png"}],"twitter_card":"summary_large_image","twitter_misc":{"\u041f\u0440\u0438\u043c\u0435\u0440\u043d\u043e\u0435 \u0432\u0440\u0435\u043c\u044f \u0434\u043b\u044f \u0447\u0442\u0435\u043d\u0438\u044f":"2 \u043c\u0438\u043d\u0443\u0442\u044b"},"schema":{"@context":"https:\/\/schema.org","@graph":[{"@type":"WebPage","@id":"http:\/\/vpmk.edu.ee\/kik-ekskursioonid-19-ja-20-jaanuaril-2022-a\/","url":"http:\/\/vpmk.edu.ee\/kik-ekskursioonid-19-ja-20-jaanuaril-2022-a\/","name":"KIK ekskursioonid 19. ja 20. jaanuaril 2022.a. - \u0412\u0430\u043b\u0433\u0430\u0441\u043a\u0430\u044f \u0448\u043a\u043e\u043b\u0430 \u041f\u0440\u0438\u0439\u043c\u0435\u0442\u0441\u0430","isPartOf":{"@id":"https:\/\/vpmk.edu.ee\/#website"},"datePublished":"2022-01-27T06:48:56+00:00","breadcrumb":{"@id":"http:\/\/vpmk.edu.ee\/kik-ekskursioonid-19-ja-20-jaanuaril-2022-a\/#breadcrumb"},"inLanguage":"ru-RU","potentialAction":[{"@type":"ReadAction","target":["http:\/\/vpmk.edu.ee\/kik-ekskursioonid-19-ja-20-jaanuaril-2022-a\/"]}]},{"@type":"BreadcrumbList","@id":"http:\/\/vpmk.edu.ee\/kik-ekskursioonid-19-ja-20-jaanuaril-2022-a\/#breadcrumb","itemListElement":[{"@type":"ListItem","position":1,"name":"Home","item":"https:\/\/vpmk.edu.ee\/"},{"@type":"ListItem","position":2,"name":"KIK ekskursioonid 19. ja 20. jaanuaril 2022.a."}]},{"@type":"WebSite","@id":"https:\/\/vpmk.edu.ee\/#website","url":"https:\/\/vpmk.edu.ee\/","name":"\u0412\u0430\u043b\u0433\u0430\u0441\u043a\u0430\u044f \u0448\u043a\u043e\u043b\u0430 \u041f\u0440\u0438\u0439\u043c\u0435\u0442\u0441\u0430","description":"","publisher":{"@id":"https:\/\/vpmk.edu.ee\/#organization"},"potentialAction":[{"@type":"SearchAction","target":{"@type":"EntryPoint","urlTemplate":"https:\/\/vpmk.edu.ee\/?s={search_term_string}"},"query-input":{"@type":"PropertyValueSpecification","valueRequired":true,"valueName":"search_term_string"}}],"inLanguage":"ru-RU"},{"@type":"Organization","@id":"https:\/\/vpmk.edu.ee\/#organization","name":"\u0412\u0430\u043b\u0433\u0430\u0441\u043a\u0430\u044f \u0448\u043a\u043e\u043b\u0430 \u041f\u0440\u0438\u0439\u043c\u0435\u0442\u0441\u0430","url":"https:\/\/vpmk.edu.ee\/","logo":{"@type":"ImageObject","inLanguage":"ru-RU","@id":"https:\/\/vpmk.edu.ee\/#\/schema\/logo\/image\/","url":"http:\/\/vpmk.edu.ee\/wp-content\/uploads\/2023\/02\/cropped-cropped-Valga-Priimetsa-Kool-\u2013-logoks-1.png","contentUrl":"http:\/\/vpmk.edu.ee\/wp-content\/uploads\/2023\/02\/cropped-cropped-Valga-Priimetsa-Kool-\u2013-logoks-1.png","width":2058,"height":1615,"caption":"\u0412\u0430\u043b\u0433\u0430\u0441\u043a\u0430\u044f \u0448\u043a\u043e\u043b\u0430 \u041f\u0440\u0438\u0439\u043c\u0435\u0442\u0441\u0430"},"image":{"@id":"https:\/\/vpmk.edu.ee\/#\/schema\/logo\/image\/"}}]}},"_links":{"self":[{"href":"http:\/\/vpmk.edu.ee\/ru\/wp-json\/wp\/v2\/pages\/9129","targetHints":{"allow":["GET"]}}],"collection":[{"href":"http:\/\/vpmk.edu.ee\/ru\/wp-json\/wp\/v2\/pages"}],"about":[{"href":"http:\/\/vpmk.edu.ee\/ru\/wp-json\/wp\/v2\/types\/page"}],"author":[{"embeddable":true,"href":"http:\/\/vpmk.edu.ee\/ru\/wp-json\/wp\/v2\/users\/3"}],"replies":[{"embeddable":true,"href":"http:\/\/vpmk.edu.ee\/ru\/wp-json\/wp\/v2\/comments?post=9129"}],"version-history":[{"count":1,"href":"http:\/\/vpmk.edu.ee\/ru\/wp-json\/wp\/v2\/pages\/9129\/revisions"}],"predecessor-version":[{"id":9130,"href":"http:\/\/vpmk.edu.ee\/ru\/wp-json\/wp\/v2\/pages\/9129\/revisions\/9130"}],"wp:attachment":[{"href":"http:\/\/vpmk.edu.ee\/ru\/wp-json\/wp\/v2\/media?parent=9129"}],"curies":[{"name":"wp","href":"https:\/\/api.w.org\/{rel}","templated":true}]}}