{"id":8867,"date":"2021-11-22T10:38:23","date_gmt":"2021-11-22T08:38:23","guid":{"rendered":"http:\/\/vpmk.edu.ee\/?page_id=8867"},"modified":"2025-02-25T09:08:54","modified_gmt":"2025-02-25T07:08:54","slug":"kik-arhiiv","status":"publish","type":"page","link":"http:\/\/vpmk.edu.ee\/ru\/kik-arhiiv\/","title":{"rendered":"KIK arhiiv"},"content":{"rendered":"<p><a href=\"https:\/\/drive.google.com\/file\/d\/1yJTSTk4QB3sEUVdFuMu2DdT7hxznt8Hp\/view?usp=sharing\">\u00d5ppeprogrammid 2022\/2023<\/a><\/p>\n\n\n<\/p>\n<p><a href=\"https:\/\/drive.google.com\/file\/d\/1zLpvfe5HpXVoDDra3QMaWEH70HRZLb1f\/view?usp=sharing\">KIK-i projekt 2021\/2022<\/a><\/p>\n<p><a href=\"https:\/\/drive.google.com\/file\/d\/1cVMsuanbNgSkF-2NeZJisTKB0xoYwMTL\/view?usp=sharing\">KIK-i projekt 2020\/2021<\/a><\/p>\n<p><a href=\"https:\/\/drive.google.com\/open?id=17Ul6GOlwrLy23ovmWnQMnh_KvhKmz50e\">KIK-i projekt 2019\/2020<\/a><br \/><a href=\"https:\/\/drive.google.com\/file\/d\/0B11JoyNt_XZzakZxVFNZdk9RZnc\/view?usp=sharing\" target=\"_blank\" rel=\"noreferrer noopener\">Projekt ,,Sinas\u00f5braks loodusega meie \u00fcmber&#187;<\/a><\/p>\n<p>\n\n\n\n<\/p>\n<p><a href=\"https:\/\/drive.google.com\/file\/d\/0B6GT3jff-O_RNmdOMGRNWXhHSVE\/view?usp=sharing\">KIK-i projekt 2016\/2017<\/a><\/p>\n<p>\n\n\n\n<\/p>\n<p><a href=\"https:\/\/drive.google.com\/file\/d\/0B6GT3jff-O_Rc0tUSVJLMFZrZEU\/view?usp=sharing\">V\u00f5rtsj\u00e4rve kalade programm<br \/><\/a><a href=\"https:\/\/drive.google.com\/drive\/folders\/0B6GT3jff-O_RY2hSS2x4R3YwNW8?usp=sharing\">Fotogalerii<\/a><\/p>\n<p>\n\n\n\n<\/p>\n<p><a href=\"https:\/\/drive.google.com\/file\/d\/0B6GT3jff-O_RcERSZUN3ZTJJVEk\/view?usp=sharing\">Huvitav \u00f5ppeekskursioon<\/a><\/p>\n<p>\n\n\n\n<\/p>\n<p><a href=\"https:\/\/drive.google.com\/file\/d\/1z_FKIDszgYyFYXBVcEAjPdKfiN9o0aZv\/view?usp=sharing\">KIK-i projekt 2017\/2018<\/a><\/p>\n<p>\n\n\n\n<\/p>\n<p><a href=\"https:\/\/drive.google.com\/file\/d\/1LcAWaf4Xlnm32WV5lBdt1wDP9NnEZGW8\/view?usp=sharing\">KIK-i projekt 2018\/2019<\/a><\/p>\n<p>\n\n\n\n<\/p>\n<p><a href=\"http:\/\/vpmk.edu.ee\/uncategorized\/kik-projekti-raames-kulastasid-9-a-ja-9-b-klassi-opilased-vapramae-loodusmaja\/\">KIK projekti raames k\u00fclastasid 9.a ja 9.b klassi \u00f5pilased Vapram\u00e4e Loodusmaja<\/a><\/p>\n<p>\n\n\n\n<\/p>\n<p><a href=\"http:\/\/vpmk.edu.ee\/uncategorized\/2-aprillil-kaisid-2-a-2-b-ja-opiraskustega-opilaste-klass-tartumaal-vitipalus-kik-oppeprogrammil-kobras\/\">2.a, 2.b ja \u00f5piraskustega \u00f5pilaste klass k\u00e4isid Tartumaal Vitipalus KIK \u00f5ppeprogrammil Kobras<\/a><\/p>\n<p>\n\n\n<\/p>\n\n\n<p><\/p>\n","protected":false},"excerpt":{"rendered":"<p>\u00d5ppeprogrammid 2022\/2023 KIK-i projekt 2021\/2022 KIK-i projekt 2020\/2021 KIK-i projekt 2019\/2020Projekt ,,Sinas\u00f5braks loodusega meie \u00fcmber&#187; KIK-i projekt 2016\/2017 V\u00f5rtsj\u00e4rve kalade programmFotogalerii Huvitav \u00f5ppeekskursioon KIK-i projekt 2017\/2018 KIK-i projekt 2018\/2019 KIK projekti raames k\u00fclastasid 9.a ja 9.b klassi \u00f5pilased Vapram\u00e4e Loodusmaja 2.a, 2.b ja \u00f5piraskustega \u00f5pilaste klass k\u00e4isid Tartumaal Vitipalus KIK \u00f5ppeprogrammil Kobras<\/p>\n","protected":false},"author":3,"featured_media":0,"parent":0,"menu_order":0,"comment_status":"closed","ping_status":"closed","template":"","meta":{"footnotes":""},"class_list":["post-8867","page","type-page","status-publish","hentry"],"translation":{"provider":"WPGlobus","version":"3.0.1","language":"ru","enabled_languages":["ee","ru"],"languages":{"ee":{"title":true,"content":true,"excerpt":false},"ru":{"title":false,"content":false,"excerpt":false}}},"yoast_head":"<!-- This site is optimized with the Yoast SEO plugin v26.7 - https:\/\/yoast.com\/wordpress\/plugins\/seo\/ -->\n<title>KIK arhiiv - \u0412\u0430\u043b\u0433\u0430\u0441\u043a\u0430\u044f \u0448\u043a\u043e\u043b\u0430 \u041f\u0440\u0438\u0439\u043c\u0435\u0442\u0441\u0430<\/title>\n<meta name=\"robots\" content=\"index, follow, max-snippet:-1, max-image-preview:large, max-video-preview:-1\" \/>\n<link rel=\"canonical\" href=\"http:\/\/vpmk.edu.ee\/kik-arhiiv\/\" \/>\n<meta property=\"og:locale\" content=\"ru_RU\" \/>\n<meta property=\"og:type\" content=\"article\" \/>\n<meta property=\"og:title\" content=\"KIK arhiiv - \u0412\u0430\u043b\u0433\u0430\u0441\u043a\u0430\u044f \u0448\u043a\u043e\u043b\u0430 \u041f\u0440\u0438\u0439\u043c\u0435\u0442\u0441\u0430\" \/>\n<meta property=\"og:url\" content=\"http:\/\/vpmk.edu.ee\/kik-arhiiv\/\" \/>\n<meta property=\"og:site_name\" content=\"\u0412\u0430\u043b\u0433\u0430\u0441\u043a\u0430\u044f \u0448\u043a\u043e\u043b\u0430 \u041f\u0440\u0438\u0439\u043c\u0435\u0442\u0441\u0430\" \/>\n<meta property=\"article:modified_time\" content=\"2025-02-25T07:08:54+00:00\" \/>\n<meta property=\"og:image\" content=\"http:\/\/vpmk.edu.ee\/wp-content\/uploads\/2023\/02\/Valga-Priimetsa-Kool-\u2013-logoks-3.png\" \/>\n\t<meta property=\"og:image:width\" content=\"3044\" \/>\n\t<meta property=\"og:image:height\" content=\"2776\" \/>\n\t<meta property=\"og:image:type\" content=\"image\/png\" \/>\n<meta name=\"twitter:card\" content=\"summary_large_image\" \/>\n<meta name=\"twitter:label1\" content=\"\u041f\u0440\u0438\u043c\u0435\u0440\u043d\u043e\u0435 \u0432\u0440\u0435\u043c\u044f \u0434\u043b\u044f \u0447\u0442\u0435\u043d\u0438\u044f\" \/>\n\t<meta name=\"twitter:data1\" content=\"1 \u043c\u0438\u043d\u0443\u0442\u0430\" \/>\n<script type=\"application\/ld+json\" class=\"yoast-schema-graph\">{\"@context\":\"https:\/\/schema.org\",\"@graph\":[{\"@type\":\"WebPage\",\"@id\":\"http:\/\/vpmk.edu.ee\/kik-arhiiv\/\",\"url\":\"http:\/\/vpmk.edu.ee\/kik-arhiiv\/\",\"name\":\"KIK arhiiv - \u0412\u0430\u043b\u0433\u0430\u0441\u043a\u0430\u044f \u0448\u043a\u043e\u043b\u0430 \u041f\u0440\u0438\u0439\u043c\u0435\u0442\u0441\u0430\",\"isPartOf\":{\"@id\":\"https:\/\/vpmk.edu.ee\/ru\/#website\"},\"datePublished\":\"2021-11-22T08:38:23+00:00\",\"dateModified\":\"2025-02-25T07:08:54+00:00\",\"breadcrumb\":{\"@id\":\"http:\/\/vpmk.edu.ee\/kik-arhiiv\/#breadcrumb\"},\"inLanguage\":\"ru-RU\",\"potentialAction\":[{\"@type\":\"ReadAction\",\"target\":[\"http:\/\/vpmk.edu.ee\/kik-arhiiv\/\"]}]},{\"@type\":\"BreadcrumbList\",\"@id\":\"http:\/\/vpmk.edu.ee\/kik-arhiiv\/#breadcrumb\",\"itemListElement\":[{\"@type\":\"ListItem\",\"position\":1,\"name\":\"Home\",\"item\":\"https:\/\/vpmk.edu.ee\/ru\/\"},{\"@type\":\"ListItem\",\"position\":2,\"name\":\"KIK arhiiv\"}]},{\"@type\":\"WebSite\",\"@id\":\"https:\/\/vpmk.edu.ee\/ru\/#website\",\"url\":\"https:\/\/vpmk.edu.ee\/ru\/\",\"name\":\"\u0412\u0430\u043b\u0433\u0430\u0441\u043a\u0430\u044f \u0448\u043a\u043e\u043b\u0430 \u041f\u0440\u0438\u0439\u043c\u0435\u0442\u0441\u0430\",\"description\":\"\",\"publisher\":{\"@id\":\"https:\/\/vpmk.edu.ee\/ru\/#organization\"},\"potentialAction\":[{\"@type\":\"SearchAction\",\"target\":{\"@type\":\"EntryPoint\",\"urlTemplate\":\"https:\/\/vpmk.edu.ee\/ru\/?s={search_term_string}\"},\"query-input\":{\"@type\":\"PropertyValueSpecification\",\"valueRequired\":true,\"valueName\":\"search_term_string\"}}],\"inLanguage\":\"ru-RU\"},{\"@type\":\"Organization\",\"@id\":\"https:\/\/vpmk.edu.ee\/ru\/#organization\",\"name\":\"\u0412\u0430\u043b\u0433\u0430\u0441\u043a\u0430\u044f \u0448\u043a\u043e\u043b\u0430 \u041f\u0440\u0438\u0439\u043c\u0435\u0442\u0441\u0430\",\"url\":\"https:\/\/vpmk.edu.ee\/ru\/\",\"logo\":{\"@type\":\"ImageObject\",\"inLanguage\":\"ru-RU\",\"@id\":\"https:\/\/vpmk.edu.ee\/ru\/#\/schema\/logo\/image\/\",\"url\":\"http:\/\/vpmk.edu.ee\/wp-content\/uploads\/2023\/02\/cropped-cropped-Valga-Priimetsa-Kool-\u2013-logoks-1.png\",\"contentUrl\":\"http:\/\/vpmk.edu.ee\/wp-content\/uploads\/2023\/02\/cropped-cropped-Valga-Priimetsa-Kool-\u2013-logoks-1.png\",\"width\":2058,\"height\":1615,\"caption\":\"\u0412\u0430\u043b\u0433\u0430\u0441\u043a\u0430\u044f \u0448\u043a\u043e\u043b\u0430 \u041f\u0440\u0438\u0439\u043c\u0435\u0442\u0441\u0430\"},\"image\":{\"@id\":\"https:\/\/vpmk.edu.ee\/ru\/#\/schema\/logo\/image\/\"}}]}<\/script>\n<!-- \/ Yoast SEO plugin. -->","yoast_head_json":{"title":"KIK arhiiv - \u0412\u0430\u043b\u0433\u0430\u0441\u043a\u0430\u044f \u0448\u043a\u043e\u043b\u0430 \u041f\u0440\u0438\u0439\u043c\u0435\u0442\u0441\u0430","robots":{"index":"index","follow":"follow","max-snippet":"max-snippet:-1","max-image-preview":"max-image-preview:large","max-video-preview":"max-video-preview:-1"},"canonical":"http:\/\/vpmk.edu.ee\/kik-arhiiv\/","og_locale":"ru_RU","og_type":"article","og_title":"KIK arhiiv - \u0412\u0430\u043b\u0433\u0430\u0441\u043a\u0430\u044f \u0448\u043a\u043e\u043b\u0430 \u041f\u0440\u0438\u0439\u043c\u0435\u0442\u0441\u0430","og_url":"http:\/\/vpmk.edu.ee\/kik-arhiiv\/","og_site_name":"\u0412\u0430\u043b\u0433\u0430\u0441\u043a\u0430\u044f \u0448\u043a\u043e\u043b\u0430 \u041f\u0440\u0438\u0439\u043c\u0435\u0442\u0441\u0430","article_modified_time":"2025-02-25T07:08:54+00:00","og_image":[{"width":3044,"height":2776,"url":"http:\/\/vpmk.edu.ee\/wp-content\/uploads\/2023\/02\/Valga-Priimetsa-Kool-\u2013-logoks-3.png","type":"image\/png"}],"twitter_card":"summary_large_image","twitter_misc":{"\u041f\u0440\u0438\u043c\u0435\u0440\u043d\u043e\u0435 \u0432\u0440\u0435\u043c\u044f \u0434\u043b\u044f \u0447\u0442\u0435\u043d\u0438\u044f":"1 \u043c\u0438\u043d\u0443\u0442\u0430"},"schema":{"@context":"https:\/\/schema.org","@graph":[{"@type":"WebPage","@id":"http:\/\/vpmk.edu.ee\/kik-arhiiv\/","url":"http:\/\/vpmk.edu.ee\/kik-arhiiv\/","name":"KIK arhiiv - \u0412\u0430\u043b\u0433\u0430\u0441\u043a\u0430\u044f \u0448\u043a\u043e\u043b\u0430 \u041f\u0440\u0438\u0439\u043c\u0435\u0442\u0441\u0430","isPartOf":{"@id":"https:\/\/vpmk.edu.ee\/ru\/#website"},"datePublished":"2021-11-22T08:38:23+00:00","dateModified":"2025-02-25T07:08:54+00:00","breadcrumb":{"@id":"http:\/\/vpmk.edu.ee\/kik-arhiiv\/#breadcrumb"},"inLanguage":"ru-RU","potentialAction":[{"@type":"ReadAction","target":["http:\/\/vpmk.edu.ee\/kik-arhiiv\/"]}]},{"@type":"BreadcrumbList","@id":"http:\/\/vpmk.edu.ee\/kik-arhiiv\/#breadcrumb","itemListElement":[{"@type":"ListItem","position":1,"name":"Home","item":"https:\/\/vpmk.edu.ee\/ru\/"},{"@type":"ListItem","position":2,"name":"KIK arhiiv"}]},{"@type":"WebSite","@id":"https:\/\/vpmk.edu.ee\/ru\/#website","url":"https:\/\/vpmk.edu.ee\/ru\/","name":"\u0412\u0430\u043b\u0433\u0430\u0441\u043a\u0430\u044f \u0448\u043a\u043e\u043b\u0430 \u041f\u0440\u0438\u0439\u043c\u0435\u0442\u0441\u0430","description":"","publisher":{"@id":"https:\/\/vpmk.edu.ee\/ru\/#organization"},"potentialAction":[{"@type":"SearchAction","target":{"@type":"EntryPoint","urlTemplate":"https:\/\/vpmk.edu.ee\/ru\/?s={search_term_string}"},"query-input":{"@type":"PropertyValueSpecification","valueRequired":true,"valueName":"search_term_string"}}],"inLanguage":"ru-RU"},{"@type":"Organization","@id":"https:\/\/vpmk.edu.ee\/ru\/#organization","name":"\u0412\u0430\u043b\u0433\u0430\u0441\u043a\u0430\u044f \u0448\u043a\u043e\u043b\u0430 \u041f\u0440\u0438\u0439\u043c\u0435\u0442\u0441\u0430","url":"https:\/\/vpmk.edu.ee\/ru\/","logo":{"@type":"ImageObject","inLanguage":"ru-RU","@id":"https:\/\/vpmk.edu.ee\/ru\/#\/schema\/logo\/image\/","url":"http:\/\/vpmk.edu.ee\/wp-content\/uploads\/2023\/02\/cropped-cropped-Valga-Priimetsa-Kool-\u2013-logoks-1.png","contentUrl":"http:\/\/vpmk.edu.ee\/wp-content\/uploads\/2023\/02\/cropped-cropped-Valga-Priimetsa-Kool-\u2013-logoks-1.png","width":2058,"height":1615,"caption":"\u0412\u0430\u043b\u0433\u0430\u0441\u043a\u0430\u044f \u0448\u043a\u043e\u043b\u0430 \u041f\u0440\u0438\u0439\u043c\u0435\u0442\u0441\u0430"},"image":{"@id":"https:\/\/vpmk.edu.ee\/ru\/#\/schema\/logo\/image\/"}}]}},"_links":{"self":[{"href":"http:\/\/vpmk.edu.ee\/ru\/wp-json\/wp\/v2\/pages\/8867","targetHints":{"allow":["GET"]}}],"collection":[{"href":"http:\/\/vpmk.edu.ee\/ru\/wp-json\/wp\/v2\/pages"}],"about":[{"href":"http:\/\/vpmk.edu.ee\/ru\/wp-json\/wp\/v2\/types\/page"}],"author":[{"embeddable":true,"href":"http:\/\/vpmk.edu.ee\/ru\/wp-json\/wp\/v2\/users\/3"}],"replies":[{"embeddable":true,"href":"http:\/\/vpmk.edu.ee\/ru\/wp-json\/wp\/v2\/comments?post=8867"}],"version-history":[{"count":3,"href":"http:\/\/vpmk.edu.ee\/ru\/wp-json\/wp\/v2\/pages\/8867\/revisions"}],"predecessor-version":[{"id":11909,"href":"http:\/\/vpmk.edu.ee\/ru\/wp-json\/wp\/v2\/pages\/8867\/revisions\/11909"}],"wp:attachment":[{"href":"http:\/\/vpmk.edu.ee\/ru\/wp-json\/wp\/v2\/media?parent=8867"}],"curies":[{"name":"wp","href":"https:\/\/api.w.org\/{rel}","templated":true}]}}