{"id":5592,"date":"2018-11-25T13:29:48","date_gmt":"2018-11-25T10:29:48","guid":{"rendered":"http:\/\/vpmk.edu.ee\/?page_id=5592"},"modified":"2019-06-25T09:46:31","modified_gmt":"2019-06-25T06:46:31","slug":"3-trimester-4-03-2019-11-06-2019","status":"publish","type":"page","link":"http:\/\/vpmk.edu.ee\/ru\/3-trimester-4-03-2019-11-06-2019\/","title":{"rendered":"3. trimester  4.03.2019 \u2013 11.06.2019"},"content":{"rendered":"<p>6. m\u00e4rtsil toimus\u00a0 lahtiste uste p\u00e4ev keelek\u00fcmbluse klassides<\/p>\n<p><span style=\"font-size: 16px;\">7. m\u00e4rtsil osalesid 8.-9. klassid haridusmessil VALI NUTIKALT Kultuuri- ja Huvialakeskuses<\/span><\/p>\n<p>7. m\u00e4rtsil osalesid 4A ja 5A klassi \u00f5pilased maakondlikul &#171;Spelling bee&#187; v\u00f5istlusel<\/p>\n<p>7. m\u00e4rtsil kell 11.00 etendus kooliaulas teater Tuuleveski\u00a0 etendus&#187;\u041a\u043e\u043d\u0451\u043a &#8212; \u0413\u043e\u0440\u0431\u0443\u043d\u043e\u043a&#187;<\/p>\n<p>8.m\u00e4rtsil osalesid 9ndate klasside \u00f5pilased karj\u00e4\u00e4ri eelkutse\u00f5ppep\u00e4eval\u00a0 Valga G\u00fcmnaasiumis ja Valga Kutse\u00f5ppekeskuses<\/p>\n<p><a href=\"http:\/\/vpmk.edu.ee\/uncategorized\/k%D0%BE%D0%BD%D0%BA%D1%83%D1%80%D1%81-%D0%B0-%D0%BD%D1%83-%D0%BA%D0%B0-%D0%B4%D0%B5%D0%B2%D0%BE%D1%87%D0%BA%D0%B8\/\">8 \u043c\u0430\u0440\u0442\u0430 \u0434\u043b\u044f 1-5 \u043a\u043b\u0430\u0441\u0441\u043e\u0432 \u043f\u0440\u043e\u0432\u043e\u0434\u0438\u043b\u0441\u044f \u043a\u043e\u043d\u043a\u0443\u0440\u0441 \u00ab\u0410 \u043d\u0443-\u043a\u0430, \u0434\u0435\u0432\u043e\u0447\u043a\u0438\u00bb<\/a><\/p>\n<p><a href=\"http:\/\/vpmk.edu.ee\/uncategorized\/%D1%83%D1%87%D0%B5%D0%BD%D0%B8%D0%BA%D0%B8-t-o-r-e-%D0%BE%D1%80%D0%B3%D0%B0%D0%BD%D0%B8%D0%B7%D0%BE%D0%B2%D0%B0%D0%BB%D0%B8-%D0%B8-%D0%BF%D1%80%D0%BE%D0%B2%D0%B5%D0%BB%D0%B8-%D1%8F%D1%80%D0%BC%D0%B0\/\">12 \u043c\u0430\u0440\u0442\u0430 \u0443\u0447\u0435\u043d\u0438\u043a\u0438 T.O.R.E. \u043e\u0440\u0433\u0430\u043d\u0438\u0437\u043e\u0432\u0430\u043b\u0438 \u0438 \u043f\u0440\u043e\u0432\u0435\u043b\u0438 \u044f\u0440\u043c\u0430\u0440\u043a\u0443<\/a><\/p>\n<p><a href=\"http:\/\/vpmk.edu.ee\/uncategorized\/6114\/\">14. m\u00e4rtsil kell 13.00 kooliaulas vene kirjaniku ja luuletaja Aleksander Pu\u0161kini 220. s\u00fcnnip\u00e4evale p\u00fchendatud \u00fcritus 5.-9.klassidele<\/a><\/p>\n<p><a href=\"http:\/\/vpmk.edu.ee\/uncategorized\/%D1%83%D1%87%D0%B0%D1%81%D1%82%D0%B8%D0%B5-%D0%B2-%D0%B8%D0%BD%D1%82%D0%B5%D0%BB%D0%BB%D0%B5%D0%BA%D1%82%D1%83%D0%B0%D0%BB%D1%8C%D0%BD%D0%BE%D0%B9-%D0%B8%D0%B3%D1%80%D0%B5-%D0%BF%D0%BE-%D0%BF%D0%BE\/\">\u0423\u0447\u0430\u0441\u0442\u0438\u0435 \u0432 \u0438\u043d\u0442\u0435\u043b\u043b\u0435\u043a\u0442\u0443\u0430\u043b\u044c\u043d\u043e\u0439 \u0438\u0433\u0440\u0435 \u043f\u043e \u043f\u043e\u0432\u0435\u0441\u0442\u0438 \u0410. \u0421. \u041f\u0443\u0448\u043a\u0438\u043d\u0430 \u00ab\u041a\u0430\u043f\u0438\u0442\u0430\u043d\u0441\u043a\u0430\u044f \u0434\u043e\u0447\u043a\u0430\u00bb<\/a><\/p>\n<p><a href=\"http:\/\/vpmk.edu.ee\/uncategorized\/20-%D0%BC%D0%B0%D1%80%D1%82%D0%B0-2019-%D0%B3%D0%BE%D0%B4%D0%B0-%D0%BF%D1%80%D0%BE%D1%85%D0%BE%D0%B4%D0%B8%D0%BB-%D1%83%D0%B5%D0%B7%D0%B4%D0%BD%D1%8B%D0%B9-%D1%84%D0%B5%D1%81%D1%82%D0%B8%D0%B2%D0%B0\/\">20 \u043c\u0430\u0440\u0442\u0430 2019 \u0433\u043e\u0434\u0430 \u043f\u0440\u043e\u0445\u043e\u0434\u0438\u043b \u0443\u0435\u0437\u0434\u043d\u044b\u0439 \u0444\u0435\u0441\u0442\u0438\u0432\u0430\u043b\u044c \u0442\u0435\u0430\u0442\u0440\u043e\u0432<\/a><\/p>\n<p><a href=\"http:\/\/vpmk.edu.ee\/uncategorized\/kik-projekti-raames-kulastasid-9-a-ja-9-b-klassi-opilased-vapramae-loodusmaja\/\">KIK projekti raames k\u00fclastasid 9.a ja 9.b klassi \u00f5pilased Vapram\u00e4e Loodusmaja<\/a><\/p>\n<p><a href=\"https:\/\/photos.app.goo.gl\/AZwaBwmKoyexQrmn9\">Etendus \u00ab\u0410\u043b\u044b\u0435 \u043f\u0430\u0440\u0443\u0441\u0430\u00bb Valga Priimetsa Koolis 28.03.2019<\/a><\/p>\n<p><a href=\"http:\/\/vpmk.edu.ee\/uncategorized\/%D1%82%D1%83%D1%80%D0%BD%D0%B8%D1%80-%D0%BF%D0%BE-%D0%B8%D0%B3%D1%80%D0%B5-%D0%B2-%D1%88%D0%B0%D1%88%D0%BA%D0%B8\/\">\u0422\u0443\u0440\u043d\u0438\u0440 \u043f\u043e \u0438\u0433\u0440\u0435 \u0432 \u0448\u0430\u0448\u043a\u0438<\/a><\/p>\n<p><a href=\"http:\/\/vpmk.edu.ee\/uncategorized\/2-aprillil-kaisid-2-a-2-b-ja-opiraskustega-opilaste-klass-tartumaal-vitipalus-kik-oppeprogrammil-kobras\/\">2.a, 2.b ja \u00f5piraskustega \u00f5pilaste klass k\u00e4isid Tartumaal Vitipalus KIK \u00f5ppeprogrammil Kobras<\/a><\/p>\n<p><a href=\"http:\/\/vpmk.edu.ee\/uncategorized\/%D0%BA%D0%BE%D0%BD%D0%BA%D1%83%D1%80%D1%81-%D1%87%D1%82%D0%B5%D1%86%D0%BE%D0%B2-%D0%B4%D0%B5%D0%BA%D0%BB%D0%B0%D0%BC%D0%B0%D1%82%D0%BE%D1%80%D0%BE%D0%B2-%D0%B2-%D0%BC%D1%83%D1%81%D1%82%D0%B2%D0%B5\/\">\u041a\u043e\u043d\u043a\u0443\u0440\u0441 \u0447\u0442\u0435\u0446\u043e\u0432-\u0434\u0435\u043a\u043b\u0430\u043c\u0430\u0442\u043e\u0440\u043e\u0432 \u0432 \u041c\u0443\u0441\u0442\u0432\u0435\u044d<\/a><\/p>\n<p>9.aprillil kell 13.00 toimus \u00f5pilasesinduse \u00fcldkoosolek. Tehti kokkuv\u00f5te 2018\/2019. \u00f5ppeaasta t\u00f6\u00f6st ja\u00a0 kinnitati \u00f5pilasesinduse koosseis 2019\/2020. \u00f5ppeaastaks.<\/p>\n<p><a href=\"http:\/\/vpmk.edu.ee\/uncategorized\/6141\/\">12. aprillil toimus Ernst Ennole p\u00fchendatud luulekonkurss<\/a><\/p>\n<p>17.aprillil toimus meie koolis Valga Priimetsa Kooli, Valga G\u00fcmnaasiumi, Valga P\u00f5hikooli ja Valgamaa Kutse\u00f5ppekeskuse \u00d5PILASESINDUSTE KOOST\u00d6\u00d6P\u00c4EV &#171;Kuidas leida motivatsiooni ja teha meeskonnat\u00f6\u00f6d&#187;.\u00a0 <a href=\"http:\/\/vpmk.edu.ee\/uncategorized\/6242\/\">LOE EDASI:<\/a><\/p>\n<p>30.aprillil k\u00fclastasid 7B ja 8B\u00a0 klasside \u00f5pilased KIK-i projekti raames\u00a0 Vapram\u00e4e Loodusmaja.<\/p>\n<p>2.mail toimus TEEME \u00c4RA&#187; talgup\u00e4ev.\u00a0<a href=\"http:\/\/vpmk.edu.ee\/uncategorized\/koolipere-vottis-osa-ule-eestilisest-talgupaevast-teeme-ara\/\">LOE EDASI<\/a><\/p>\n<p>3. mail osalesid 8.-9. klasside 22 \u00f5pilast Tallinnas oskuste festivalil NOOR MEISTER.\u00a0<a href=\"http:\/\/vpmk.edu.ee\/uncategorized\/8-ja-9-klassid-osalesid-oskuste-festivalil-noor-meister-2019\/\">LOE EDASI<\/a><\/p>\n<p>3. mail osalesid 3A, 5B ja 6B klasside \u00f5pilased KIK-i projekti raames\u00a0 \u00f5ppeprogrammides Vapram\u00e4e Loodusmajas. \u00d5piti tundma vee- ja mullaelustikku ning kodukoha linde.<\/p>\n<p>6. mail k\u00e4isid 5A, 5B, 6B, 7B, 8A ja 8B klassi \u00f5pilased metsap\u00e4eval.\u00a0<a href=\"http:\/\/vpmk.edu.ee\/uncategorized\/opilased-istutasid-metsa-2\/\">LOE EDASI<\/a><\/p>\n<p>7. mail toimus T\u00c4NUAKTUS.\u00a0<a href=\"http:\/\/vpmk.edu.ee\/uncategorized\/kool-tanas-tublimaid\/\">LOE EDASI<\/a><\/p>\n<p><a href=\"http:\/\/vpmk.edu.ee\/uncategorized\/7-mail-mail-2019-toimusid-valgamaa-koolide-algklasside-klassivoistkondade-maastikuteatejooksu-karikavoistlused\/\">7. mail toimusid Valgamaa koolide algklasside klassiv\u00f5istkondade maastikuteatejooksu karikav\u00f5istlused<\/a><\/p>\n<p><a href=\"http:\/\/vpmk.edu.ee\/uncategorized\/09-05-2019-toimus-ule-eesti-heategevuslik-teatejooks\/\">9. mail toimus \u00fcle Eesti heategevuslik teatejooks<\/a><\/p>\n<p><a href=\"http:\/\/vpmk.edu.ee\/uncategorized\/17-%D0%BC%D0%B0%D1%8F-%D1%83%D1%87%D0%B0%D1%81%D1%82%D0%BD%D0%B8%D0%BA%D0%B8-%D0%BC%D0%BE%D0%BB%D0%BE%D0%B4%D1%91%D0%B6%D0%BD%D0%BE%D0%B3%D0%BE-%D0%B4%D0%B2%D0%B8%D0%B6%D0%B5%D0%BD%D0%B8%D1%8F-t-o-r\/\">17 \u043c\u0430\u044f \u0443\u0447\u0430\u0441\u0442\u043d\u0438\u043a\u0438 \u043c\u043e\u043b\u043e\u0434\u0451\u0436\u043d\u043e\u0433\u043e \u0434\u0432\u0438\u0436\u0435\u043d\u0438\u044f T.O.R.E. \u0432\u043e\u043b\u043e\u0441\u0442\u0438 \u0412\u0430\u043b\u0433\u0430 \u043f\u043e\u0431\u044b\u0432\u0430\u043b\u0438 \u0432 \u0433.\u0422\u044b\u0440\u0432\u0430 \u043d\u0430 \u0414\u043d\u0435 \u0421\u043e\u0442\u0440\u0443\u0434\u043d\u0438\u0447\u0435\u0441\u0442\u0432\u0430<\/a><\/p>\n<p><a href=\"http:\/\/vpmk.edu.ee\/uncategorized\/20-mail-esinesid-koolis-eksootilised-kulalised\/\">20. mail esinesid koolis eksootilised k\u00fclalised<\/a><\/p>\n<p><a href=\"http:\/\/vpmk.edu.ee\/uncategorized\/tublid-metsaistutajad-kaisid-tanueksursioonil\/\">Tublid metsaistutajad k\u00e4isid t\u00e4nueksursioonil<\/a><\/p>\n<p><a href=\"http:\/\/vpmk.edu.ee\/uncategorized\/21-mail-toimus-valga-gumnaasiumis-opilasesinduste-meeskonnatreening\/\">21.mail toimus Valga G\u00fcmnaasiumis \u00f5pilasesinduste meeskonnatreening<\/a><\/p>\n<p><a href=\"http:\/\/vpmk.edu.ee\/uncategorized\/%D1%81-3-%D0%BF%D0%BE-7-%D0%B8%D1%8E%D0%BD%D1%8F-%D0%B2-%D0%BD%D0%B0%D1%88%D0%B5%D0%B9-%D1%88%D0%BA%D0%BE%D0%BB%D0%B5-%D0%B2%D0%BF%D0%B5%D1%80%D0%B2%D1%8B%D0%B5-%D0%B1%D1%83%D0%B4%D0%B5%D1%82-%D0%BF\/\">\u0421 3 \u043f\u043e 7 \u0438\u044e\u043d\u044f \u0432 \u043d\u0430\u0448\u0435\u0439 \u0448\u043a\u043e\u043b\u0435 \u043f\u0440\u043e\u0435\u043a\u0442\u043d\u0430\u044f \u043d\u0435\u0434\u0435\u043b\u044f<\/a><\/p>\n<p><a href=\"http:\/\/vpmk.edu.ee\/uncategorized\/22-%D0%BC%D0%B0%D1%8F-%D0%B2-%D1%87%D0%B5%D1%82%D0%B2%D1%91%D1%80%D1%82%D1%8B%D0%B9-%D1%80%D0%B0%D0%B7-%D0%B2-%D0%BE%D1%81%D0%BD%D0%BE%D0%B2%D0%BD%D0%BE%D0%B9-%D1%88%D0%BA%D0%BE%D0%BB%D0%B5-%D0%B3\/\">22 \u043c\u0430\u044f \u0432 \u041e\u0441\u043d\u043e\u0432\u043d\u043e\u0439 \u0448\u043a\u043e\u043b\u0435 \u0433.\u0412\u0430\u043b\u0433\u0430 \u0441\u043e\u0441\u0442\u043e\u044f\u043b\u0430\u0441\u044c \u0443\u0447\u0435\u043d\u0438\u0447\u0435\u0441\u043a\u0430\u044f \u043a\u043e\u043d\u0444\u0435\u0440\u0435\u043d\u0446\u0438\u044f, \u043f\u043e\u0441\u0432\u044f\u0449\u0435\u043d\u043d\u0430\u044f \u0425\u0430\u043d\u0441\u0443 \u042d\u0439\u043d\u0435\u0440\u0443<\/a><\/p>\n<p><a href=\"http:\/\/vpmk.edu.ee\/uncategorized\/%D0%BF%D1%80%D0%B8%D1%91%D0%BC-%D1%83-%D0%B4%D0%B8%D1%80%D0%B5%D0%BA%D1%82%D0%BE%D1%80%D0%B0-%D1%83%D1%81%D0%BF%D0%B5%D1%88%D0%BD%D1%8B%D1%85-%D1%83%D1%87%D0%B5%D0%BD%D0%B8%D0%BA%D0%BE%D0%B2-%D0%B2\/\">23.05.2019 \u041f\u0440\u0438\u0451\u043c \u0443 \u0434\u0438\u0440\u0435\u043a\u0442\u043e\u0440\u0430 \u0443\u0441\u043f\u0435\u0448\u043d\u044b\u0445 \u0443\u0447\u0435\u043d\u0438\u043a\u043e\u0432 \u0432 \u0443\u0447\u0451\u0431\u0435, \u0441\u043f\u043e\u0440\u0442\u0435, \u043e\u0431\u0449\u0435\u0441\u0442\u0432\u0435\u043d\u043d\u043e\u0439 \u0440\u0430\u0431\u043e\u0442\u0435 \u0432\u043c\u0435\u0441\u0442\u0435 \u0440\u043e\u0434\u0438\u0442\u0435\u043b\u044f\u043c\u0438<\/a><\/p>\n<p>25. mail <a href=\"http:\/\/vpmk.edu.ee\/uncategorized\/meie-noored-osalesid-linna-talgupaeval\/\">osalesid meie noored linna talgup\u00e4eval<\/a><\/p>\n<p>27. mail <a href=\"http:\/\/vpmk.edu.ee\/uncategorized\/parimate-loovtoode-konverents\/\">Parimate loovt\u00f6\u00f6de konverents<\/a><\/p>\n<p><a href=\"http:\/\/vpmk.edu.ee\/uncategorized\/valgamaa-koolinoorte-kergejoustiku-meistrivoistlused\/\">23. mail Valgamaa koolinoorte kergej\u00f5ustiku meistriv\u00f5istlused<\/a><\/p>\n<p><a href=\"http:\/\/vpmk.edu.ee\/uncategorized\/9-klasside-viimane-koolikell\/\">30. mail &#8212; 9. klasside viimane KOOLIKELL<\/a><\/p>\n<p class=\"entry-title\">\u0421 3 \u043f\u043e 7 \u0438\u044e\u043d\u044f \u0432 \u043d\u0430\u0448\u0435\u0439 \u0448\u043a\u043e\u043b\u0435 \u043f\u0440\u043e\u0432\u043e\u0434\u0438\u043b\u0430\u0441\u044c \u043f\u0440\u043e\u0435\u043a\u0442\u043d\u0430\u044f \u043d\u0435\u0434\u0435\u043b\u044f.<\/p>\n<p><a href=\"https:\/\/drive.google.com\/file\/d\/1Y2vhUrwSWkWT5BYH34bBO7rxlncxGFAj\/view?usp=sharing\">LOE EDASI<\/a><\/p>\n<p><a href=\"https:\/\/photos.app.goo.gl\/xB7SvcbF9EdNtEPF7\">FOTOGALERII<\/a><\/p>\n<p>10.juunil kell 10.00 toimus PROJEKTIN\u00c4DALA KONVERENTS.<\/p>\n<p>11. juunil &#8212; 2018.\/2019. \u00f5ppeaasta VIIMANE KOOLIP\u00c4EV<\/p>\n<p>21. juunil kell 16.00 &#8212; 9. klasside L\u00d5PUAKTUS<\/p>\n","protected":false},"excerpt":{"rendered":"<p>6. m\u00e4rtsil toimus\u00a0 lahtiste uste p\u00e4ev keelek\u00fcmbluse klassides 7. m\u00e4rtsil osalesid 8.-9. klassid haridusmessil VALI NUTIKALT Kultuuri- ja Huvialakeskuses 7. m\u00e4rtsil osalesid 4A ja 5A klassi \u00f5pilased maakondlikul &#171;Spelling bee&#187; v\u00f5istlusel 7. m\u00e4rtsil kell 11.00 etendus kooliaulas teater Tuuleveski\u00a0 etendus&#187;\u041a\u043e\u043d\u0451\u043a &#8212; \u0413\u043e\u0440\u0431\u0443\u043d\u043e\u043a&#187; 8.m\u00e4rtsil osalesid 9ndate klasside \u00f5pilased karj\u00e4\u00e4ri eelkutse\u00f5ppep\u00e4eval\u00a0 Valga G\u00fcmnaasiumis ja Valga Kutse\u00f5ppekeskuses 8 &#8230; <a href=\"http:\/\/vpmk.edu.ee\/ru\/3-trimester-4-03-2019-11-06-2019\/\" class=\"more-link\">Loe edasi<span class=\"screen-reader-text\"> &#171;3. trimester  4.03.2019 \u2013 11.06.2019&#187;<\/span> &raquo;<\/a><\/p>\n","protected":false},"author":3,"featured_media":0,"parent":0,"menu_order":0,"comment_status":"closed","ping_status":"closed","template":"","meta":{"footnotes":""},"class_list":["post-5592","page","type-page","status-publish","hentry"],"translation":{"provider":"WPGlobus","version":"3.0.1","language":"ru","enabled_languages":["ee","ru"],"languages":{"ee":{"title":true,"content":true,"excerpt":false},"ru":{"title":false,"content":false,"excerpt":false}}},"yoast_head":"<!-- This site is optimized with the Yoast SEO plugin v26.7 - https:\/\/yoast.com\/wordpress\/plugins\/seo\/ -->\n<title>3. trimester 4.03.2019 \u2013 11.06.2019 - \u0412\u0430\u043b\u0433\u0430\u0441\u043a\u0430\u044f \u0448\u043a\u043e\u043b\u0430 \u041f\u0440\u0438\u0439\u043c\u0435\u0442\u0441\u0430<\/title>\n<meta name=\"robots\" content=\"index, follow, max-snippet:-1, max-image-preview:large, max-video-preview:-1\" \/>\n<link rel=\"canonical\" href=\"http:\/\/vpmk.edu.ee\/3-trimester-4-03-2019-11-06-2019\/\" \/>\n<meta property=\"og:locale\" content=\"ru_RU\" \/>\n<meta property=\"og:type\" content=\"article\" \/>\n<meta property=\"og:title\" content=\"3. trimester 4.03.2019 \u2013 11.06.2019 - \u0412\u0430\u043b\u0433\u0430\u0441\u043a\u0430\u044f \u0448\u043a\u043e\u043b\u0430 \u041f\u0440\u0438\u0439\u043c\u0435\u0442\u0441\u0430\" \/>\n<meta property=\"og:url\" content=\"http:\/\/vpmk.edu.ee\/3-trimester-4-03-2019-11-06-2019\/\" \/>\n<meta property=\"og:site_name\" content=\"\u0412\u0430\u043b\u0433\u0430\u0441\u043a\u0430\u044f \u0448\u043a\u043e\u043b\u0430 \u041f\u0440\u0438\u0439\u043c\u0435\u0442\u0441\u0430\" \/>\n<meta property=\"article:modified_time\" content=\"2019-06-25T06:46:31+00:00\" \/>\n<meta property=\"og:image\" content=\"http:\/\/vpmk.edu.ee\/wp-content\/uploads\/2023\/02\/Valga-Priimetsa-Kool-\u2013-logoks-3.png\" \/>\n\t<meta property=\"og:image:width\" content=\"3044\" \/>\n\t<meta property=\"og:image:height\" content=\"2776\" \/>\n\t<meta property=\"og:image:type\" content=\"image\/png\" \/>\n<meta name=\"twitter:card\" content=\"summary_large_image\" \/>\n<meta name=\"twitter:label1\" content=\"\u041f\u0440\u0438\u043c\u0435\u0440\u043d\u043e\u0435 \u0432\u0440\u0435\u043c\u044f \u0434\u043b\u044f \u0447\u0442\u0435\u043d\u0438\u044f\" \/>\n\t<meta name=\"twitter:data1\" content=\"2 \u043c\u0438\u043d\u0443\u0442\u044b\" \/>\n<script type=\"application\/ld+json\" class=\"yoast-schema-graph\">{\"@context\":\"https:\/\/schema.org\",\"@graph\":[{\"@type\":\"WebPage\",\"@id\":\"http:\/\/vpmk.edu.ee\/3-trimester-4-03-2019-11-06-2019\/\",\"url\":\"http:\/\/vpmk.edu.ee\/3-trimester-4-03-2019-11-06-2019\/\",\"name\":\"3. trimester 4.03.2019 \u2013 11.06.2019 - \u0412\u0430\u043b\u0433\u0430\u0441\u043a\u0430\u044f \u0448\u043a\u043e\u043b\u0430 \u041f\u0440\u0438\u0439\u043c\u0435\u0442\u0441\u0430\",\"isPartOf\":{\"@id\":\"https:\/\/vpmk.edu.ee\/#website\"},\"datePublished\":\"2018-11-25T10:29:48+00:00\",\"dateModified\":\"2019-06-25T06:46:31+00:00\",\"breadcrumb\":{\"@id\":\"http:\/\/vpmk.edu.ee\/3-trimester-4-03-2019-11-06-2019\/#breadcrumb\"},\"inLanguage\":\"ru-RU\",\"potentialAction\":[{\"@type\":\"ReadAction\",\"target\":[\"http:\/\/vpmk.edu.ee\/3-trimester-4-03-2019-11-06-2019\/\"]}]},{\"@type\":\"BreadcrumbList\",\"@id\":\"http:\/\/vpmk.edu.ee\/3-trimester-4-03-2019-11-06-2019\/#breadcrumb\",\"itemListElement\":[{\"@type\":\"ListItem\",\"position\":1,\"name\":\"Home\",\"item\":\"https:\/\/vpmk.edu.ee\/\"},{\"@type\":\"ListItem\",\"position\":2,\"name\":\"3. trimester 4.03.2019 \u2013 11.06.2019\"}]},{\"@type\":\"WebSite\",\"@id\":\"https:\/\/vpmk.edu.ee\/#website\",\"url\":\"https:\/\/vpmk.edu.ee\/\",\"name\":\"\u0412\u0430\u043b\u0433\u0430\u0441\u043a\u0430\u044f \u0448\u043a\u043e\u043b\u0430 \u041f\u0440\u0438\u0439\u043c\u0435\u0442\u0441\u0430\",\"description\":\"\",\"publisher\":{\"@id\":\"https:\/\/vpmk.edu.ee\/#organization\"},\"potentialAction\":[{\"@type\":\"SearchAction\",\"target\":{\"@type\":\"EntryPoint\",\"urlTemplate\":\"https:\/\/vpmk.edu.ee\/?s={search_term_string}\"},\"query-input\":{\"@type\":\"PropertyValueSpecification\",\"valueRequired\":true,\"valueName\":\"search_term_string\"}}],\"inLanguage\":\"ru-RU\"},{\"@type\":\"Organization\",\"@id\":\"https:\/\/vpmk.edu.ee\/#organization\",\"name\":\"\u0412\u0430\u043b\u0433\u0430\u0441\u043a\u0430\u044f \u0448\u043a\u043e\u043b\u0430 \u041f\u0440\u0438\u0439\u043c\u0435\u0442\u0441\u0430\",\"url\":\"https:\/\/vpmk.edu.ee\/\",\"logo\":{\"@type\":\"ImageObject\",\"inLanguage\":\"ru-RU\",\"@id\":\"https:\/\/vpmk.edu.ee\/#\/schema\/logo\/image\/\",\"url\":\"http:\/\/vpmk.edu.ee\/wp-content\/uploads\/2023\/02\/cropped-cropped-Valga-Priimetsa-Kool-\u2013-logoks-1.png\",\"contentUrl\":\"http:\/\/vpmk.edu.ee\/wp-content\/uploads\/2023\/02\/cropped-cropped-Valga-Priimetsa-Kool-\u2013-logoks-1.png\",\"width\":2058,\"height\":1615,\"caption\":\"\u0412\u0430\u043b\u0433\u0430\u0441\u043a\u0430\u044f \u0448\u043a\u043e\u043b\u0430 \u041f\u0440\u0438\u0439\u043c\u0435\u0442\u0441\u0430\"},\"image\":{\"@id\":\"https:\/\/vpmk.edu.ee\/#\/schema\/logo\/image\/\"}}]}<\/script>\n<!-- \/ Yoast SEO plugin. -->","yoast_head_json":{"title":"3. trimester 4.03.2019 \u2013 11.06.2019 - \u0412\u0430\u043b\u0433\u0430\u0441\u043a\u0430\u044f \u0448\u043a\u043e\u043b\u0430 \u041f\u0440\u0438\u0439\u043c\u0435\u0442\u0441\u0430","robots":{"index":"index","follow":"follow","max-snippet":"max-snippet:-1","max-image-preview":"max-image-preview:large","max-video-preview":"max-video-preview:-1"},"canonical":"http:\/\/vpmk.edu.ee\/3-trimester-4-03-2019-11-06-2019\/","og_locale":"ru_RU","og_type":"article","og_title":"3. trimester 4.03.2019 \u2013 11.06.2019 - \u0412\u0430\u043b\u0433\u0430\u0441\u043a\u0430\u044f \u0448\u043a\u043e\u043b\u0430 \u041f\u0440\u0438\u0439\u043c\u0435\u0442\u0441\u0430","og_url":"http:\/\/vpmk.edu.ee\/3-trimester-4-03-2019-11-06-2019\/","og_site_name":"\u0412\u0430\u043b\u0433\u0430\u0441\u043a\u0430\u044f \u0448\u043a\u043e\u043b\u0430 \u041f\u0440\u0438\u0439\u043c\u0435\u0442\u0441\u0430","article_modified_time":"2019-06-25T06:46:31+00:00","og_image":[{"width":3044,"height":2776,"url":"http:\/\/vpmk.edu.ee\/wp-content\/uploads\/2023\/02\/Valga-Priimetsa-Kool-\u2013-logoks-3.png","type":"image\/png"}],"twitter_card":"summary_large_image","twitter_misc":{"\u041f\u0440\u0438\u043c\u0435\u0440\u043d\u043e\u0435 \u0432\u0440\u0435\u043c\u044f \u0434\u043b\u044f \u0447\u0442\u0435\u043d\u0438\u044f":"2 \u043c\u0438\u043d\u0443\u0442\u044b"},"schema":{"@context":"https:\/\/schema.org","@graph":[{"@type":"WebPage","@id":"http:\/\/vpmk.edu.ee\/3-trimester-4-03-2019-11-06-2019\/","url":"http:\/\/vpmk.edu.ee\/3-trimester-4-03-2019-11-06-2019\/","name":"3. trimester 4.03.2019 \u2013 11.06.2019 - \u0412\u0430\u043b\u0433\u0430\u0441\u043a\u0430\u044f \u0448\u043a\u043e\u043b\u0430 \u041f\u0440\u0438\u0439\u043c\u0435\u0442\u0441\u0430","isPartOf":{"@id":"https:\/\/vpmk.edu.ee\/#website"},"datePublished":"2018-11-25T10:29:48+00:00","dateModified":"2019-06-25T06:46:31+00:00","breadcrumb":{"@id":"http:\/\/vpmk.edu.ee\/3-trimester-4-03-2019-11-06-2019\/#breadcrumb"},"inLanguage":"ru-RU","potentialAction":[{"@type":"ReadAction","target":["http:\/\/vpmk.edu.ee\/3-trimester-4-03-2019-11-06-2019\/"]}]},{"@type":"BreadcrumbList","@id":"http:\/\/vpmk.edu.ee\/3-trimester-4-03-2019-11-06-2019\/#breadcrumb","itemListElement":[{"@type":"ListItem","position":1,"name":"Home","item":"https:\/\/vpmk.edu.ee\/"},{"@type":"ListItem","position":2,"name":"3. trimester 4.03.2019 \u2013 11.06.2019"}]},{"@type":"WebSite","@id":"https:\/\/vpmk.edu.ee\/#website","url":"https:\/\/vpmk.edu.ee\/","name":"\u0412\u0430\u043b\u0433\u0430\u0441\u043a\u0430\u044f \u0448\u043a\u043e\u043b\u0430 \u041f\u0440\u0438\u0439\u043c\u0435\u0442\u0441\u0430","description":"","publisher":{"@id":"https:\/\/vpmk.edu.ee\/#organization"},"potentialAction":[{"@type":"SearchAction","target":{"@type":"EntryPoint","urlTemplate":"https:\/\/vpmk.edu.ee\/?s={search_term_string}"},"query-input":{"@type":"PropertyValueSpecification","valueRequired":true,"valueName":"search_term_string"}}],"inLanguage":"ru-RU"},{"@type":"Organization","@id":"https:\/\/vpmk.edu.ee\/#organization","name":"\u0412\u0430\u043b\u0433\u0430\u0441\u043a\u0430\u044f \u0448\u043a\u043e\u043b\u0430 \u041f\u0440\u0438\u0439\u043c\u0435\u0442\u0441\u0430","url":"https:\/\/vpmk.edu.ee\/","logo":{"@type":"ImageObject","inLanguage":"ru-RU","@id":"https:\/\/vpmk.edu.ee\/#\/schema\/logo\/image\/","url":"http:\/\/vpmk.edu.ee\/wp-content\/uploads\/2023\/02\/cropped-cropped-Valga-Priimetsa-Kool-\u2013-logoks-1.png","contentUrl":"http:\/\/vpmk.edu.ee\/wp-content\/uploads\/2023\/02\/cropped-cropped-Valga-Priimetsa-Kool-\u2013-logoks-1.png","width":2058,"height":1615,"caption":"\u0412\u0430\u043b\u0433\u0430\u0441\u043a\u0430\u044f \u0448\u043a\u043e\u043b\u0430 \u041f\u0440\u0438\u0439\u043c\u0435\u0442\u0441\u0430"},"image":{"@id":"https:\/\/vpmk.edu.ee\/#\/schema\/logo\/image\/"}}]}},"_links":{"self":[{"href":"http:\/\/vpmk.edu.ee\/ru\/wp-json\/wp\/v2\/pages\/5592","targetHints":{"allow":["GET"]}}],"collection":[{"href":"http:\/\/vpmk.edu.ee\/ru\/wp-json\/wp\/v2\/pages"}],"about":[{"href":"http:\/\/vpmk.edu.ee\/ru\/wp-json\/wp\/v2\/types\/page"}],"author":[{"embeddable":true,"href":"http:\/\/vpmk.edu.ee\/ru\/wp-json\/wp\/v2\/users\/3"}],"replies":[{"embeddable":true,"href":"http:\/\/vpmk.edu.ee\/ru\/wp-json\/wp\/v2\/comments?post=5592"}],"version-history":[{"count":2,"href":"http:\/\/vpmk.edu.ee\/ru\/wp-json\/wp\/v2\/pages\/5592\/revisions"}],"predecessor-version":[{"id":6482,"href":"http:\/\/vpmk.edu.ee\/ru\/wp-json\/wp\/v2\/pages\/5592\/revisions\/6482"}],"wp:attachment":[{"href":"http:\/\/vpmk.edu.ee\/ru\/wp-json\/wp\/v2\/media?parent=5592"}],"curies":[{"name":"wp","href":"https:\/\/api.w.org\/{rel}","templated":true}]}}