{"id":5355,"date":"2018-10-11T09:15:43","date_gmt":"2018-10-11T06:15:43","guid":{"rendered":"http:\/\/vpmk.edu.ee\/?page_id=5355"},"modified":"2018-11-27T16:41:01","modified_gmt":"2018-11-27T13:41:01","slug":"oppekaigud","status":"publish","type":"page","link":"http:\/\/vpmk.edu.ee\/ru\/oppekaigud\/","title":{"rendered":"1. trimester 1.09.2018 &#8212; 23.11.2018"},"content":{"rendered":"<h6><span style=\"color: #0000ff;\"><strong>2018\/2019. \u00f5a<\/strong><\/span><\/h6>\n<p><a href=\"http:\/\/vpmk.edu.ee\/uncategorized\/5191\/\"><strong>1.septembril<\/strong> toimus uue \u00f5ppeaasta pidulik avaaktus<\/a><\/p>\n<p><a href=\"http:\/\/vpmk.edu.ee\/uncategorized\/valga-valka-jooksu-kokkuvote\/\"><strong>14.septembril<\/strong> toimus Valga-Valka jooks<\/a><\/p>\n<p><a style=\"font-family: 'Times New Roman'; font-style: normal; font-variant-ligatures: normal; font-variant-caps: normal; font-weight: 400; font-size: 16px; text-align: justify;\" href=\"https:\/\/drive.google.com\/file\/d\/1NX-FaA3_Xyt3fXtK9ZvPH7jtXsh5Ye6o\/view?usp=sharing\"><strong>19. septembril<\/strong> k\u00e4isid 3B klassi \u00f5pilased Valga Muuseumis<\/a><\/p>\n<p><a href=\"http:\/\/vpmk.edu.ee\/uncategorized\/5278\/\"><strong>20.-21. septembril<\/strong> toimusid meie koolis HEADE KOGEMUSTE P\u00c4EVAD<\/a><\/p>\n<p><a href=\"https:\/\/drive.google.com\/file\/d\/1H1t9kV7xweYD3JvC8Aqy8ICDZxzSnQd9\/view?usp=sharing\"><strong>25. septembril<\/strong> osalesid 3B klassi \u00f5pilased \u00f5ppeprogrammis &#171;Tunne vee-elustikku&#187;<\/a><\/p>\n<p><strong>5. oktoobril<\/strong> \u00d5PETAJATE P\u00c4EVAL olid \u00f5petajateks 9A ja 9B klasside \u00f5pilased<br \/>\n<a href=\"https:\/\/photos.app.goo.gl\/4gS2JgZbzmrCPW8T9\">FOTOGALERII<\/a><\/p>\n<p><a href=\"http:\/\/vpmk.edu.ee\/uncategorized\/lahtiste-uste-paev\/\"><strong>9. oktoobril<\/strong> &#8212; Lahtiste uste p\u00e4ev<\/a><\/p>\n<p><a href=\"http:\/\/vpmk.edu.ee\/uncategorized\/%D0%B7%D0%B0%D0%B2%D1%82%D1%80%D0%B0-09-%D0%BE%D0%BA%D1%82%D1%8F%D0%B1%D1%80%D1%8F-%D0%BE%D1%82%D0%BC%D0%B5%D1%87%D0%B0%D0%B5%D1%82%D1%81%D1%8F-%D0%B4%D0%B5%D0%BD%D1%8C-%D1%80%D0%BE%D0%B6%D0%B4%D0%B5\/\"><strong>9.oktoobril<\/strong> t\u00e4histas kool 99.s\u00fcnnip\u00e4eva<\/a><\/p>\n<p><a href=\"http:\/\/vpmk.edu.ee\/uncategorized\/10-oktoobril-toimus-valga-linna-staadionil-ulekooliline-spordipaev\/\"><strong>10. oktoobril<\/strong> toimus \u00fclekooliline SPORDIP\u00c4EV<\/a><\/p>\n<p style=\"text-align: left;\"><a href=\"https:\/\/drive.google.com\/file\/d\/1zc2kcrz3dI5smFvAaDHtDC0JAk4C5SEK\/view?usp=sharing\">3B klass osaleb Tallinnna \u00dclikooli poolt l\u00e4biviidavas robootika-matemaatika eksperimentaaluuringus<\/a><\/p>\n<p><strong>10. oktoobril <\/strong>\u00a05A klassi \u00f5pilased Prohor Dobrovolski, Matvey Ledukhovskiy, Arturs Hodorkins, Rita Sobol, Kristina Kortel k\u00fclastavad Valga P\u00f5hikoolis 3D modelleerimise ja printimise \u00f5pituba.<\/p>\n<p><strong>12. oktoobril<\/strong> korraldas \u00f5pilasesindus HELKURITE KONTROLLI.<br \/>\n<a href=\"https:\/\/drive.google.com\/file\/d\/1v4g2wxUJRpNbQ_dMlK5U9x4EUO8aaNor\/view\">TULEMUSED<\/a><\/p>\n<p><strong>18. oktoobril<\/strong> k\u00fclastasid 9. klassid projekti MINU RIIK\u00a0 raames Tallinnas presidendi lossi, Toompea lossi ja Riigikogu<br \/>\n<a href=\"https:\/\/drive.google.com\/file\/d\/1YLDuxMbpikSg8e2BQ6f5RMnD62YF-NVw\/view?usp=sharing\">Loe edasi<\/a><\/p>\n<p><strong>18. oktoobril<\/strong> klassi\u00f5htu 8A klassis<\/p>\n<p><strong>18. oktoobril<\/strong> raamatukogutunnid:<br \/>\n<span style=\"font-size: 16px;\">kell 12.00 &#8212;\u00a0 1B klassis<br \/>\n<\/span><span style=\"font-size: 16px;\">kell 13.00 &#8212;\u00a0 1A klassis<\/span><\/p>\n<p><strong>19. oktoobril<\/strong> osalesid kolm 6B klassi \u00f5pilast Anna Haava luulekonkursil &#171;Olen Eestimaa laps&#187; J\u00f5gevamaal Pala Koolis<br \/>\n<a href=\"https:\/\/drive.google.com\/file\/d\/1RYGSpjo3T0DTCHmM5OjxUMRdq8fdVHCt\/view?usp=sharing\">Loe edasi<\/a><br \/>\n<a href=\"https:\/\/www.flickr.com\/photos\/157267874@N03\/sets\/72157697116647020?fbclid=IwAR391T0_9I57Lb_rLc6hKw-DdA0an-q0dd3D31aJWGUF1IJNBtbH9R67h5g\">Rohkem fotosid siin<\/a><\/p>\n<p><strong>19. oktoobril<\/strong> oli 9. klasside KARJ\u00c4\u00c4RIP\u00c4EV Valga G\u00fcmnaasiumis ja Valgamaa Kutse\u00f5ppekeskuses<\/p>\n<p><strong>19.oktoobril<\/strong> osalesid 8A ja 8B klassid Popp p\u00e4evadel &#171;Tehnika imed&#187; Valgamaa Kutse\u00f5ppekeskuses<\/p>\n<p><strong>19. oktoobril<\/strong> k\u00fclastasid 5A ja 5B klassi \u00f5pilased P\u00e4hni looduskeskust<br \/>\n<a href=\"https:\/\/drive.google.com\/file\/d\/1RYTJ8Ix-VdRb7WKiqa0mCYihegxfmMBQ\/view?usp=sharing\">Loe edasi<\/a><br \/>\n<a href=\"https:\/\/drive.google.com\/drive\/folders\/1DTcenX_HiabzzLeAlKfJg3HxUvkbc-KZ\">Fotogalerii<\/a><\/p>\n<p><a href=\"https:\/\/photos.app.goo.gl\/RadCdAhf5w5Xm26FA\"><strong>19. oktoobril korraldas<\/strong> \u00f5pilasesindus Halloweene`i disko<\/a><\/p>\n<p><a href=\"https:\/\/photos.app.goo.gl\/JLAcuPVZVwE3GVUt9\"><strong>19. oktoobril<\/strong> toimusid koolis KOOST\u00d6\u00d6M\u00c4NGUD<\/a><\/p>\n<p><strong>29. oktoobril<\/strong> toimus karj\u00e4\u00e4rin\u00f5ustamist tutvustav loeng 9.-le klassidele. Loengut viisid l\u00e4bi Rajaleidja karj\u00e4\u00e4rin\u00f5ustajad Tuuli Mekk ja Jelena Kalames<\/p>\n<p><strong>Novembrikuul<\/strong> osalevad 5.b klassi \u00f5pilased \u00fcle-eestilises programmis \u201ePudrus\u00f6\u00f6ja 2018\u201c<\/p>\n<p><strong>2. novembri<\/strong> hommikul kontrollis \u00f5pilasesindus taas helkurite olemasolu. Kellel helkurit polnud said kohe Maanteeameti poolt kingitud uued helkurid riietele kinnitada.<br \/>\nAbiks olid sel korral\u00a0noorsoopolitseinikud\u00a0<strong>Linda Oks ja\u00a0Thea\u00a0Tekkel, <\/strong>kes p\u00e4rast selgitasid, miks ja kuidas on vaja helkurit kanda.<br \/>\nUus helkurite kontroll toimub 16. novembril.<\/p>\n<p><strong>6. novembril<\/strong> osalesid\u00a0 \u00f5pilasesinduse liikmed\u00a0 Daniils Petrovs, Alina Katko, Vera Senina, Eliza Morozova ja Daniel Pozdeev\u00a0 Valga Avatud Noortekeskuse korraldatud\u00a0 \u00a0Valga piirkonna koost\u00f6\u00f6kohtumisel, kus arutati\u00a0<span style=\"font-family: 'Times New Roman'; font-size: 16px; font-style: normal; font-variant-ligatures: normal; font-variant-caps: normal; font-weight: 400;\">&#171;Valga valla noorsoot\u00f6\u00f6 arengukava 2019-2025&#187;<\/span><\/p>\n<p><strong>7. novembril kell 13.00<\/strong> etendus 2.-4.klassi \u00f5pilastele\u00a0<span lang=\"EN-US\">\u00ab<\/span><span lang=\"RU\">\u041b\u0438\u0441\u0430<\/span><span lang=\"RU\">\u00a0<\/span><span lang=\"RU\">\u0438<\/span><span lang=\"RU\">\u00a0<\/span><span lang=\"RU\">\u043f\u0435\u0442\u0443\u0445<\/span><span lang=\"EN-US\">\u00bb\u00a0<\/span>ja\u00a0<span lang=\"EN-US\">\u00ab<\/span><span lang=\"RU\">\u0422\u0435\u0440\u0435\u043c\u043e\u043a<\/span><span lang=\"EN-US\">\u00bb<\/span><\/p>\n<p><strong>7 \u043d\u043e\u044f\u0431\u0440\u044f,<\/strong> \u043d\u0430 \u0432\u0442\u043e\u0440\u043e\u043c \u0443\u0440\u043e\u043a\u0435, \u0440\u0430\u0434\u0438\u043e\u043f\u0435\u0440\u0435\u0434\u0430\u0447\u0430 \u00ab 100 \u0430\u043d\u0433\u0435\u043b\u043e\u0432\u00a0 \u042d\u0441\u0442\u043e\u043d\u0441\u043a\u043e\u0439 \u0440\u0435\u0441\u043f\u0443\u0431\u043b\u0438\u043a\u0435\u00bb<br \/>\n<a href=\"https:\/\/drive.google.com\/file\/d\/1CysZHRMxcxsMMl8L5XUz7t5UANB0hdW0\/view?usp=sharing\">Loe edasi<\/a><\/p>\n<p><strong>8. novembril<\/strong> osalevad Valga Priimetsa Kooli ajaloohuvilised \u00f5pilased\u00a0Eesti-L\u00e4ti\u00a0 \u00a0ajalookonverentsil<b>\u00a0 \u201eVallutused ja v\u00f5idud Valgas\/Valkas ja l\u00e4hikonnas \u2013 teekond Eesti ja L\u00e4ti Vabariigi 100. s\u00fcnnip\u00e4evani\u201c Valgamaa Kutse\u00f5ppekeskuses<\/b><\/p>\n<p><strong>8. ja 9. novembril<\/strong> KUNSTI MEISTERKLASSID.\u00a0 Viib l\u00e4bi K\u00f5rgema Kunstikooli Pallas tudeng ELINA TEDER.<br \/>\n<a href=\"https:\/\/drive.google.com\/file\/d\/1e0D5wADdpMOt8KUIr_JgYkARlKpN2yAB\/view?usp=sharing\">Vaata tunniplaani<\/a><br \/>\n<a href=\"https:\/\/photos.app.goo.gl\/W11JiK32F8QpKZEf6\">FOTOGALERII<\/a><\/p>\n<p><strong>9. novembril<\/strong> kell 12.00 ISADEP\u00c4EVA PIDU<br \/>\n<a href=\"https:\/\/photos.app.goo.gl\/TFp7HmFijb7yjZy19\">FOTOGALERII<\/a><\/p>\n<p><a href=\"http:\/\/vpmk.edu.ee\/uncategorized\/tore-opilasvahetus\/\"><strong>12. novembril<\/strong> toimus TORE \u00f5pilasvahetus<\/a><\/p>\n<p><strong>13. novembril<\/strong>\u00a0kell 11.00 toimus 1.-4. klasside \u00f5pilastele MARDI-ja KADRIP\u00c4EVA traditsioone tutvustav\u00a0 \u00fcritus.<br \/>\n<a href=\"https:\/\/drive.google.com\/file\/d\/1PkDkc90bSgeay64ogW24VDjNRP_v-Juy\/view?usp=sharing\">Loe edasi<\/a><br \/>\n<a href=\"https:\/\/photos.app.goo.gl\/XtFsNZihYPbJb3V2A\">FOTOGALERII<\/a><\/p>\n<p><strong>16.novembril<\/strong>\u00a0 korraldas \u00f5pilasesindus helkurite kontrolli<\/p>\n<p><b>20. novembril olid kooliperel k\u00fclas\u00a0<a href=\"https:\/\/photos.app.goo.gl\/3wEGcyPThWsrVPtH9\">Briti s\u00f5durid, kes viisid \u00f5pilastele l\u00e4bi kehalise kasvatuse tunni<\/a><\/b><\/p>\n<p><strong>21.novembril<\/strong> osalesid \u00f5pilasesinduse liikmed \u00fcle-eestilisel noortekonverentsil &#171;Aeg kinkida aega&#187;<br \/>\n<a href=\"https:\/\/photos.app.goo.gl\/3u642E6CgSfRz9AH8\">FOTOGALERII<\/a><\/p>\n<p><strong>23.novembril<\/strong> 1. trimestri l\u00f5puaktused<br \/>\n<a href=\"https:\/\/photos.app.goo.gl\/JKYFBrZQkujPp2y68\">FOTOGALERII<\/a><\/p>\n<p><strong>23. novembril<\/strong> korraldas \u00f5pilasesindus DISKO.<br \/>\n<a href=\"https:\/\/photos.app.goo.gl\/FEJGgktCwpxiUnZB7\">FOTOGALERII<\/a><\/p>\n<p><strong>23.\u043d\u043e\u044f\u0431\u0440\u044f<\/strong> \u0448\u043a\u043e\u043b\u044c\u043d\u044b\u0439 \u0442\u0435\u0430\u0442\u0440\u0430\u043b\u044c\u043d\u044b\u0439 \u043a\u0440\u0443\u0436\u043e\u043a \u043f\u043e\u0441\u0435\u0442\u0438\u043b \u0441 \u0431\u043b\u0430\u0433\u043e\u0442\u0432\u043e\u0440\u0438\u0442\u0435\u043b\u044c\u043d\u044b\u043c \u0441\u043f\u0435\u043a\u0442\u0430\u043a\u043b\u0435\u043c \u00ab\u0422\u0435\u0440\u0435\u043c\u043e\u043a\u00bb \u0448\u043a\u043e\u043b\u0443 &#8212; \u0438\u043d\u0442\u0435\u0440\u043d\u0430\u0442 \u042f\u0430\u043d\u0438\u043a\u0435\u0441\u0435.<br \/>\n<a href=\"https:\/\/drive.google.com\/file\/d\/1kXBPHSSGpeZnu35tV6WkH3hNcfDOodqI\/view?usp=sharing\">LOE EDASI<\/a><\/p>\n","protected":false},"excerpt":{"rendered":"<p>2018\/2019. \u00f5a 1.septembril toimus uue \u00f5ppeaasta pidulik avaaktus 14.septembril toimus Valga-Valka jooks 19. septembril k\u00e4isid 3B klassi \u00f5pilased Valga Muuseumis 20.-21. septembril toimusid meie koolis HEADE KOGEMUSTE P\u00c4EVAD 25. septembril osalesid 3B klassi \u00f5pilased \u00f5ppeprogrammis &#171;Tunne vee-elustikku&#187; 5. oktoobril \u00d5PETAJATE P\u00c4EVAL olid \u00f5petajateks 9A ja 9B klasside \u00f5pilased FOTOGALERII 9. oktoobril &#8212; Lahtiste uste p\u00e4ev &#8230; <a href=\"http:\/\/vpmk.edu.ee\/ru\/oppekaigud\/\" class=\"more-link\">Loe edasi<span class=\"screen-reader-text\"> &#171;1. trimester 1.09.2018 &#8212; 23.11.2018&#187;<\/span> &raquo;<\/a><\/p>\n","protected":false},"author":3,"featured_media":0,"parent":0,"menu_order":0,"comment_status":"closed","ping_status":"closed","template":"","meta":{"footnotes":""},"class_list":["post-5355","page","type-page","status-publish","hentry"],"translation":{"provider":"WPGlobus","version":"3.0.1","language":"ru","enabled_languages":["ee","ru"],"languages":{"ee":{"title":true,"content":true,"excerpt":false},"ru":{"title":false,"content":false,"excerpt":false}}},"yoast_head":"<!-- This site is optimized with the Yoast SEO plugin v26.7 - https:\/\/yoast.com\/wordpress\/plugins\/seo\/ -->\n<title>1. trimester 1.09.2018 - 23.11.2018 - \u0412\u0430\u043b\u0433\u0430\u0441\u043a\u0430\u044f \u0448\u043a\u043e\u043b\u0430 \u041f\u0440\u0438\u0439\u043c\u0435\u0442\u0441\u0430<\/title>\n<meta name=\"robots\" content=\"index, follow, max-snippet:-1, max-image-preview:large, max-video-preview:-1\" \/>\n<link rel=\"canonical\" href=\"https:\/\/vpmk.edu.ee\/oppekaigud\/\" \/>\n<meta property=\"og:locale\" content=\"ru_RU\" \/>\n<meta property=\"og:type\" content=\"article\" \/>\n<meta property=\"og:title\" content=\"1. trimester 1.09.2018 - 23.11.2018 - \u0412\u0430\u043b\u0433\u0430\u0441\u043a\u0430\u044f \u0448\u043a\u043e\u043b\u0430 \u041f\u0440\u0438\u0439\u043c\u0435\u0442\u0441\u0430\" \/>\n<meta property=\"og:url\" content=\"https:\/\/vpmk.edu.ee\/oppekaigud\/\" \/>\n<meta property=\"og:site_name\" content=\"\u0412\u0430\u043b\u0433\u0430\u0441\u043a\u0430\u044f \u0448\u043a\u043e\u043b\u0430 \u041f\u0440\u0438\u0439\u043c\u0435\u0442\u0441\u0430\" \/>\n<meta property=\"article:modified_time\" content=\"2018-11-27T13:41:01+00:00\" \/>\n<meta property=\"og:image\" content=\"http:\/\/vpmk.edu.ee\/wp-content\/uploads\/2023\/02\/Valga-Priimetsa-Kool-\u2013-logoks-3.png\" \/>\n\t<meta property=\"og:image:width\" content=\"3044\" \/>\n\t<meta property=\"og:image:height\" content=\"2776\" \/>\n\t<meta property=\"og:image:type\" content=\"image\/png\" \/>\n<meta name=\"twitter:card\" content=\"summary_large_image\" \/>\n<meta name=\"twitter:label1\" content=\"\u041f\u0440\u0438\u043c\u0435\u0440\u043d\u043e\u0435 \u0432\u0440\u0435\u043c\u044f \u0434\u043b\u044f \u0447\u0442\u0435\u043d\u0438\u044f\" \/>\n\t<meta name=\"twitter:data1\" content=\"2 \u043c\u0438\u043d\u0443\u0442\u044b\" \/>\n<script type=\"application\/ld+json\" class=\"yoast-schema-graph\">{\"@context\":\"https:\/\/schema.org\",\"@graph\":[{\"@type\":\"WebPage\",\"@id\":\"https:\/\/vpmk.edu.ee\/oppekaigud\/\",\"url\":\"https:\/\/vpmk.edu.ee\/oppekaigud\/\",\"name\":\"1. trimester 1.09.2018 - 23.11.2018 - \u0412\u0430\u043b\u0433\u0430\u0441\u043a\u0430\u044f \u0448\u043a\u043e\u043b\u0430 \u041f\u0440\u0438\u0439\u043c\u0435\u0442\u0441\u0430\",\"isPartOf\":{\"@id\":\"https:\/\/vpmk.edu.ee\/ru\/#website\"},\"datePublished\":\"2018-10-11T06:15:43+00:00\",\"dateModified\":\"2018-11-27T13:41:01+00:00\",\"breadcrumb\":{\"@id\":\"https:\/\/vpmk.edu.ee\/oppekaigud\/#breadcrumb\"},\"inLanguage\":\"ru-RU\",\"potentialAction\":[{\"@type\":\"ReadAction\",\"target\":[\"https:\/\/vpmk.edu.ee\/oppekaigud\/\"]}]},{\"@type\":\"BreadcrumbList\",\"@id\":\"https:\/\/vpmk.edu.ee\/oppekaigud\/#breadcrumb\",\"itemListElement\":[{\"@type\":\"ListItem\",\"position\":1,\"name\":\"Home\",\"item\":\"https:\/\/vpmk.edu.ee\/ru\/\"},{\"@type\":\"ListItem\",\"position\":2,\"name\":\"1. trimester 1.09.2018 &#8211; 23.11.2018\"}]},{\"@type\":\"WebSite\",\"@id\":\"https:\/\/vpmk.edu.ee\/ru\/#website\",\"url\":\"https:\/\/vpmk.edu.ee\/ru\/\",\"name\":\"\u0412\u0430\u043b\u0433\u0430\u0441\u043a\u0430\u044f \u0448\u043a\u043e\u043b\u0430 \u041f\u0440\u0438\u0439\u043c\u0435\u0442\u0441\u0430\",\"description\":\"\",\"publisher\":{\"@id\":\"https:\/\/vpmk.edu.ee\/ru\/#organization\"},\"potentialAction\":[{\"@type\":\"SearchAction\",\"target\":{\"@type\":\"EntryPoint\",\"urlTemplate\":\"https:\/\/vpmk.edu.ee\/ru\/?s={search_term_string}\"},\"query-input\":{\"@type\":\"PropertyValueSpecification\",\"valueRequired\":true,\"valueName\":\"search_term_string\"}}],\"inLanguage\":\"ru-RU\"},{\"@type\":\"Organization\",\"@id\":\"https:\/\/vpmk.edu.ee\/ru\/#organization\",\"name\":\"\u0412\u0430\u043b\u0433\u0430\u0441\u043a\u0430\u044f \u0448\u043a\u043e\u043b\u0430 \u041f\u0440\u0438\u0439\u043c\u0435\u0442\u0441\u0430\",\"url\":\"https:\/\/vpmk.edu.ee\/ru\/\",\"logo\":{\"@type\":\"ImageObject\",\"inLanguage\":\"ru-RU\",\"@id\":\"https:\/\/vpmk.edu.ee\/ru\/#\/schema\/logo\/image\/\",\"url\":\"http:\/\/vpmk.edu.ee\/wp-content\/uploads\/2023\/02\/cropped-cropped-Valga-Priimetsa-Kool-\u2013-logoks-1.png\",\"contentUrl\":\"http:\/\/vpmk.edu.ee\/wp-content\/uploads\/2023\/02\/cropped-cropped-Valga-Priimetsa-Kool-\u2013-logoks-1.png\",\"width\":2058,\"height\":1615,\"caption\":\"\u0412\u0430\u043b\u0433\u0430\u0441\u043a\u0430\u044f \u0448\u043a\u043e\u043b\u0430 \u041f\u0440\u0438\u0439\u043c\u0435\u0442\u0441\u0430\"},\"image\":{\"@id\":\"https:\/\/vpmk.edu.ee\/ru\/#\/schema\/logo\/image\/\"}}]}<\/script>\n<!-- \/ Yoast SEO plugin. -->","yoast_head_json":{"title":"1. trimester 1.09.2018 - 23.11.2018 - \u0412\u0430\u043b\u0433\u0430\u0441\u043a\u0430\u044f \u0448\u043a\u043e\u043b\u0430 \u041f\u0440\u0438\u0439\u043c\u0435\u0442\u0441\u0430","robots":{"index":"index","follow":"follow","max-snippet":"max-snippet:-1","max-image-preview":"max-image-preview:large","max-video-preview":"max-video-preview:-1"},"canonical":"https:\/\/vpmk.edu.ee\/oppekaigud\/","og_locale":"ru_RU","og_type":"article","og_title":"1. trimester 1.09.2018 - 23.11.2018 - \u0412\u0430\u043b\u0433\u0430\u0441\u043a\u0430\u044f \u0448\u043a\u043e\u043b\u0430 \u041f\u0440\u0438\u0439\u043c\u0435\u0442\u0441\u0430","og_url":"https:\/\/vpmk.edu.ee\/oppekaigud\/","og_site_name":"\u0412\u0430\u043b\u0433\u0430\u0441\u043a\u0430\u044f \u0448\u043a\u043e\u043b\u0430 \u041f\u0440\u0438\u0439\u043c\u0435\u0442\u0441\u0430","article_modified_time":"2018-11-27T13:41:01+00:00","og_image":[{"width":3044,"height":2776,"url":"http:\/\/vpmk.edu.ee\/wp-content\/uploads\/2023\/02\/Valga-Priimetsa-Kool-\u2013-logoks-3.png","type":"image\/png"}],"twitter_card":"summary_large_image","twitter_misc":{"\u041f\u0440\u0438\u043c\u0435\u0440\u043d\u043e\u0435 \u0432\u0440\u0435\u043c\u044f \u0434\u043b\u044f \u0447\u0442\u0435\u043d\u0438\u044f":"2 \u043c\u0438\u043d\u0443\u0442\u044b"},"schema":{"@context":"https:\/\/schema.org","@graph":[{"@type":"WebPage","@id":"https:\/\/vpmk.edu.ee\/oppekaigud\/","url":"https:\/\/vpmk.edu.ee\/oppekaigud\/","name":"1. trimester 1.09.2018 - 23.11.2018 - \u0412\u0430\u043b\u0433\u0430\u0441\u043a\u0430\u044f \u0448\u043a\u043e\u043b\u0430 \u041f\u0440\u0438\u0439\u043c\u0435\u0442\u0441\u0430","isPartOf":{"@id":"https:\/\/vpmk.edu.ee\/ru\/#website"},"datePublished":"2018-10-11T06:15:43+00:00","dateModified":"2018-11-27T13:41:01+00:00","breadcrumb":{"@id":"https:\/\/vpmk.edu.ee\/oppekaigud\/#breadcrumb"},"inLanguage":"ru-RU","potentialAction":[{"@type":"ReadAction","target":["https:\/\/vpmk.edu.ee\/oppekaigud\/"]}]},{"@type":"BreadcrumbList","@id":"https:\/\/vpmk.edu.ee\/oppekaigud\/#breadcrumb","itemListElement":[{"@type":"ListItem","position":1,"name":"Home","item":"https:\/\/vpmk.edu.ee\/ru\/"},{"@type":"ListItem","position":2,"name":"1. trimester 1.09.2018 &#8211; 23.11.2018"}]},{"@type":"WebSite","@id":"https:\/\/vpmk.edu.ee\/ru\/#website","url":"https:\/\/vpmk.edu.ee\/ru\/","name":"\u0412\u0430\u043b\u0433\u0430\u0441\u043a\u0430\u044f \u0448\u043a\u043e\u043b\u0430 \u041f\u0440\u0438\u0439\u043c\u0435\u0442\u0441\u0430","description":"","publisher":{"@id":"https:\/\/vpmk.edu.ee\/ru\/#organization"},"potentialAction":[{"@type":"SearchAction","target":{"@type":"EntryPoint","urlTemplate":"https:\/\/vpmk.edu.ee\/ru\/?s={search_term_string}"},"query-input":{"@type":"PropertyValueSpecification","valueRequired":true,"valueName":"search_term_string"}}],"inLanguage":"ru-RU"},{"@type":"Organization","@id":"https:\/\/vpmk.edu.ee\/ru\/#organization","name":"\u0412\u0430\u043b\u0433\u0430\u0441\u043a\u0430\u044f \u0448\u043a\u043e\u043b\u0430 \u041f\u0440\u0438\u0439\u043c\u0435\u0442\u0441\u0430","url":"https:\/\/vpmk.edu.ee\/ru\/","logo":{"@type":"ImageObject","inLanguage":"ru-RU","@id":"https:\/\/vpmk.edu.ee\/ru\/#\/schema\/logo\/image\/","url":"http:\/\/vpmk.edu.ee\/wp-content\/uploads\/2023\/02\/cropped-cropped-Valga-Priimetsa-Kool-\u2013-logoks-1.png","contentUrl":"http:\/\/vpmk.edu.ee\/wp-content\/uploads\/2023\/02\/cropped-cropped-Valga-Priimetsa-Kool-\u2013-logoks-1.png","width":2058,"height":1615,"caption":"\u0412\u0430\u043b\u0433\u0430\u0441\u043a\u0430\u044f \u0448\u043a\u043e\u043b\u0430 \u041f\u0440\u0438\u0439\u043c\u0435\u0442\u0441\u0430"},"image":{"@id":"https:\/\/vpmk.edu.ee\/ru\/#\/schema\/logo\/image\/"}}]}},"_links":{"self":[{"href":"http:\/\/vpmk.edu.ee\/ru\/wp-json\/wp\/v2\/pages\/5355","targetHints":{"allow":["GET"]}}],"collection":[{"href":"http:\/\/vpmk.edu.ee\/ru\/wp-json\/wp\/v2\/pages"}],"about":[{"href":"http:\/\/vpmk.edu.ee\/ru\/wp-json\/wp\/v2\/types\/page"}],"author":[{"embeddable":true,"href":"http:\/\/vpmk.edu.ee\/ru\/wp-json\/wp\/v2\/users\/3"}],"replies":[{"embeddable":true,"href":"http:\/\/vpmk.edu.ee\/ru\/wp-json\/wp\/v2\/comments?post=5355"}],"version-history":[{"count":66,"href":"http:\/\/vpmk.edu.ee\/ru\/wp-json\/wp\/v2\/pages\/5355\/revisions"}],"predecessor-version":[{"id":7753,"href":"http:\/\/vpmk.edu.ee\/ru\/wp-json\/wp\/v2\/pages\/5355\/revisions\/7753"}],"wp:attachment":[{"href":"http:\/\/vpmk.edu.ee\/ru\/wp-json\/wp\/v2\/media?parent=5355"}],"curies":[{"name":"wp","href":"https:\/\/api.w.org\/{rel}","templated":true}]}}