{"id":2538,"date":"2016-11-02T14:21:51","date_gmt":"2016-11-02T14:21:51","guid":{"rendered":"http:\/\/vpmk.edu.ee\/?page_id=2538"},"modified":"2018-11-25T15:07:52","modified_gmt":"2018-11-25T12:07:52","slug":"kunstikuu-2","status":"publish","type":"page","link":"http:\/\/vpmk.edu.ee\/ru\/kunstikuu-2\/","title":{"rendered":"Kunstikuu"},"content":{"rendered":"<h5><strong><span style=\"color: #b81818;\">NOVEMBER\u00a0 2015<\/span><\/strong><\/h5>\n<p><span style=\"color: #b81818;\"><img loading=\"lazy\" decoding=\"async\" class=\"wp-image-2567 aligncenter\" src=\"http:\/\/vpmk.edu.ee\/wp-content\/uploads\/2016\/11\/usk-lootus-armastus-1.jpg\" alt=\"usk-lootus-armastus\" width=\"445\" height=\"626\" \/><\/span><\/p>\n<p><a href=\"https:\/\/drive.google.com\/file\/d\/0B11JoyNt_XZzc2l1Y3JkRW9aX00\/view\">Kunstikuu tegevused ja \u00fcritused<\/a><br \/>\n<a href=\"http:\/\/vpmk.edu.ee\/uncategorized\/kunstikuu-avamine\/\">Kunstikuu avamine<\/a><br \/>\n<a href=\"http:\/\/vpmk.edu.ee\/uncategorized\/11-%d0%bd%d0%be%d1%8f%d0%b1%d1%80%d1%8f-%d0%bd%d0%b0%d1%88%d1%83-%d1%88%d0%ba%d0%be%d0%bb%d1%83-%d0%bf%d0%be%d1%81%d0%b5%d1%82%d0%b8%d0%bb%d0%b8-%d0%b4%d0%b5%d1%82%d0%b8-%d0%b8%d0%b7-%d0%b4%d0%b5\/\">Kooli koduleht<\/a><br \/>\n<a href=\"http:\/\/vpmk.edu.ee\/uncategorized\/elavad-pildid%d0%b6%d0%b8%d0%b2%d1%8b%d0%b5-%d0%ba%d0%b0%d1%80%d1%82%d0%b8%d0%bd%d1%8b\/\">Elavad pildid<\/a><br \/>\n<a href=\"http:\/\/vpmk.edu.ee\/uncategorized\/30-novembril-kell-10-00-kunstikuu-lopetamine-ja-1-advendikuunla-suutamine\/\">Kunstikuu l\u00f5petamine<\/a><br \/>\n<a href=\"http:\/\/vpmk.edu.ee\/uncategorized\/%d1%84%d0%be%d1%82%d0%be%d0%ba%d0%be%d0%bd%d0%ba%d1%83%d1%80%d1%81-%d0%b2%d0%b5%d1%80%d0%b0-%d0%bd%d0%b0%d0%b4%d0%b5%d0%b6%d0%b4%d0%b0-%d0%bb%d1%8e%d0%b1%d0%be%d0%b2%d1%8c\/\">Fotokonkurss<\/a><br \/>\n<a href=\"http:\/\/vpmk.edu.ee\/uncategorized\/19-%d0%bd%d0%be%d1%8f%d0%b1%d1%80%d1%8f\/\">Kooli koduleht<\/a><br \/>\n<a href=\"https:\/\/drive.google.com\/file\/d\/0B11JoyNt_XZzQzBOTHJiVk93TXc\/view?usp=sharing\" target=\"_blank\" rel=\"noopener\"><u><span style=\"color: #0066cc;\">Kunstikuu kokkuv\u00f5te<\/span><\/u><\/a><br \/>\n<a href=\"https:\/\/drive.google.com\/file\/d\/0B11JoyNt_XZzMGdpSzRUcVotQUE\/view?usp=sharing\" target=\"_blank\" rel=\"noopener\"><u><span style=\"color: #0066cc;\">Ajahehe Valgamaalane artikkel<\/span><\/u><\/a><br \/>\n<a href=\"http:\/\/vpmk.edu.ee\/uncategorized\/kunstikuu-lopetamine-ja-1-advendikuunla-suutamine\/\">Kunstikuu l\u00f5petamine <\/a><\/p>\n<h5><span style=\"color: #0000ff;\"><strong>NOVEMBER\u00a0 2016<\/strong><\/span><\/h5>\n<p><img loading=\"lazy\" decoding=\"async\" class=\"wp-image-2546 aligncenter\" src=\"http:\/\/vpmk.edu.ee\/wp-content\/uploads\/2016\/11\/kodulehele-avamise-kuulutus-600x411.jpg\" alt=\"kodulehele-avamise-kuulutus\" width=\"536\" height=\"368\" srcset=\"http:\/\/vpmk.edu.ee\/wp-content\/uploads\/2016\/11\/kodulehele-avamise-kuulutus-600x411.jpg 600w, http:\/\/vpmk.edu.ee\/wp-content\/uploads\/2016\/11\/kodulehele-avamise-kuulutus-768x526.jpg 768w, http:\/\/vpmk.edu.ee\/wp-content\/uploads\/2016\/11\/kodulehele-avamise-kuulutus.jpg 800w\" sizes=\"auto, (max-width: 536px) 100vw, 536px\" \/>\u00a0\u00a0\u00a0 <img loading=\"lazy\" decoding=\"async\" class=\"wp-image-2547 aligncenter\" src=\"http:\/\/vpmk.edu.ee\/wp-content\/uploads\/2016\/11\/kodulehele-kunstikuu-kuulutus-600x411.jpg\" alt=\"kodulehele-kunstikuu-kuulutus\" width=\"539\" height=\"369\" srcset=\"http:\/\/vpmk.edu.ee\/wp-content\/uploads\/2016\/11\/kodulehele-kunstikuu-kuulutus-600x411.jpg 600w, http:\/\/vpmk.edu.ee\/wp-content\/uploads\/2016\/11\/kodulehele-kunstikuu-kuulutus-768x526.jpg 768w, http:\/\/vpmk.edu.ee\/wp-content\/uploads\/2016\/11\/kodulehele-kunstikuu-kuulutus.jpg 800w\" sizes=\"auto, (max-width: 539px) 100vw, 539px\" \/><\/p>\n<p><a href=\"https:\/\/drive.google.com\/file\/d\/0B6GT3jff-O_RcEZNR2IyS2FJTWs\/view?usp=sharing\"><br \/>\nMAJAJUHT<\/a><br \/>\n<a href=\"https:\/\/drive.google.com\/file\/d\/0B6GT3jff-O_RampxTDNwT0xzVEk\/view?usp=sharing\">KUTSE \/n\u00e4idis\/<\/a><br \/>\n<a href=\"http:\/\/vpmk.edu.ee\/uncategorized\/2527\/\">Kooli koduleht<\/a><br \/>\n<a href=\"http:\/\/valgamaalane.postimees.ee\/3895777\/priimetsa-kool-taitus-taas-kord-kunstiga\">Ajaleht VALGAMAALANE kirjutab<\/a><br \/>\n<a href=\"https:\/\/goo.gl\/photos\/2N2QBwsLroZYZiTB9\">Tamara Voronkova foton\u00e4itus &#171;Armastusega mere vastu&#8230;&#187;<\/a><\/p>\n<h5><span style=\"color: #339966;\"><strong>NOVEMBER 2017<\/strong><\/span><\/h5>\n<p><span style=\"color: #b81818;\"><img loading=\"lazy\" decoding=\"async\" class=\"size-medium wp-image-4467 aligncenter\" src=\"http:\/\/vpmk.edu.ee\/wp-content\/uploads\/2018\/01\/Nimeta-kodulehele-600x424.png\" alt=\"\" width=\"600\" height=\"424\" srcset=\"http:\/\/vpmk.edu.ee\/wp-content\/uploads\/2018\/01\/Nimeta-kodulehele-600x424.png 600w, http:\/\/vpmk.edu.ee\/wp-content\/uploads\/2018\/01\/Nimeta-kodulehele-768x543.png 768w, http:\/\/vpmk.edu.ee\/wp-content\/uploads\/2018\/01\/Nimeta-kodulehele.png 909w\" sizes=\"auto, (max-width: 600px) 100vw, 600px\" \/><\/span><\/p>\n<p>3. kunstikuu avati pidulikult 1. novembril 2017.a. Kohal olid k\u00f5ik n\u00e4itusel esindatud kunstnikud ja loomeinimesed.<\/p>\n<p><a href=\"https:\/\/photos.app.goo.gl\/8UEEnpJiuRHt4xci2\">FOTOGALERII<br \/>\n<\/a><a href=\"https:\/\/drive.google.com\/file\/d\/1wgBthjle76iOwlVF15kG2y-GBxZSHN21\/view?usp=sharing\">Ajaleht VALGAMAALANE kirjutab<\/a><\/p>\n<h5><strong><span style=\"color: #8f1a1a;\">NOVEMBER 2018<\/span><\/strong><\/h5>\n<h5 style=\"text-align: center;\"><span style=\"color: #ff6600;\"><strong>100 INGLIT EESTI VABARIIGILE<\/strong><\/span><\/h5>\n<p><img loading=\"lazy\" decoding=\"async\" class=\"size-medium wp-image-5616 aligncenter\" src=\"http:\/\/vpmk.edu.ee\/wp-content\/uploads\/2018\/11\/Kunstikuu-2018-poster-2-600x425.png\" alt=\"\" width=\"600\" height=\"425\" srcset=\"http:\/\/vpmk.edu.ee\/wp-content\/uploads\/2018\/11\/Kunstikuu-2018-poster-2-600x425.png 600w, http:\/\/vpmk.edu.ee\/wp-content\/uploads\/2018\/11\/Kunstikuu-2018-poster-2-768x544.png 768w, http:\/\/vpmk.edu.ee\/wp-content\/uploads\/2018\/11\/Kunstikuu-2018-poster-2.png 959w\" sizes=\"auto, (max-width: 600px) 100vw, 600px\" \/><\/p>\n<h6><strong><a href=\"http:\/\/vpmk.edu.ee\/uncategorized\/5438\/\">LOE ROHKEM SIIT<\/a><\/strong><\/h6>\n<p style=\"text-align: left;\"><a href=\"https:\/\/drive.google.com\/drive\/folders\/1mPqYacgZLVCMPNoZjE6KxFoSV7jebXRe?usp=sharing\">Muud materjalid<\/a><\/p>\n","protected":false},"excerpt":{"rendered":"<p>NOVEMBER\u00a0 2015 Kunstikuu tegevused ja \u00fcritused Kunstikuu avamine Kooli koduleht Elavad pildid Kunstikuu l\u00f5petamine Fotokonkurss Kooli koduleht Kunstikuu kokkuv\u00f5te Ajahehe Valgamaalane artikkel Kunstikuu l\u00f5petamine NOVEMBER\u00a0 2016 \u00a0\u00a0\u00a0 MAJAJUHT KUTSE \/n\u00e4idis\/ Kooli koduleht Ajaleht VALGAMAALANE kirjutab Tamara Voronkova foton\u00e4itus &#171;Armastusega mere vastu&#8230;&#187; NOVEMBER 2017 3. kunstikuu avati pidulikult 1. novembril 2017.a. Kohal olid k\u00f5ik n\u00e4itusel esindatud &#8230; <a href=\"http:\/\/vpmk.edu.ee\/ru\/kunstikuu-2\/\" class=\"more-link\">Loe edasi<span class=\"screen-reader-text\"> &#171;Kunstikuu&#187;<\/span> &raquo;<\/a><\/p>\n","protected":false},"author":3,"featured_media":0,"parent":0,"menu_order":0,"comment_status":"closed","ping_status":"closed","template":"","meta":{"footnotes":""},"class_list":["post-2538","page","type-page","status-publish","hentry"],"translation":{"provider":"WPGlobus","version":"3.0.1","language":"ru","enabled_languages":["ee","ru"],"languages":{"ee":{"title":true,"content":true,"excerpt":false},"ru":{"title":false,"content":false,"excerpt":false}}},"yoast_head":"<!-- This site is optimized with the Yoast SEO plugin v26.7 - https:\/\/yoast.com\/wordpress\/plugins\/seo\/ -->\n<title>Kunstikuu - \u0412\u0430\u043b\u0433\u0430\u0441\u043a\u0430\u044f \u0448\u043a\u043e\u043b\u0430 \u041f\u0440\u0438\u0439\u043c\u0435\u0442\u0441\u0430<\/title>\n<meta name=\"robots\" content=\"index, follow, max-snippet:-1, max-image-preview:large, max-video-preview:-1\" \/>\n<link rel=\"canonical\" href=\"https:\/\/vpmk.edu.ee\/kunstikuu-2\/\" \/>\n<meta property=\"og:locale\" content=\"ru_RU\" \/>\n<meta property=\"og:type\" content=\"article\" \/>\n<meta property=\"og:title\" content=\"Kunstikuu - \u0412\u0430\u043b\u0433\u0430\u0441\u043a\u0430\u044f \u0448\u043a\u043e\u043b\u0430 \u041f\u0440\u0438\u0439\u043c\u0435\u0442\u0441\u0430\" \/>\n<meta property=\"og:url\" content=\"https:\/\/vpmk.edu.ee\/kunstikuu-2\/\" \/>\n<meta property=\"og:site_name\" content=\"\u0412\u0430\u043b\u0433\u0430\u0441\u043a\u0430\u044f \u0448\u043a\u043e\u043b\u0430 \u041f\u0440\u0438\u0439\u043c\u0435\u0442\u0441\u0430\" \/>\n<meta property=\"article:modified_time\" content=\"2018-11-25T12:07:52+00:00\" \/>\n<meta property=\"og:image\" content=\"http:\/\/vpmk.edu.ee\/wp-content\/uploads\/2016\/11\/usk-lootus-armastus-1.jpg\" \/>\n<meta name=\"twitter:card\" content=\"summary_large_image\" \/>\n<script type=\"application\/ld+json\" class=\"yoast-schema-graph\">{\"@context\":\"https:\/\/schema.org\",\"@graph\":[{\"@type\":\"WebPage\",\"@id\":\"https:\/\/vpmk.edu.ee\/kunstikuu-2\/\",\"url\":\"https:\/\/vpmk.edu.ee\/kunstikuu-2\/\",\"name\":\"Kunstikuu - \u0412\u0430\u043b\u0433\u0430\u0441\u043a\u0430\u044f \u0448\u043a\u043e\u043b\u0430 \u041f\u0440\u0438\u0439\u043c\u0435\u0442\u0441\u0430\",\"isPartOf\":{\"@id\":\"http:\/\/vpmk.edu.ee\/ru\/#website\"},\"primaryImageOfPage\":{\"@id\":\"https:\/\/vpmk.edu.ee\/kunstikuu-2\/#primaryimage\"},\"image\":{\"@id\":\"https:\/\/vpmk.edu.ee\/kunstikuu-2\/#primaryimage\"},\"thumbnailUrl\":\"http:\/\/vpmk.edu.ee\/wp-content\/uploads\/2016\/11\/usk-lootus-armastus-1.jpg\",\"datePublished\":\"2016-11-02T14:21:51+00:00\",\"dateModified\":\"2018-11-25T12:07:52+00:00\",\"breadcrumb\":{\"@id\":\"https:\/\/vpmk.edu.ee\/kunstikuu-2\/#breadcrumb\"},\"inLanguage\":\"ru-RU\",\"potentialAction\":[{\"@type\":\"ReadAction\",\"target\":[\"https:\/\/vpmk.edu.ee\/kunstikuu-2\/\"]}]},{\"@type\":\"ImageObject\",\"inLanguage\":\"ru-RU\",\"@id\":\"https:\/\/vpmk.edu.ee\/kunstikuu-2\/#primaryimage\",\"url\":\"http:\/\/vpmk.edu.ee\/wp-content\/uploads\/2016\/11\/usk-lootus-armastus-1.jpg\",\"contentUrl\":\"http:\/\/vpmk.edu.ee\/wp-content\/uploads\/2016\/11\/usk-lootus-armastus-1.jpg\"},{\"@type\":\"BreadcrumbList\",\"@id\":\"https:\/\/vpmk.edu.ee\/kunstikuu-2\/#breadcrumb\",\"itemListElement\":[{\"@type\":\"ListItem\",\"position\":1,\"name\":\"Home\",\"item\":\"http:\/\/vpmk.edu.ee\/ru\/\"},{\"@type\":\"ListItem\",\"position\":2,\"name\":\"Kunstikuu\"}]},{\"@type\":\"WebSite\",\"@id\":\"http:\/\/vpmk.edu.ee\/ru\/#website\",\"url\":\"http:\/\/vpmk.edu.ee\/ru\/\",\"name\":\"\u0412\u0430\u043b\u0433\u0430\u0441\u043a\u0430\u044f \u0448\u043a\u043e\u043b\u0430 \u041f\u0440\u0438\u0439\u043c\u0435\u0442\u0441\u0430\",\"description\":\"\",\"publisher\":{\"@id\":\"http:\/\/vpmk.edu.ee\/ru\/#organization\"},\"potentialAction\":[{\"@type\":\"SearchAction\",\"target\":{\"@type\":\"EntryPoint\",\"urlTemplate\":\"http:\/\/vpmk.edu.ee\/ru\/?s={search_term_string}\"},\"query-input\":{\"@type\":\"PropertyValueSpecification\",\"valueRequired\":true,\"valueName\":\"search_term_string\"}}],\"inLanguage\":\"ru-RU\"},{\"@type\":\"Organization\",\"@id\":\"http:\/\/vpmk.edu.ee\/ru\/#organization\",\"name\":\"\u0412\u0430\u043b\u0433\u0430\u0441\u043a\u0430\u044f \u0448\u043a\u043e\u043b\u0430 \u041f\u0440\u0438\u0439\u043c\u0435\u0442\u0441\u0430\",\"url\":\"http:\/\/vpmk.edu.ee\/ru\/\",\"logo\":{\"@type\":\"ImageObject\",\"inLanguage\":\"ru-RU\",\"@id\":\"http:\/\/vpmk.edu.ee\/ru\/#\/schema\/logo\/image\/\",\"url\":\"http:\/\/vpmk.edu.ee\/wp-content\/uploads\/2023\/02\/cropped-cropped-Valga-Priimetsa-Kool-\u2013-logoks-1.png\",\"contentUrl\":\"http:\/\/vpmk.edu.ee\/wp-content\/uploads\/2023\/02\/cropped-cropped-Valga-Priimetsa-Kool-\u2013-logoks-1.png\",\"width\":2058,\"height\":1615,\"caption\":\"\u0412\u0430\u043b\u0433\u0430\u0441\u043a\u0430\u044f \u0448\u043a\u043e\u043b\u0430 \u041f\u0440\u0438\u0439\u043c\u0435\u0442\u0441\u0430\"},\"image\":{\"@id\":\"http:\/\/vpmk.edu.ee\/ru\/#\/schema\/logo\/image\/\"}}]}<\/script>\n<!-- \/ Yoast SEO plugin. -->","yoast_head_json":{"title":"Kunstikuu - \u0412\u0430\u043b\u0433\u0430\u0441\u043a\u0430\u044f \u0448\u043a\u043e\u043b\u0430 \u041f\u0440\u0438\u0439\u043c\u0435\u0442\u0441\u0430","robots":{"index":"index","follow":"follow","max-snippet":"max-snippet:-1","max-image-preview":"max-image-preview:large","max-video-preview":"max-video-preview:-1"},"canonical":"https:\/\/vpmk.edu.ee\/kunstikuu-2\/","og_locale":"ru_RU","og_type":"article","og_title":"Kunstikuu - \u0412\u0430\u043b\u0433\u0430\u0441\u043a\u0430\u044f \u0448\u043a\u043e\u043b\u0430 \u041f\u0440\u0438\u0439\u043c\u0435\u0442\u0441\u0430","og_url":"https:\/\/vpmk.edu.ee\/kunstikuu-2\/","og_site_name":"\u0412\u0430\u043b\u0433\u0430\u0441\u043a\u0430\u044f \u0448\u043a\u043e\u043b\u0430 \u041f\u0440\u0438\u0439\u043c\u0435\u0442\u0441\u0430","article_modified_time":"2018-11-25T12:07:52+00:00","og_image":[{"url":"http:\/\/vpmk.edu.ee\/wp-content\/uploads\/2016\/11\/usk-lootus-armastus-1.jpg","type":"","width":"","height":""}],"twitter_card":"summary_large_image","schema":{"@context":"https:\/\/schema.org","@graph":[{"@type":"WebPage","@id":"https:\/\/vpmk.edu.ee\/kunstikuu-2\/","url":"https:\/\/vpmk.edu.ee\/kunstikuu-2\/","name":"Kunstikuu - \u0412\u0430\u043b\u0433\u0430\u0441\u043a\u0430\u044f \u0448\u043a\u043e\u043b\u0430 \u041f\u0440\u0438\u0439\u043c\u0435\u0442\u0441\u0430","isPartOf":{"@id":"http:\/\/vpmk.edu.ee\/ru\/#website"},"primaryImageOfPage":{"@id":"https:\/\/vpmk.edu.ee\/kunstikuu-2\/#primaryimage"},"image":{"@id":"https:\/\/vpmk.edu.ee\/kunstikuu-2\/#primaryimage"},"thumbnailUrl":"http:\/\/vpmk.edu.ee\/wp-content\/uploads\/2016\/11\/usk-lootus-armastus-1.jpg","datePublished":"2016-11-02T14:21:51+00:00","dateModified":"2018-11-25T12:07:52+00:00","breadcrumb":{"@id":"https:\/\/vpmk.edu.ee\/kunstikuu-2\/#breadcrumb"},"inLanguage":"ru-RU","potentialAction":[{"@type":"ReadAction","target":["https:\/\/vpmk.edu.ee\/kunstikuu-2\/"]}]},{"@type":"ImageObject","inLanguage":"ru-RU","@id":"https:\/\/vpmk.edu.ee\/kunstikuu-2\/#primaryimage","url":"http:\/\/vpmk.edu.ee\/wp-content\/uploads\/2016\/11\/usk-lootus-armastus-1.jpg","contentUrl":"http:\/\/vpmk.edu.ee\/wp-content\/uploads\/2016\/11\/usk-lootus-armastus-1.jpg"},{"@type":"BreadcrumbList","@id":"https:\/\/vpmk.edu.ee\/kunstikuu-2\/#breadcrumb","itemListElement":[{"@type":"ListItem","position":1,"name":"Home","item":"http:\/\/vpmk.edu.ee\/ru\/"},{"@type":"ListItem","position":2,"name":"Kunstikuu"}]},{"@type":"WebSite","@id":"http:\/\/vpmk.edu.ee\/ru\/#website","url":"http:\/\/vpmk.edu.ee\/ru\/","name":"\u0412\u0430\u043b\u0433\u0430\u0441\u043a\u0430\u044f \u0448\u043a\u043e\u043b\u0430 \u041f\u0440\u0438\u0439\u043c\u0435\u0442\u0441\u0430","description":"","publisher":{"@id":"http:\/\/vpmk.edu.ee\/ru\/#organization"},"potentialAction":[{"@type":"SearchAction","target":{"@type":"EntryPoint","urlTemplate":"http:\/\/vpmk.edu.ee\/ru\/?s={search_term_string}"},"query-input":{"@type":"PropertyValueSpecification","valueRequired":true,"valueName":"search_term_string"}}],"inLanguage":"ru-RU"},{"@type":"Organization","@id":"http:\/\/vpmk.edu.ee\/ru\/#organization","name":"\u0412\u0430\u043b\u0433\u0430\u0441\u043a\u0430\u044f \u0448\u043a\u043e\u043b\u0430 \u041f\u0440\u0438\u0439\u043c\u0435\u0442\u0441\u0430","url":"http:\/\/vpmk.edu.ee\/ru\/","logo":{"@type":"ImageObject","inLanguage":"ru-RU","@id":"http:\/\/vpmk.edu.ee\/ru\/#\/schema\/logo\/image\/","url":"http:\/\/vpmk.edu.ee\/wp-content\/uploads\/2023\/02\/cropped-cropped-Valga-Priimetsa-Kool-\u2013-logoks-1.png","contentUrl":"http:\/\/vpmk.edu.ee\/wp-content\/uploads\/2023\/02\/cropped-cropped-Valga-Priimetsa-Kool-\u2013-logoks-1.png","width":2058,"height":1615,"caption":"\u0412\u0430\u043b\u0433\u0430\u0441\u043a\u0430\u044f \u0448\u043a\u043e\u043b\u0430 \u041f\u0440\u0438\u0439\u043c\u0435\u0442\u0441\u0430"},"image":{"@id":"http:\/\/vpmk.edu.ee\/ru\/#\/schema\/logo\/image\/"}}]}},"_links":{"self":[{"href":"http:\/\/vpmk.edu.ee\/ru\/wp-json\/wp\/v2\/pages\/2538","targetHints":{"allow":["GET"]}}],"collection":[{"href":"http:\/\/vpmk.edu.ee\/ru\/wp-json\/wp\/v2\/pages"}],"about":[{"href":"http:\/\/vpmk.edu.ee\/ru\/wp-json\/wp\/v2\/types\/page"}],"author":[{"embeddable":true,"href":"http:\/\/vpmk.edu.ee\/ru\/wp-json\/wp\/v2\/users\/3"}],"replies":[{"embeddable":true,"href":"http:\/\/vpmk.edu.ee\/ru\/wp-json\/wp\/v2\/comments?post=2538"}],"version-history":[{"count":23,"href":"http:\/\/vpmk.edu.ee\/ru\/wp-json\/wp\/v2\/pages\/2538\/revisions"}],"predecessor-version":[{"id":5620,"href":"http:\/\/vpmk.edu.ee\/ru\/wp-json\/wp\/v2\/pages\/2538\/revisions\/5620"}],"wp:attachment":[{"href":"http:\/\/vpmk.edu.ee\/ru\/wp-json\/wp\/v2\/media?parent=2538"}],"curies":[{"name":"wp","href":"https:\/\/api.w.org\/{rel}","templated":true}]}}