{"id":2316,"date":"2016-09-20T12:49:15","date_gmt":"2016-09-20T12:49:15","guid":{"rendered":"http:\/\/vpmk.edu.ee\/?page_id=2316"},"modified":"2026-01-22T13:31:42","modified_gmt":"2026-01-22T11:31:42","slug":"opetajad","status":"publish","type":"page","link":"http:\/\/vpmk.edu.ee\/ru\/opetajad\/","title":{"rendered":"\u0423\u0447\u0438\u0442\u0435\u043b\u044f"},"content":{"rendered":"<p><img loading=\"lazy\" decoding=\"async\" class=\"aligncenter  wp-image-12402\" src=\"http:\/\/vpmk.edu.ee\/wp-content\/uploads\/2026\/01\/694_6014_OP_0_81-1024x683.jpg\" alt=\"\" width=\"573\" height=\"382\" srcset=\"http:\/\/vpmk.edu.ee\/wp-content\/uploads\/2026\/01\/694_6014_OP_0_81-1024x683.jpg 1024w, http:\/\/vpmk.edu.ee\/wp-content\/uploads\/2026\/01\/694_6014_OP_0_81-600x400.jpg 600w, http:\/\/vpmk.edu.ee\/wp-content\/uploads\/2026\/01\/694_6014_OP_0_81-768x512.jpg 768w, http:\/\/vpmk.edu.ee\/wp-content\/uploads\/2026\/01\/694_6014_OP_0_81-1536x1024.jpg 1536w, http:\/\/vpmk.edu.ee\/wp-content\/uploads\/2026\/01\/694_6014_OP_0_81-2048x1365.jpg 2048w\" sizes=\"auto, (max-width: 573px) 100vw, 573px\" \/><\/p>\n\n\n<h6 class=\"wp-block-heading\"><span style=\"color: #000080;\"><strong>Valga Priimetsa Kooli koolipere&nbsp; 2025\/2026<\/strong><\/span><\/h6>\n\n\n\n<figure class=\"wp-block-table\"><table><tbody><tr><td><\/td><td><\/td><td>\u00d5ppeaine(d)<\/td><td>Kontakt<\/td><td>Konsultatsioonide ajad<\/td><\/tr><tr><td>Avramenko<\/td><td>Oksana<\/td><td>eripedagoog<\/td><td>oksana.avramenko@vpmk.edu.ee<\/td><td>neljap\u00e4ev 7. tund (eripedagoogi kabinet)<\/td><\/tr><tr><td>Horm<\/td><td>Argo<\/td><td>kehaline kasvatus<\/td><td>argo.horm@vpmk.edu.ee<\/td><td>reede 6. tund (spordihoone)<\/td><\/tr><tr><td>H\u00fctt<\/td><td>K\u00fclli<\/td><td>eesti keel<\/td><td>kylli.hytt@vpmk.edu.ee<\/td><td>kolmap\u00e4ev 7. tund (A17)<\/td><\/tr><tr><td>J\u00e4rlik<\/td><td>Heikki<\/td><td>f\u00fc\u00fcsika<\/td><td>heikki.jarlik@vpmk.edu.ee<\/td><td>teisip\u00e4ev 7. tund (B34)<\/td><\/tr><tr><td>Kaasik<\/td><td>Kaari<\/td><td>eriklassi klassi\u00f5petaja<\/td><td>kaari.kaasik@vpmk.edu.ee<\/td><td>kolmap\u00e4ev 7. tund (A18)<\/td><\/tr><tr><td>Karbik<\/td><td>Reet<\/td><td>bioloogia, inimese\u00f5petus, geograafia, eesti keel<\/td><td>reet.karbik@vpmk.edu.ee<\/td><td>esmasp\u00e4ev 7. tund (A17)<\/td><\/tr><tr><td>Kiisler<\/td><td>Krista<\/td><td>keemia<\/td><td>krista.kiisler@vpmk.edu.ee<\/td><td>neljap\u00e4ev 8. tund (B33)<\/td><\/tr><tr><td>Kond<\/td><td>Galina<\/td><td>kehaline kasvatus<\/td><td>post@vpmk.edu.ee<\/td><td>teisip\u00e4ev 7. tund (spordihoone)<\/td><\/tr><tr><td>Kop\u00f5tnik<\/td><td>Olga<\/td><td>klassi\u00f5petaja, loodus\u00f5petus, matemaatika, kunst<\/td><td>olga.kopotnik@vpmk.edu.ee<\/td><td>kolmap\u00e4ev 7. tund (A13)<\/td><\/tr><tr><td>Karja<\/td><td>Mairo<\/td><td>tehnoloogia\u00f5petus<\/td><td>mairo.karja@vpmk.edu.ee<\/td><td>esmasp\u00e4ev 8. tund (B11)<\/td><\/tr><tr><td>Kortel<\/td><td>Riina<\/td><td>matemaatika<\/td><td>riina.kortel@vpmk.edu.ee<\/td><td>teisip\u00e4ev 7. tund (A24)<\/td><\/tr><tr><td>Krotova<\/td><td>Marina<\/td><td>keemia<\/td><td>marina.krotova@vpmk.edu.ee<\/td><td>neljap\u00e4ev 7. tund (A15)<\/td><\/tr><tr><td>Kupits<\/td><td>Tiina<\/td><td>klassi\u00f5petaja, eesti keel<\/td><td>tiina.kupits@vpmk.edu.ee<\/td><td>kolmap\u00e4ev 6. tund (B26)<\/td><\/tr><tr><td>Ku\u0161narjova<\/td><td>Lilita<\/td><td>\u00f5petaja assistent<\/td><td>lilita.kusnarjova@vpmk.edu.ee<\/td><td><\/td><\/tr><tr><td>Kuzmenko<\/td><td>Svetlana<\/td><td>muusika<\/td><td>svetlana.kuzmenko@vpmk.edu.ee<\/td><td>teisip\u00e4ev 7. tund (B32)<\/td><\/tr><tr><td>Kullamaa<\/td><td>Karel<\/td><td>ajalugu ja \u00fchiskonna\u00f5petus<\/td><td>karel.kullamaa@vpmk.edu.ee<\/td><td>teisip\u00e4ev 7. tund (A11)<\/td><\/tr><tr><td>K\u00f5ivisto<\/td><td>Ruth<\/td><td>eesti keel ja t\u00f6\u00f6\u00f5petus<\/td><td>ruth.koivisto@vpmk.edu.ee<\/td><td>kolmap\u00e4ev 7. tund (A11)<\/td><\/tr><tr><td>Lilleleht<\/td><td>Meril<\/td><td>inglise keel<\/td><td>meril.lilleleht@vpmk.edu.ee<\/td><td>kolmap\u00e4ev 7. tund (A18)<\/td><\/tr><tr><td>Loos<\/td><td>Rait<\/td><td>informaatika<\/td><td>rait.loos@vpmk.edu.ee<\/td><td>neljap\u00e4ev 7. tund (A14 &#8212; arvutiklass)<\/td><\/tr><tr><td>Malinina<\/td><td>\u017danna<\/td><td>vene keel, loodus\u00f5petus, inimese\u00f5petus, t\u00f6\u00f6\u00f5petus<\/td><td>zanna.malinina@vpmk.edu.ee<\/td><td>reede 6. tund (B23)<\/td><\/tr><tr><td>Mumm<\/td><td>Valeria<\/td><td>geograafia, matemaatika, loodus\u00f5petus, f\u00fc\u00fcsika<\/td><td>valeria.mumm@vpmk.edu.ee<\/td><td>neljap\u00e4ev 7. tund (A16)<\/td><\/tr><tr><td>Nilendere<\/td><td>Jelena<\/td><td>klassi\u00f5petaja, kunst, bioloogia, vene keel, loodus\u00f5petus<\/td><td>jelena.nilendere@vpmk.edu.ee<\/td><td>esmasp\u00e4ev 7. tund (B31)<\/td><\/tr><tr><td>Ramm<\/td><td>Emma-Karolina<\/td><td>klassi\u00f5petaja, muusika, inimese\u00f5petus<\/td><td>emmakarolina.ramm@vpmk.edu.ee<\/td><td>teisip\u00e4ev 7. tund (B24)<\/td><\/tr><tr><td>Raudsik<\/td><td>Liivi<\/td><td>eriklassi klassi\u00f5petaja<\/td><td>liivi.raudsik@vpmk.edu.ee<\/td><td>kolmap\u00e4ev 5. tund (B27)<\/td><\/tr><tr><\/tr><tr><td>Riit<\/td><td>Nella<\/td><td>eesti keel<\/td><td>nella.riit@vpmk.edu.ee<\/td><td><\/td><\/tr><tr><td>Roosioja-Aari<\/td><td>Kaie<\/td><td>klassi\u00f5petaja, eesti keel<\/td><td>kaie.roosioja@vpmk.edu.ee<\/td><td>teisip\u00e4ev 7. tund (B21)<\/td><\/tr><tr><td>Rubtsova<\/td><td>Olga<\/td><td>vene keel, ajalugu, \u00fchiskonna\u00f5petus<\/td><td>olga.rubtsova@vpmk.edu.ee<\/td><td>kolmap\u00e4ev 7. tund (A21)<\/td><\/tr><tr><td>Stiba<\/td><td>Tatjana<\/td><td>vene keel, inglise keel, ajalugu<\/td><td>tatjana.stiba@vpmk.edu.ee<\/td><td>teisip\u00e4ev 7. tund (A22)<\/td><\/tr><tr><td>Teder<\/td><td>Elina<\/td><td>kunsti\u00f5petus, tehnoloogia\u00f5petus<\/td><td>elina.teder@vpmk.edu.ee<\/td><td>neljap\u00e4ev 7. tund (A23)<\/td><\/tr><tr><td>Tikk<\/td><td>Maarika<\/td><td>klassi\u00f5petaja, eesti keel, t\u00f6\u00f6\u00f5petus<\/td><td>maarika.tikk@vpmk.edu.ee<\/td><td>kolmap\u00e4ev 7. tund (B22)<\/td><\/tr><tr><td>Timofejeva<\/td><td>Maria<\/td><td>matemaatika, abi\u00f5petaja<\/td><td>maria.timofejeva@vpmk.edu.ee<\/td><td>teisip\u00e4ev 6. tund (B27)<\/td><\/tr><tr><td>Toots<\/td><td>Siiri<\/td><td>klassi\u00f5petaja, inimese\u00f5petus,  eesti keel<\/td><td>siiri.toots@vpmk.edu.ee<\/td><td>kolmap\u00e4ev 6. tund (B23)<\/td><\/tr><tr><td>Trubnikova<\/td><td>Natalja<\/td><td>inglise keel, tehnoloogia\u00f5petus<\/td><td>natalja.trubnikova@vpmk.edu.ee<\/td><td>teisip\u00e4ev 6. tund (A12)<\/td><\/tr><tr><td>Unt<\/td><td>Karina<\/td><td>kehaline kasvatus<\/td><td>karina.unt@vpmk.edu.ee<\/td><td>esmasp\u00e4ev 6. tund (spordihoone)<\/td><\/tr><tr><td>Vaher<\/td><td>Juta<\/td><td>klassi\u00f5petaja, t\u00f6\u00f6\u00f5petus, eesti keel<\/td><td>juta.vaher@vpmk.edu.ee<\/td><td>kolmap\u00e4ev 7. tund (B25)<\/td><\/tr><\/tbody><\/table><\/figure>\n\n\n\n<p><\/p>\n","protected":false},"excerpt":{"rendered":"<p>Valga Priimetsa Kooli koolipere&nbsp; 2025\/2026 \u00d5ppeaine(d) Kontakt Konsultatsioonide ajad Avramenko Oksana eripedagoog oksana.avramenko@vpmk.edu.ee neljap\u00e4ev 7. tund (eripedagoogi kabinet) Horm Argo kehaline kasvatus argo.horm@vpmk.edu.ee reede 6. tund (spordihoone) H\u00fctt K\u00fclli eesti keel kylli.hytt@vpmk.edu.ee kolmap\u00e4ev 7. tund (A17) J\u00e4rlik Heikki f\u00fc\u00fcsika heikki.jarlik@vpmk.edu.ee teisip\u00e4ev 7. tund (B34) Kaasik Kaari eriklassi klassi\u00f5petaja kaari.kaasik@vpmk.edu.ee kolmap\u00e4ev 7. tund (A18) Karbik Reet &#8230; <a href=\"http:\/\/vpmk.edu.ee\/ru\/opetajad\/\" class=\"more-link\">Loe edasi<span class=\"screen-reader-text\"> &#171;\u0423\u0447\u0438\u0442\u0435\u043b\u044f&#187;<\/span> &raquo;<\/a><\/p>\n","protected":false},"author":3,"featured_media":0,"parent":0,"menu_order":0,"comment_status":"closed","ping_status":"closed","template":"","meta":{"footnotes":""},"class_list":["post-2316","page","type-page","status-publish","hentry"],"translation":{"provider":"WPGlobus","version":"3.0.1","language":"ru","enabled_languages":["ee","ru"],"languages":{"ee":{"title":true,"content":true,"excerpt":false},"ru":{"title":true,"content":false,"excerpt":false}}},"yoast_head":"<!-- This site is optimized with the Yoast SEO plugin v26.7 - https:\/\/yoast.com\/wordpress\/plugins\/seo\/ -->\n<title>\u0423\u0447\u0438\u0442\u0435\u043b\u044f - \u0412\u0430\u043b\u0433\u0430\u0441\u043a\u0430\u044f \u0448\u043a\u043e\u043b\u0430 \u041f\u0440\u0438\u0439\u043c\u0435\u0442\u0441\u0430<\/title>\n<meta name=\"robots\" content=\"index, follow, max-snippet:-1, max-image-preview:large, max-video-preview:-1\" \/>\n<link rel=\"canonical\" href=\"https:\/\/vpmk.edu.ee\/opetajad\/\" \/>\n<meta property=\"og:locale\" content=\"ru_RU\" \/>\n<meta property=\"og:type\" content=\"article\" \/>\n<meta property=\"og:title\" content=\"\u0423\u0447\u0438\u0442\u0435\u043b\u044f - \u0412\u0430\u043b\u0433\u0430\u0441\u043a\u0430\u044f \u0448\u043a\u043e\u043b\u0430 \u041f\u0440\u0438\u0439\u043c\u0435\u0442\u0441\u0430\" \/>\n<meta property=\"og:url\" content=\"https:\/\/vpmk.edu.ee\/opetajad\/\" \/>\n<meta property=\"og:site_name\" content=\"\u0412\u0430\u043b\u0433\u0430\u0441\u043a\u0430\u044f \u0448\u043a\u043e\u043b\u0430 \u041f\u0440\u0438\u0439\u043c\u0435\u0442\u0441\u0430\" \/>\n<meta property=\"article:modified_time\" content=\"2026-01-22T11:31:42+00:00\" \/>\n<meta property=\"og:image\" content=\"http:\/\/vpmk.edu.ee\/wp-content\/uploads\/2026\/01\/694_6014_OP_0_81-1024x683.jpg\" \/>\n<meta name=\"twitter:card\" content=\"summary_large_image\" \/>\n<meta name=\"twitter:label1\" content=\"\u041f\u0440\u0438\u043c\u0435\u0440\u043d\u043e\u0435 \u0432\u0440\u0435\u043c\u044f \u0434\u043b\u044f \u0447\u0442\u0435\u043d\u0438\u044f\" \/>\n\t<meta name=\"twitter:data1\" content=\"3 \u043c\u0438\u043d\u0443\u0442\u044b\" \/>\n<script type=\"application\/ld+json\" class=\"yoast-schema-graph\">{\"@context\":\"https:\/\/schema.org\",\"@graph\":[{\"@type\":\"WebPage\",\"@id\":\"https:\/\/vpmk.edu.ee\/opetajad\/\",\"url\":\"https:\/\/vpmk.edu.ee\/opetajad\/\",\"name\":\"\u0423\u0447\u0438\u0442\u0435\u043b\u044f - \u0412\u0430\u043b\u0433\u0430\u0441\u043a\u0430\u044f \u0448\u043a\u043e\u043b\u0430 \u041f\u0440\u0438\u0439\u043c\u0435\u0442\u0441\u0430\",\"isPartOf\":{\"@id\":\"https:\/\/vpmk.edu.ee\/#website\"},\"primaryImageOfPage\":{\"@id\":\"https:\/\/vpmk.edu.ee\/opetajad\/#primaryimage\"},\"image\":{\"@id\":\"https:\/\/vpmk.edu.ee\/opetajad\/#primaryimage\"},\"thumbnailUrl\":\"http:\/\/vpmk.edu.ee\/wp-content\/uploads\/2026\/01\/694_6014_OP_0_81-1024x683.jpg\",\"datePublished\":\"2016-09-20T12:49:15+00:00\",\"dateModified\":\"2026-01-22T11:31:42+00:00\",\"breadcrumb\":{\"@id\":\"https:\/\/vpmk.edu.ee\/opetajad\/#breadcrumb\"},\"inLanguage\":\"ru-RU\",\"potentialAction\":[{\"@type\":\"ReadAction\",\"target\":[\"https:\/\/vpmk.edu.ee\/opetajad\/\"]}]},{\"@type\":\"ImageObject\",\"inLanguage\":\"ru-RU\",\"@id\":\"https:\/\/vpmk.edu.ee\/opetajad\/#primaryimage\",\"url\":\"http:\/\/vpmk.edu.ee\/wp-content\/uploads\/2026\/01\/694_6014_OP_0_81-1024x683.jpg\",\"contentUrl\":\"http:\/\/vpmk.edu.ee\/wp-content\/uploads\/2026\/01\/694_6014_OP_0_81-1024x683.jpg\"},{\"@type\":\"BreadcrumbList\",\"@id\":\"https:\/\/vpmk.edu.ee\/opetajad\/#breadcrumb\",\"itemListElement\":[{\"@type\":\"ListItem\",\"position\":1,\"name\":\"Home\",\"item\":\"https:\/\/vpmk.edu.ee\/\"},{\"@type\":\"ListItem\",\"position\":2,\"name\":\"\u00d5petajad\"}]},{\"@type\":\"WebSite\",\"@id\":\"https:\/\/vpmk.edu.ee\/#website\",\"url\":\"https:\/\/vpmk.edu.ee\/\",\"name\":\"\u0412\u0430\u043b\u0433\u0430\u0441\u043a\u0430\u044f \u0448\u043a\u043e\u043b\u0430 \u041f\u0440\u0438\u0439\u043c\u0435\u0442\u0441\u0430\",\"description\":\"\",\"publisher\":{\"@id\":\"https:\/\/vpmk.edu.ee\/#organization\"},\"potentialAction\":[{\"@type\":\"SearchAction\",\"target\":{\"@type\":\"EntryPoint\",\"urlTemplate\":\"https:\/\/vpmk.edu.ee\/?s={search_term_string}\"},\"query-input\":{\"@type\":\"PropertyValueSpecification\",\"valueRequired\":true,\"valueName\":\"search_term_string\"}}],\"inLanguage\":\"ru-RU\"},{\"@type\":\"Organization\",\"@id\":\"https:\/\/vpmk.edu.ee\/#organization\",\"name\":\"\u0412\u0430\u043b\u0433\u0430\u0441\u043a\u0430\u044f \u0448\u043a\u043e\u043b\u0430 \u041f\u0440\u0438\u0439\u043c\u0435\u0442\u0441\u0430\",\"url\":\"https:\/\/vpmk.edu.ee\/\",\"logo\":{\"@type\":\"ImageObject\",\"inLanguage\":\"ru-RU\",\"@id\":\"https:\/\/vpmk.edu.ee\/#\/schema\/logo\/image\/\",\"url\":\"http:\/\/vpmk.edu.ee\/wp-content\/uploads\/2023\/02\/cropped-cropped-Valga-Priimetsa-Kool-\u2013-logoks-1.png\",\"contentUrl\":\"http:\/\/vpmk.edu.ee\/wp-content\/uploads\/2023\/02\/cropped-cropped-Valga-Priimetsa-Kool-\u2013-logoks-1.png\",\"width\":2058,\"height\":1615,\"caption\":\"\u0412\u0430\u043b\u0433\u0430\u0441\u043a\u0430\u044f \u0448\u043a\u043e\u043b\u0430 \u041f\u0440\u0438\u0439\u043c\u0435\u0442\u0441\u0430\"},\"image\":{\"@id\":\"https:\/\/vpmk.edu.ee\/#\/schema\/logo\/image\/\"}}]}<\/script>\n<!-- \/ Yoast SEO plugin. -->","yoast_head_json":{"title":"\u0423\u0447\u0438\u0442\u0435\u043b\u044f - \u0412\u0430\u043b\u0433\u0430\u0441\u043a\u0430\u044f \u0448\u043a\u043e\u043b\u0430 \u041f\u0440\u0438\u0439\u043c\u0435\u0442\u0441\u0430","robots":{"index":"index","follow":"follow","max-snippet":"max-snippet:-1","max-image-preview":"max-image-preview:large","max-video-preview":"max-video-preview:-1"},"canonical":"https:\/\/vpmk.edu.ee\/opetajad\/","og_locale":"ru_RU","og_type":"article","og_title":"\u0423\u0447\u0438\u0442\u0435\u043b\u044f - \u0412\u0430\u043b\u0433\u0430\u0441\u043a\u0430\u044f \u0448\u043a\u043e\u043b\u0430 \u041f\u0440\u0438\u0439\u043c\u0435\u0442\u0441\u0430","og_url":"https:\/\/vpmk.edu.ee\/opetajad\/","og_site_name":"\u0412\u0430\u043b\u0433\u0430\u0441\u043a\u0430\u044f \u0448\u043a\u043e\u043b\u0430 \u041f\u0440\u0438\u0439\u043c\u0435\u0442\u0441\u0430","article_modified_time":"2026-01-22T11:31:42+00:00","og_image":[{"url":"http:\/\/vpmk.edu.ee\/wp-content\/uploads\/2026\/01\/694_6014_OP_0_81-1024x683.jpg","type":"","width":"","height":""}],"twitter_card":"summary_large_image","twitter_misc":{"\u041f\u0440\u0438\u043c\u0435\u0440\u043d\u043e\u0435 \u0432\u0440\u0435\u043c\u044f \u0434\u043b\u044f \u0447\u0442\u0435\u043d\u0438\u044f":"3 \u043c\u0438\u043d\u0443\u0442\u044b"},"schema":{"@context":"https:\/\/schema.org","@graph":[{"@type":"WebPage","@id":"https:\/\/vpmk.edu.ee\/opetajad\/","url":"https:\/\/vpmk.edu.ee\/opetajad\/","name":"\u0423\u0447\u0438\u0442\u0435\u043b\u044f - \u0412\u0430\u043b\u0433\u0430\u0441\u043a\u0430\u044f \u0448\u043a\u043e\u043b\u0430 \u041f\u0440\u0438\u0439\u043c\u0435\u0442\u0441\u0430","isPartOf":{"@id":"https:\/\/vpmk.edu.ee\/#website"},"primaryImageOfPage":{"@id":"https:\/\/vpmk.edu.ee\/opetajad\/#primaryimage"},"image":{"@id":"https:\/\/vpmk.edu.ee\/opetajad\/#primaryimage"},"thumbnailUrl":"http:\/\/vpmk.edu.ee\/wp-content\/uploads\/2026\/01\/694_6014_OP_0_81-1024x683.jpg","datePublished":"2016-09-20T12:49:15+00:00","dateModified":"2026-01-22T11:31:42+00:00","breadcrumb":{"@id":"https:\/\/vpmk.edu.ee\/opetajad\/#breadcrumb"},"inLanguage":"ru-RU","potentialAction":[{"@type":"ReadAction","target":["https:\/\/vpmk.edu.ee\/opetajad\/"]}]},{"@type":"ImageObject","inLanguage":"ru-RU","@id":"https:\/\/vpmk.edu.ee\/opetajad\/#primaryimage","url":"http:\/\/vpmk.edu.ee\/wp-content\/uploads\/2026\/01\/694_6014_OP_0_81-1024x683.jpg","contentUrl":"http:\/\/vpmk.edu.ee\/wp-content\/uploads\/2026\/01\/694_6014_OP_0_81-1024x683.jpg"},{"@type":"BreadcrumbList","@id":"https:\/\/vpmk.edu.ee\/opetajad\/#breadcrumb","itemListElement":[{"@type":"ListItem","position":1,"name":"Home","item":"https:\/\/vpmk.edu.ee\/"},{"@type":"ListItem","position":2,"name":"\u00d5petajad"}]},{"@type":"WebSite","@id":"https:\/\/vpmk.edu.ee\/#website","url":"https:\/\/vpmk.edu.ee\/","name":"\u0412\u0430\u043b\u0433\u0430\u0441\u043a\u0430\u044f \u0448\u043a\u043e\u043b\u0430 \u041f\u0440\u0438\u0439\u043c\u0435\u0442\u0441\u0430","description":"","publisher":{"@id":"https:\/\/vpmk.edu.ee\/#organization"},"potentialAction":[{"@type":"SearchAction","target":{"@type":"EntryPoint","urlTemplate":"https:\/\/vpmk.edu.ee\/?s={search_term_string}"},"query-input":{"@type":"PropertyValueSpecification","valueRequired":true,"valueName":"search_term_string"}}],"inLanguage":"ru-RU"},{"@type":"Organization","@id":"https:\/\/vpmk.edu.ee\/#organization","name":"\u0412\u0430\u043b\u0433\u0430\u0441\u043a\u0430\u044f \u0448\u043a\u043e\u043b\u0430 \u041f\u0440\u0438\u0439\u043c\u0435\u0442\u0441\u0430","url":"https:\/\/vpmk.edu.ee\/","logo":{"@type":"ImageObject","inLanguage":"ru-RU","@id":"https:\/\/vpmk.edu.ee\/#\/schema\/logo\/image\/","url":"http:\/\/vpmk.edu.ee\/wp-content\/uploads\/2023\/02\/cropped-cropped-Valga-Priimetsa-Kool-\u2013-logoks-1.png","contentUrl":"http:\/\/vpmk.edu.ee\/wp-content\/uploads\/2023\/02\/cropped-cropped-Valga-Priimetsa-Kool-\u2013-logoks-1.png","width":2058,"height":1615,"caption":"\u0412\u0430\u043b\u0433\u0430\u0441\u043a\u0430\u044f \u0448\u043a\u043e\u043b\u0430 \u041f\u0440\u0438\u0439\u043c\u0435\u0442\u0441\u0430"},"image":{"@id":"https:\/\/vpmk.edu.ee\/#\/schema\/logo\/image\/"}}]}},"_links":{"self":[{"href":"http:\/\/vpmk.edu.ee\/ru\/wp-json\/wp\/v2\/pages\/2316","targetHints":{"allow":["GET"]}}],"collection":[{"href":"http:\/\/vpmk.edu.ee\/ru\/wp-json\/wp\/v2\/pages"}],"about":[{"href":"http:\/\/vpmk.edu.ee\/ru\/wp-json\/wp\/v2\/types\/page"}],"author":[{"embeddable":true,"href":"http:\/\/vpmk.edu.ee\/ru\/wp-json\/wp\/v2\/users\/3"}],"replies":[{"embeddable":true,"href":"http:\/\/vpmk.edu.ee\/ru\/wp-json\/wp\/v2\/comments?post=2316"}],"version-history":[{"count":81,"href":"http:\/\/vpmk.edu.ee\/ru\/wp-json\/wp\/v2\/pages\/2316\/revisions"}],"predecessor-version":[{"id":12403,"href":"http:\/\/vpmk.edu.ee\/ru\/wp-json\/wp\/v2\/pages\/2316\/revisions\/12403"}],"wp:attachment":[{"href":"http:\/\/vpmk.edu.ee\/ru\/wp-json\/wp\/v2\/media?parent=2316"}],"curies":[{"name":"wp","href":"https:\/\/api.w.org\/{rel}","templated":true}]}}