{"id":2254,"date":"2016-09-10T12:49:19","date_gmt":"2016-09-10T12:49:19","guid":{"rendered":"http:\/\/vpmk.edu.ee\/?page_id=2254"},"modified":"2018-02-13T17:07:33","modified_gmt":"2018-02-13T14:07:33","slug":"%d0%ba%d0%b0%d0%ba%d0%be%d0%b3%d0%be-%d1%86%d0%b2%d0%b5%d1%82%d0%b0-%d0%b6%d0%b8%d0%b7%d0%bd%d1%8c-%d0%b2-%d1%82%d0%ber%d0%b5","status":"publish","type":"page","link":"http:\/\/vpmk.edu.ee\/ru\/%d0%ba%d0%b0%d0%ba%d0%be%d0%b3%d0%be-%d1%86%d0%b2%d0%b5%d1%82%d0%b0-%d0%b6%d0%b8%d0%b7%d0%bd%d1%8c-%d0%b2-%d1%82%d0%ber%d0%b5\/","title":{"rendered":"TORE 2016\/2017"},"content":{"rendered":"<h6 style=\"text-align: justify;\"><img loading=\"lazy\" decoding=\"async\" class=\"alignnone size-medium wp-image-3093\" src=\"http:\/\/vpmk.edu.ee\/wp-content\/uploads\/2016\/09\/T2nukiri_Valga_Priimetsa_Koolile_TOREkonverents2017-600x450.jpg\" alt=\"\" width=\"600\" height=\"450\" srcset=\"http:\/\/vpmk.edu.ee\/wp-content\/uploads\/2016\/09\/T2nukiri_Valga_Priimetsa_Koolile_TOREkonverents2017-600x450.jpg 600w, http:\/\/vpmk.edu.ee\/wp-content\/uploads\/2016\/09\/T2nukiri_Valga_Priimetsa_Koolile_TOREkonverents2017-768x576.jpg 768w, http:\/\/vpmk.edu.ee\/wp-content\/uploads\/2016\/09\/T2nukiri_Valga_Priimetsa_Koolile_TOREkonverents2017.jpg 960w\" sizes=\"auto, (max-width: 600px) 100vw, 600px\" \/><\/h6>\n<h6 style=\"text-align: justify;\">***********************************************<\/h6>\n<h6 style=\"text-align: justify;\"><a href=\"http:\/\/vpmk.edu.ee\/uncategorized\/%d1%80%d0%b5%d1%81%d0%bf%d1%83%d0%b1%d0%bb%d0%b8%d0%ba%d0%b0%d0%bd%d1%81%d0%ba%d0%b0%d1%8f-xvii-%d0%ba%d0%be%d0%bd%d1%84%d0%b5%d1%80%d0%b5%d0%bd%d1%86%d0%b8%d1%8f-tore\/\">\u0420\u0435\u0441\u043f\u0443\u0431\u043b\u0438\u043a\u0430\u043d\u0441\u043a\u0430\u044f XVII \u043a\u043e\u043d\u0444\u0435\u0440\u0435\u043d\u0446\u0438\u044f TORE<\/a><\/h6>\n<h6 style=\"text-align: justify;\">***********************************************<br \/>\n<a href=\"https:\/\/drive.google.com\/file\/d\/0B6GT3jff-O_RV3FnZ1V6Z3MxVWc\/view?usp=sharing\">TORE\u00a0 v\u00e4rviraamat<\/a><\/h6>\n<p>Siit saate\u00a0 toredaid pilte v\u00e4rvimiseks!<\/p>\n<h6 style=\"text-align: justify;\">***********************************************<\/h6>\n<h6 style=\"text-align: justify;\"><span style=\"color: #ff6600;\"><strong>17. jaanuaril 2017 alustas TORE t\u00f6\u00f6tuba\u00a0 4.a klassis.<\/strong><\/span><\/h6>\n<p style=\"text-align: justify;\">*********************************************************<\/p>\n<p style=\"text-align: justify;\"><a href=\"http:\/\/vpmk.edu.ee\/uncategorized\/%d0%b4%d0%b5%d0%bd%d1%8c-%d1%80%d0%be%d0%b6%d0%b4%d0%b5%d0%bd%d0%b8%d1%8f-tore\/\"><u><span style=\"color: #0066cc;\">TORE\u00a0 s\u00fcnnip\u00e4ev 25.01.2017<\/span><\/u><\/a><\/p>\n<p style=\"text-align: justify;\">********************************************************<\/p>\n<p style=\"text-align: justify;\"><a href=\"https:\/\/drive.google.com\/file\/d\/0B6GT3jff-O_RR0trbTFSVWoxRDg\/view?usp=sharing\"><u><span style=\"color: #0066cc;\">\u0411\u043b\u0430\u0433\u043e\u0434\u0430\u0440\u0438\u043c\u00a0 \u0437\u0430 \u0443\u0447\u0430\u0441\u0442\u0438\u0435 \u0432 \u043f\u0440\u043e\u0435\u043a\u0442\u0435 &#171;Mis v\u00e4rvi on TORE elu?&#187; <\/span><\/u><\/a><\/p>\n<p style=\"text-align: justify;\">*******************************************************<\/p>\n<p style=\"text-align: justify;\"><strong><span style=\"color: #ff0000;\">\u041a\u0430\u043a\u043e\u0433\u043e \u0446\u0432\u0435\u0442\u0430 \u0436\u0438\u0437\u043d\u044c \u0432<\/span> <span style=\"color: #0000ff;\">\u0422<\/span><span style=\"color: #ff6600;\">\u041e<\/span><span style=\"color: #fb2c2c;\">R<\/span><span style=\"color: #008000;\">\u0415<\/span>?<br \/>\n<\/strong><strong><br \/>\n<\/strong>\u042d\u0442\u043e <span style=\"color: #ff0000;\">\u043d\u0435 \u043a\u043e\u043d\u043a\u0443\u0440\u0441<\/span> \u0438 <span style=\"color: #ff0000;\">\u043d\u0435 \u0441\u043e\u0440\u0435\u0432\u043d\u043e\u0432\u0430\u043d\u0438\u0435<\/span>! \u042d\u0442\u043e \u00a0&#171;<span style=\"color: #0000ff;\">\u0432\u043e\u0437\u044c\u043c\u0451\u043c\u0441\u044f<\/span>\u00a0<span style=\"color: #a61c1c;\">\u0437\u0430 \u0440\u0443\u043a\u0438<\/span> <span style=\"color: #008000;\">\u0438 \u0441\u0434\u0435\u043b\u0430\u0435\u043c<\/span>\u00a0<span style=\"color: #3366ff;\">\u0441\u0432\u043e\u044e \u0436\u0438\u0437\u043d\u044c<\/span> <span style=\"color: #ff00ff;\">\u043a\u0440\u0430\u0441\u043e\u0447\u043d\u043e\u0439<\/span>!&#187;<br \/>\n<strong><span style=\"color: #0000ff;\">\u041a\u0410\u041a \u0438 \u0427\u0422\u041e?<\/span><\/strong><br \/>\n\u0412\u043e\u0437\u044c\u043c\u0438 \u043e\u0431\u044b\u043a\u043d\u043e\u0432\u0435\u043d\u043d\u044b\u0439 \u043b\u0438\u0441\u0442 \u0430\u043b\u044c\u0431\u043e\u043c\u0430 \u04104 \u0438 \u043d\u0430\u0440\u0438\u0441\u0443\u0439 \u0447\u0442\u043e-\u0442\u043e \u0438\u0437 \u0436\u0438\u0437\u043d\u0438 \u043e\u0440\u0433\u0430\u043d\u0438\u0437\u0430\u0446\u0438\u0438\u00a0\u00a0<strong><span style=\"color: #0000ff;\">\u0422<\/span><span style=\"color: #ff6600;\">\u041e<\/span><span style=\"color: #fb2c2c;\">R<\/span><span style=\"color: #008000;\">\u0415 <\/span><\/strong>\u0432 \u042d\u0441\u0442\u043e\u043d\u0438\u0438 \u0438\u043b\u0438 \u043d\u0430\u0448\u0435\u0439 \u0448\u043a\u043e\u043b\u044b.<br \/>\n\u041e\u0444\u043e\u0440\u043c\u0438 \u043b\u0438\u0441\u0442 \u0441\u0432\u043e\u0435\u0439 \u0440\u0443\u043a\u043e\u044e, \u0441 \u043f\u043e\u043c\u043e\u0449\u044c\u044e \u0447\u0451\u0440\u043d\u043e\u0433\u043e \u0444\u043b\u043e\u043c\u0430\u0441\u0442\u0435\u0440\u0430 \u0438\u043b\u0438 \u0447\u0451\u0440\u043d\u043e\u0439 \u0433\u0435\u043b\u0438\u0435\u0432\u043e\u0439 \u0440\u0443\u0447\u043a\u0438.<br \/>\n\u0420\u0438\u0441\u0443\u043d\u043e\u043a \u043d\u0435 \u0434\u043e\u043b\u0436\u0435\u043d \u0431\u044b\u0442\u044c \u0440\u0430\u0441\u043a\u0440\u0430\u0448\u0435\u043d: \u0442\u043e\u043b\u044c\u043a\u043e \u0447\u0451\u0442\u043a\u0438\u0435 \u0447\u0451\u0440\u043d\u044b\u0435 \u043a\u043e\u043d\u0442\u0443\u0440\u043d\u044b\u0435 \u043b\u0438\u043d\u0438\u0438.<br \/>\n\u0420\u0438\u0441\u0443\u043d\u043e\u043a \u043c\u043e\u0436\u043d\u043e \u0441\u043e\u043f\u0440\u043e\u0432\u043e\u0434\u0438\u0442\u044c \u043d\u0430\u0434\u043f\u0438\u0441\u044f\u043c\u0438, \u0434\u043e\u0431\u0440\u044b\u043c\u0438 \u043f\u043e\u0436\u0435\u043b\u0430\u043d\u0438\u044f\u043c\u0438, \u0442\u0435\u043a\u0441\u0442\u0430\u043c\u0438. \u041d\u041e: \u043f\u043e\u043c\u043d\u0438 \u043e \u043f\u0440\u0430\u0432\u043e\u043f\u0438\u0441\u0430\u043d\u0438\u0438!<br \/>\n\u041d\u0430\u043f\u0438\u0448\u0438 \u043f\u0440\u044f\u043c\u043e \u043d\u0430 \u0440\u0438\u0441\u0443\u043d\u043a\u0435 (\u0441\u043d\u0438\u0437\u0443) \u043c\u0430\u043b\u0435\u043d\u044c\u043a\u0438\u043c\u0438 \u0430\u043a\u043a\u0443\u0440\u0430\u0442\u043d\u044b\u043c\u0438 \u0431\u0443\u043a\u0432\u0430\u043c\u0438 \u0441\u0432\u043e\u0451 \u0438\u043c\u044f, \u0444\u0430\u043c\u0438\u043b\u0438\u044e, \u0432\u043e\u0437\u0440\u0430\u0441\u0442 \u00a0\u043d\u0430\u0437\u0432\u0430\u043d\u0438\u0435 \u0448\u043a\u043e\u043b\u044b.<br \/>\n\u041e\u0442 \u043e\u0434\u043d\u043e\u0433\u043e \u0443\u0447\u0435\u043d\u0438\u043a\u0430 \u0436\u0434\u0451\u043c 1-2 \u043a\u0430\u0440\u0442\u0438\u043d\u043a\u0438.<br \/>\n\u0420\u0438\u0441\u0443\u043d\u043a\u0438 \u043c\u043e\u0436\u043d\u043e \u043f\u0440\u0438\u043d\u043e\u0441\u0438\u0442\u044c \u0415\u043b\u0435\u043d\u0435 \u0412\u043b\u0430\u0434\u0438\u043c\u0438\u0440\u043e\u0432\u043d\u0435 \u041d\u0438\u043b\u0435\u043d\u0434\u0435\u0440\u0435 \u0432 102 \u043a\u0430\u0431\u0438\u043d\u0435\u0442 \u0434\u043e 10 \u044f\u043d\u0432\u0430\u0440\u044f 2017 \u0433\u043e\u0434\u0430. \u041e\u043d\u0438 \u0431\u0443\u0434\u0443\u0442 \u043e\u0442\u0441\u043a\u0430\u043d\u0438\u0440\u043e\u0432\u0430\u043d\u044b \u0438 \u043e\u0442\u043f\u0440\u0430\u0432\u043b\u0435\u043d\u044b \u043d\u0430 \u0441\u0430\u0439\u0442\u00a0<strong><span style=\"color: #0000ff;\">\u0422<\/span><span style=\"color: #ff6600;\">\u041e<\/span><span style=\"color: #fb2c2c;\">R<\/span><span style=\"color: #008000;\">\u0415<\/span><\/strong>. \u041d\u0430 \u043d\u0451\u043c \u0431\u0443\u0434\u0435\u0442 \u0441\u043e\u0437\u0434\u0430\u043d\u043e \u043c\u0435\u0441\u0442\u043e, \u043e\u0442\u043a\u0443\u0434\u0430 \u0432 \u0434\u0430\u043b\u044c\u043d\u0435\u0439\u0448\u0435\u043c \u043a\u0430\u0436\u0434\u044b\u0439 \u0441\u043c\u043e\u0436\u0435\u0442 \u0441\u0430\u043c\u043e\u0441\u0442\u043e\u044f\u0442\u0435\u043b\u044c\u043d\u043e \u0441\u043a\u0430\u0447\u0430\u0442\u044c \u0441\u0435\u0431\u0435 \u0440\u0430\u0441\u043a\u0440\u0430\u0441\u043a\u0443 \u00a0\u043e \u0436\u0438\u0437\u043d\u0438\u00a0TORE.<br \/>\n\u041d\u0430\u0434\u0435\u0435\u043c\u0441\u044f, \u0447\u0442\u043e \u0442\u0432\u043e\u0439 \u0440\u0438\u0441\u0443\u043d\u043e\u043a \u0431\u0443\u0434\u0435\u0442 \u0441\u0440\u0435\u0434\u0438 \u044d\u0442\u0438\u0445 \u0440\u0430\u0441\u043a\u0440\u0430\u0441\u043e\u043a! \u0423\u0434\u0430\u0447\u0438!<\/p>\n<p style=\"text-align: justify;\"><a href=\"http:\/\/www.tore.ee\/index.php?id=21&amp;uid=479\"><u><span style=\"color: #0066cc;\">Mis v\u00e4rvi on TORE elu?<\/span><\/u><\/a><\/p>\n<p>****************************************<\/p>\n<p>\u0421\u041b\u041e\u041d\u0418\u041a \u0422\u041eR\u0415 \u0441 \u0440\u0435\u0431\u044f\u0442\u0430\u043c\u0438 \u0438\u0437 \u0412\u0430\u043b\u0433\u0430\u0441\u043a\u043e\u0439 \u0448\u043a\u043e\u043b\u044b \u041f\u0440\u0438\u0439\u043c\u0435\u0442\u0441\u0430 \u043f\u043e\u0431\u044b\u0432\u0430\u043b\u0438 \u0432 \u0433\u043e\u0441\u0442\u044f\u0445 \u0432 \u0434\u0435\u0442\u0441\u043a\u043e\u043c \u0441\u0430\u0434\u0443 WALKO. \u0420\u0435\u0431\u044f\u0442\u0430 \u043f\u043e\u0438\u0433\u0440\u0430\u043b\u0438 \u0441 \u043c\u0430\u043b\u044b\u0448\u0430\u043c\u0438 \u0432 \u0438\u0433\u0440\u044b \u0438 \u0443\u0433\u043e\u0441\u0442\u0438\u043b\u0438 \u0438\u0445 \u0441\u043b\u0430\u0434\u043e\u0441\u0442\u044f\u043c\u0438.<\/p>\n<p><a href=\"https:\/\/drive.google.com\/drive\/folders\/0B-Cyw0Aj9tiQMFZOMk9JbzUzSnc?usp=sharing\">\u0424\u041e\u0422\u041e\u0413\u0410\u041b\u0415\u0420\u0415\u042f<\/a><\/p>\n<p>**********************************************<\/p>\n<p>\u0412 \u0440\u0430\u043c\u043a\u0430\u0445 \u041c\u0435\u0441\u044f\u0446\u0430 \u0421\u0435\u0440\u0434\u0446\u0430 \u0440\u0435\u0431\u044f\u0442\u0430 \u0438\u0437 \u043e\u0440\u0433\u0430\u043d\u0438\u0437\u0430\u0446\u0438\u0438 \u0422\u041eR\u0415 \u043f\u0440\u043e\u0432\u043e\u0434\u0438\u043b\u0438 \u0441\u043c\u0435\u0445\u043e\u0442\u0435\u0440\u0430\u043f\u0438\u044e.<\/p>\n<p><a href=\"https:\/\/drive.google.com\/drive\/folders\/1qpqzK6gTQ2mHwVkuwpyGzmfSzwYW6MhO?usp=sharing\">\u0424\u041e\u0422\u041e\u0413\u0410\u041b\u0415\u0420\u0415\u042f<\/a><\/p>\n<p>*********************************************<\/p>\n<p style=\"text-align: justify;\"><a href=\"http:\/\/www.tore.ee\/index.php?id=21&amp;uid=479\"><br \/>\n<\/a><\/p>\n","protected":false},"excerpt":{"rendered":"<p>*********************************************** \u0420\u0435\u0441\u043f\u0443\u0431\u043b\u0438\u043a\u0430\u043d\u0441\u043a\u0430\u044f XVII \u043a\u043e\u043d\u0444\u0435\u0440\u0435\u043d\u0446\u0438\u044f TORE *********************************************** TORE\u00a0 v\u00e4rviraamat Siit saate\u00a0 toredaid pilte v\u00e4rvimiseks! *********************************************** 17. jaanuaril 2017 alustas TORE t\u00f6\u00f6tuba\u00a0 4.a klassis. ********************************************************* TORE\u00a0 s\u00fcnnip\u00e4ev 25.01.2017 ******************************************************** \u0411\u043b\u0430\u0433\u043e\u0434\u0430\u0440\u0438\u043c\u00a0 \u0437\u0430 \u0443\u0447\u0430\u0441\u0442\u0438\u0435 \u0432 \u043f\u0440\u043e\u0435\u043a\u0442\u0435 &#171;Mis v\u00e4rvi on TORE elu?&#187; ******************************************************* \u041a\u0430\u043a\u043e\u0433\u043e \u0446\u0432\u0435\u0442\u0430 \u0436\u0438\u0437\u043d\u044c \u0432 \u0422\u041eR\u0415? \u042d\u0442\u043e \u043d\u0435 \u043a\u043e\u043d\u043a\u0443\u0440\u0441 \u0438 \u043d\u0435 \u0441\u043e\u0440\u0435\u0432\u043d\u043e\u0432\u0430\u043d\u0438\u0435! \u042d\u0442\u043e \u00a0&#171;\u0432\u043e\u0437\u044c\u043c\u0451\u043c\u0441\u044f\u00a0\u0437\u0430 \u0440\u0443\u043a\u0438 \u0438 \u0441\u0434\u0435\u043b\u0430\u0435\u043c\u00a0\u0441\u0432\u043e\u044e \u0436\u0438\u0437\u043d\u044c &#8230; <a href=\"http:\/\/vpmk.edu.ee\/ru\/%d0%ba%d0%b0%d0%ba%d0%be%d0%b3%d0%be-%d1%86%d0%b2%d0%b5%d1%82%d0%b0-%d0%b6%d0%b8%d0%b7%d0%bd%d1%8c-%d0%b2-%d1%82%d0%ber%d0%b5\/\" class=\"more-link\">Loe edasi<span class=\"screen-reader-text\"> &#171;TORE 2016\/2017&#187;<\/span> &raquo;<\/a><\/p>\n","protected":false},"author":3,"featured_media":0,"parent":0,"menu_order":0,"comment_status":"closed","ping_status":"closed","template":"","meta":{"footnotes":""},"class_list":["post-2254","page","type-page","status-publish","hentry"],"translation":{"provider":"WPGlobus","version":"3.0.1","language":"ru","enabled_languages":["ee","ru"],"languages":{"ee":{"title":true,"content":true,"excerpt":false},"ru":{"title":false,"content":false,"excerpt":false}}},"yoast_head":"<!-- This site is optimized with the Yoast SEO plugin v26.7 - https:\/\/yoast.com\/wordpress\/plugins\/seo\/ -->\n<title>TORE 2016\/2017 - \u0412\u0430\u043b\u0433\u0430\u0441\u043a\u0430\u044f \u0448\u043a\u043e\u043b\u0430 \u041f\u0440\u0438\u0439\u043c\u0435\u0442\u0441\u0430<\/title>\n<meta name=\"robots\" content=\"index, follow, max-snippet:-1, max-image-preview:large, max-video-preview:-1\" \/>\n<link rel=\"canonical\" href=\"https:\/\/vpmk.edu.ee\/\u043a\u0430\u043a\u043e\u0433\u043e-\u0446\u0432\u0435\u0442\u0430-\u0436\u0438\u0437\u043d\u044c-\u0432-\u0442\u043er\u0435\/\" \/>\n<meta property=\"og:locale\" content=\"ru_RU\" \/>\n<meta property=\"og:type\" content=\"article\" \/>\n<meta property=\"og:title\" content=\"TORE 2016\/2017 - \u0412\u0430\u043b\u0433\u0430\u0441\u043a\u0430\u044f \u0448\u043a\u043e\u043b\u0430 \u041f\u0440\u0438\u0439\u043c\u0435\u0442\u0441\u0430\" \/>\n<meta property=\"og:url\" content=\"https:\/\/vpmk.edu.ee\/\u043a\u0430\u043a\u043e\u0433\u043e-\u0446\u0432\u0435\u0442\u0430-\u0436\u0438\u0437\u043d\u044c-\u0432-\u0442\u043er\u0435\/\" \/>\n<meta property=\"og:site_name\" content=\"\u0412\u0430\u043b\u0433\u0430\u0441\u043a\u0430\u044f \u0448\u043a\u043e\u043b\u0430 \u041f\u0440\u0438\u0439\u043c\u0435\u0442\u0441\u0430\" \/>\n<meta property=\"article:modified_time\" content=\"2018-02-13T14:07:33+00:00\" \/>\n<meta property=\"og:image\" content=\"http:\/\/vpmk.edu.ee\/wp-content\/uploads\/2016\/09\/T2nukiri_Valga_Priimetsa_Koolile_TOREkonverents2017-600x450.jpg\" \/>\n<meta name=\"twitter:card\" content=\"summary_large_image\" \/>\n<script type=\"application\/ld+json\" class=\"yoast-schema-graph\">{\"@context\":\"https:\/\/schema.org\",\"@graph\":[{\"@type\":\"WebPage\",\"@id\":\"https:\/\/vpmk.edu.ee\/%d0%ba%d0%b0%d0%ba%d0%be%d0%b3%d0%be-%d1%86%d0%b2%d0%b5%d1%82%d0%b0-%d0%b6%d0%b8%d0%b7%d0%bd%d1%8c-%d0%b2-%d1%82%d0%ber%d0%b5\/\",\"url\":\"https:\/\/vpmk.edu.ee\/%d0%ba%d0%b0%d0%ba%d0%be%d0%b3%d0%be-%d1%86%d0%b2%d0%b5%d1%82%d0%b0-%d0%b6%d0%b8%d0%b7%d0%bd%d1%8c-%d0%b2-%d1%82%d0%ber%d0%b5\/\",\"name\":\"TORE 2016\/2017 - \u0412\u0430\u043b\u0433\u0430\u0441\u043a\u0430\u044f \u0448\u043a\u043e\u043b\u0430 \u041f\u0440\u0438\u0439\u043c\u0435\u0442\u0441\u0430\",\"isPartOf\":{\"@id\":\"https:\/\/vpmk.edu.ee\/#website\"},\"primaryImageOfPage\":{\"@id\":\"https:\/\/vpmk.edu.ee\/%d0%ba%d0%b0%d0%ba%d0%be%d0%b3%d0%be-%d1%86%d0%b2%d0%b5%d1%82%d0%b0-%d0%b6%d0%b8%d0%b7%d0%bd%d1%8c-%d0%b2-%d1%82%d0%ber%d0%b5\/#primaryimage\"},\"image\":{\"@id\":\"https:\/\/vpmk.edu.ee\/%d0%ba%d0%b0%d0%ba%d0%be%d0%b3%d0%be-%d1%86%d0%b2%d0%b5%d1%82%d0%b0-%d0%b6%d0%b8%d0%b7%d0%bd%d1%8c-%d0%b2-%d1%82%d0%ber%d0%b5\/#primaryimage\"},\"thumbnailUrl\":\"http:\/\/vpmk.edu.ee\/wp-content\/uploads\/2016\/09\/T2nukiri_Valga_Priimetsa_Koolile_TOREkonverents2017-600x450.jpg\",\"datePublished\":\"2016-09-10T12:49:19+00:00\",\"dateModified\":\"2018-02-13T14:07:33+00:00\",\"breadcrumb\":{\"@id\":\"https:\/\/vpmk.edu.ee\/%d0%ba%d0%b0%d0%ba%d0%be%d0%b3%d0%be-%d1%86%d0%b2%d0%b5%d1%82%d0%b0-%d0%b6%d0%b8%d0%b7%d0%bd%d1%8c-%d0%b2-%d1%82%d0%ber%d0%b5\/#breadcrumb\"},\"inLanguage\":\"ru-RU\",\"potentialAction\":[{\"@type\":\"ReadAction\",\"target\":[\"https:\/\/vpmk.edu.ee\/%d0%ba%d0%b0%d0%ba%d0%be%d0%b3%d0%be-%d1%86%d0%b2%d0%b5%d1%82%d0%b0-%d0%b6%d0%b8%d0%b7%d0%bd%d1%8c-%d0%b2-%d1%82%d0%ber%d0%b5\/\"]}]},{\"@type\":\"ImageObject\",\"inLanguage\":\"ru-RU\",\"@id\":\"https:\/\/vpmk.edu.ee\/%d0%ba%d0%b0%d0%ba%d0%be%d0%b3%d0%be-%d1%86%d0%b2%d0%b5%d1%82%d0%b0-%d0%b6%d0%b8%d0%b7%d0%bd%d1%8c-%d0%b2-%d1%82%d0%ber%d0%b5\/#primaryimage\",\"url\":\"http:\/\/vpmk.edu.ee\/wp-content\/uploads\/2016\/09\/T2nukiri_Valga_Priimetsa_Koolile_TOREkonverents2017-600x450.jpg\",\"contentUrl\":\"http:\/\/vpmk.edu.ee\/wp-content\/uploads\/2016\/09\/T2nukiri_Valga_Priimetsa_Koolile_TOREkonverents2017-600x450.jpg\"},{\"@type\":\"BreadcrumbList\",\"@id\":\"https:\/\/vpmk.edu.ee\/%d0%ba%d0%b0%d0%ba%d0%be%d0%b3%d0%be-%d1%86%d0%b2%d0%b5%d1%82%d0%b0-%d0%b6%d0%b8%d0%b7%d0%bd%d1%8c-%d0%b2-%d1%82%d0%ber%d0%b5\/#breadcrumb\",\"itemListElement\":[{\"@type\":\"ListItem\",\"position\":1,\"name\":\"Home\",\"item\":\"https:\/\/vpmk.edu.ee\/\"},{\"@type\":\"ListItem\",\"position\":2,\"name\":\"TORE 2016\/2017\"}]},{\"@type\":\"WebSite\",\"@id\":\"https:\/\/vpmk.edu.ee\/#website\",\"url\":\"https:\/\/vpmk.edu.ee\/\",\"name\":\"\u0412\u0430\u043b\u0433\u0430\u0441\u043a\u0430\u044f \u0448\u043a\u043e\u043b\u0430 \u041f\u0440\u0438\u0439\u043c\u0435\u0442\u0441\u0430\",\"description\":\"\",\"publisher\":{\"@id\":\"https:\/\/vpmk.edu.ee\/#organization\"},\"potentialAction\":[{\"@type\":\"SearchAction\",\"target\":{\"@type\":\"EntryPoint\",\"urlTemplate\":\"https:\/\/vpmk.edu.ee\/?s={search_term_string}\"},\"query-input\":{\"@type\":\"PropertyValueSpecification\",\"valueRequired\":true,\"valueName\":\"search_term_string\"}}],\"inLanguage\":\"ru-RU\"},{\"@type\":\"Organization\",\"@id\":\"https:\/\/vpmk.edu.ee\/#organization\",\"name\":\"\u0412\u0430\u043b\u0433\u0430\u0441\u043a\u0430\u044f \u0448\u043a\u043e\u043b\u0430 \u041f\u0440\u0438\u0439\u043c\u0435\u0442\u0441\u0430\",\"url\":\"https:\/\/vpmk.edu.ee\/\",\"logo\":{\"@type\":\"ImageObject\",\"inLanguage\":\"ru-RU\",\"@id\":\"https:\/\/vpmk.edu.ee\/#\/schema\/logo\/image\/\",\"url\":\"http:\/\/vpmk.edu.ee\/wp-content\/uploads\/2023\/02\/cropped-cropped-Valga-Priimetsa-Kool-\u2013-logoks-1.png\",\"contentUrl\":\"http:\/\/vpmk.edu.ee\/wp-content\/uploads\/2023\/02\/cropped-cropped-Valga-Priimetsa-Kool-\u2013-logoks-1.png\",\"width\":2058,\"height\":1615,\"caption\":\"\u0412\u0430\u043b\u0433\u0430\u0441\u043a\u0430\u044f \u0448\u043a\u043e\u043b\u0430 \u041f\u0440\u0438\u0439\u043c\u0435\u0442\u0441\u0430\"},\"image\":{\"@id\":\"https:\/\/vpmk.edu.ee\/#\/schema\/logo\/image\/\"}}]}<\/script>\n<!-- \/ Yoast SEO plugin. -->","yoast_head_json":{"title":"TORE 2016\/2017 - \u0412\u0430\u043b\u0433\u0430\u0441\u043a\u0430\u044f \u0448\u043a\u043e\u043b\u0430 \u041f\u0440\u0438\u0439\u043c\u0435\u0442\u0441\u0430","robots":{"index":"index","follow":"follow","max-snippet":"max-snippet:-1","max-image-preview":"max-image-preview:large","max-video-preview":"max-video-preview:-1"},"canonical":"https:\/\/vpmk.edu.ee\/\u043a\u0430\u043a\u043e\u0433\u043e-\u0446\u0432\u0435\u0442\u0430-\u0436\u0438\u0437\u043d\u044c-\u0432-\u0442\u043er\u0435\/","og_locale":"ru_RU","og_type":"article","og_title":"TORE 2016\/2017 - \u0412\u0430\u043b\u0433\u0430\u0441\u043a\u0430\u044f \u0448\u043a\u043e\u043b\u0430 \u041f\u0440\u0438\u0439\u043c\u0435\u0442\u0441\u0430","og_url":"https:\/\/vpmk.edu.ee\/\u043a\u0430\u043a\u043e\u0433\u043e-\u0446\u0432\u0435\u0442\u0430-\u0436\u0438\u0437\u043d\u044c-\u0432-\u0442\u043er\u0435\/","og_site_name":"\u0412\u0430\u043b\u0433\u0430\u0441\u043a\u0430\u044f \u0448\u043a\u043e\u043b\u0430 \u041f\u0440\u0438\u0439\u043c\u0435\u0442\u0441\u0430","article_modified_time":"2018-02-13T14:07:33+00:00","og_image":[{"url":"http:\/\/vpmk.edu.ee\/wp-content\/uploads\/2016\/09\/T2nukiri_Valga_Priimetsa_Koolile_TOREkonverents2017-600x450.jpg","type":"","width":"","height":""}],"twitter_card":"summary_large_image","schema":{"@context":"https:\/\/schema.org","@graph":[{"@type":"WebPage","@id":"https:\/\/vpmk.edu.ee\/%d0%ba%d0%b0%d0%ba%d0%be%d0%b3%d0%be-%d1%86%d0%b2%d0%b5%d1%82%d0%b0-%d0%b6%d0%b8%d0%b7%d0%bd%d1%8c-%d0%b2-%d1%82%d0%ber%d0%b5\/","url":"https:\/\/vpmk.edu.ee\/%d0%ba%d0%b0%d0%ba%d0%be%d0%b3%d0%be-%d1%86%d0%b2%d0%b5%d1%82%d0%b0-%d0%b6%d0%b8%d0%b7%d0%bd%d1%8c-%d0%b2-%d1%82%d0%ber%d0%b5\/","name":"TORE 2016\/2017 - \u0412\u0430\u043b\u0433\u0430\u0441\u043a\u0430\u044f \u0448\u043a\u043e\u043b\u0430 \u041f\u0440\u0438\u0439\u043c\u0435\u0442\u0441\u0430","isPartOf":{"@id":"https:\/\/vpmk.edu.ee\/#website"},"primaryImageOfPage":{"@id":"https:\/\/vpmk.edu.ee\/%d0%ba%d0%b0%d0%ba%d0%be%d0%b3%d0%be-%d1%86%d0%b2%d0%b5%d1%82%d0%b0-%d0%b6%d0%b8%d0%b7%d0%bd%d1%8c-%d0%b2-%d1%82%d0%ber%d0%b5\/#primaryimage"},"image":{"@id":"https:\/\/vpmk.edu.ee\/%d0%ba%d0%b0%d0%ba%d0%be%d0%b3%d0%be-%d1%86%d0%b2%d0%b5%d1%82%d0%b0-%d0%b6%d0%b8%d0%b7%d0%bd%d1%8c-%d0%b2-%d1%82%d0%ber%d0%b5\/#primaryimage"},"thumbnailUrl":"http:\/\/vpmk.edu.ee\/wp-content\/uploads\/2016\/09\/T2nukiri_Valga_Priimetsa_Koolile_TOREkonverents2017-600x450.jpg","datePublished":"2016-09-10T12:49:19+00:00","dateModified":"2018-02-13T14:07:33+00:00","breadcrumb":{"@id":"https:\/\/vpmk.edu.ee\/%d0%ba%d0%b0%d0%ba%d0%be%d0%b3%d0%be-%d1%86%d0%b2%d0%b5%d1%82%d0%b0-%d0%b6%d0%b8%d0%b7%d0%bd%d1%8c-%d0%b2-%d1%82%d0%ber%d0%b5\/#breadcrumb"},"inLanguage":"ru-RU","potentialAction":[{"@type":"ReadAction","target":["https:\/\/vpmk.edu.ee\/%d0%ba%d0%b0%d0%ba%d0%be%d0%b3%d0%be-%d1%86%d0%b2%d0%b5%d1%82%d0%b0-%d0%b6%d0%b8%d0%b7%d0%bd%d1%8c-%d0%b2-%d1%82%d0%ber%d0%b5\/"]}]},{"@type":"ImageObject","inLanguage":"ru-RU","@id":"https:\/\/vpmk.edu.ee\/%d0%ba%d0%b0%d0%ba%d0%be%d0%b3%d0%be-%d1%86%d0%b2%d0%b5%d1%82%d0%b0-%d0%b6%d0%b8%d0%b7%d0%bd%d1%8c-%d0%b2-%d1%82%d0%ber%d0%b5\/#primaryimage","url":"http:\/\/vpmk.edu.ee\/wp-content\/uploads\/2016\/09\/T2nukiri_Valga_Priimetsa_Koolile_TOREkonverents2017-600x450.jpg","contentUrl":"http:\/\/vpmk.edu.ee\/wp-content\/uploads\/2016\/09\/T2nukiri_Valga_Priimetsa_Koolile_TOREkonverents2017-600x450.jpg"},{"@type":"BreadcrumbList","@id":"https:\/\/vpmk.edu.ee\/%d0%ba%d0%b0%d0%ba%d0%be%d0%b3%d0%be-%d1%86%d0%b2%d0%b5%d1%82%d0%b0-%d0%b6%d0%b8%d0%b7%d0%bd%d1%8c-%d0%b2-%d1%82%d0%ber%d0%b5\/#breadcrumb","itemListElement":[{"@type":"ListItem","position":1,"name":"Home","item":"https:\/\/vpmk.edu.ee\/"},{"@type":"ListItem","position":2,"name":"TORE 2016\/2017"}]},{"@type":"WebSite","@id":"https:\/\/vpmk.edu.ee\/#website","url":"https:\/\/vpmk.edu.ee\/","name":"\u0412\u0430\u043b\u0433\u0430\u0441\u043a\u0430\u044f \u0448\u043a\u043e\u043b\u0430 \u041f\u0440\u0438\u0439\u043c\u0435\u0442\u0441\u0430","description":"","publisher":{"@id":"https:\/\/vpmk.edu.ee\/#organization"},"potentialAction":[{"@type":"SearchAction","target":{"@type":"EntryPoint","urlTemplate":"https:\/\/vpmk.edu.ee\/?s={search_term_string}"},"query-input":{"@type":"PropertyValueSpecification","valueRequired":true,"valueName":"search_term_string"}}],"inLanguage":"ru-RU"},{"@type":"Organization","@id":"https:\/\/vpmk.edu.ee\/#organization","name":"\u0412\u0430\u043b\u0433\u0430\u0441\u043a\u0430\u044f \u0448\u043a\u043e\u043b\u0430 \u041f\u0440\u0438\u0439\u043c\u0435\u0442\u0441\u0430","url":"https:\/\/vpmk.edu.ee\/","logo":{"@type":"ImageObject","inLanguage":"ru-RU","@id":"https:\/\/vpmk.edu.ee\/#\/schema\/logo\/image\/","url":"http:\/\/vpmk.edu.ee\/wp-content\/uploads\/2023\/02\/cropped-cropped-Valga-Priimetsa-Kool-\u2013-logoks-1.png","contentUrl":"http:\/\/vpmk.edu.ee\/wp-content\/uploads\/2023\/02\/cropped-cropped-Valga-Priimetsa-Kool-\u2013-logoks-1.png","width":2058,"height":1615,"caption":"\u0412\u0430\u043b\u0433\u0430\u0441\u043a\u0430\u044f \u0448\u043a\u043e\u043b\u0430 \u041f\u0440\u0438\u0439\u043c\u0435\u0442\u0441\u0430"},"image":{"@id":"https:\/\/vpmk.edu.ee\/#\/schema\/logo\/image\/"}}]}},"_links":{"self":[{"href":"http:\/\/vpmk.edu.ee\/ru\/wp-json\/wp\/v2\/pages\/2254","targetHints":{"allow":["GET"]}}],"collection":[{"href":"http:\/\/vpmk.edu.ee\/ru\/wp-json\/wp\/v2\/pages"}],"about":[{"href":"http:\/\/vpmk.edu.ee\/ru\/wp-json\/wp\/v2\/types\/page"}],"author":[{"embeddable":true,"href":"http:\/\/vpmk.edu.ee\/ru\/wp-json\/wp\/v2\/users\/3"}],"replies":[{"embeddable":true,"href":"http:\/\/vpmk.edu.ee\/ru\/wp-json\/wp\/v2\/comments?post=2254"}],"version-history":[{"count":13,"href":"http:\/\/vpmk.edu.ee\/ru\/wp-json\/wp\/v2\/pages\/2254\/revisions"}],"predecessor-version":[{"id":4645,"href":"http:\/\/vpmk.edu.ee\/ru\/wp-json\/wp\/v2\/pages\/2254\/revisions\/4645"}],"wp:attachment":[{"href":"http:\/\/vpmk.edu.ee\/ru\/wp-json\/wp\/v2\/media?parent=2254"}],"curies":[{"name":"wp","href":"https:\/\/api.w.org\/{rel}","templated":true}]}}