{"id":1811,"date":"2016-05-06T08:00:41","date_gmt":"2016-05-06T08:00:41","guid":{"rendered":"http:\/\/vpmk.edu.ee\/?page_id=1811"},"modified":"2026-04-27T13:22:18","modified_gmt":"2026-04-27T11:22:18","slug":"toopakkumised","status":"publish","type":"page","link":"http:\/\/vpmk.edu.ee\/ru\/toopakkumised\/","title":{"rendered":"T\u00f6\u00f6pakkumised"},"content":{"rendered":"<img loading=\"lazy\" decoding=\"async\" class=\"aligncenter  wp-image-12515\" src=\"http:\/\/vpmk.edu.ee\/wp-content\/uploads\/2026\/04\/Valga-Priimetsa-Kool-1024x948.png\" alt=\"\" width=\"232\" height=\"215\" srcset=\"http:\/\/vpmk.edu.ee\/wp-content\/uploads\/2026\/04\/Valga-Priimetsa-Kool-1024x948.png 1024w, http:\/\/vpmk.edu.ee\/wp-content\/uploads\/2026\/04\/Valga-Priimetsa-Kool-600x555.png 600w, http:\/\/vpmk.edu.ee\/wp-content\/uploads\/2026\/04\/Valga-Priimetsa-Kool-768x711.png 768w, http:\/\/vpmk.edu.ee\/wp-content\/uploads\/2026\/04\/Valga-Priimetsa-Kool-1536x1422.png 1536w, http:\/\/vpmk.edu.ee\/wp-content\/uploads\/2026\/04\/Valga-Priimetsa-Kool.png 1963w\" sizes=\"auto, (max-width: 232px) 100vw, 232px\" \/>\n\n<strong>Valga Priimetsa Kool otsib uueks \u00f5ppeaastaks<\/strong>\n<ul>\n \t<li>Logopeed (1,0 ak)<\/li>\n \t<li>Kehaline kasvatus (1,2 ak)<\/li>\n \t<li>Eesti keel teise keelena (2,0 ak)<\/li>\n \t<li>Klassi\u00f5petaja (3,0 ak)<\/li>\n \t<li>Eriklassi \u00f5petaja (3,0 ak)<\/li>\n \t<li>Ajaloo ja \u00fchiskonna\u00f5petuse \u00f5petaja (0,8 ak)<\/li>\n \t<li>Inglise keele \u00f5petaja (2,0 ak)<\/li>\n \t<li>Tehnoloogia\u00f5petuse \u00f5petaja (tehnoloogia, k\u00e4sit\u00f6\u00f6- ja kodundus) (1,2 ak)<\/li>\n \t<li>Abi\u00f5petaja (1,0 ak)<\/li>\n \t<li>Muusika \u00f5petaja (0,3 ak)<\/li>\n \t<li>Informaatika (0,6 ak)<\/li>\n \t<li>Huvijuht (1,0 ak)<\/li>\n<\/ul>\n<strong>N\u00f5uded kandidaadile\n<\/strong>Vastavus \u00f5petaja kvalifikatsioonin\u00f5uetele. Eesti keele oskus C1 tasemel.\n\n<strong>Kandideerimiseks vajalikud dokumendid<\/strong>\nAvaldus kandideerimiseks, CV, motivatsioonikiri (kuni 1 A4), haridust t\u00f5endavate dokumentide koopiad, kandidaadi soovil muud dokumendid.\n\nDokumendid saata digitaalselt allkirjastatuna meiliaadressile post@vpmk.edu.ee, hiljemalt 11.mai 2026.a.\nLisainformatsioon +372 766 3852\n\n<a href=\"https:\/\/drive.google.com\/file\/d\/1BswEIEVwzu2ABWAnO4x9-9GN-pUsKTNd\/view?usp=sharing\">Vaata ka meie v\u00e4\u00e4rtuspakkumist<\/a>\n\n<!-- \/wp:post-content -->\n\n<!-- wp:embed {\"url\":\"https:\/\/youtu.be\/r7QvrZkxlgQ?si=6Kqwt261rH229P8t\",\"type\":\"video\",\"providerNameSlug\":\"youtube\",\"responsive\":true,\"className\":\"wp-embed-aspect-16-9 wp-has-aspect-ratio\"} -->\n<figure class=\"wp-block-embed is-type-video is-provider-youtube wp-block-embed-youtube wp-embed-aspect-16-9 wp-has-aspect-ratio\">\n<div class=\"wp-block-embed__wrapper\">https:\/\/youtu.be\/r7QvrZkxlgQ?si=6Kqwt261rH229P8t<\/div><\/figure>\n<!-- \/wp:embed -->","protected":false},"excerpt":{"rendered":"<p>Valga Priimetsa Kool otsib uueks \u00f5ppeaastaks Logopeed (1,0 ak) Kehaline kasvatus (1,2 ak) Eesti keel teise keelena (2,0 ak) Klassi\u00f5petaja (3,0 ak) Eriklassi \u00f5petaja (3,0 ak) Ajaloo ja \u00fchiskonna\u00f5petuse \u00f5petaja (0,8 ak) Inglise keele \u00f5petaja (2,0 ak) Tehnoloogia\u00f5petuse \u00f5petaja (tehnoloogia, k\u00e4sit\u00f6\u00f6- ja kodundus) (1,2 ak) Abi\u00f5petaja (1,0 ak) Muusika \u00f5petaja (0,3 ak) Informaatika (0,6 ak) &#8230; <a href=\"http:\/\/vpmk.edu.ee\/ru\/toopakkumised\/\" class=\"more-link\">Loe edasi<span class=\"screen-reader-text\"> &#171;T\u00f6\u00f6pakkumised&#187;<\/span> &raquo;<\/a><\/p>\n","protected":false},"author":3,"featured_media":0,"parent":0,"menu_order":0,"comment_status":"closed","ping_status":"closed","template":"","meta":{"footnotes":""},"class_list":["post-1811","page","type-page","status-publish","hentry"],"translation":{"provider":"WPGlobus","version":"3.0.1","language":"ru","enabled_languages":["ee","ru"],"languages":{"ee":{"title":true,"content":true,"excerpt":false},"ru":{"title":false,"content":false,"excerpt":false}}},"yoast_head":"<!-- This site is optimized with the Yoast SEO plugin v26.7 - https:\/\/yoast.com\/wordpress\/plugins\/seo\/ -->\n<title>T\u00f6\u00f6pakkumised - \u0412\u0430\u043b\u0433\u0430\u0441\u043a\u0430\u044f \u0448\u043a\u043e\u043b\u0430 \u041f\u0440\u0438\u0439\u043c\u0435\u0442\u0441\u0430<\/title>\n<meta name=\"robots\" content=\"index, follow, max-snippet:-1, max-image-preview:large, max-video-preview:-1\" \/>\n<link rel=\"canonical\" href=\"http:\/\/vpmk.edu.ee\/ru\/toopakkumised\/\" \/>\n<meta property=\"og:locale\" content=\"ru_RU\" \/>\n<meta property=\"og:type\" content=\"article\" \/>\n<meta property=\"og:title\" content=\"T\u00f6\u00f6pakkumised - \u0412\u0430\u043b\u0433\u0430\u0441\u043a\u0430\u044f \u0448\u043a\u043e\u043b\u0430 \u041f\u0440\u0438\u0439\u043c\u0435\u0442\u0441\u0430\" \/>\n<meta property=\"og:url\" content=\"http:\/\/vpmk.edu.ee\/ru\/toopakkumised\/\" \/>\n<meta property=\"og:site_name\" content=\"\u0412\u0430\u043b\u0433\u0430\u0441\u043a\u0430\u044f \u0448\u043a\u043e\u043b\u0430 \u041f\u0440\u0438\u0439\u043c\u0435\u0442\u0441\u0430\" \/>\n<meta property=\"article:modified_time\" content=\"2026-04-27T11:22:18+00:00\" \/>\n<meta property=\"og:image\" content=\"http:\/\/vpmk.edu.ee\/wp-content\/uploads\/2026\/04\/Valga-Priimetsa-Kool-1024x948.png\" \/>\n<meta name=\"twitter:card\" content=\"summary_large_image\" \/>\n<meta name=\"twitter:label1\" content=\"\u041f\u0440\u0438\u043c\u0435\u0440\u043d\u043e\u0435 \u0432\u0440\u0435\u043c\u044f \u0434\u043b\u044f \u0447\u0442\u0435\u043d\u0438\u044f\" \/>\n\t<meta name=\"twitter:data1\" content=\"1 \u043c\u0438\u043d\u0443\u0442\u0430\" \/>\n<script type=\"application\/ld+json\" class=\"yoast-schema-graph\">{\"@context\":\"https:\/\/schema.org\",\"@graph\":[{\"@type\":\"WebPage\",\"@id\":\"http:\/\/vpmk.edu.ee\/ru\/toopakkumised\/\",\"url\":\"http:\/\/vpmk.edu.ee\/ru\/toopakkumised\/\",\"name\":\"T\u00f6\u00f6pakkumised - \u0412\u0430\u043b\u0433\u0430\u0441\u043a\u0430\u044f \u0448\u043a\u043e\u043b\u0430 \u041f\u0440\u0438\u0439\u043c\u0435\u0442\u0441\u0430\",\"isPartOf\":{\"@id\":\"https:\/\/vpmk.edu.ee\/#website\"},\"primaryImageOfPage\":{\"@id\":\"http:\/\/vpmk.edu.ee\/ru\/toopakkumised\/#primaryimage\"},\"image\":{\"@id\":\"http:\/\/vpmk.edu.ee\/ru\/toopakkumised\/#primaryimage\"},\"thumbnailUrl\":\"http:\/\/vpmk.edu.ee\/wp-content\/uploads\/2026\/04\/Valga-Priimetsa-Kool-1024x948.png\",\"datePublished\":\"2016-05-06T08:00:41+00:00\",\"dateModified\":\"2026-04-27T11:22:18+00:00\",\"breadcrumb\":{\"@id\":\"http:\/\/vpmk.edu.ee\/ru\/toopakkumised\/#breadcrumb\"},\"inLanguage\":\"ru-RU\",\"potentialAction\":[{\"@type\":\"ReadAction\",\"target\":[\"http:\/\/vpmk.edu.ee\/ru\/toopakkumised\/\"]}]},{\"@type\":\"ImageObject\",\"inLanguage\":\"ru-RU\",\"@id\":\"http:\/\/vpmk.edu.ee\/ru\/toopakkumised\/#primaryimage\",\"url\":\"http:\/\/vpmk.edu.ee\/wp-content\/uploads\/2026\/04\/Valga-Priimetsa-Kool-1024x948.png\",\"contentUrl\":\"http:\/\/vpmk.edu.ee\/wp-content\/uploads\/2026\/04\/Valga-Priimetsa-Kool-1024x948.png\"},{\"@type\":\"BreadcrumbList\",\"@id\":\"http:\/\/vpmk.edu.ee\/ru\/toopakkumised\/#breadcrumb\",\"itemListElement\":[{\"@type\":\"ListItem\",\"position\":1,\"name\":\"Home\",\"item\":\"https:\/\/vpmk.edu.ee\/\"},{\"@type\":\"ListItem\",\"position\":2,\"name\":\"T\u00f6\u00f6pakkumised\"}]},{\"@type\":\"WebSite\",\"@id\":\"https:\/\/vpmk.edu.ee\/#website\",\"url\":\"https:\/\/vpmk.edu.ee\/\",\"name\":\"\u0412\u0430\u043b\u0433\u0430\u0441\u043a\u0430\u044f \u0448\u043a\u043e\u043b\u0430 \u041f\u0440\u0438\u0439\u043c\u0435\u0442\u0441\u0430\",\"description\":\"\",\"publisher\":{\"@id\":\"https:\/\/vpmk.edu.ee\/#organization\"},\"potentialAction\":[{\"@type\":\"SearchAction\",\"target\":{\"@type\":\"EntryPoint\",\"urlTemplate\":\"https:\/\/vpmk.edu.ee\/?s={search_term_string}\"},\"query-input\":{\"@type\":\"PropertyValueSpecification\",\"valueRequired\":true,\"valueName\":\"search_term_string\"}}],\"inLanguage\":\"ru-RU\"},{\"@type\":\"Organization\",\"@id\":\"https:\/\/vpmk.edu.ee\/#organization\",\"name\":\"\u0412\u0430\u043b\u0433\u0430\u0441\u043a\u0430\u044f \u0448\u043a\u043e\u043b\u0430 \u041f\u0440\u0438\u0439\u043c\u0435\u0442\u0441\u0430\",\"url\":\"https:\/\/vpmk.edu.ee\/\",\"logo\":{\"@type\":\"ImageObject\",\"inLanguage\":\"ru-RU\",\"@id\":\"https:\/\/vpmk.edu.ee\/#\/schema\/logo\/image\/\",\"url\":\"http:\/\/vpmk.edu.ee\/wp-content\/uploads\/2023\/02\/cropped-cropped-Valga-Priimetsa-Kool-\u2013-logoks-1.png\",\"contentUrl\":\"http:\/\/vpmk.edu.ee\/wp-content\/uploads\/2023\/02\/cropped-cropped-Valga-Priimetsa-Kool-\u2013-logoks-1.png\",\"width\":2058,\"height\":1615,\"caption\":\"\u0412\u0430\u043b\u0433\u0430\u0441\u043a\u0430\u044f \u0448\u043a\u043e\u043b\u0430 \u041f\u0440\u0438\u0439\u043c\u0435\u0442\u0441\u0430\"},\"image\":{\"@id\":\"https:\/\/vpmk.edu.ee\/#\/schema\/logo\/image\/\"}}]}<\/script>\n<!-- \/ Yoast SEO plugin. -->","yoast_head_json":{"title":"T\u00f6\u00f6pakkumised - \u0412\u0430\u043b\u0433\u0430\u0441\u043a\u0430\u044f \u0448\u043a\u043e\u043b\u0430 \u041f\u0440\u0438\u0439\u043c\u0435\u0442\u0441\u0430","robots":{"index":"index","follow":"follow","max-snippet":"max-snippet:-1","max-image-preview":"max-image-preview:large","max-video-preview":"max-video-preview:-1"},"canonical":"http:\/\/vpmk.edu.ee\/ru\/toopakkumised\/","og_locale":"ru_RU","og_type":"article","og_title":"T\u00f6\u00f6pakkumised - \u0412\u0430\u043b\u0433\u0430\u0441\u043a\u0430\u044f \u0448\u043a\u043e\u043b\u0430 \u041f\u0440\u0438\u0439\u043c\u0435\u0442\u0441\u0430","og_url":"http:\/\/vpmk.edu.ee\/ru\/toopakkumised\/","og_site_name":"\u0412\u0430\u043b\u0433\u0430\u0441\u043a\u0430\u044f \u0448\u043a\u043e\u043b\u0430 \u041f\u0440\u0438\u0439\u043c\u0435\u0442\u0441\u0430","article_modified_time":"2026-04-27T11:22:18+00:00","og_image":[{"url":"http:\/\/vpmk.edu.ee\/wp-content\/uploads\/2026\/04\/Valga-Priimetsa-Kool-1024x948.png","type":"","width":"","height":""}],"twitter_card":"summary_large_image","twitter_misc":{"\u041f\u0440\u0438\u043c\u0435\u0440\u043d\u043e\u0435 \u0432\u0440\u0435\u043c\u044f \u0434\u043b\u044f \u0447\u0442\u0435\u043d\u0438\u044f":"1 \u043c\u0438\u043d\u0443\u0442\u0430"},"schema":{"@context":"https:\/\/schema.org","@graph":[{"@type":"WebPage","@id":"http:\/\/vpmk.edu.ee\/ru\/toopakkumised\/","url":"http:\/\/vpmk.edu.ee\/ru\/toopakkumised\/","name":"T\u00f6\u00f6pakkumised - \u0412\u0430\u043b\u0433\u0430\u0441\u043a\u0430\u044f \u0448\u043a\u043e\u043b\u0430 \u041f\u0440\u0438\u0439\u043c\u0435\u0442\u0441\u0430","isPartOf":{"@id":"https:\/\/vpmk.edu.ee\/#website"},"primaryImageOfPage":{"@id":"http:\/\/vpmk.edu.ee\/ru\/toopakkumised\/#primaryimage"},"image":{"@id":"http:\/\/vpmk.edu.ee\/ru\/toopakkumised\/#primaryimage"},"thumbnailUrl":"http:\/\/vpmk.edu.ee\/wp-content\/uploads\/2026\/04\/Valga-Priimetsa-Kool-1024x948.png","datePublished":"2016-05-06T08:00:41+00:00","dateModified":"2026-04-27T11:22:18+00:00","breadcrumb":{"@id":"http:\/\/vpmk.edu.ee\/ru\/toopakkumised\/#breadcrumb"},"inLanguage":"ru-RU","potentialAction":[{"@type":"ReadAction","target":["http:\/\/vpmk.edu.ee\/ru\/toopakkumised\/"]}]},{"@type":"ImageObject","inLanguage":"ru-RU","@id":"http:\/\/vpmk.edu.ee\/ru\/toopakkumised\/#primaryimage","url":"http:\/\/vpmk.edu.ee\/wp-content\/uploads\/2026\/04\/Valga-Priimetsa-Kool-1024x948.png","contentUrl":"http:\/\/vpmk.edu.ee\/wp-content\/uploads\/2026\/04\/Valga-Priimetsa-Kool-1024x948.png"},{"@type":"BreadcrumbList","@id":"http:\/\/vpmk.edu.ee\/ru\/toopakkumised\/#breadcrumb","itemListElement":[{"@type":"ListItem","position":1,"name":"Home","item":"https:\/\/vpmk.edu.ee\/"},{"@type":"ListItem","position":2,"name":"T\u00f6\u00f6pakkumised"}]},{"@type":"WebSite","@id":"https:\/\/vpmk.edu.ee\/#website","url":"https:\/\/vpmk.edu.ee\/","name":"\u0412\u0430\u043b\u0433\u0430\u0441\u043a\u0430\u044f \u0448\u043a\u043e\u043b\u0430 \u041f\u0440\u0438\u0439\u043c\u0435\u0442\u0441\u0430","description":"","publisher":{"@id":"https:\/\/vpmk.edu.ee\/#organization"},"potentialAction":[{"@type":"SearchAction","target":{"@type":"EntryPoint","urlTemplate":"https:\/\/vpmk.edu.ee\/?s={search_term_string}"},"query-input":{"@type":"PropertyValueSpecification","valueRequired":true,"valueName":"search_term_string"}}],"inLanguage":"ru-RU"},{"@type":"Organization","@id":"https:\/\/vpmk.edu.ee\/#organization","name":"\u0412\u0430\u043b\u0433\u0430\u0441\u043a\u0430\u044f \u0448\u043a\u043e\u043b\u0430 \u041f\u0440\u0438\u0439\u043c\u0435\u0442\u0441\u0430","url":"https:\/\/vpmk.edu.ee\/","logo":{"@type":"ImageObject","inLanguage":"ru-RU","@id":"https:\/\/vpmk.edu.ee\/#\/schema\/logo\/image\/","url":"http:\/\/vpmk.edu.ee\/wp-content\/uploads\/2023\/02\/cropped-cropped-Valga-Priimetsa-Kool-\u2013-logoks-1.png","contentUrl":"http:\/\/vpmk.edu.ee\/wp-content\/uploads\/2023\/02\/cropped-cropped-Valga-Priimetsa-Kool-\u2013-logoks-1.png","width":2058,"height":1615,"caption":"\u0412\u0430\u043b\u0433\u0430\u0441\u043a\u0430\u044f \u0448\u043a\u043e\u043b\u0430 \u041f\u0440\u0438\u0439\u043c\u0435\u0442\u0441\u0430"},"image":{"@id":"https:\/\/vpmk.edu.ee\/#\/schema\/logo\/image\/"}}]}},"_links":{"self":[{"href":"http:\/\/vpmk.edu.ee\/ru\/wp-json\/wp\/v2\/pages\/1811","targetHints":{"allow":["GET"]}}],"collection":[{"href":"http:\/\/vpmk.edu.ee\/ru\/wp-json\/wp\/v2\/pages"}],"about":[{"href":"http:\/\/vpmk.edu.ee\/ru\/wp-json\/wp\/v2\/types\/page"}],"author":[{"embeddable":true,"href":"http:\/\/vpmk.edu.ee\/ru\/wp-json\/wp\/v2\/users\/3"}],"replies":[{"embeddable":true,"href":"http:\/\/vpmk.edu.ee\/ru\/wp-json\/wp\/v2\/comments?post=1811"}],"version-history":[{"count":156,"href":"http:\/\/vpmk.edu.ee\/ru\/wp-json\/wp\/v2\/pages\/1811\/revisions"}],"predecessor-version":[{"id":12561,"href":"http:\/\/vpmk.edu.ee\/ru\/wp-json\/wp\/v2\/pages\/1811\/revisions\/12561"}],"wp:attachment":[{"href":"http:\/\/vpmk.edu.ee\/ru\/wp-json\/wp\/v2\/media?parent=1811"}],"curies":[{"name":"wp","href":"https:\/\/api.w.org\/{rel}","templated":true}]}}