{"id":10469,"date":"2023-03-20T12:54:04","date_gmt":"2023-03-20T10:54:04","guid":{"rendered":"http:\/\/vpmk.edu.ee\/?page_id=10469"},"modified":"2023-03-20T13:00:37","modified_gmt":"2023-03-20T11:00:37","slug":"eestikeelsele-oppele-uleminek","status":"publish","type":"page","link":"http:\/\/vpmk.edu.ee\/ru\/eestikeelsele-oppele-uleminek\/","title":{"rendered":"Eestikeelsele \u00f5ppele \u00fcleminek"},"content":{"rendered":"<p>Peamine eesm\u00e4rk eestikeelsele \u00f5ppele \u00fcleminekul on pakkuda k\u00f5igile Eesti lastele,<br \/>\nolenemata emakeelest, v\u00f5imalust omandada kvaliteetne eestikeelne haridus, mis<br \/>\ntoetab Eesti riigiidentiteedi kujunemist, suurendab \u00fchiskonna sidusust ning v\u00e4hendab<br \/>\nnii hariduslikku kui ka sotsiaalmajanduslikku segregatsiooni. See on muidugi ka<br \/>\n\u00f5ppijate huvides. Terviklikult eestikeelne haridusruum tagab paremad v\u00f5imalused<br \/>\nhariduse edasiseks omandamiseks, toimetulekuks t\u00f6\u00f6turul ning toetab seda, et<br \/>\nEestis elavad inimesed oleksid \u00fchises info- ja v\u00e4\u00e4rtusruumis.<br \/>\n12.12.2022 v\u00f5ttis Riigikogu vastu seadusemuudatused, mis on vajalikud t\u00e4ielikuks<br \/>\neestikeelsele \u00f5ppele \u00fcleminekuks.\u00a0<a href=\"https:\/\/www.hm.ee\/uudised\/minister-tonis-lukas-uleminek-eestikeelsele-oppele-toimub-kindlasti\">Loe t\u00e4psemalt<\/a><\/p>\n<p>\u00dcleminek eestikeelsele haridusele algab\u00a0lasteaedades ning 1. ja 4. klassis 2024. aastal.<br \/>\nKoalitsioonileppe j\u00e4rgi on eestikeelsele \u00f5ppele \u00fcle mindud 2030. aastaks.<br \/>\nHaridus- ja Teadusministeerium <a href=\"https:\/\/www.hm.ee\/uleminek\">https:\/\/www.hm.ee\/uleminek<\/a> , <a href=\"https:\/\/www.hm.ee\/ru\/node\/234\">https:\/\/www.hm.ee\/ru\/node\/234<\/a><\/p>\n","protected":false},"excerpt":{"rendered":"<p>Peamine eesm\u00e4rk eestikeelsele \u00f5ppele \u00fcleminekul on pakkuda k\u00f5igile Eesti lastele, olenemata emakeelest, v\u00f5imalust omandada kvaliteetne eestikeelne haridus, mis toetab Eesti riigiidentiteedi kujunemist, suurendab \u00fchiskonna sidusust ning v\u00e4hendab nii hariduslikku kui ka sotsiaalmajanduslikku segregatsiooni. See on muidugi ka \u00f5ppijate huvides. Terviklikult eestikeelne haridusruum tagab paremad v\u00f5imalused hariduse edasiseks omandamiseks, toimetulekuks t\u00f6\u00f6turul ning toetab seda, et Eestis &#8230; <a href=\"http:\/\/vpmk.edu.ee\/ru\/eestikeelsele-oppele-uleminek\/\" class=\"more-link\">Loe edasi<span class=\"screen-reader-text\"> &#171;Eestikeelsele \u00f5ppele \u00fcleminek&#187;<\/span> &raquo;<\/a><\/p>\n","protected":false},"author":3,"featured_media":0,"parent":0,"menu_order":0,"comment_status":"closed","ping_status":"closed","template":"","meta":{"footnotes":""},"class_list":["post-10469","page","type-page","status-publish","hentry"],"translation":{"provider":"WPGlobus","version":"3.0.1","language":"ru","enabled_languages":["ee","ru"],"languages":{"ee":{"title":true,"content":true,"excerpt":false},"ru":{"title":false,"content":false,"excerpt":false}}},"yoast_head":"<!-- This site is optimized with the Yoast SEO plugin v26.7 - https:\/\/yoast.com\/wordpress\/plugins\/seo\/ -->\n<title>Eestikeelsele \u00f5ppele \u00fcleminek - \u0412\u0430\u043b\u0433\u0430\u0441\u043a\u0430\u044f \u0448\u043a\u043e\u043b\u0430 \u041f\u0440\u0438\u0439\u043c\u0435\u0442\u0441\u0430<\/title>\n<meta name=\"robots\" content=\"index, follow, max-snippet:-1, max-image-preview:large, max-video-preview:-1\" \/>\n<link rel=\"canonical\" href=\"http:\/\/vpmk.edu.ee\/ru\/eestikeelsele-oppele-uleminek\/\" \/>\n<meta property=\"og:locale\" content=\"ru_RU\" \/>\n<meta property=\"og:type\" content=\"article\" \/>\n<meta property=\"og:title\" content=\"Eestikeelsele \u00f5ppele \u00fcleminek - \u0412\u0430\u043b\u0433\u0430\u0441\u043a\u0430\u044f \u0448\u043a\u043e\u043b\u0430 \u041f\u0440\u0438\u0439\u043c\u0435\u0442\u0441\u0430\" \/>\n<meta property=\"og:url\" content=\"http:\/\/vpmk.edu.ee\/ru\/eestikeelsele-oppele-uleminek\/\" \/>\n<meta property=\"og:site_name\" content=\"\u0412\u0430\u043b\u0433\u0430\u0441\u043a\u0430\u044f \u0448\u043a\u043e\u043b\u0430 \u041f\u0440\u0438\u0439\u043c\u0435\u0442\u0441\u0430\" \/>\n<meta property=\"article:modified_time\" content=\"2023-03-20T11:00:37+00:00\" \/>\n<meta property=\"og:image\" content=\"http:\/\/vpmk.edu.ee\/wp-content\/uploads\/2023\/02\/Valga-Priimetsa-Kool-\u2013-logoks-3.png\" \/>\n\t<meta property=\"og:image:width\" content=\"3044\" \/>\n\t<meta property=\"og:image:height\" content=\"2776\" \/>\n\t<meta property=\"og:image:type\" content=\"image\/png\" \/>\n<meta name=\"twitter:card\" content=\"summary_large_image\" \/>\n<meta name=\"twitter:label1\" content=\"\u041f\u0440\u0438\u043c\u0435\u0440\u043d\u043e\u0435 \u0432\u0440\u0435\u043c\u044f \u0434\u043b\u044f \u0447\u0442\u0435\u043d\u0438\u044f\" \/>\n\t<meta name=\"twitter:data1\" content=\"1 \u043c\u0438\u043d\u0443\u0442\u0430\" \/>\n<script type=\"application\/ld+json\" class=\"yoast-schema-graph\">{\"@context\":\"https:\/\/schema.org\",\"@graph\":[{\"@type\":\"WebPage\",\"@id\":\"http:\/\/vpmk.edu.ee\/ru\/eestikeelsele-oppele-uleminek\/\",\"url\":\"http:\/\/vpmk.edu.ee\/ru\/eestikeelsele-oppele-uleminek\/\",\"name\":\"Eestikeelsele \u00f5ppele \u00fcleminek - \u0412\u0430\u043b\u0433\u0430\u0441\u043a\u0430\u044f \u0448\u043a\u043e\u043b\u0430 \u041f\u0440\u0438\u0439\u043c\u0435\u0442\u0441\u0430\",\"isPartOf\":{\"@id\":\"https:\/\/vpmk.edu.ee\/ru\/#website\"},\"datePublished\":\"2023-03-20T10:54:04+00:00\",\"dateModified\":\"2023-03-20T11:00:37+00:00\",\"breadcrumb\":{\"@id\":\"http:\/\/vpmk.edu.ee\/ru\/eestikeelsele-oppele-uleminek\/#breadcrumb\"},\"inLanguage\":\"ru-RU\",\"potentialAction\":[{\"@type\":\"ReadAction\",\"target\":[\"http:\/\/vpmk.edu.ee\/ru\/eestikeelsele-oppele-uleminek\/\"]}]},{\"@type\":\"BreadcrumbList\",\"@id\":\"http:\/\/vpmk.edu.ee\/ru\/eestikeelsele-oppele-uleminek\/#breadcrumb\",\"itemListElement\":[{\"@type\":\"ListItem\",\"position\":1,\"name\":\"Home\",\"item\":\"https:\/\/vpmk.edu.ee\/ru\/\"},{\"@type\":\"ListItem\",\"position\":2,\"name\":\"Eestikeelsele \u00f5ppele \u00fcleminek\"}]},{\"@type\":\"WebSite\",\"@id\":\"https:\/\/vpmk.edu.ee\/ru\/#website\",\"url\":\"https:\/\/vpmk.edu.ee\/ru\/\",\"name\":\"\u0412\u0430\u043b\u0433\u0430\u0441\u043a\u0430\u044f \u0448\u043a\u043e\u043b\u0430 \u041f\u0440\u0438\u0439\u043c\u0435\u0442\u0441\u0430\",\"description\":\"\",\"publisher\":{\"@id\":\"https:\/\/vpmk.edu.ee\/ru\/#organization\"},\"potentialAction\":[{\"@type\":\"SearchAction\",\"target\":{\"@type\":\"EntryPoint\",\"urlTemplate\":\"https:\/\/vpmk.edu.ee\/ru\/?s={search_term_string}\"},\"query-input\":{\"@type\":\"PropertyValueSpecification\",\"valueRequired\":true,\"valueName\":\"search_term_string\"}}],\"inLanguage\":\"ru-RU\"},{\"@type\":\"Organization\",\"@id\":\"https:\/\/vpmk.edu.ee\/ru\/#organization\",\"name\":\"\u0412\u0430\u043b\u0433\u0430\u0441\u043a\u0430\u044f \u0448\u043a\u043e\u043b\u0430 \u041f\u0440\u0438\u0439\u043c\u0435\u0442\u0441\u0430\",\"url\":\"https:\/\/vpmk.edu.ee\/ru\/\",\"logo\":{\"@type\":\"ImageObject\",\"inLanguage\":\"ru-RU\",\"@id\":\"https:\/\/vpmk.edu.ee\/ru\/#\/schema\/logo\/image\/\",\"url\":\"http:\/\/vpmk.edu.ee\/wp-content\/uploads\/2023\/02\/cropped-cropped-Valga-Priimetsa-Kool-\u2013-logoks-1.png\",\"contentUrl\":\"http:\/\/vpmk.edu.ee\/wp-content\/uploads\/2023\/02\/cropped-cropped-Valga-Priimetsa-Kool-\u2013-logoks-1.png\",\"width\":2058,\"height\":1615,\"caption\":\"\u0412\u0430\u043b\u0433\u0430\u0441\u043a\u0430\u044f \u0448\u043a\u043e\u043b\u0430 \u041f\u0440\u0438\u0439\u043c\u0435\u0442\u0441\u0430\"},\"image\":{\"@id\":\"https:\/\/vpmk.edu.ee\/ru\/#\/schema\/logo\/image\/\"}}]}<\/script>\n<!-- \/ Yoast SEO plugin. -->","yoast_head_json":{"title":"Eestikeelsele \u00f5ppele \u00fcleminek - \u0412\u0430\u043b\u0433\u0430\u0441\u043a\u0430\u044f \u0448\u043a\u043e\u043b\u0430 \u041f\u0440\u0438\u0439\u043c\u0435\u0442\u0441\u0430","robots":{"index":"index","follow":"follow","max-snippet":"max-snippet:-1","max-image-preview":"max-image-preview:large","max-video-preview":"max-video-preview:-1"},"canonical":"http:\/\/vpmk.edu.ee\/ru\/eestikeelsele-oppele-uleminek\/","og_locale":"ru_RU","og_type":"article","og_title":"Eestikeelsele \u00f5ppele \u00fcleminek - \u0412\u0430\u043b\u0433\u0430\u0441\u043a\u0430\u044f \u0448\u043a\u043e\u043b\u0430 \u041f\u0440\u0438\u0439\u043c\u0435\u0442\u0441\u0430","og_url":"http:\/\/vpmk.edu.ee\/ru\/eestikeelsele-oppele-uleminek\/","og_site_name":"\u0412\u0430\u043b\u0433\u0430\u0441\u043a\u0430\u044f \u0448\u043a\u043e\u043b\u0430 \u041f\u0440\u0438\u0439\u043c\u0435\u0442\u0441\u0430","article_modified_time":"2023-03-20T11:00:37+00:00","og_image":[{"width":3044,"height":2776,"url":"http:\/\/vpmk.edu.ee\/wp-content\/uploads\/2023\/02\/Valga-Priimetsa-Kool-\u2013-logoks-3.png","type":"image\/png"}],"twitter_card":"summary_large_image","twitter_misc":{"\u041f\u0440\u0438\u043c\u0435\u0440\u043d\u043e\u0435 \u0432\u0440\u0435\u043c\u044f \u0434\u043b\u044f \u0447\u0442\u0435\u043d\u0438\u044f":"1 \u043c\u0438\u043d\u0443\u0442\u0430"},"schema":{"@context":"https:\/\/schema.org","@graph":[{"@type":"WebPage","@id":"http:\/\/vpmk.edu.ee\/ru\/eestikeelsele-oppele-uleminek\/","url":"http:\/\/vpmk.edu.ee\/ru\/eestikeelsele-oppele-uleminek\/","name":"Eestikeelsele \u00f5ppele \u00fcleminek - \u0412\u0430\u043b\u0433\u0430\u0441\u043a\u0430\u044f \u0448\u043a\u043e\u043b\u0430 \u041f\u0440\u0438\u0439\u043c\u0435\u0442\u0441\u0430","isPartOf":{"@id":"https:\/\/vpmk.edu.ee\/ru\/#website"},"datePublished":"2023-03-20T10:54:04+00:00","dateModified":"2023-03-20T11:00:37+00:00","breadcrumb":{"@id":"http:\/\/vpmk.edu.ee\/ru\/eestikeelsele-oppele-uleminek\/#breadcrumb"},"inLanguage":"ru-RU","potentialAction":[{"@type":"ReadAction","target":["http:\/\/vpmk.edu.ee\/ru\/eestikeelsele-oppele-uleminek\/"]}]},{"@type":"BreadcrumbList","@id":"http:\/\/vpmk.edu.ee\/ru\/eestikeelsele-oppele-uleminek\/#breadcrumb","itemListElement":[{"@type":"ListItem","position":1,"name":"Home","item":"https:\/\/vpmk.edu.ee\/ru\/"},{"@type":"ListItem","position":2,"name":"Eestikeelsele \u00f5ppele \u00fcleminek"}]},{"@type":"WebSite","@id":"https:\/\/vpmk.edu.ee\/ru\/#website","url":"https:\/\/vpmk.edu.ee\/ru\/","name":"\u0412\u0430\u043b\u0433\u0430\u0441\u043a\u0430\u044f \u0448\u043a\u043e\u043b\u0430 \u041f\u0440\u0438\u0439\u043c\u0435\u0442\u0441\u0430","description":"","publisher":{"@id":"https:\/\/vpmk.edu.ee\/ru\/#organization"},"potentialAction":[{"@type":"SearchAction","target":{"@type":"EntryPoint","urlTemplate":"https:\/\/vpmk.edu.ee\/ru\/?s={search_term_string}"},"query-input":{"@type":"PropertyValueSpecification","valueRequired":true,"valueName":"search_term_string"}}],"inLanguage":"ru-RU"},{"@type":"Organization","@id":"https:\/\/vpmk.edu.ee\/ru\/#organization","name":"\u0412\u0430\u043b\u0433\u0430\u0441\u043a\u0430\u044f \u0448\u043a\u043e\u043b\u0430 \u041f\u0440\u0438\u0439\u043c\u0435\u0442\u0441\u0430","url":"https:\/\/vpmk.edu.ee\/ru\/","logo":{"@type":"ImageObject","inLanguage":"ru-RU","@id":"https:\/\/vpmk.edu.ee\/ru\/#\/schema\/logo\/image\/","url":"http:\/\/vpmk.edu.ee\/wp-content\/uploads\/2023\/02\/cropped-cropped-Valga-Priimetsa-Kool-\u2013-logoks-1.png","contentUrl":"http:\/\/vpmk.edu.ee\/wp-content\/uploads\/2023\/02\/cropped-cropped-Valga-Priimetsa-Kool-\u2013-logoks-1.png","width":2058,"height":1615,"caption":"\u0412\u0430\u043b\u0433\u0430\u0441\u043a\u0430\u044f \u0448\u043a\u043e\u043b\u0430 \u041f\u0440\u0438\u0439\u043c\u0435\u0442\u0441\u0430"},"image":{"@id":"https:\/\/vpmk.edu.ee\/ru\/#\/schema\/logo\/image\/"}}]}},"_links":{"self":[{"href":"http:\/\/vpmk.edu.ee\/ru\/wp-json\/wp\/v2\/pages\/10469","targetHints":{"allow":["GET"]}}],"collection":[{"href":"http:\/\/vpmk.edu.ee\/ru\/wp-json\/wp\/v2\/pages"}],"about":[{"href":"http:\/\/vpmk.edu.ee\/ru\/wp-json\/wp\/v2\/types\/page"}],"author":[{"embeddable":true,"href":"http:\/\/vpmk.edu.ee\/ru\/wp-json\/wp\/v2\/users\/3"}],"replies":[{"embeddable":true,"href":"http:\/\/vpmk.edu.ee\/ru\/wp-json\/wp\/v2\/comments?post=10469"}],"version-history":[{"count":2,"href":"http:\/\/vpmk.edu.ee\/ru\/wp-json\/wp\/v2\/pages\/10469\/revisions"}],"predecessor-version":[{"id":10471,"href":"http:\/\/vpmk.edu.ee\/ru\/wp-json\/wp\/v2\/pages\/10469\/revisions\/10471"}],"wp:attachment":[{"href":"http:\/\/vpmk.edu.ee\/ru\/wp-json\/wp\/v2\/media?parent=10469"}],"curies":[{"name":"wp","href":"https:\/\/api.w.org\/{rel}","templated":true}]}}