{"id":100,"date":"2015-08-31T19:57:12","date_gmt":"2015-08-31T19:57:12","guid":{"rendered":"http:\/\/vpmk.edu.ee\/?page_id=100"},"modified":"2015-10-02T06:19:05","modified_gmt":"2015-10-02T06:19:05","slug":"vvg-medalistid","status":"publish","type":"page","link":"http:\/\/vpmk.edu.ee\/ru\/vvg-medalistid\/","title":{"rendered":"VVG medalistid"},"content":{"rendered":"<p><strong>Kuldmedal:<\/strong><br \/>\n1957 Isajeva, Tamara<br \/>\n1964 Djomu\u0161kin, Aleksei<br \/>\n1964 Jankelevit\u0161, Moisei<br \/>\n1980 Tro\u0161t\u0161ilova, Natalja<br \/>\n1991 Poletajev, Aleksandr<br \/>\n1991 Pot\u0161tovaja, Natalja<br \/>\n1992 Voitsehovskaja, Viktoria<br \/>\n1993 Skorobogat, Denis<br \/>\n1995 Aleskovskaja, Jana<br \/>\n1995 Abramova, Julia<br \/>\n1996 Gutovskaja, Natalja<br \/>\n2000 Pastuhhova, Olga<br \/>\n2000 Rut\u0161eikov, Denis<br \/>\n2000 Zubkova, Anna<br \/>\n2001 Balitskaja, Tatjana<br \/>\n2001 Dorohhova, Darja<br \/>\n2001 Nerman, Jekaterina<br \/>\n2002 Petru\u0161enko, Maria<br \/>\n2003 Kiprovski, Aleksei<br \/>\n2003 Stepanov, Roman<br \/>\n2005 Aprelkova, Julia<br \/>\n2006 Aprelkov, Vjat\u0161eslav<br \/>\n2006 Kaganski, Sergei<br \/>\n2007 Matsujeva, Ilona<br \/>\n2008 Suhhoparova, Kristiina<br \/>\n2008 \u0160nitko, Ilja<br \/>\n2009 Balitskaja, Olga<br \/>\n2009 Okuneva, Svetlana<br \/>\n2009 Silbaum, Viktoria<br \/>\n2010 Jallai, Veronika<br \/>\n2010 Kulikovit\u0161, Angelina<br \/>\n2010 Sopule, Kristina<br \/>\n2010 Vannik, Marjana<br \/>\n2011 Avramenko, Anastassia<br \/>\n2011 \u0160ihhaleva, Jelena<br \/>\n2012 Teever, Armand<br \/>\n2013 Hlevno, Tamara<br \/>\n2015 Teder, Elina<\/p>\n<p><strong>H\u00f5bemedal:<\/strong><br \/>\n1955 Boiko, Niina<br \/>\n1955 Zazubovit\u0161, Svetlana<br \/>\n1956 \u0160erementjev, Nikolai<br \/>\n1958 Guseva, Rimma<br \/>\n1958 Jegunova, Tamara<br \/>\n1960 Mihkelsoo, Virgo<br \/>\n1960 Karolin, Enn<br \/>\n1963 Stasevit\u0161, Galina<br \/>\n1964 \u0160amarina, Galina<br \/>\n1965 Knjazeva, Niina<br \/>\n1986 Griber, Irina<br \/>\n1986 Arapova, Rita<br \/>\n1987 Klot\u0161kov, Vassili<br \/>\n1987 Sajenko, Vadim<br \/>\n1988 Klot\u0161kova, Vera<br \/>\n1988 Skvortsova, Tatjana<br \/>\n1988 Djomkina, Ljudmila<br \/>\n1989 Aljo\u0161ina, Jelena<br \/>\n1989 Drozdov, Vjat\u0161eslav<br \/>\n1989 Borovski, Vitali<br \/>\n1989 Skorodumova, Jelena<br \/>\n1992 Kob\u00f5linski, Dmitri<br \/>\n1995 Belov, Vladimir<br \/>\n1996 Jekimova, Olga<br \/>\n1996 K\u00e4ngsepp, Liia<br \/>\n2000 Naumenko, Julia<br \/>\n2001 Grinevit\u0161, Uljana<br \/>\n2001 Berezina, Jelena<br \/>\n2001 Bechtir, Marina<br \/>\n2001 Kropivnitskaja, Svetlana<br \/>\n2001 Topurija, Ilona<br \/>\n2001 Bojari\u0161t\u0161eva, Ilona<br \/>\n2002 Gudkova, Marina<br \/>\n2002 U\u0161anova, Maria<br \/>\n2003 Aljo\u0161ina, Olga<br \/>\n2004 \u0160ihhaleva, Valentina<br \/>\n2004 \u0160katova, Diana<br \/>\n2006 Kurganova, Jekaterina<br \/>\n2007 Bor\u0161t\u0161jova, Jelena<br \/>\n2007 Lipen, Natalja<br \/>\n2007 Solomatova, Viktorija<br \/>\n2008 Korchakova, Anna<br \/>\n2008 Kozlova, Aljona<br \/>\n2008 Mironova, Marija<br \/>\n2009 Bol\u0161akova, Nade\u017eda<br \/>\n2009 Kurm\u00f5\u0161skaja, Alina<br \/>\n2009 Malahhanova, Viktoria<br \/>\n2009 T\u0161erkassova, Olga<br \/>\n2010 Bogdanova, Galina<br \/>\n2010 R\u00f5bkin, Konstantin<br \/>\n2011 Gnatjuk, Anastasia<br \/>\n2012 Kulikovit\u0161, Artur<br \/>\n2013 Troitskaja, Jekaterina<br \/>\n2014 Dont\u0161enko, Anastasia<br \/>\n2014 Kortel, Viktoria<br \/>\n2014 Ma\u0161nit\u0161, Julia<br \/>\n2015 Kobzar, Alina<\/p>\n","protected":false},"excerpt":{"rendered":"<p>Kuldmedal: 1957 Isajeva, Tamara 1964 Djomu\u0161kin, Aleksei 1964 Jankelevit\u0161, Moisei 1980 Tro\u0161t\u0161ilova, Natalja 1991 Poletajev, Aleksandr 1991 Pot\u0161tovaja, Natalja 1992 Voitsehovskaja, Viktoria 1993 Skorobogat, Denis 1995 Aleskovskaja, Jana 1995 Abramova, Julia 1996 Gutovskaja, Natalja 2000 Pastuhhova, Olga 2000 Rut\u0161eikov, Denis 2000 Zubkova, Anna 2001 Balitskaja, Tatjana 2001 Dorohhova, Darja 2001 Nerman, Jekaterina 2002 Petru\u0161enko, Maria &#8230; <a href=\"http:\/\/vpmk.edu.ee\/ru\/vvg-medalistid\/\" class=\"more-link\">Loe edasi<span class=\"screen-reader-text\"> &#171;VVG medalistid&#187;<\/span> &raquo;<\/a><\/p>\n","protected":false},"author":1,"featured_media":0,"parent":0,"menu_order":0,"comment_status":"closed","ping_status":"closed","template":"","meta":{"footnotes":""},"class_list":["post-100","page","type-page","status-publish","hentry"],"translation":{"provider":"WPGlobus","version":"3.0.1","language":"ru","enabled_languages":["ee","ru"],"languages":{"ee":{"title":true,"content":true,"excerpt":false},"ru":{"title":false,"content":false,"excerpt":false}}},"yoast_head":"<!-- This site is optimized with the Yoast SEO plugin v26.7 - https:\/\/yoast.com\/wordpress\/plugins\/seo\/ -->\n<title>VVG medalistid - \u0412\u0430\u043b\u0433\u0430\u0441\u043a\u0430\u044f \u0448\u043a\u043e\u043b\u0430 \u041f\u0440\u0438\u0439\u043c\u0435\u0442\u0441\u0430<\/title>\n<meta name=\"robots\" content=\"index, follow, max-snippet:-1, max-image-preview:large, max-video-preview:-1\" \/>\n<link rel=\"canonical\" href=\"https:\/\/vpmk.edu.ee\/ru\/vvg-medalistid\/\" \/>\n<meta property=\"og:locale\" content=\"ru_RU\" \/>\n<meta property=\"og:type\" content=\"article\" \/>\n<meta property=\"og:title\" content=\"VVG medalistid - \u0412\u0430\u043b\u0433\u0430\u0441\u043a\u0430\u044f \u0448\u043a\u043e\u043b\u0430 \u041f\u0440\u0438\u0439\u043c\u0435\u0442\u0441\u0430\" \/>\n<meta property=\"og:url\" content=\"https:\/\/vpmk.edu.ee\/ru\/vvg-medalistid\/\" \/>\n<meta property=\"og:site_name\" content=\"\u0412\u0430\u043b\u0433\u0430\u0441\u043a\u0430\u044f \u0448\u043a\u043e\u043b\u0430 \u041f\u0440\u0438\u0439\u043c\u0435\u0442\u0441\u0430\" \/>\n<meta property=\"article:modified_time\" content=\"2015-10-02T06:19:05+00:00\" \/>\n<meta property=\"og:image\" content=\"http:\/\/vpmk.edu.ee\/wp-content\/uploads\/2023\/02\/Valga-Priimetsa-Kool-\u2013-logoks-3.png\" \/>\n\t<meta property=\"og:image:width\" content=\"3044\" \/>\n\t<meta property=\"og:image:height\" content=\"2776\" \/>\n\t<meta property=\"og:image:type\" content=\"image\/png\" \/>\n<meta name=\"twitter:card\" content=\"summary_large_image\" \/>\n<meta name=\"twitter:label1\" content=\"\u041f\u0440\u0438\u043c\u0435\u0440\u043d\u043e\u0435 \u0432\u0440\u0435\u043c\u044f \u0434\u043b\u044f \u0447\u0442\u0435\u043d\u0438\u044f\" \/>\n\t<meta name=\"twitter:data1\" content=\"1 \u043c\u0438\u043d\u0443\u0442\u0430\" \/>\n<script type=\"application\/ld+json\" class=\"yoast-schema-graph\">{\"@context\":\"https:\/\/schema.org\",\"@graph\":[{\"@type\":\"WebPage\",\"@id\":\"https:\/\/vpmk.edu.ee\/ru\/vvg-medalistid\/\",\"url\":\"https:\/\/vpmk.edu.ee\/ru\/vvg-medalistid\/\",\"name\":\"VVG medalistid - \u0412\u0430\u043b\u0433\u0430\u0441\u043a\u0430\u044f \u0448\u043a\u043e\u043b\u0430 \u041f\u0440\u0438\u0439\u043c\u0435\u0442\u0441\u0430\",\"isPartOf\":{\"@id\":\"http:\/\/vpmk.edu.ee\/ru\/#website\"},\"datePublished\":\"2015-08-31T19:57:12+00:00\",\"dateModified\":\"2015-10-02T06:19:05+00:00\",\"breadcrumb\":{\"@id\":\"https:\/\/vpmk.edu.ee\/ru\/vvg-medalistid\/#breadcrumb\"},\"inLanguage\":\"ru-RU\",\"potentialAction\":[{\"@type\":\"ReadAction\",\"target\":[\"https:\/\/vpmk.edu.ee\/ru\/vvg-medalistid\/\"]}]},{\"@type\":\"BreadcrumbList\",\"@id\":\"https:\/\/vpmk.edu.ee\/ru\/vvg-medalistid\/#breadcrumb\",\"itemListElement\":[{\"@type\":\"ListItem\",\"position\":1,\"name\":\"Home\",\"item\":\"http:\/\/vpmk.edu.ee\/ru\/\"},{\"@type\":\"ListItem\",\"position\":2,\"name\":\"VVG medalistid\"}]},{\"@type\":\"WebSite\",\"@id\":\"http:\/\/vpmk.edu.ee\/ru\/#website\",\"url\":\"http:\/\/vpmk.edu.ee\/ru\/\",\"name\":\"\u0412\u0430\u043b\u0433\u0430\u0441\u043a\u0430\u044f \u0448\u043a\u043e\u043b\u0430 \u041f\u0440\u0438\u0439\u043c\u0435\u0442\u0441\u0430\",\"description\":\"\",\"publisher\":{\"@id\":\"http:\/\/vpmk.edu.ee\/ru\/#organization\"},\"potentialAction\":[{\"@type\":\"SearchAction\",\"target\":{\"@type\":\"EntryPoint\",\"urlTemplate\":\"http:\/\/vpmk.edu.ee\/ru\/?s={search_term_string}\"},\"query-input\":{\"@type\":\"PropertyValueSpecification\",\"valueRequired\":true,\"valueName\":\"search_term_string\"}}],\"inLanguage\":\"ru-RU\"},{\"@type\":\"Organization\",\"@id\":\"http:\/\/vpmk.edu.ee\/ru\/#organization\",\"name\":\"\u0412\u0430\u043b\u0433\u0430\u0441\u043a\u0430\u044f \u0448\u043a\u043e\u043b\u0430 \u041f\u0440\u0438\u0439\u043c\u0435\u0442\u0441\u0430\",\"url\":\"http:\/\/vpmk.edu.ee\/ru\/\",\"logo\":{\"@type\":\"ImageObject\",\"inLanguage\":\"ru-RU\",\"@id\":\"http:\/\/vpmk.edu.ee\/ru\/#\/schema\/logo\/image\/\",\"url\":\"http:\/\/vpmk.edu.ee\/wp-content\/uploads\/2023\/02\/cropped-cropped-Valga-Priimetsa-Kool-\u2013-logoks-1.png\",\"contentUrl\":\"http:\/\/vpmk.edu.ee\/wp-content\/uploads\/2023\/02\/cropped-cropped-Valga-Priimetsa-Kool-\u2013-logoks-1.png\",\"width\":2058,\"height\":1615,\"caption\":\"\u0412\u0430\u043b\u0433\u0430\u0441\u043a\u0430\u044f \u0448\u043a\u043e\u043b\u0430 \u041f\u0440\u0438\u0439\u043c\u0435\u0442\u0441\u0430\"},\"image\":{\"@id\":\"http:\/\/vpmk.edu.ee\/ru\/#\/schema\/logo\/image\/\"}}]}<\/script>\n<!-- \/ Yoast SEO plugin. -->","yoast_head_json":{"title":"VVG medalistid - \u0412\u0430\u043b\u0433\u0430\u0441\u043a\u0430\u044f \u0448\u043a\u043e\u043b\u0430 \u041f\u0440\u0438\u0439\u043c\u0435\u0442\u0441\u0430","robots":{"index":"index","follow":"follow","max-snippet":"max-snippet:-1","max-image-preview":"max-image-preview:large","max-video-preview":"max-video-preview:-1"},"canonical":"https:\/\/vpmk.edu.ee\/ru\/vvg-medalistid\/","og_locale":"ru_RU","og_type":"article","og_title":"VVG medalistid - \u0412\u0430\u043b\u0433\u0430\u0441\u043a\u0430\u044f \u0448\u043a\u043e\u043b\u0430 \u041f\u0440\u0438\u0439\u043c\u0435\u0442\u0441\u0430","og_url":"https:\/\/vpmk.edu.ee\/ru\/vvg-medalistid\/","og_site_name":"\u0412\u0430\u043b\u0433\u0430\u0441\u043a\u0430\u044f \u0448\u043a\u043e\u043b\u0430 \u041f\u0440\u0438\u0439\u043c\u0435\u0442\u0441\u0430","article_modified_time":"2015-10-02T06:19:05+00:00","og_image":[{"width":3044,"height":2776,"url":"http:\/\/vpmk.edu.ee\/wp-content\/uploads\/2023\/02\/Valga-Priimetsa-Kool-\u2013-logoks-3.png","type":"image\/png"}],"twitter_card":"summary_large_image","twitter_misc":{"\u041f\u0440\u0438\u043c\u0435\u0440\u043d\u043e\u0435 \u0432\u0440\u0435\u043c\u044f \u0434\u043b\u044f \u0447\u0442\u0435\u043d\u0438\u044f":"1 \u043c\u0438\u043d\u0443\u0442\u0430"},"schema":{"@context":"https:\/\/schema.org","@graph":[{"@type":"WebPage","@id":"https:\/\/vpmk.edu.ee\/ru\/vvg-medalistid\/","url":"https:\/\/vpmk.edu.ee\/ru\/vvg-medalistid\/","name":"VVG medalistid - \u0412\u0430\u043b\u0433\u0430\u0441\u043a\u0430\u044f \u0448\u043a\u043e\u043b\u0430 \u041f\u0440\u0438\u0439\u043c\u0435\u0442\u0441\u0430","isPartOf":{"@id":"http:\/\/vpmk.edu.ee\/ru\/#website"},"datePublished":"2015-08-31T19:57:12+00:00","dateModified":"2015-10-02T06:19:05+00:00","breadcrumb":{"@id":"https:\/\/vpmk.edu.ee\/ru\/vvg-medalistid\/#breadcrumb"},"inLanguage":"ru-RU","potentialAction":[{"@type":"ReadAction","target":["https:\/\/vpmk.edu.ee\/ru\/vvg-medalistid\/"]}]},{"@type":"BreadcrumbList","@id":"https:\/\/vpmk.edu.ee\/ru\/vvg-medalistid\/#breadcrumb","itemListElement":[{"@type":"ListItem","position":1,"name":"Home","item":"http:\/\/vpmk.edu.ee\/ru\/"},{"@type":"ListItem","position":2,"name":"VVG medalistid"}]},{"@type":"WebSite","@id":"http:\/\/vpmk.edu.ee\/ru\/#website","url":"http:\/\/vpmk.edu.ee\/ru\/","name":"\u0412\u0430\u043b\u0433\u0430\u0441\u043a\u0430\u044f \u0448\u043a\u043e\u043b\u0430 \u041f\u0440\u0438\u0439\u043c\u0435\u0442\u0441\u0430","description":"","publisher":{"@id":"http:\/\/vpmk.edu.ee\/ru\/#organization"},"potentialAction":[{"@type":"SearchAction","target":{"@type":"EntryPoint","urlTemplate":"http:\/\/vpmk.edu.ee\/ru\/?s={search_term_string}"},"query-input":{"@type":"PropertyValueSpecification","valueRequired":true,"valueName":"search_term_string"}}],"inLanguage":"ru-RU"},{"@type":"Organization","@id":"http:\/\/vpmk.edu.ee\/ru\/#organization","name":"\u0412\u0430\u043b\u0433\u0430\u0441\u043a\u0430\u044f \u0448\u043a\u043e\u043b\u0430 \u041f\u0440\u0438\u0439\u043c\u0435\u0442\u0441\u0430","url":"http:\/\/vpmk.edu.ee\/ru\/","logo":{"@type":"ImageObject","inLanguage":"ru-RU","@id":"http:\/\/vpmk.edu.ee\/ru\/#\/schema\/logo\/image\/","url":"http:\/\/vpmk.edu.ee\/wp-content\/uploads\/2023\/02\/cropped-cropped-Valga-Priimetsa-Kool-\u2013-logoks-1.png","contentUrl":"http:\/\/vpmk.edu.ee\/wp-content\/uploads\/2023\/02\/cropped-cropped-Valga-Priimetsa-Kool-\u2013-logoks-1.png","width":2058,"height":1615,"caption":"\u0412\u0430\u043b\u0433\u0430\u0441\u043a\u0430\u044f \u0448\u043a\u043e\u043b\u0430 \u041f\u0440\u0438\u0439\u043c\u0435\u0442\u0441\u0430"},"image":{"@id":"http:\/\/vpmk.edu.ee\/ru\/#\/schema\/logo\/image\/"}}]}},"_links":{"self":[{"href":"http:\/\/vpmk.edu.ee\/ru\/wp-json\/wp\/v2\/pages\/100","targetHints":{"allow":["GET"]}}],"collection":[{"href":"http:\/\/vpmk.edu.ee\/ru\/wp-json\/wp\/v2\/pages"}],"about":[{"href":"http:\/\/vpmk.edu.ee\/ru\/wp-json\/wp\/v2\/types\/page"}],"author":[{"embeddable":true,"href":"http:\/\/vpmk.edu.ee\/ru\/wp-json\/wp\/v2\/users\/1"}],"replies":[{"embeddable":true,"href":"http:\/\/vpmk.edu.ee\/ru\/wp-json\/wp\/v2\/comments?post=100"}],"version-history":[{"count":2,"href":"http:\/\/vpmk.edu.ee\/ru\/wp-json\/wp\/v2\/pages\/100\/revisions"}],"predecessor-version":[{"id":500,"href":"http:\/\/vpmk.edu.ee\/ru\/wp-json\/wp\/v2\/pages\/100\/revisions\/500"}],"wp:attachment":[{"href":"http:\/\/vpmk.edu.ee\/ru\/wp-json\/wp\/v2\/media?parent=100"}],"curies":[{"name":"wp","href":"https:\/\/api.w.org\/{rel}","templated":true}]}}